{"id":101,"date":"2016-02-02T14:00:31","date_gmt":"2016-02-02T14:00:31","guid":{"rendered":"https:\/\/veesbook.net\/wordpress\/?page_id=101"},"modified":"2017-04-25T07:12:45","modified_gmt":"2017-04-25T07:12:45","slug":"historisches","status":"publish","type":"page","link":"https:\/\/veesbook.net\/wordpress\/historisches\/","title":{"rendered":"Historisches"},"content":{"rendered":"<p><span style=\"font-family: verdana,geneva,sans-serif;\">Unter dem Men\u00fcpunkt \u00bbHistorisches\u00ab\u00a0 finden Sie in verk\u00fcrzter Form Informationen\u00a0 \u00fcber die Geschichte unserer Region. Ausf\u00fchrlicher abgehandelt ist dieses\u00a0 Thema in diversen Chroniken und sonstigen Publikationen \u00fcber das Kirchspiels Schee\u00dfel\u00a0 und umzu, wie z.B.<\/span><br \/>\n<span style=\"font-family: verdana,geneva,sans-serif;\"> <img loading=\"lazy\" decoding=\"async\" class=\"alignright wp-image-767 size-medium\" src=\"https:\/\/veesbook.net\/wordpress\/wp-content\/uploads\/2016\/02\/02-geschichte-des-kirchspiels-sch-001-219x300.jpg\" alt=\"02-geschichte des kirchspiels sch-001\" width=\"219\" height=\"300\" srcset=\"https:\/\/veesbook.net\/wordpress\/wp-content\/uploads\/2016\/02\/02-geschichte-des-kirchspiels-sch-001-219x300.jpg 219w, https:\/\/veesbook.net\/wordpress\/wp-content\/uploads\/2016\/02\/02-geschichte-des-kirchspiels-sch-001-325x445.jpg 325w, https:\/\/veesbook.net\/wordpress\/wp-content\/uploads\/2016\/02\/02-geschichte-des-kirchspiels-sch-001.jpg 1784w\" sizes=\"auto, (max-width: 219px) 100vw, 219px\" \/><\/span><\/p>\n<ul>\n<li><span style=\"font-family: verdana,geneva,sans-serif;\">Geschichte des Kirchspiels Schee\u00dfel, Hinrich Meyer (1955; 2. Auflage 1980)<\/span><\/li>\n<li><span style=\"font-family: verdana,geneva,sans-serif;\">Westervesede stellt sich vor (1986)<\/span><\/li>\n<li><span style=\"font-family: verdana,geneva,sans-serif;\">Chronik Kirchspiel Schee\u00dfel (Gemeinde Schee\u00dfel 1997)<\/span><\/li>\n<\/ul>\n<p>&nbsp;<\/p>\n<p>In der folgenden Timeline erhalten sie einige Informationen, wenn sie das Thema anklicken; ggf. gibt es dort auch einen Link zu weitergehenden Ausf\u00fchrungen.<\/p>\n<p>Detailierte Anhaben finden Sie unter dem Men\u00fcpunkt: &#8222;Die Geschichte unsereres Dorfes&#8220;<\/p>\n<p><span style=\"font-family: verdana,geneva,sans-serif;\">\u00a0<\/span><\/p>\n<p><span style=\"font-family: verdana,geneva,sans-serif;\"><div class=\"one-half first\">[ahmetiwptimeline groupid=&#8220;1&#8243; sort=&#8220;ASC&#8220; state=&#8220;close&#8220;]<\/div><div class=\"one-half\"><\/span><\/p>\n<p><span style=\"font-family: verdana,geneva,sans-serif;\">\u201cDie Leute blicken immer so ver\u00e4chtlich auf vergangene Zeiten, weil sie dies und jenes \u201cnoch\u201d nicht besa\u00dfen, was wir heute besitzen. Aber dabei setzen sie stillschweigend voraus, dass die neue Epoche alles das habe, was man fr\u00fcher gehabt hat \u2013 plus dem Neuen. &#8211; Das ist ein Denkfehler!<\/span><br \/>\n<span style=\"font-family: verdana,geneva,sans-serif;\"> Es ist nicht nur vieles hinzugekommen, es ist auch vieles verloren gegangen \u2013 im Guten und im B\u00f6sen.<\/span><br \/>\n<span style=\"font-family: verdana,geneva,sans-serif;\"> Die damals hatten vieles noch nicht. \u2013\u00a0\u00a0Aber wir haben vieles nicht mehr!\u201d<\/span><\/p>\n<p><span style=\"font-family: verdana,geneva,sans-serif;\">Kurt Tucholsky (Ges.Werke 10 (1932), Reinbeck bei Hamburg 1975, S. 98)<\/span><\/p>\n<p>&nbsp;<\/p>\n<p><span style=\"font-family: verdana,geneva,sans-serif;\"><\/div><\/span><\/p>\n<p>&nbsp;<\/p>\n","protected":false},"excerpt":{"rendered":"<p>Unter dem Men\u00fcpunkt \u00bbHistorisches\u00ab\u00a0 finden Sie in verk\u00fcrzter Form Informationen\u00a0 \u00fcber die Geschichte unserer Region. Ausf\u00fchrlicher abgehandelt ist dieses\u00a0 Thema in diversen Chroniken und sonstigen Publikationen \u00fcber das Kirchspiels Schee\u00dfel\u00a0 und umzu, wie z.B. Geschichte des Kirchspiels Schee\u00dfel, Hinrich Meyer (1955; 2. Auflage 1980) Westervesede stellt sich vor (1986) Chronik Kirchspiel Schee\u00dfel (Gemeinde Schee\u00dfel 1997) [&hellip;]<\/p>\n","protected":false},"author":3,"featured_media":548,"parent":0,"menu_order":0,"comment_status":"closed","ping_status":"closed","template":"","meta":{"_genesis_hide_title":false,"_genesis_hide_breadcrumbs":false,"_genesis_hide_singular_image":false,"_genesis_hide_footer_widgets":false,"_genesis_custom_body_class":"","_genesis_custom_post_class":"","_genesis_layout":"full-width-content","footnotes":""},"class_list":{"0":"post-101","1":"page","2":"type-page","3":"status-publish","4":"has-post-thumbnail","6":"entry"},"_links":{"self":[{"href":"https:\/\/veesbook.net\/wordpress\/wp-json\/wp\/v2\/pages\/101","targetHints":{"allow":["GET"]}}],"collection":[{"href":"https:\/\/veesbook.net\/wordpress\/wp-json\/wp\/v2\/pages"}],"about":[{"href":"https:\/\/veesbook.net\/wordpress\/wp-json\/wp\/v2\/types\/page"}],"author":[{"embeddable":true,"href":"https:\/\/veesbook.net\/wordpress\/wp-json\/wp\/v2\/users\/3"}],"replies":[{"embeddable":true,"href":"https:\/\/veesbook.net\/wordpress\/wp-json\/wp\/v2\/comments?post=101"}],"version-history":[{"count":30,"href":"https:\/\/veesbook.net\/wordpress\/wp-json\/wp\/v2\/pages\/101\/revisions"}],"predecessor-version":[{"id":2869,"href":"https:\/\/veesbook.net\/wordpress\/wp-json\/wp\/v2\/pages\/101\/revisions\/2869"}],"wp:featuredmedia":[{"embeddable":true,"href":"https:\/\/veesbook.net\/wordpress\/wp-json\/wp\/v2\/media\/548"}],"wp:attachment":[{"href":"https:\/\/veesbook.net\/wordpress\/wp-json\/wp\/v2\/media?parent=101"}],"curies":[{"name":"wp","href":"https:\/\/api.w.org\/{rel}","templated":true}]}}