{"id":1042,"date":"2016-08-05T10:41:05","date_gmt":"2016-08-05T10:41:05","guid":{"rendered":"https:\/\/veesbook.net\/wordpress\/?page_id=1042"},"modified":"2025-12-23T14:25:18","modified_gmt":"2025-12-23T13:25:18","slug":"lieder-wie-sie-in-westervesede-gesungen-werden","status":"publish","type":"page","link":"https:\/\/veesbook.net\/wordpress\/traditionelles\/lieder-wie-sie-in-westervesede-gesungen-werden\/","title":{"rendered":"Veeser Lieder"},"content":{"rendered":"<h3><span style=\"font-family: verdana,geneva,sans-serif;\">Lieder wie sie in Westervesede gesungen werden<\/span><\/h3>\n<p><a class=\"_ps2id\" href=\"#VeeserDeern\" data-ps2id-offset=\"\"><strong><span style=\"font-size: 18pt;\">Westerveeser Deern<\/span><\/strong><\/a><br \/>\n<a class=\"_ps2id\" href=\"#Wodie\" data-ps2id-offset=\"\"><span style=\"font-size: 18pt;\"><strong>Wo die Veerse<\/strong><\/span><\/a><br \/>\n<span style=\"font-size: 18pt;\"><strong><a class=\"_ps2id\" href=\"#einSpiel\" data-ps2id-offset=\"\">Spielmannslied<\/a><\/strong><\/span><\/p>\n<hr \/>\n<p><span style=\"font-family: verdana,geneva,sans-serif; font-size: 12pt;\">Dieses Lied kann getrost als Westerveseder Hymne betrachtet werden:<\/span><br \/>\n<a id=\"VeeserDeern\"><\/a><\/p>\n<h3>Westerveeser Deern<\/h3>\n<p><span style=\"font-family: verdana,geneva,sans-serif; font-size: 12pt;\">Refrain: Westerveeser Deern, ick heff di so gern.<br \/>\nTw\u00fcschen Holt und Wischen m\u00fcch ick di mol k\u00fcssen<br \/>\nund die Veers kiekt to. Warm is noch dat Hau.<br \/>\nLot mi still gewehrn, l\u00fcttje Westerveeser Deern.<\/span><\/p>\n<p><span style=\"font-family: verdana,geneva,sans-serif; font-size: 12pt;\">Aff un an in use Stadt schnackt man noch&#8217;n beten platt.<br \/>\nSchnackt bi K\u00f6\u00f6m und Beer, wie dat fr\u00f6her weer.<br \/>\nDoch wie sch\u00f6n mach dat woll weern,<br \/>\nschnackt een platt mit siene Deern<br \/>\nund he geiht mit ehr \u00f6wer die Wischen her.<\/span><\/p>\n<p><span style=\"font-family: verdana,geneva,sans-serif; font-size: 12pt;\">Refrain: Westerveeser Deern, ick heff\u2026<\/span><\/p>\n<p><span style=\"font-family: verdana,geneva,sans-serif; font-size: 12pt;\">Jo von Loh bit an den Beek goh ick faken in de Week,<br \/>\nblo\u00df keen Deern hett Tiet, seggt: Ick mutt noch wiet.\u201c<br \/>\nDoch an S\u00fcnnag sind se fien, ogen blank, vull S\u00fcnnenschien<br \/>\nund in mienen Sinn fallt mi d\u00fctt denn in.<a id=\"WvD\"><\/a><br \/>\nRefrain: Westerveeser Deern, ick heff\u2026<\/span><\/p>\n<p>(r.s)<\/p>\n<hr \/>\n<h3>Wo die Veerse<\/h3>\n<p><span style=\"font-family: verdana, geneva, sans-serif;\">Wo die Veerse einen gro\u00dfen Bogen macht,<br \/>\nwo von rechts dann kommt der sch\u00f6ne Kr\u00fcppelbach,<br \/>\nWo man trinkt die Halben in zwei Z\u00fcgen aus,<br \/>\nda ist unsre Heimat, da sind wir zu haus.<br \/>\nWir zieh\u00b4n ins Veeserland, ins sch\u00f6ne Heimatland,<br \/>\ndich woll\u00b4n wir lieben f\u00fcr alle Zeit.<br \/>\nWir zieh\u00b4n &#8230;<\/span><\/p>\n<hr \/>\n<h3>Spielmannslied<\/h3>\n<p>Bei Veranstaltungen singt der Spielmannszug gerne das Spielmannslied. Es ist eine Abwandlung vom Lied \u201eWar einst ein junger F\u00e4hnrich\u201c.<\/p>\n<p>So wird es in Westervesede als Wechselgesang gesungen:<\/p>\n<p>V = Vors\u00e4nger<br \/>\nA = Alle<\/p>\n<table style=\"border-collapse: collapse; width: 100%;\">\n<tbody>\n<tr>\n<td style=\"width: 6.84933%; text-align: center;\"><strong>V<\/strong><\/td>\n<td style=\"width: 93.1507%;\">||: War einstmals ein Spielmann<\/td>\n<\/tr>\n<tr>\n<td style=\"width: 6.84933%; text-align: center;\"><\/td>\n<td style=\"width: 93.1507%;\">wohl in ein ein Madel verliebet. :||<\/td>\n<\/tr>\n<tr>\n<td style=\"width: 6.84933%; text-align: center;\"><strong>V<\/strong><\/td>\n<td style=\"width: 93.1507%;\">||: In einer kleinen&#8230;<\/td>\n<\/tr>\n<tr>\n<td style=\"width: 6.84933%; text-align: center;\"><strong>A<\/strong><\/td>\n<td style=\"width: 93.1507%;\">In einer feinen\u2026 :||<\/td>\n<\/tr>\n<tr>\n<td style=\"width: 6.84933%; text-align: center;\"><\/td>\n<td style=\"width: 93.1507%;\">In einer kleinen, einer feinen, einer Bierbraumamsel.<\/td>\n<\/tr>\n<tr>\n<td style=\"width: 6.84933%; text-align: center;\"><strong>V<\/strong><\/td>\n<td style=\"width: 93.1507%;\">||: In einer kleinen&#8230;<\/td>\n<\/tr>\n<tr>\n<td style=\"width: 6.84933%; text-align: center;\"><strong>A<\/strong><\/td>\n<td style=\"width: 93.1507%;\">In einer feinen\u2026 :||<\/td>\n<\/tr>\n<tr>\n<td style=\"width: 6.84933%; text-align: center;\"><\/td>\n<td style=\"width: 93.1507%;\">In einer kleinen, einer feinen, einer Bierbraumamsel.<\/td>\n<\/tr>\n<tr>\n<td style=\"width: 6.84933%; text-align: center;\"><\/td>\n<td style=\"width: 93.1507%;\"><\/td>\n<\/tr>\n<tr>\n<td style=\"width: 6.84933%; text-align: center;\"><strong>V<\/strong><\/td>\n<td style=\"width: 93.1507%;\">||: Habe Schildwacht gestanden.<\/td>\n<\/tr>\n<tr>\n<td style=\"width: 6.84933%; text-align: center;\"><\/td>\n<td style=\"width: 93.1507%;\">Ich hab\u2018 die Trommel oft ger\u00fchret. :||<\/td>\n<\/tr>\n<tr>\n<td style=\"width: 6.84933%; text-align: center;\"><\/td>\n<td style=\"width: 93.1507%;\">||: Ich hab\u2018 so manches&#8230;<\/td>\n<\/tr>\n<tr>\n<td style=\"width: 6.84933%; text-align: center;\"><strong>A<\/strong><\/td>\n<td style=\"width: 93.1507%;\">Sch\u00f6ne Madel\u2026 :||<\/td>\n<\/tr>\n<tr>\n<td style=\"width: 6.84933%; text-align: center;\"><\/td>\n<td style=\"width: 93.1507%;\">Ich habe so manches Madel in mein Schillerhaus verf\u00fchrt.<\/td>\n<\/tr>\n<tr>\n<td style=\"width: 6.84933%; text-align: center;\"><strong>V<\/strong><\/td>\n<td style=\"width: 93.1507%;\">||: Ich hab\u2018 so manches&#8230;<\/td>\n<\/tr>\n<tr>\n<td style=\"width: 6.84933%; text-align: center;\"><strong>A<\/strong><\/td>\n<td style=\"width: 93.1507%;\">Sch\u00f6ne Madel\u2026 :||<\/td>\n<\/tr>\n<tr>\n<td style=\"width: 6.84933%; text-align: center;\"><\/td>\n<td style=\"width: 93.1507%;\">Ich habe so manches Madel in mein Schillerhaus verf\u00fchrt.<\/td>\n<\/tr>\n<tr>\n<td style=\"width: 6.84933%; text-align: center;\"><\/td>\n<td style=\"width: 93.1507%;\"><\/td>\n<\/tr>\n<tr>\n<td style=\"width: 6.84933%; text-align: center;\"><strong>V<\/strong><\/td>\n<td style=\"width: 93.1507%;\">||: Liebe Eltern, wollt ihr wissen,<\/td>\n<\/tr>\n<tr>\n<td style=\"width: 6.84933%; text-align: center;\"><\/td>\n<td style=\"width: 93.1507%;\">was einem Spielmann geb\u00fchret? :||<\/td>\n<\/tr>\n<tr>\n<td style=\"width: 6.84933%; text-align: center;\"><strong>V<\/strong><\/td>\n<td style=\"width: 93.1507%;\">||: F\u00fcr die Nacht ein\u2026<\/td>\n<\/tr>\n<tr>\n<td style=\"width: 6.84933%; text-align: center;\"><strong>A<\/strong><\/td>\n<td style=\"width: 93.1507%;\">Sch\u00f6nes Madel. :||<\/td>\n<\/tr>\n<tr>\n<td style=\"width: 6.84933%; text-align: center;\"><\/td>\n<td style=\"width: 93.1507%;\">F\u00fcr die Nacht ein sch\u00f6nes Madel oder 25 Flaschen Bier.<\/td>\n<\/tr>\n<tr>\n<td style=\"width: 6.84933%; text-align: center;\"><strong>V<\/strong><\/td>\n<td style=\"width: 93.1507%;\">||: F\u00fcr die Nacht ein&#8230;<\/td>\n<\/tr>\n<tr>\n<td style=\"width: 6.84933%; text-align: center;\"><strong>A<\/strong><\/td>\n<td style=\"width: 93.1507%;\">Sch\u00f6nes Madel\u2026 :||<\/td>\n<\/tr>\n<tr>\n<td style=\"width: 6.84933%; text-align: center;\"><\/td>\n<td style=\"width: 93.1507%;\">F\u00fcr die Nacht ein sch\u00f6nes Madel oder 25 Flaschen Bier.<\/td>\n<\/tr>\n<\/tbody>\n<\/table>\n","protected":false},"excerpt":{"rendered":"<p>Lieder wie sie in Westervesede gesungen werden Westerveeser Deern Wo die Veerse Spielmannslied Dieses Lied kann getrost als Westerveseder Hymne betrachtet werden: Westerveeser Deern Refrain: Westerveeser Deern, ick heff di so gern. Tw\u00fcschen Holt und Wischen m\u00fcch ick di mol k\u00fcssen und die Veers kiekt to. Warm is noch dat Hau. Lot mi still gewehrn, [&hellip;]<\/p>\n","protected":false},"author":13,"featured_media":0,"parent":117,"menu_order":0,"comment_status":"closed","ping_status":"closed","template":"","meta":{"_genesis_hide_title":false,"_genesis_hide_breadcrumbs":false,"_genesis_hide_singular_image":false,"_genesis_hide_footer_widgets":false,"_genesis_custom_body_class":"","_genesis_custom_post_class":"","_genesis_layout":"full-width-content","footnotes":""},"class_list":{"0":"post-1042","1":"page","2":"type-page","3":"status-publish","5":"entry"},"_links":{"self":[{"href":"https:\/\/veesbook.net\/wordpress\/wp-json\/wp\/v2\/pages\/1042","targetHints":{"allow":["GET"]}}],"collection":[{"href":"https:\/\/veesbook.net\/wordpress\/wp-json\/wp\/v2\/pages"}],"about":[{"href":"https:\/\/veesbook.net\/wordpress\/wp-json\/wp\/v2\/types\/page"}],"author":[{"embeddable":true,"href":"https:\/\/veesbook.net\/wordpress\/wp-json\/wp\/v2\/users\/13"}],"replies":[{"embeddable":true,"href":"https:\/\/veesbook.net\/wordpress\/wp-json\/wp\/v2\/comments?post=1042"}],"version-history":[{"count":12,"href":"https:\/\/veesbook.net\/wordpress\/wp-json\/wp\/v2\/pages\/1042\/revisions"}],"predecessor-version":[{"id":6176,"href":"https:\/\/veesbook.net\/wordpress\/wp-json\/wp\/v2\/pages\/1042\/revisions\/6176"}],"up":[{"embeddable":true,"href":"https:\/\/veesbook.net\/wordpress\/wp-json\/wp\/v2\/pages\/117"}],"wp:attachment":[{"href":"https:\/\/veesbook.net\/wordpress\/wp-json\/wp\/v2\/media?parent=1042"}],"curies":[{"name":"wp","href":"https:\/\/api.w.org\/{rel}","templated":true}]}}