{"id":1250,"date":"2016-03-09T08:17:10","date_gmt":"2016-03-09T08:17:10","guid":{"rendered":"https:\/\/veesbook.net\/wordpress\/?page_id=1250"},"modified":"2016-03-09T08:24:06","modified_gmt":"2016-03-09T08:24:06","slug":"meine-zeit-auf-dem-hoins-hof","status":"publish","type":"page","link":"https:\/\/veesbook.net\/wordpress\/geschichten\/erinnerungen-ii\/meine-zeit-auf-dem-hoins-hof\/","title":{"rendered":"Der Hoins Hoff und meine Jahre dort."},"content":{"rendered":"<h3 class=\"sectionedit1\">Der <span class=\"search_hit\">Hoins<\/span> <span class=\"search_hit\">Hoff <\/span>und meine Jahre dort.<\/h3>\n<div class=\"level3\">\n<p>Meine Eltern und Gro\u00dfeltern lebten vorher auf Brinks Hofstelle (heute Claus Behrens,Deepener Stra\u00dfe 43)Hof 58.<br \/>\nMeine Gro\u00dfeltern v\u00e4terlicher Seite waren Hinrich Klee geb. 06.07.1870 in Westerholz und am 12.12.1947 in Westervesede verstorben, sowie Catharina geb.Behrens geb. am 06.09.1869 in Westervesede in Schomarkers Haus (Hof 60) und verstorben am 04.04.1959 in Westervesede.<br \/>\nSie lebten zusammen mit ihren Kindern in Brinks Haus als P\u00e4chter. Die beiden hatten 5 Kinder.<br \/>\nHinrich, mein Vater geb am 06.12.1896 baute dann sp\u00e4ter den <span class=\"search_hit\">Hoins<\/span> <span class=\"search_hit\">Hoff<\/span> auf. Nachdem mein Vater am 30.10.1925 meine Mutter Sophie geb. Dreyer geb. am 22.07.1898 in Westerholz,aufgewachsen in Heitmanns Haus in Ostervesede bei ihrer Schwester, geheiratet hatte, lebten alle zusammen auf Brinks <span class=\"search_hit\">Hoff<\/span>.<br \/>\nAm 06.01.1927 wurde als 1. Kind Marie geboren, sie verstarb am 26.06.1951 in Hamburg Eppendorf an einer schweren Krankheit.<br \/>\nAls 2 Kind wurde dann Alwine am 15.04.1928 geb. Es folgte Heinrich am 28.08.1931.<br \/>\nIn dem Jahr wurde auch damit begonnen den <span class=\"search_hit\">Hoins<\/span> <span class=\"search_hit\">Hoff<\/span> aufzubauen. Als 1 Geb\u00e4ude wurde die Scheune errichtet. 1934 war dann auch das Haus fertig,und alle siedelten auf die neue Hofstelle (Hof 86)um. Heute Deepener Stra\u00dfe Nr.39.<br \/>\nAm 18.06.1936 wurde dann Johann geboren. Im August 1938, gab es den ersten gro\u00dfen Schicksalsschlag, es war damals so, Kinder mu\u00dften mit aufs Feld genommen werden. Johann war gerade 2 Jahre alt, in einem unbeaufsichtigten Moment lief er ins Kornfeld, und so dann in die M\u00e4hmaschine. Dabei verlor er sein linkes Bein, es mu\u00dfte unterhalb vom Knie amputiert werden. Seitdem tr\u00e4gt Johann eine Prothese (es hie\u00df immer der hat ein Holzbein.)<br \/>\nIch wurde dann als letztes von 5 Kindern geboren und zwar am 02.07.1942. Ich habe meinen Bruder nicht anders gekannt. An meinen Opa kann ich mich nur erinnern, das er im Sommer immer zum Heide hauen (Plaggeenhau) ging und im Winter Hausschlachtungen machte. Er soll auch nach Holland gegangen sein zum m\u00e4hen, mit der Sense auf dem R\u00fccken ganz zu Fu\u00df. Wie ich 5 Jahre alt war ist mein Opa verstorben. Die Hausschlachtungen wurden dann von meinem Vater fortgef\u00fchrt. An meine Oma kann ich mich noch sehr gut erinnern, sie war immer zu Hause. Auch nahm sie mich mit wenn sie mal einen Besuch im Dorf oder in Ostervesede machte. Aber nur zu Fu\u00df oder mit dem Fahrrad.Oma hat noch sehr viel Wolle und Flachs auf dem Spinnrad gesponnen.Auch kann ich mich noch gut an den Webstuhl erinnern der immer im Winter in Oma`s Stube aufgebaut wurde.Meine beiden \u00e4lteren Schwestern und auch meine Mutter webten darauf Leinen f\u00fcr Handt\u00fccher,Bettlaken,Decken usw.Auch ich durfte mich daran setzen,aber ich glaube es hat nicht so richtig geklappt.Ich habe noch Handt\u00fccher aus der Zeit. Oma ist am 04.04.1959, in ihrem 90. Lebensjahr verstorben.<br \/>\nAn meine Kinder- und Jugendjahre habe ich sch\u00f6ne und auch nicht so sch\u00f6ne Erinnerungen. Es war einfach so, sobald man mithelfen konnte, mu\u00dften wir Kinder es auch. Als meine Mutter verstarb war ich noch nicht mal 17 Jahre.Sie verstarb am 17.01.1959, das war f\u00fcr mich sehr schwer. Nachdem mein Bruder Heinrich, der den elterlichen Hof weiter f\u00fchren sollte, dann im Oktober 1961 geheiratet hatte, bin ich nach Bremen in Stellung gegangen, wie es damals hie\u00df. Noch im gleichen Jahr, am 03.12.1961, verstarb dann auch mein Vater.<br \/>\nHelga Kr\u00f6ger geb.Klee (Hof 46)<\/p>\n<\/div>\n","protected":false},"excerpt":{"rendered":"<p>Der Hoins Hoff und meine Jahre dort. Meine Eltern und Gro\u00dfeltern lebten vorher auf Brinks Hofstelle (heute Claus Behrens,Deepener Stra\u00dfe 43)Hof 58. Meine Gro\u00dfeltern v\u00e4terlicher Seite waren Hinrich Klee geb. 06.07.1870 in Westerholz und am 12.12.1947 in Westervesede verstorben, sowie Catharina geb.Behrens geb. am 06.09.1869 in Westervesede in Schomarkers Haus (Hof 60) und verstorben am [&hellip;]<\/p>\n","protected":false},"author":3,"featured_media":0,"parent":304,"menu_order":0,"comment_status":"closed","ping_status":"closed","template":"","meta":{"_genesis_hide_title":false,"_genesis_hide_breadcrumbs":false,"_genesis_hide_singular_image":false,"_genesis_hide_footer_widgets":false,"_genesis_custom_body_class":"","_genesis_custom_post_class":"","_genesis_layout":"full-width-content","footnotes":""},"class_list":{"0":"post-1250","1":"page","2":"type-page","3":"status-publish","5":"entry"},"_links":{"self":[{"href":"https:\/\/veesbook.net\/wordpress\/wp-json\/wp\/v2\/pages\/1250","targetHints":{"allow":["GET"]}}],"collection":[{"href":"https:\/\/veesbook.net\/wordpress\/wp-json\/wp\/v2\/pages"}],"about":[{"href":"https:\/\/veesbook.net\/wordpress\/wp-json\/wp\/v2\/types\/page"}],"author":[{"embeddable":true,"href":"https:\/\/veesbook.net\/wordpress\/wp-json\/wp\/v2\/users\/3"}],"replies":[{"embeddable":true,"href":"https:\/\/veesbook.net\/wordpress\/wp-json\/wp\/v2\/comments?post=1250"}],"version-history":[{"count":5,"href":"https:\/\/veesbook.net\/wordpress\/wp-json\/wp\/v2\/pages\/1250\/revisions"}],"predecessor-version":[{"id":1256,"href":"https:\/\/veesbook.net\/wordpress\/wp-json\/wp\/v2\/pages\/1250\/revisions\/1256"}],"up":[{"embeddable":true,"href":"https:\/\/veesbook.net\/wordpress\/wp-json\/wp\/v2\/pages\/304"}],"wp:attachment":[{"href":"https:\/\/veesbook.net\/wordpress\/wp-json\/wp\/v2\/media?parent=1250"}],"curies":[{"name":"wp","href":"https:\/\/api.w.org\/{rel}","templated":true}]}}