{"id":1371,"date":"2017-03-30T18:59:30","date_gmt":"2017-03-30T18:59:30","guid":{"rendered":"https:\/\/veesbook.net\/wordpress\/?page_id=1371"},"modified":"2017-03-30T19:00:21","modified_gmt":"2017-03-30T19:00:21","slug":"bilder-vom-schuetzenfest-1986","status":"publish","type":"page","link":"https:\/\/veesbook.net\/wordpress\/traditionelles\/schuetzenfest-2\/bilder-vom-schuetzenfest-1986\/","title":{"rendered":"Bilder vom Sch\u00fctzenfest 1986"},"content":{"rendered":"<p><strong><span style=\"font-size: 14pt;\">1. Sch\u00fctzenfesttag<\/span><\/strong><\/p>\n<p><img loading=\"lazy\" decoding=\"async\" class=\"alignnone size-medium wp-image-1372\" src=\"https:\/\/veesbook.net\/wordpress\/wp-content\/uploads\/2016\/03\/SV-Sch\u00fctzenfest1986-1-300x274.jpg\" alt=\"SV-Sch\u00fctzenfest1986 (1)\" width=\"300\" height=\"274\" srcset=\"https:\/\/veesbook.net\/wordpress\/wp-content\/uploads\/2016\/03\/SV-Sch\u00fctzenfest1986-1-300x274.jpg 300w, https:\/\/veesbook.net\/wordpress\/wp-content\/uploads\/2016\/03\/SV-Sch\u00fctzenfest1986-1-487x445.jpg 487w, https:\/\/veesbook.net\/wordpress\/wp-content\/uploads\/2016\/03\/SV-Sch\u00fctzenfest1986-1.jpg 1937w\" sizes=\"auto, (max-width: 300px) 100vw, 300px\" \/> K\u00f6nig Johann Bruns mit Ehrendamen<\/p>\n<p>Vorbereitungen:<\/p>\n<p><img loading=\"lazy\" decoding=\"async\" class=\"alignnone size-medium wp-image-1373\" src=\"https:\/\/veesbook.net\/wordpress\/wp-content\/uploads\/2016\/03\/SV-Sch\u00fctzenfest1986-2-300x234.jpg\" alt=\"SV-Sch\u00fctzenfest1986 (2)\" width=\"300\" height=\"234\" srcset=\"https:\/\/veesbook.net\/wordpress\/wp-content\/uploads\/2016\/03\/SV-Sch\u00fctzenfest1986-2-300x234.jpg 300w, https:\/\/veesbook.net\/wordpress\/wp-content\/uploads\/2016\/03\/SV-Sch\u00fctzenfest1986-2-570x445.jpg 570w, https:\/\/veesbook.net\/wordpress\/wp-content\/uploads\/2016\/03\/SV-Sch\u00fctzenfest1986-2.jpg 1887w\" sizes=\"auto, (max-width: 300px) 100vw, 300px\" \/> <img loading=\"lazy\" decoding=\"async\" class=\"alignnone size-medium wp-image-1374\" src=\"https:\/\/veesbook.net\/wordpress\/wp-content\/uploads\/2016\/03\/SV-Sch\u00fctzenfest1986-3-295x300.jpg\" alt=\"SV-Sch\u00fctzenfest1986 (3)\" width=\"295\" height=\"300\" srcset=\"https:\/\/veesbook.net\/wordpress\/wp-content\/uploads\/2016\/03\/SV-Sch\u00fctzenfest1986-3-295x300.jpg 295w, https:\/\/veesbook.net\/wordpress\/wp-content\/uploads\/2016\/03\/SV-Sch\u00fctzenfest1986-3-438x445.jpg 438w, https:\/\/veesbook.net\/wordpress\/wp-content\/uploads\/2016\/03\/SV-Sch\u00fctzenfest1986-3.jpg 2020w\" sizes=\"auto, (max-width: 295px) 100vw, 295px\" \/><\/p>\n<p>Marsch zur K\u00f6nigsresidenz:<\/p>\n<p><img loading=\"lazy\" decoding=\"async\" class=\"alignnone size-medium wp-image-1375\" src=\"https:\/\/veesbook.net\/wordpress\/wp-content\/uploads\/2016\/03\/SV-Sch\u00fctzenfest1986-4-300x203.jpg\" alt=\"SV-Sch\u00fctzenfest1986 (4)\" width=\"300\" height=\"203\" srcset=\"https:\/\/veesbook.net\/wordpress\/wp-content\/uploads\/2016\/03\/SV-Sch\u00fctzenfest1986-4-300x203.jpg 300w, https:\/\/veesbook.net\/wordpress\/wp-content\/uploads\/2016\/03\/SV-Sch\u00fctzenfest1986-4-657x445.jpg 657w\" sizes=\"auto, (max-width: 300px) 100vw, 300px\" \/> <img loading=\"lazy\" decoding=\"async\" class=\"alignnone size-medium wp-image-1376\" src=\"https:\/\/veesbook.net\/wordpress\/wp-content\/uploads\/2016\/03\/SV-Sch\u00fctzenfest1986-5-300x192.jpg\" alt=\"SV-Sch\u00fctzenfest1986 (5)\" width=\"300\" height=\"192\" srcset=\"https:\/\/veesbook.net\/wordpress\/wp-content\/uploads\/2016\/03\/SV-Sch\u00fctzenfest1986-5-300x192.jpg 300w, https:\/\/veesbook.net\/wordpress\/wp-content\/uploads\/2016\/03\/SV-Sch\u00fctzenfest1986-5-697x445.jpg 697w\" sizes=\"auto, (max-width: 300px) 100vw, 300px\" \/> <img loading=\"lazy\" decoding=\"async\" class=\"alignnone size-medium wp-image-1377\" src=\"https:\/\/veesbook.net\/wordpress\/wp-content\/uploads\/2016\/03\/SV-Sch\u00fctzenfest1986-6-300x198.jpg\" alt=\"SV-Sch\u00fctzenfest1986 (6)\" width=\"300\" height=\"198\" srcset=\"https:\/\/veesbook.net\/wordpress\/wp-content\/uploads\/2016\/03\/SV-Sch\u00fctzenfest1986-6-300x198.jpg 300w, https:\/\/veesbook.net\/wordpress\/wp-content\/uploads\/2016\/03\/SV-Sch\u00fctzenfest1986-6-674x445.jpg 674w\" sizes=\"auto, (max-width: 300px) 100vw, 300px\" \/> <img loading=\"lazy\" decoding=\"async\" class=\"alignnone size-medium wp-image-1378\" src=\"https:\/\/veesbook.net\/wordpress\/wp-content\/uploads\/2016\/03\/SV-Sch\u00fctzenfest1986-7-300x202.jpg\" alt=\"SV-Sch\u00fctzenfest1986 (7)\" width=\"300\" height=\"202\" srcset=\"https:\/\/veesbook.net\/wordpress\/wp-content\/uploads\/2016\/03\/SV-Sch\u00fctzenfest1986-7-300x202.jpg 300w, https:\/\/veesbook.net\/wordpress\/wp-content\/uploads\/2016\/03\/SV-Sch\u00fctzenfest1986-7-661x445.jpg 661w\" sizes=\"auto, (max-width: 300px) 100vw, 300px\" \/> <img loading=\"lazy\" decoding=\"async\" class=\"alignnone size-medium wp-image-1379\" src=\"https:\/\/veesbook.net\/wordpress\/wp-content\/uploads\/2016\/03\/SV-Sch\u00fctzenfest1986-8-300x193.jpg\" alt=\"SV-Sch\u00fctzenfest1986 (8)\" width=\"300\" height=\"193\" srcset=\"https:\/\/veesbook.net\/wordpress\/wp-content\/uploads\/2016\/03\/SV-Sch\u00fctzenfest1986-8-300x193.jpg 300w, https:\/\/veesbook.net\/wordpress\/wp-content\/uploads\/2016\/03\/SV-Sch\u00fctzenfest1986-8-692x445.jpg 692w\" sizes=\"auto, (max-width: 300px) 100vw, 300px\" \/> <img loading=\"lazy\" decoding=\"async\" class=\"alignnone size-medium wp-image-1380\" src=\"https:\/\/veesbook.net\/wordpress\/wp-content\/uploads\/2016\/03\/SV-Sch\u00fctzenfest1986-9-300x201.jpg\" alt=\"SV-Sch\u00fctzenfest1986 (9)\" width=\"300\" height=\"201\" srcset=\"https:\/\/veesbook.net\/wordpress\/wp-content\/uploads\/2016\/03\/SV-Sch\u00fctzenfest1986-9-300x200.jpg 300w, https:\/\/veesbook.net\/wordpress\/wp-content\/uploads\/2016\/03\/SV-Sch\u00fctzenfest1986-9-664x445.jpg 664w\" sizes=\"auto, (max-width: 300px) 100vw, 300px\" \/> <img loading=\"lazy\" decoding=\"async\" class=\"alignnone size-medium wp-image-1381\" src=\"https:\/\/veesbook.net\/wordpress\/wp-content\/uploads\/2016\/03\/SV-Sch\u00fctzenfest1986-10-300x187.jpg\" alt=\"SV-Sch\u00fctzenfest1986 (10)\" width=\"300\" height=\"187\" srcset=\"https:\/\/veesbook.net\/wordpress\/wp-content\/uploads\/2016\/03\/SV-Sch\u00fctzenfest1986-10-300x187.jpg 300w, https:\/\/veesbook.net\/wordpress\/wp-content\/uploads\/2016\/03\/SV-Sch\u00fctzenfest1986-10-715x445.jpg 715w, https:\/\/veesbook.net\/wordpress\/wp-content\/uploads\/2016\/03\/SV-Sch\u00fctzenfest1986-10.jpg 1448w\" sizes=\"auto, (max-width: 300px) 100vw, 300px\" \/> <img loading=\"lazy\" decoding=\"async\" class=\"alignnone size-medium wp-image-1382\" src=\"https:\/\/veesbook.net\/wordpress\/wp-content\/uploads\/2016\/03\/SV-Sch\u00fctzenfest1986-11-300x197.jpg\" alt=\"SV-Sch\u00fctzenfest1986 (11)\" width=\"300\" height=\"197\" srcset=\"https:\/\/veesbook.net\/wordpress\/wp-content\/uploads\/2016\/03\/SV-Sch\u00fctzenfest1986-11-300x197.jpg 300w, https:\/\/veesbook.net\/wordpress\/wp-content\/uploads\/2016\/03\/SV-Sch\u00fctzenfest1986-11-678x445.jpg 678w\" sizes=\"auto, (max-width: 300px) 100vw, 300px\" \/> <img loading=\"lazy\" decoding=\"async\" class=\"alignnone size-medium wp-image-1383\" src=\"https:\/\/veesbook.net\/wordpress\/wp-content\/uploads\/2016\/03\/SV-Sch\u00fctzenfest1986-12-300x213.jpg\" alt=\"SV-Sch\u00fctzenfest1986 (12)\" width=\"300\" height=\"213\" srcset=\"https:\/\/veesbook.net\/wordpress\/wp-content\/uploads\/2016\/03\/SV-Sch\u00fctzenfest1986-12-300x213.jpg 300w, https:\/\/veesbook.net\/wordpress\/wp-content\/uploads\/2016\/03\/SV-Sch\u00fctzenfest1986-12-627x445.jpg 627w\" sizes=\"auto, (max-width: 300px) 100vw, 300px\" \/> <img loading=\"lazy\" decoding=\"async\" class=\"alignnone size-medium wp-image-1384\" src=\"https:\/\/veesbook.net\/wordpress\/wp-content\/uploads\/2016\/03\/SV-Sch\u00fctzenfest1986-13-300x210.jpg\" alt=\"SV-Sch\u00fctzenfest1986 (13)\" width=\"300\" height=\"210\" srcset=\"https:\/\/veesbook.net\/wordpress\/wp-content\/uploads\/2016\/03\/SV-Sch\u00fctzenfest1986-13-300x210.jpg 300w, https:\/\/veesbook.net\/wordpress\/wp-content\/uploads\/2016\/03\/SV-Sch\u00fctzenfest1986-13-635x445.jpg 635w\" sizes=\"auto, (max-width: 300px) 100vw, 300px\" \/> <img loading=\"lazy\" decoding=\"async\" class=\"alignnone size-medium wp-image-1385\" src=\"https:\/\/veesbook.net\/wordpress\/wp-content\/uploads\/2016\/03\/SV-Sch\u00fctzenfest1986-14-218x300.jpg\" alt=\"SV-Sch\u00fctzenfest1986 (14)\" width=\"218\" height=\"300\" srcset=\"https:\/\/veesbook.net\/wordpress\/wp-content\/uploads\/2016\/03\/SV-Sch\u00fctzenfest1986-14-218x300.jpg 218w, https:\/\/veesbook.net\/wordpress\/wp-content\/uploads\/2016\/03\/SV-Sch\u00fctzenfest1986-14-323x445.jpg 323w, https:\/\/veesbook.net\/wordpress\/wp-content\/uploads\/2016\/03\/SV-Sch\u00fctzenfest1986-14.jpg 1871w\" sizes=\"auto, (max-width: 218px) 100vw, 218px\" \/> <img loading=\"lazy\" decoding=\"async\" class=\"alignnone size-medium wp-image-1386\" src=\"https:\/\/veesbook.net\/wordpress\/wp-content\/uploads\/2016\/03\/SV-Sch\u00fctzenfest1986-15-300x201.jpg\" alt=\"SV-Sch\u00fctzenfest1986 (15)\" width=\"300\" height=\"201\" srcset=\"https:\/\/veesbook.net\/wordpress\/wp-content\/uploads\/2016\/03\/SV-Sch\u00fctzenfest1986-15-300x200.jpg 300w, https:\/\/veesbook.net\/wordpress\/wp-content\/uploads\/2016\/03\/SV-Sch\u00fctzenfest1986-15-664x445.jpg 664w\" sizes=\"auto, (max-width: 300px) 100vw, 300px\" \/> <img loading=\"lazy\" decoding=\"async\" class=\"alignnone size-medium wp-image-1387\" src=\"https:\/\/veesbook.net\/wordpress\/wp-content\/uploads\/2016\/03\/SV-Sch\u00fctzenfest1986-16-300x200.jpg\" alt=\"SV-Sch\u00fctzenfest1986 (16)\" width=\"300\" height=\"200\" srcset=\"https:\/\/veesbook.net\/wordpress\/wp-content\/uploads\/2016\/03\/SV-Sch\u00fctzenfest1986-16-300x200.jpg 300w, https:\/\/veesbook.net\/wordpress\/wp-content\/uploads\/2016\/03\/SV-Sch\u00fctzenfest1986-16-666x445.jpg 666w\" sizes=\"auto, (max-width: 300px) 100vw, 300px\" \/> <img loading=\"lazy\" decoding=\"async\" class=\"alignnone size-medium wp-image-1388\" src=\"https:\/\/veesbook.net\/wordpress\/wp-content\/uploads\/2016\/03\/SV-Sch\u00fctzenfest1986-17-300x206.jpg\" alt=\"SV-Sch\u00fctzenfest1986 (17)\" width=\"300\" height=\"206\" srcset=\"https:\/\/veesbook.net\/wordpress\/wp-content\/uploads\/2016\/03\/SV-Sch\u00fctzenfest1986-17-300x206.jpg 300w, https:\/\/veesbook.net\/wordpress\/wp-content\/uploads\/2016\/03\/SV-Sch\u00fctzenfest1986-17-648x445.jpg 648w\" sizes=\"auto, (max-width: 300px) 100vw, 300px\" \/> <img loading=\"lazy\" decoding=\"async\" class=\"alignnone size-medium wp-image-1389\" src=\"https:\/\/veesbook.net\/wordpress\/wp-content\/uploads\/2016\/03\/SV-Sch\u00fctzenfest1986-18-228x300.jpg\" alt=\"SV-Sch\u00fctzenfest1986 (18)\" width=\"228\" height=\"300\" srcset=\"https:\/\/veesbook.net\/wordpress\/wp-content\/uploads\/2016\/03\/SV-Sch\u00fctzenfest1986-18-228x300.jpg 228w, https:\/\/veesbook.net\/wordpress\/wp-content\/uploads\/2016\/03\/SV-Sch\u00fctzenfest1986-18-338x445.jpg 338w, https:\/\/veesbook.net\/wordpress\/wp-content\/uploads\/2016\/03\/SV-Sch\u00fctzenfest1986-18.jpg 1970w\" sizes=\"auto, (max-width: 228px) 100vw, 228px\" \/> <img loading=\"lazy\" decoding=\"async\" class=\"alignnone size-medium wp-image-1390\" src=\"https:\/\/veesbook.net\/wordpress\/wp-content\/uploads\/2016\/03\/SV-Sch\u00fctzenfest1986-19-300x200.jpg\" alt=\"SV-Sch\u00fctzenfest1986 (19)\" width=\"300\" height=\"200\" srcset=\"https:\/\/veesbook.net\/wordpress\/wp-content\/uploads\/2016\/03\/SV-Sch\u00fctzenfest1986-19-300x200.jpg 300w, https:\/\/veesbook.net\/wordpress\/wp-content\/uploads\/2016\/03\/SV-Sch\u00fctzenfest1986-19-666x445.jpg 666w\" sizes=\"auto, (max-width: 300px) 100vw, 300px\" \/><\/p>\n<p><img loading=\"lazy\" decoding=\"async\" class=\"alignnone size-medium wp-image-1391\" src=\"https:\/\/veesbook.net\/wordpress\/wp-content\/uploads\/2016\/03\/SV-Sch\u00fctzenfest1986-20-300x202.jpg\" alt=\"SV-Sch\u00fctzenfest1986 (20)\" width=\"300\" height=\"202\" srcset=\"https:\/\/veesbook.net\/wordpress\/wp-content\/uploads\/2016\/03\/SV-Sch\u00fctzenfest1986-20-300x202.jpg 300w, https:\/\/veesbook.net\/wordpress\/wp-content\/uploads\/2016\/03\/SV-Sch\u00fctzenfest1986-20-661x445.jpg 661w\" sizes=\"auto, (max-width: 300px) 100vw, 300px\" \/> <img loading=\"lazy\" decoding=\"async\" class=\"alignnone size-medium wp-image-1392\" src=\"https:\/\/veesbook.net\/wordpress\/wp-content\/uploads\/2016\/03\/SV-Sch\u00fctzenfest1986-21-300x184.jpg\" alt=\"SV-Sch\u00fctzenfest1986 (21)\" width=\"300\" height=\"184\" srcset=\"https:\/\/veesbook.net\/wordpress\/wp-content\/uploads\/2016\/03\/SV-Sch\u00fctzenfest1986-21-300x184.jpg 300w, https:\/\/veesbook.net\/wordpress\/wp-content\/uploads\/2016\/03\/SV-Sch\u00fctzenfest1986-21-727x445.jpg 727w\" sizes=\"auto, (max-width: 300px) 100vw, 300px\" \/><\/p>\n<p><strong><span style=\"font-size: 14pt;\">2. Sch\u00fctzenfesttag<\/span><\/strong><\/p>\n<p>Wecken des Spielmannszuges:<\/p>\n<p><img loading=\"lazy\" decoding=\"async\" class=\"alignnone size-medium wp-image-1393\" src=\"https:\/\/veesbook.net\/wordpress\/wp-content\/uploads\/2016\/03\/SV-Sch\u00fctzenfest1986-22-300x199.jpg\" alt=\"SV-Sch\u00fctzenfest1986 (22)\" width=\"300\" height=\"199\" srcset=\"https:\/\/veesbook.net\/wordpress\/wp-content\/uploads\/2016\/03\/SV-Sch\u00fctzenfest1986-22-300x200.jpg 300w, https:\/\/veesbook.net\/wordpress\/wp-content\/uploads\/2016\/03\/SV-Sch\u00fctzenfest1986-22-670x445.jpg 670w\" sizes=\"auto, (max-width: 300px) 100vw, 300px\" \/> <img loading=\"lazy\" decoding=\"async\" class=\"alignnone size-medium wp-image-1394\" src=\"https:\/\/veesbook.net\/wordpress\/wp-content\/uploads\/2016\/03\/SV-Sch\u00fctzenfest1986-23-300x287.jpg\" alt=\"SV-Sch\u00fctzenfest1986 (23)\" width=\"300\" height=\"287\" srcset=\"https:\/\/veesbook.net\/wordpress\/wp-content\/uploads\/2016\/03\/SV-Sch\u00fctzenfest1986-23-300x287.jpg 300w, https:\/\/veesbook.net\/wordpress\/wp-content\/uploads\/2016\/03\/SV-Sch\u00fctzenfest1986-23-465x445.jpg 465w, https:\/\/veesbook.net\/wordpress\/wp-content\/uploads\/2016\/03\/SV-Sch\u00fctzenfest1986-23.jpg 1920w\" sizes=\"auto, (max-width: 300px) 100vw, 300px\" \/> <img loading=\"lazy\" decoding=\"async\" class=\"alignnone size-medium wp-image-1395\" src=\"https:\/\/veesbook.net\/wordpress\/wp-content\/uploads\/2016\/03\/SV-Sch\u00fctzenfest1986-24-300x261.jpg\" alt=\"SV-Sch\u00fctzenfest1986 (24)\" width=\"300\" height=\"261\" srcset=\"https:\/\/veesbook.net\/wordpress\/wp-content\/uploads\/2016\/03\/SV-Sch\u00fctzenfest1986-24-300x261.jpg 300w, https:\/\/veesbook.net\/wordpress\/wp-content\/uploads\/2016\/03\/SV-Sch\u00fctzenfest1986-24-512x445.jpg 512w, https:\/\/veesbook.net\/wordpress\/wp-content\/uploads\/2016\/03\/SV-Sch\u00fctzenfest1986-24.jpg 1920w\" sizes=\"auto, (max-width: 300px) 100vw, 300px\" \/> <img loading=\"lazy\" decoding=\"async\" class=\"alignnone size-medium wp-image-1396\" src=\"https:\/\/veesbook.net\/wordpress\/wp-content\/uploads\/2016\/03\/SV-Sch\u00fctzenfest1986-25-295x300.jpg\" alt=\"SV-Sch\u00fctzenfest1986 (25)\" width=\"295\" height=\"300\" srcset=\"https:\/\/veesbook.net\/wordpress\/wp-content\/uploads\/2016\/03\/SV-Sch\u00fctzenfest1986-25-295x300.jpg 295w, https:\/\/veesbook.net\/wordpress\/wp-content\/uploads\/2016\/03\/SV-Sch\u00fctzenfest1986-25-438x445.jpg 438w, https:\/\/veesbook.net\/wordpress\/wp-content\/uploads\/2016\/03\/SV-Sch\u00fctzenfest1986-25.jpg 1970w\" sizes=\"auto, (max-width: 295px) 100vw, 295px\" \/> <img loading=\"lazy\" decoding=\"async\" class=\"alignnone size-medium wp-image-1397\" src=\"https:\/\/veesbook.net\/wordpress\/wp-content\/uploads\/2016\/03\/SV-Sch\u00fctzenfest1986-26-300x198.jpg\" alt=\"SV-Sch\u00fctzenfest1986 (26)\" width=\"300\" height=\"198\" srcset=\"https:\/\/veesbook.net\/wordpress\/wp-content\/uploads\/2016\/03\/SV-Sch\u00fctzenfest1986-26-300x198.jpg 300w, https:\/\/veesbook.net\/wordpress\/wp-content\/uploads\/2016\/03\/SV-Sch\u00fctzenfest1986-26-674x445.jpg 674w\" sizes=\"auto, (max-width: 300px) 100vw, 300px\" \/> <img loading=\"lazy\" decoding=\"async\" class=\"alignnone size-medium wp-image-1398\" src=\"https:\/\/veesbook.net\/wordpress\/wp-content\/uploads\/2016\/03\/SV-Sch\u00fctzenfest1986-27-300x202.jpg\" alt=\"SV-Sch\u00fctzenfest1986 (27)\" width=\"300\" height=\"202\" srcset=\"https:\/\/veesbook.net\/wordpress\/wp-content\/uploads\/2016\/03\/SV-Sch\u00fctzenfest1986-27-300x202.jpg 300w, https:\/\/veesbook.net\/wordpress\/wp-content\/uploads\/2016\/03\/SV-Sch\u00fctzenfest1986-27-663x445.jpg 663w\" sizes=\"auto, (max-width: 300px) 100vw, 300px\" \/> <img loading=\"lazy\" decoding=\"async\" class=\"alignnone size-medium wp-image-1399\" src=\"https:\/\/veesbook.net\/wordpress\/wp-content\/uploads\/2016\/03\/SV-Sch\u00fctzenfest1986-28-300x199.jpg\" alt=\"SV-Sch\u00fctzenfest1986 (28)\" width=\"300\" height=\"199\" srcset=\"https:\/\/veesbook.net\/wordpress\/wp-content\/uploads\/2016\/03\/SV-Sch\u00fctzenfest1986-28-300x200.jpg 300w, https:\/\/veesbook.net\/wordpress\/wp-content\/uploads\/2016\/03\/SV-Sch\u00fctzenfest1986-28-670x445.jpg 670w\" sizes=\"auto, (max-width: 300px) 100vw, 300px\" \/> <img loading=\"lazy\" decoding=\"async\" class=\"alignnone size-medium wp-image-1400\" src=\"https:\/\/veesbook.net\/wordpress\/wp-content\/uploads\/2016\/03\/SV-Sch\u00fctzenfest1986-29-201x300.jpg\" alt=\"SV-Sch\u00fctzenfest1986 (29)\" width=\"201\" height=\"300\" srcset=\"https:\/\/veesbook.net\/wordpress\/wp-content\/uploads\/2016\/03\/SV-Sch\u00fctzenfest1986-29-201x300.jpg 201w, https:\/\/veesbook.net\/wordpress\/wp-content\/uploads\/2016\/03\/SV-Sch\u00fctzenfest1986-29-299x445.jpg 299w, https:\/\/veesbook.net\/wordpress\/wp-content\/uploads\/2016\/03\/SV-Sch\u00fctzenfest1986-29.jpg 1953w\" sizes=\"auto, (max-width: 201px) 100vw, 201px\" \/> <img loading=\"lazy\" decoding=\"async\" class=\"alignnone size-medium wp-image-1401\" src=\"https:\/\/veesbook.net\/wordpress\/wp-content\/uploads\/2016\/03\/SV-Sch\u00fctzenfest1986-30-300x197.jpg\" alt=\"SV-Sch\u00fctzenfest1986 (30)\" width=\"300\" height=\"197\" srcset=\"https:\/\/veesbook.net\/wordpress\/wp-content\/uploads\/2016\/03\/SV-Sch\u00fctzenfest1986-30-300x197.jpg 300w, https:\/\/veesbook.net\/wordpress\/wp-content\/uploads\/2016\/03\/SV-Sch\u00fctzenfest1986-30-678x445.jpg 678w\" sizes=\"auto, (max-width: 300px) 100vw, 300px\" \/><\/p>\n<p>Proklamation der neuen Majest\u00e4ten:<\/p>\n<p><img loading=\"lazy\" decoding=\"async\" class=\"alignnone size-medium wp-image-1402\" src=\"https:\/\/veesbook.net\/wordpress\/wp-content\/uploads\/2016\/03\/SV-Sch\u00fctzenfest1986-31-300x199.jpg\" alt=\"SV-Sch\u00fctzenfest1986 (31)\" width=\"300\" height=\"199\" srcset=\"https:\/\/veesbook.net\/wordpress\/wp-content\/uploads\/2016\/03\/SV-Sch\u00fctzenfest1986-31-300x200.jpg 300w, https:\/\/veesbook.net\/wordpress\/wp-content\/uploads\/2016\/03\/SV-Sch\u00fctzenfest1986-31-672x445.jpg 672w\" sizes=\"auto, (max-width: 300px) 100vw, 300px\" \/> K\u00f6nig Herbert Dunkel + Erntemeister Heinrich Klee<\/p>\n<p><img loading=\"lazy\" decoding=\"async\" class=\"alignnone size-medium wp-image-1403\" src=\"https:\/\/veesbook.net\/wordpress\/wp-content\/uploads\/2016\/03\/SV-Sch\u00fctzenfest1986-32-202x300.jpg\" alt=\"SV-Sch\u00fctzenfest1986 (32)\" width=\"202\" height=\"300\" srcset=\"https:\/\/veesbook.net\/wordpress\/wp-content\/uploads\/2016\/03\/SV-Sch\u00fctzenfest1986-32-202x300.jpg 202w, https:\/\/veesbook.net\/wordpress\/wp-content\/uploads\/2016\/03\/SV-Sch\u00fctzenfest1986-32-300x445.jpg 300w, https:\/\/veesbook.net\/wordpress\/wp-content\/uploads\/2016\/03\/SV-Sch\u00fctzenfest1986-32.jpg 1953w\" sizes=\"auto, (max-width: 202px) 100vw, 202px\" \/> der &#8222;alte&#8220; K\u00f6nig Johann Bruns<\/p>\n<p><img loading=\"lazy\" decoding=\"async\" class=\"alignnone size-medium wp-image-1404\" src=\"https:\/\/veesbook.net\/wordpress\/wp-content\/uploads\/2016\/03\/SV-Sch\u00fctzenfest1986-33-300x191.jpg\" alt=\"SV-Sch\u00fctzenfest1986 (33)\" width=\"300\" height=\"191\" srcset=\"https:\/\/veesbook.net\/wordpress\/wp-content\/uploads\/2016\/03\/SV-Sch\u00fctzenfest1986-33-300x191.jpg 300w, https:\/\/veesbook.net\/wordpress\/wp-content\/uploads\/2016\/03\/SV-Sch\u00fctzenfest1986-33-698x445.jpg 698w\" sizes=\"auto, (max-width: 300px) 100vw, 300px\" \/> das neue K\u00f6nigshaus<\/p>\n<p>Anbringen der K\u00f6nigsscheibe:<\/p>\n<p><img loading=\"lazy\" decoding=\"async\" class=\"alignnone size-medium wp-image-1405\" src=\"https:\/\/veesbook.net\/wordpress\/wp-content\/uploads\/2016\/03\/SV-Sch\u00fctzenfest1986-34-202x300.jpg\" alt=\"SV-Sch\u00fctzenfest1986 (34)\" width=\"202\" height=\"300\" srcset=\"https:\/\/veesbook.net\/wordpress\/wp-content\/uploads\/2016\/03\/SV-Sch\u00fctzenfest1986-34-202x300.jpg 202w, https:\/\/veesbook.net\/wordpress\/wp-content\/uploads\/2016\/03\/SV-Sch\u00fctzenfest1986-34-300x445.jpg 300w, https:\/\/veesbook.net\/wordpress\/wp-content\/uploads\/2016\/03\/SV-Sch\u00fctzenfest1986-34.jpg 1920w\" sizes=\"auto, (max-width: 202px) 100vw, 202px\" \/> <img loading=\"lazy\" decoding=\"async\" class=\"alignnone size-medium wp-image-1406\" src=\"https:\/\/veesbook.net\/wordpress\/wp-content\/uploads\/2016\/03\/SV-Sch\u00fctzenfest1986-35-300x204.jpg\" alt=\"SV-Sch\u00fctzenfest1986 (35)\" width=\"300\" height=\"204\" srcset=\"https:\/\/veesbook.net\/wordpress\/wp-content\/uploads\/2016\/03\/SV-Sch\u00fctzenfest1986-35-300x204.jpg 300w, https:\/\/veesbook.net\/wordpress\/wp-content\/uploads\/2016\/03\/SV-Sch\u00fctzenfest1986-35-653x445.jpg 653w\" sizes=\"auto, (max-width: 300px) 100vw, 300px\" \/><\/p>\n","protected":false},"excerpt":{"rendered":"<p>1. Sch\u00fctzenfesttag K\u00f6nig Johann Bruns mit Ehrendamen Vorbereitungen: Marsch zur K\u00f6nigsresidenz: 2. Sch\u00fctzenfesttag Wecken des Spielmannszuges: Proklamation der neuen Majest\u00e4ten: K\u00f6nig Herbert Dunkel + Erntemeister Heinrich Klee der &#8222;alte&#8220; K\u00f6nig Johann Bruns das neue K\u00f6nigshaus Anbringen der K\u00f6nigsscheibe:<\/p>\n","protected":false},"author":13,"featured_media":0,"parent":374,"menu_order":0,"comment_status":"closed","ping_status":"closed","template":"","meta":{"_genesis_hide_title":false,"_genesis_hide_breadcrumbs":false,"_genesis_hide_singular_image":false,"_genesis_hide_footer_widgets":false,"_genesis_custom_body_class":"","_genesis_custom_post_class":"","_genesis_layout":"","footnotes":""},"class_list":{"0":"post-1371","1":"page","2":"type-page","3":"status-publish","5":"entry"},"_links":{"self":[{"href":"https:\/\/veesbook.net\/wordpress\/wp-json\/wp\/v2\/pages\/1371","targetHints":{"allow":["GET"]}}],"collection":[{"href":"https:\/\/veesbook.net\/wordpress\/wp-json\/wp\/v2\/pages"}],"about":[{"href":"https:\/\/veesbook.net\/wordpress\/wp-json\/wp\/v2\/types\/page"}],"author":[{"embeddable":true,"href":"https:\/\/veesbook.net\/wordpress\/wp-json\/wp\/v2\/users\/13"}],"replies":[{"embeddable":true,"href":"https:\/\/veesbook.net\/wordpress\/wp-json\/wp\/v2\/comments?post=1371"}],"version-history":[{"count":3,"href":"https:\/\/veesbook.net\/wordpress\/wp-json\/wp\/v2\/pages\/1371\/revisions"}],"predecessor-version":[{"id":2847,"href":"https:\/\/veesbook.net\/wordpress\/wp-json\/wp\/v2\/pages\/1371\/revisions\/2847"}],"up":[{"embeddable":true,"href":"https:\/\/veesbook.net\/wordpress\/wp-json\/wp\/v2\/pages\/374"}],"wp:attachment":[{"href":"https:\/\/veesbook.net\/wordpress\/wp-json\/wp\/v2\/media?parent=1371"}],"curies":[{"name":"wp","href":"https:\/\/api.w.org\/{rel}","templated":true}]}}