{"id":1497,"date":"2016-03-15T11:15:23","date_gmt":"2016-03-15T11:15:23","guid":{"rendered":"https:\/\/veesbook.net\/wordpress\/?page_id=1497"},"modified":"2016-03-15T11:15:40","modified_gmt":"2016-03-15T11:15:40","slug":"winter-marga-rathjen-geb-trau-wv-10-cordts","status":"publish","type":"page","link":"https:\/\/veesbook.net\/wordpress\/geschichten\/erinnerungen-ii\/winter-marga-rathjen-geb-trau-wv-10-cordts\/","title":{"rendered":"Winter &#8211; Marga Rathjen geb. Trau (Wv 10 &#8211; Cordts)"},"content":{"rendered":"<p>Die Wiesen hinter unserm Dorf, die in der N\u00e4he des Baches und der Gr\u00e4ben lagen, wurden im Winter oft \u00fcberschwemmt. So entstand nach einer l\u00e4ngeren Frostperiode eine gr\u00f6\u00dfere Eisfl\u00e4che. Das war dann ideal f\u00fcr Schlittschuhl\u00e4ufer und Kinder, die dort herumtollten.<\/p>\n<p>Ich wei\u00df sogar noch, dass der Lehrer sich mit den Schulkindern zum Hockeyspielen auf den Fl\u00e4chen einfand; so konnte man das Eislaufen als Sport bezeichnen. Die Fotos meines Bruders k\u00f6nnen erz\u00e4hlen. Auf keinen Fall durften die Flie\u00dfgew\u00e4sser betreten werden, was ja auch jedem einleuchtete.<\/p>\n<p>Die kleineren Kinder, zu denen ich damals auch geh\u00f6rte hatten aber auch ihren Spa\u00df. Neben unserem Hof, an der Grenze nach Peets-Hof war eine ziemliche Senke im Boden. Es war ein ziemlich gro\u00dfes St\u00fcck mit ein paar Erlen und anderen Pflanzen. In der Mitte stand aber immer . mehr oder weniger &#8211; Wasser. Scheinbar kam es stellenweise aus dem Boden. Das war unsere Eisfl\u00e4che und hie\u00df \u00bbPeets Reit\u00ab. An unserer Grenze standen hohe Pappeln. Etwas weiter nach hinten war ein Pforte, die zu der Nachbarschaft f\u00fchrte. So nahmen alle Kinder, die zum Eis gingen ihre Schlitten mit dort hin. Ich hatte noch so einen altmodischen, nicht so einen, wie die heutigen Kinder haben. Was wir noch hatten, das kennt heute niemand mehr: das waren so kurze St\u00f6cke &#8211; etwa einen halben Meter lang &#8211; am unteren Ende einen Nagel drin &#8211; ohne Kopf. Damit konnte man auf dem Eis selbst Fahren und Lenken, wohin man wollte. &#8211; Eine Erfindung von damals.<\/p>\n<p>Man hatte meistens an F\u00fc\u00dfen die Holzschuhe. Die waren warm und man konnte gut damit schliddern. Mitunter bekam man auch nasse F\u00fc\u00dfe vom Wasser oder Schnee. Dann wurde eben nach Hause gegangen. Meine Oma wu\u00dfte immer Rat. Mit der Zange vom Herd nahm sie ein paar Kohlen aus dem Feuer und rein damit in den Holzschuh. Schnell ein bisschen sch\u00fctteln und dann wieder raus damit. So war der Holzschuh wieder trocken. &#8211; &#8211; &#8211; So meine Erinnerung.<\/p>\n","protected":false},"excerpt":{"rendered":"<p>Die Wiesen hinter unserm Dorf, die in der N\u00e4he des Baches und der Gr\u00e4ben lagen, wurden im Winter oft \u00fcberschwemmt. So entstand nach einer l\u00e4ngeren Frostperiode eine gr\u00f6\u00dfere Eisfl\u00e4che. Das war dann ideal f\u00fcr Schlittschuhl\u00e4ufer und Kinder, die dort herumtollten. Ich wei\u00df sogar noch, dass der Lehrer sich mit den Schulkindern zum Hockeyspielen auf den [&hellip;]<\/p>\n","protected":false},"author":1,"featured_media":0,"parent":304,"menu_order":0,"comment_status":"closed","ping_status":"closed","template":"","meta":{"_genesis_hide_title":false,"_genesis_hide_breadcrumbs":false,"_genesis_hide_singular_image":false,"_genesis_hide_footer_widgets":false,"_genesis_custom_body_class":"","_genesis_custom_post_class":"","_genesis_layout":"full-width-content","footnotes":""},"class_list":{"0":"post-1497","1":"page","2":"type-page","3":"status-publish","5":"entry"},"_links":{"self":[{"href":"https:\/\/veesbook.net\/wordpress\/wp-json\/wp\/v2\/pages\/1497","targetHints":{"allow":["GET"]}}],"collection":[{"href":"https:\/\/veesbook.net\/wordpress\/wp-json\/wp\/v2\/pages"}],"about":[{"href":"https:\/\/veesbook.net\/wordpress\/wp-json\/wp\/v2\/types\/page"}],"author":[{"embeddable":true,"href":"https:\/\/veesbook.net\/wordpress\/wp-json\/wp\/v2\/users\/1"}],"replies":[{"embeddable":true,"href":"https:\/\/veesbook.net\/wordpress\/wp-json\/wp\/v2\/comments?post=1497"}],"version-history":[{"count":2,"href":"https:\/\/veesbook.net\/wordpress\/wp-json\/wp\/v2\/pages\/1497\/revisions"}],"predecessor-version":[{"id":1499,"href":"https:\/\/veesbook.net\/wordpress\/wp-json\/wp\/v2\/pages\/1497\/revisions\/1499"}],"up":[{"embeddable":true,"href":"https:\/\/veesbook.net\/wordpress\/wp-json\/wp\/v2\/pages\/304"}],"wp:attachment":[{"href":"https:\/\/veesbook.net\/wordpress\/wp-json\/wp\/v2\/media?parent=1497"}],"curies":[{"name":"wp","href":"https:\/\/api.w.org\/{rel}","templated":true}]}}