{"id":1596,"date":"2016-03-19T13:18:06","date_gmt":"2016-03-19T13:18:06","guid":{"rendered":"https:\/\/veesbook.net\/wordpress\/?page_id=1596"},"modified":"2016-10-23T08:40:12","modified_gmt":"2016-10-23T08:40:12","slug":"karl-rennebach-4","status":"publish","type":"page","link":"https:\/\/veesbook.net\/wordpress\/geschichten\/menschen\/karl-rennebach-4\/","title":{"rendered":"Karl Rennebach"},"content":{"rendered":"<p>Ach ja, Karl der \u00bbalte Despot\u00ab \u2013 so erinnert sich sein Enkel Bernd ; eigentlich hie\u00df er ja Carl Wilhelm Rennebach.<\/p>\n<p>Der gelernte Stellmacher hatte 1946 das Amt des \u201cFeuerwehrh\u00e4uptlings\u201d von Westervesede \u00fcbernommen; und in den 25 Jahren seiner Dienstzeit \u2013 auch als Unterkreis- Brandmeister \u2013 war er \u201cgut vernetzt\u201d, wie man heute wohl so sagt.<br \/>\nAls Anfang der 1970er Jahre in Holland die Bauernm\u00f6bel \u2013 sehr viel fr\u00fcher als in Deutschland \u2013 in Mode kamen, begannen holl\u00e4ndische Eink\u00e4ufer den Bauern auch hier in der Gegend die antiken M\u00f6bel f\u00fcr wenig Geld \u201cabzuschnacken\u201d.<\/p>\n<p>Das rief den Karl auf den Plan und er begann er St\u00fccke f\u00fcr ein eigenes kleines Museum zu sammeln, um die alten Dinge f\u00fcr die Nachwelt zu erhalten. Wir als Enkelkinder mussten damals immer Sonntag Vormittags mit ihm los zum \u201cHanneln\u201d. Den Bauern schnackte er die Sachen ab \u2013 meistens nach dem Motto: \u201cWas hast du denn da f\u00fcr \u2018ne komische Mehlkiste (f\u00fcr Schweinefutter) \u2013 ich bau dir daf\u00fcr mal \u2018ne ordentliche \u2013 und du gibst mir daf\u00fcr die Truhe.\u201d Und bei gelegentlichen Restaurationen fielen ihm dann auch noch \u00fcber die so genannte \u201cHohe Kante\u201d (Geheimfach) das eine oder andere Sammlerst\u00fcck in die H\u00e4nde.<\/p>\n<p>Die erste Herberge f\u00fcr seine antiken St\u00fccke war ein kleines H\u00e4uschen am Bach . Dieses 1. H\u00e4uschen fiel aber im Juli\/August 1983 einem Brandstifter zum Opfer.<\/p>\n<p><img loading=\"lazy\" decoding=\"async\" class=\"alignleft wp-image-1618 size-medium\" src=\"https:\/\/veesbook.net\/wordpress\/wp-content\/uploads\/2016\/03\/Karl-Rennebach-2-300x212.jpg\" alt=\"Karl Rennebach-2\" width=\"300\" height=\"212\" srcset=\"https:\/\/veesbook.net\/wordpress\/wp-content\/uploads\/2016\/03\/Karl-Rennebach-2-300x212.jpg 300w, https:\/\/veesbook.net\/wordpress\/wp-content\/uploads\/2016\/03\/Karl-Rennebach-2.jpg 347w\" sizes=\"auto, (max-width: 300px) 100vw, 300px\" \/><\/p>\n<p>&nbsp;<\/p>\n<p>1974 entstand das 2. H\u00e4uschen. Das Fachwerk stammt von \u00bbDiers Hus\u00ab, das fr\u00fcher zwischen \u00bbKlaus\u2019 Altem Haus\u00ab und \u00bbWehrmanns Haus\u00ab gestanden hat. Der Spruchbalken weist die Jahreszahl 1734 aus und im Haus gibt es einen weiteren Spruchbalken mit einer Inschrift von 1695.<\/p>\n<p>&nbsp;<\/p>\n<p>&nbsp;<\/p>\n<p><img loading=\"lazy\" decoding=\"async\" class=\"alignleft wp-image-1619 size-medium\" src=\"https:\/\/veesbook.net\/wordpress\/wp-content\/uploads\/2016\/03\/Karl-Rennebach-3-300x214.jpg\" alt=\"Karl Rennebach-3\" width=\"300\" height=\"214\" srcset=\"https:\/\/veesbook.net\/wordpress\/wp-content\/uploads\/2016\/03\/Karl-Rennebach-3-300x214.jpg 300w, https:\/\/veesbook.net\/wordpress\/wp-content\/uploads\/2016\/03\/Karl-Rennebach-3.jpg 496w\" sizes=\"auto, (max-width: 300px) 100vw, 300px\" \/><\/p>\n<p>&nbsp;<\/p>\n<p>&nbsp;<\/p>\n<p>&nbsp;<\/p>\n<p>Au\u00dferdem hat Karl von \u00bbCohrs Hof\u00ab das sogenannten Torhaus \u00a0auf das Grundst\u00fcck \u00bbPetersen \u00ab umgesetzt.<\/p>\n<p>&nbsp;<\/p>\n<p>&nbsp;<\/p>\n<p>Nach seinem Tod am 17.3.1989 hat mein Bruder J\u00f6rg das Haus geerbt und ich habe das Inventar des Hauses als Verm\u00e4chtnis erhalten. Die Einrichtungsgegenst\u00e4nde stehen noch heute an ihrem alten Platz.<\/p>\n<p>Das Reetdach von 1973\/4 wird mittlerweile immer d\u00fcnner und es beginnt stellenweise hinein zu regnen. So denke ich inzwischen dar\u00fcber nach, sie Sammlung dem Heimatverein in Schee\u00dfel -oder anderen Interessenten \u2013 als Schenkung an zu bieten.<br \/>\n(Bern Leuenroth\/awl)<\/p>\n<div class=\"dkpdf-button-container\">\n<hr \/>\n<p>Die Kreiszeitung berichtete<\/p><\/div>\n","protected":false},"excerpt":{"rendered":"<p>Ach ja, Karl der \u00bbalte Despot\u00ab \u2013 so erinnert sich sein Enkel Bernd ; eigentlich hie\u00df er ja Carl Wilhelm Rennebach. Der gelernte Stellmacher hatte 1946 das Amt des \u201cFeuerwehrh\u00e4uptlings\u201d von Westervesede \u00fcbernommen; und in den 25 Jahren seiner Dienstzeit \u2013 auch als Unterkreis- Brandmeister \u2013 war er \u201cgut vernetzt\u201d, wie man heute wohl so [&hellip;]<\/p>\n","protected":false},"author":3,"featured_media":0,"parent":239,"menu_order":0,"comment_status":"closed","ping_status":"closed","template":"","meta":{"_genesis_hide_title":false,"_genesis_hide_breadcrumbs":false,"_genesis_hide_singular_image":false,"_genesis_hide_footer_widgets":false,"_genesis_custom_body_class":"","_genesis_custom_post_class":"","_genesis_layout":"full-width-content","footnotes":""},"class_list":{"0":"post-1596","1":"page","2":"type-page","3":"status-publish","5":"entry"},"_links":{"self":[{"href":"https:\/\/veesbook.net\/wordpress\/wp-json\/wp\/v2\/pages\/1596","targetHints":{"allow":["GET"]}}],"collection":[{"href":"https:\/\/veesbook.net\/wordpress\/wp-json\/wp\/v2\/pages"}],"about":[{"href":"https:\/\/veesbook.net\/wordpress\/wp-json\/wp\/v2\/types\/page"}],"author":[{"embeddable":true,"href":"https:\/\/veesbook.net\/wordpress\/wp-json\/wp\/v2\/users\/3"}],"replies":[{"embeddable":true,"href":"https:\/\/veesbook.net\/wordpress\/wp-json\/wp\/v2\/comments?post=1596"}],"version-history":[{"count":6,"href":"https:\/\/veesbook.net\/wordpress\/wp-json\/wp\/v2\/pages\/1596\/revisions"}],"predecessor-version":[{"id":2445,"href":"https:\/\/veesbook.net\/wordpress\/wp-json\/wp\/v2\/pages\/1596\/revisions\/2445"}],"up":[{"embeddable":true,"href":"https:\/\/veesbook.net\/wordpress\/wp-json\/wp\/v2\/pages\/239"}],"wp:attachment":[{"href":"https:\/\/veesbook.net\/wordpress\/wp-json\/wp\/v2\/media?parent=1596"}],"curies":[{"name":"wp","href":"https:\/\/api.w.org\/{rel}","templated":true}]}}