{"id":173,"date":"2016-02-03T12:42:48","date_gmt":"2016-02-03T12:42:48","guid":{"rendered":"https:\/\/veesbook.net\/wordpress\/?page_id=173"},"modified":"2026-02-14T10:20:43","modified_gmt":"2026-02-14T09:20:43","slug":"familienbuch","status":"publish","type":"page","link":"https:\/\/veesbook.net\/wordpress\/familienbuch\/","title":{"rendered":"Genealogie"},"content":{"rendered":"<p><span style=\"font-family: verdana,geneva,sans-serif;\"><img loading=\"lazy\" decoding=\"async\" class=\"alignnone wp-image-386\" src=\"https:\/\/veesbook.net\/wordpress\/wp-content\/uploads\/2016\/02\/genealogie-kopfbild-300x93.jpg\" alt=\"genealogie-kopfbild\" width=\"1126\" height=\"349\" srcset=\"https:\/\/veesbook.net\/wordpress\/wp-content\/uploads\/2016\/02\/genealogie-kopfbild-300x93.jpg 300w, https:\/\/veesbook.net\/wordpress\/wp-content\/uploads\/2016\/02\/genealogie-kopfbild.jpg 598w\" sizes=\"auto, (max-width: 1126px) 100vw, 1126px\" \/><\/span><\/p>\n<p><span style=\"font-family: verdana,geneva,sans-serif;\"><strong><span style=\"color: #ff0000;\">&#8211; <\/span><span style=\"color: #ff0000;\">zuletzt aktualisiert: 14.02.2026 &#8211; Version ofb-26-1 &#8211; s.a. News<br \/>\n<\/span><\/strong><\/span><\/p>\n<p>&nbsp;<\/p>\n<p>&nbsp;<\/p>\n<p><span style=\"font-family: verdana,geneva,sans-serif;\">Im Rahmen der Aktivit\u00e4ten des Vereins VEESbook e.V. wird auch <span style=\"color: #339966;\"><strong>ein Ortsfamilienbuch des Kirchspiels Schee\u00dfels<\/strong> <\/span>erstellt, in dem m\u00f6glichst alle Personenstandsf\u00e4lle ab etwa 1600 erfasst werden. Da Familienbande aber nicht an Kirchspielgrenzen halt machen, finden sich auch Daten aus benachbarten Kirchspielen und manchmal auch weit dar\u00fcber hinaus (z.B. Auswander).<\/span><\/p>\n<p><span style=\"font-family: verdana,geneva,sans-serif;\">Nachstehend eine \u00dcbersichtskarte unserer Region mit markierten Kirchspielgrenzen.<\/span><\/p>\n<figure id=\"attachment_3206\" aria-describedby=\"caption-attachment-3206\" style=\"width: 900px\" class=\"wp-caption alignleft\"><img loading=\"lazy\" decoding=\"async\" class=\"zoooom wp-image-3206\" src=\"https:\/\/veesbook.net\/wordpress\/wp-content\/uploads\/2016\/02\/kirchspiel-scheessel-und-umzu-655x445.jpeg\" alt=\"Kirchspiel Scheessel und umzu\" width=\"900\" height=\"611\" srcset=\"https:\/\/veesbook.net\/wordpress\/wp-content\/uploads\/2016\/02\/kirchspiel-scheessel-und-umzu-655x445.jpeg 655w, https:\/\/veesbook.net\/wordpress\/wp-content\/uploads\/2016\/02\/kirchspiel-scheessel-und-umzu-300x204.jpeg 300w, https:\/\/veesbook.net\/wordpress\/wp-content\/uploads\/2016\/02\/kirchspiel-scheessel-und-umzu.jpeg 1275w\" sizes=\"auto, (max-width: 900px) 100vw, 900px\" \/><figcaption id=\"caption-attachment-3206\" class=\"wp-caption-text\"><span style=\"font-family: verdana,geneva,sans-serif;\">Kirchspiel Scheessel und umzu<\/span><\/figcaption><\/figure>\n<p>&nbsp;<\/p>\n<p>&nbsp;<\/p>\n<p>&nbsp;<\/p>\n<p><span style=\"font-family: verdana,geneva,sans-serif;\">Wir k\u00f6nnen uns bei der Erfassung der Daten auf historische Aufschreibungen bzw. deren Abschriften oder Kopien bis in das 17. Jahrhundert zur\u00fcck st\u00fctzen, auf Ver\u00f6ffentlichungen im Internet und auf die Ergebnisse privater Ahnen- und Familienforschung, die uns zur Verf\u00fcgung gestellt wurden.<\/span><\/p>\n<p><span style=\"font-family: verdana,geneva,sans-serif;\">Schwierigkeiten gibt es bisweilen bei der Entzifferung von Aufschreibungen in der deutschen Kurrentschrift bzw. in S\u00fctterlin; nicht nur, dass die Schriften selbst gew\u00f6hnungsbed\u00fcrftig ist, so hatten auch nicht alle Lehrer und Pastoren eine excellente Handschrift.<\/span><\/p>\n<p><a href=\"https:\/\/veesbook.net\/wordpress\/genealogie-begriffsbeschreibung\/\"><b>Erl\u00e4uterungen zu Begriffen\/Bezeichnungen<\/b>,<\/a><br \/>\ndie im Feld &#8222;Notizen&#8220; des Ortfamilienbuches verwendet werden.<\/p>\n<p><span style=\"font-family: verdana,geneva,sans-serif;\">Bisher (Stand: August 2020) wurden \u2013 \u00fcberwiegend aus der Zeit von ca. 1650 bis 1900 (f\u00fcr einzelne Familien auch bis 2000) &#8211; f\u00fcr etwa 27.500 Personen Datens\u00e4tze erfasst und es k\u00f6nnen bereits mehrere Familienlinien aus der Neuzeit bis in die Zeit um 1550 zur\u00fcckverfolgt werden.<\/span><\/p>\n<p><span style=\"font-family: verdana,geneva,sans-serif;\">Aus datenschutzrechtlichen Gr\u00fcnden m\u00fcssen wir hier bei der Ver\u00f6ffentlichung Fristen beachten, so dass Personen mit einem Geburtsdatum nach 1912 kaum in dieser Datenbank enthalten sind; hierf\u00fcr bitten wir um ihr Verst\u00e4ndnis.<\/span><\/p>\n<p><span style=\"font-family: verdana,geneva,sans-serif;\">Als Beispiel zeigen wir hier einen Auszug aus der Ahnentafel von <a href=\"https:\/\/veesbook.net\/wordpress\/ahnentafel-friedrich-heitmann-wv\/\">Friedrich Heitmann, Westervesede ( * 1801).<\/a><\/span><\/p>\n<p><span style=\"font-family: verdana,geneva,sans-serif;\">Die Aufwendungen f\u00fcr die Erstellung des Ortsfamilienbuches m\u00fcssen, wie auch alle anderen unserer Projekte, ausschlie\u00dflich aus dem geringen Jahresbeitrag von derzeit 12,00 \u20ac finanziert werden. Wir haben uns daher entschlossen, die Datenbank nur f\u00fcr Mitglieder freizuschalten. &#8211; Sie d\u00fcrfen uns aber gerne fragen, ob zu den von Ihnen gesuchten Personen Daten in unserem Ortsfamilienbuch enthalten sind.<\/span><\/p>\n<p><span style=\"font-family: verdana,geneva,sans-serif;\">Ein Anmeldeformular zum Vereinsbeitritt finden Sie unter <a href=\"https:\/\/veesbook.net\/wordpress\/der-verein-veesbook\/downloads\/\">\u00bbDer Verein\u00ab .<\/a><\/span><\/p>\n<p><span style=\"font-family: verdana,geneva,sans-serif;\">Einen Eindruck von der Datenbank k\u00f6nnen Sie erhalten, wenn Sie sich als<strong> Benutzer &#8222;gast&#8220;<\/strong> mit dem <strong>Password &#8222;gast&#8220;<\/strong> anmelden; Sie bekommen hier einen Einblick in die &#8222;Lehrer-Dynastien&#8220; im Kirchspiel Schee\u00dfel.<\/span><\/p>\n","protected":false},"excerpt":{"rendered":"<p>&#8211; zuletzt aktualisiert: 14.02.2026 &#8211; Version ofb-26-1 &#8211; s.a. News &nbsp; &nbsp; Im Rahmen der Aktivit\u00e4ten des Vereins VEESbook e.V. wird auch ein Ortsfamilienbuch des Kirchspiels Schee\u00dfels erstellt, in dem m\u00f6glichst alle Personenstandsf\u00e4lle ab etwa 1600 erfasst werden. Da Familienbande aber nicht an Kirchspielgrenzen halt machen, finden sich auch Daten aus benachbarten Kirchspielen und manchmal [&hellip;]<\/p>\n","protected":false},"author":1,"featured_media":386,"parent":0,"menu_order":0,"comment_status":"closed","ping_status":"closed","template":"","meta":{"_genesis_hide_title":false,"_genesis_hide_breadcrumbs":false,"_genesis_hide_singular_image":false,"_genesis_hide_footer_widgets":false,"_genesis_custom_body_class":"","_genesis_custom_post_class":"","_genesis_layout":"full-width-content","footnotes":""},"class_list":{"0":"post-173","1":"page","2":"type-page","3":"status-publish","4":"has-post-thumbnail","6":"entry"},"_links":{"self":[{"href":"https:\/\/veesbook.net\/wordpress\/wp-json\/wp\/v2\/pages\/173","targetHints":{"allow":["GET"]}}],"collection":[{"href":"https:\/\/veesbook.net\/wordpress\/wp-json\/wp\/v2\/pages"}],"about":[{"href":"https:\/\/veesbook.net\/wordpress\/wp-json\/wp\/v2\/types\/page"}],"author":[{"embeddable":true,"href":"https:\/\/veesbook.net\/wordpress\/wp-json\/wp\/v2\/users\/1"}],"replies":[{"embeddable":true,"href":"https:\/\/veesbook.net\/wordpress\/wp-json\/wp\/v2\/comments?post=173"}],"version-history":[{"count":58,"href":"https:\/\/veesbook.net\/wordpress\/wp-json\/wp\/v2\/pages\/173\/revisions"}],"predecessor-version":[{"id":6235,"href":"https:\/\/veesbook.net\/wordpress\/wp-json\/wp\/v2\/pages\/173\/revisions\/6235"}],"wp:featuredmedia":[{"embeddable":true,"href":"https:\/\/veesbook.net\/wordpress\/wp-json\/wp\/v2\/media\/386"}],"wp:attachment":[{"href":"https:\/\/veesbook.net\/wordpress\/wp-json\/wp\/v2\/media?parent=173"}],"curies":[{"name":"wp","href":"https:\/\/api.w.org\/{rel}","templated":true}]}}