{"id":1773,"date":"2016-03-24T08:34:33","date_gmt":"2016-03-24T08:34:33","guid":{"rendered":"https:\/\/veesbook.net\/wordpress\/?page_id=1773"},"modified":"2022-07-27T13:45:08","modified_gmt":"2022-07-27T11:45:08","slug":"kirche-und-religion","status":"publish","type":"page","link":"https:\/\/veesbook.net\/wordpress\/historisches\/kirche-und-religion\/","title":{"rendered":"Kirche und Religion"},"content":{"rendered":"<div class=\"one-half first\">\n<p>[ahmetiwptimeline groupid=&#8220;10&#8243; sort=&#8220;ASC&#8220; state=&#8220;close&#8220;]<\/p>\n<\/div><div class=\"one-half\">\n<p>&nbsp;<\/p>\n<p>Westervesede &#8211; wie auch Deepen &#8211; geh\u00f6ren zur Kirchengemeinde Schee\u00dfel (Kirchspiel Schee\u00dfel).<\/p>\n<p>Ende des 19. Jahrhunderts fand der Missionsgedanke der Hermannsburger Missionsgemeindebewegung auch in der Kirchengemeinde Schee\u00dfel Zuspruch und dies vor allem auf den D\u00f6rfern Ostervesede, Westervesede. 1849 hatte Ludwig Harms in Hermannsburg den Grundstein f\u00fcr das Missionswerk gelegt, von dem nicht nur die Mission im Ausland ausging, sondern bei der es auch im Inland um eine R\u00fcckbesinnung auf ein konfessionelles Luthertum ging.<\/p>\n<p>Auf der Landkarte nachverfolgt, ging die Bewegung (f\u00fcr unsere Region betrachtet) von Hermannsburg ausgehend \u00fcber den Raum Wietzendorf, Schneverdingen\/Neuenkirchen, Fintel, Schee\u00dfel, Sittensen nach Selsingen .. und weiter.\u00a0 Die Nachwirkungen sind als besondere &#8222;Kirchlichkeit&#8220; &#8211; auch Verbundenheit mit Hermannsburg &#8211;\u00a0 insbesondere auf den D\u00f6rfern noch heute bemerkbar.<\/p>\n<p>Einige Namen (ohne Anspruch auf ihrer Vollz\u00e4hligkeit) derer, die in dieser Missionsarbeit t\u00e4tig waren: Joachim Burfeind, Wilhelm R\u00f6hrs, Franz Michael Lange . die nach ihrer Arbeit im s\u00fcdlichen Afrika in Schee\u00dfel Pastoren wurden; Heinrich Lange, Heinrich Bammann, Johann Wichern; Gerda Riepshof, Westervesede als Missions-Krankenschwester; MarleneVolckmer, Westervesede in der diakonischen Gemeindearbeit &#8211; auch im s\u00fcdlichen Afrika.<\/p>\n<p>Im 20. Jahrhundert hat insbesondere Minna B\u00f6sch (Ostervesede), die auch in Westervesede als Handarbeitslehrerin t\u00e4tig gewesen war &#8211; durch ihre Kindergottesdienstarbeit pr\u00e4gend gewirkt. Auch in Westervesede gab es bis ca. 1990 einen mit bis zu 20 Kindern gut besuchten Kindergottesdienst.<\/p>\n<p>Wenn auf privater Initiative auch heute noch in jedem Jahr zur Christvesper am\u00a0 Heilig Abend in Ostervesede und in derFriedhofs-Kapelle in Westervesede ein <a href=\"https:\/\/veesbook.net\/wordpress\/historisches\/kirche-und-religion\/krippenspiele\/\">Krippenspiel <\/a>mit begeisterten\u00a0 Kindern und Unterst\u00fctzung durch engagierte Eltern aufgef\u00fchrt wird, ist dies Ausdruck einer besonderen kirchlichen Gepr\u00e4gtheit und Verbundenheit.<\/p>\n<\/div><\/p>\n<p>&nbsp;<\/p>\n<p>&nbsp;<\/p>\n","protected":false},"excerpt":{"rendered":"<p>&nbsp; &nbsp;<\/p>\n","protected":false},"author":3,"featured_media":2683,"parent":101,"menu_order":0,"comment_status":"closed","ping_status":"closed","template":"","meta":{"_genesis_hide_title":false,"_genesis_hide_breadcrumbs":false,"_genesis_hide_singular_image":false,"_genesis_hide_footer_widgets":false,"_genesis_custom_body_class":"","_genesis_custom_post_class":"","_genesis_layout":"full-width-content","footnotes":""},"class_list":{"0":"post-1773","1":"page","2":"type-page","3":"status-publish","4":"has-post-thumbnail","6":"entry"},"_links":{"self":[{"href":"https:\/\/veesbook.net\/wordpress\/wp-json\/wp\/v2\/pages\/1773","targetHints":{"allow":["GET"]}}],"collection":[{"href":"https:\/\/veesbook.net\/wordpress\/wp-json\/wp\/v2\/pages"}],"about":[{"href":"https:\/\/veesbook.net\/wordpress\/wp-json\/wp\/v2\/types\/page"}],"author":[{"embeddable":true,"href":"https:\/\/veesbook.net\/wordpress\/wp-json\/wp\/v2\/users\/3"}],"replies":[{"embeddable":true,"href":"https:\/\/veesbook.net\/wordpress\/wp-json\/wp\/v2\/comments?post=1773"}],"version-history":[{"count":19,"href":"https:\/\/veesbook.net\/wordpress\/wp-json\/wp\/v2\/pages\/1773\/revisions"}],"predecessor-version":[{"id":5592,"href":"https:\/\/veesbook.net\/wordpress\/wp-json\/wp\/v2\/pages\/1773\/revisions\/5592"}],"up":[{"embeddable":true,"href":"https:\/\/veesbook.net\/wordpress\/wp-json\/wp\/v2\/pages\/101"}],"wp:featuredmedia":[{"embeddable":true,"href":"https:\/\/veesbook.net\/wordpress\/wp-json\/wp\/v2\/media\/2683"}],"wp:attachment":[{"href":"https:\/\/veesbook.net\/wordpress\/wp-json\/wp\/v2\/media?parent=1773"}],"curies":[{"name":"wp","href":"https:\/\/api.w.org\/{rel}","templated":true}]}}