{"id":1984,"date":"2016-04-18T09:31:03","date_gmt":"2016-04-18T09:31:03","guid":{"rendered":"https:\/\/veesbook.net\/wordpress\/?page_id=1984"},"modified":"2016-04-18T09:38:40","modified_gmt":"2016-04-18T09:38:40","slug":"der-dampfpflug","status":"publish","type":"page","link":"https:\/\/veesbook.net\/wordpress\/die-geschichte-unseres-dorfes\/der-dampfpflug\/","title":{"rendered":"Der Dampfpflug"},"content":{"rendered":"<p>&nbsp;<\/p>\n<figure id=\"attachment_1989\" aria-describedby=\"caption-attachment-1989\" style=\"width: 300px\" class=\"wp-caption alignleft\"><img loading=\"lazy\" decoding=\"async\" class=\"wp-image-1989 size-medium\" src=\"https:\/\/veesbook.net\/wordpress\/wp-content\/uploads\/2016\/04\/dampflokomobile-300x162.jpg\" alt=\"Dampflokomobil\" width=\"300\" height=\"162\" srcset=\"https:\/\/veesbook.net\/wordpress\/wp-content\/uploads\/2016\/04\/dampflokomobile-300x162.jpg 300w, https:\/\/veesbook.net\/wordpress\/wp-content\/uploads\/2016\/04\/dampflokomobile-824x445.jpg 824w, https:\/\/veesbook.net\/wordpress\/wp-content\/uploads\/2016\/04\/dampflokomobile.jpg 913w\" sizes=\"auto, (max-width: 300px) 100vw, 300px\" \/><figcaption id=\"caption-attachment-1989\" class=\"wp-caption-text\">Dampflokomobil (Bild: Wikipedia)<\/figcaption><\/figure>\n<p>Die Dampfmaschine kann als der bedeutendste Motor der industriellen Revolution angesehen werden und l\u00f6ste in der zweiten H\u00e4lfte des 18. Jahrhunderts ein neues Zeitalter aus. \u2026<br \/>\nVom Ende der 1860er-Jahre bis um 1970 kamen \u00a0auch Dampfpfl\u00fcge bei gro\u00dffl\u00e4chigen Kultivierungsarbeiten zum Einsatz.<br \/>\nDer Dampfflug war f\u00fcr die Landwirte zwar nie so bedeutsam wie sp\u00e4ter der Schlepper. Aber bevor der Traktor aufkam, war das Dampfpfl\u00fcgen die einzige M\u00f6glichkeit, den Boden mit Maschinen- und nicht mit Muskelkraft zu bearbeiten. Mit Hilfe des Dampfflugs konnten Fl\u00e4chen in der Heide und im Moor bearbeitet werden, was mit weder Ochs noch Kuh oder Pferd zu leisten gewesen war. Der Pflug drang dabei bis zwei Meter tief in den Boden ein.<br \/>\nDabei wurde beim Tiefpfl\u00fcgen nicht der Boden \u2013 wie beim normalen Pfl\u00fcgen &#8211; umgeworfen sondern aufgestellt; Ziel war es vor allem die undurchl\u00e4ssigen tieferliegenden Ortsteinschichten aufzubrechen und in moorigen Bereichen die humosen Bodenschichten mit den sandigen, tieferliegenden Schichten zu vermengen.<br \/>\nDie Technik Tiefpfl\u00fcgens \u00a0mit einem Kipppflug erforderte an zwei Seiten des zu bearbeitenden Bereiches schwere mobile Dampfmaschinen, &#8211; seltener eine einzelne Maschine mit einer Umlenkung auf der anderen Seite des zu bearbeitenden St\u00fcckes &#8211; die den Pflug an Stahlseilen hin- und herzogen.<\/p>\n<figure id=\"attachment_1987\" aria-describedby=\"caption-attachment-1987\" style=\"width: 300px\" class=\"wp-caption alignright\"><img loading=\"lazy\" decoding=\"async\" class=\"wp-image-1987 size-medium\" src=\"https:\/\/veesbook.net\/wordpress\/wp-content\/uploads\/2016\/04\/Pflug-Dampfpflug-300x147.jpg\" alt=\"Kipppflug\" width=\"300\" height=\"147\" srcset=\"https:\/\/veesbook.net\/wordpress\/wp-content\/uploads\/2016\/04\/Pflug-Dampfpflug-300x147.jpg 300w, https:\/\/veesbook.net\/wordpress\/wp-content\/uploads\/2016\/04\/Pflug-Dampfpflug.jpg 778w\" sizes=\"auto, (max-width: 300px) 100vw, 300px\" \/><figcaption id=\"caption-attachment-1987\" class=\"wp-caption-text\">Kipppflug (Bild: Wikipedia)<\/figcaption><\/figure>\n<p>Einen Pflug direkt hinter die Dampfmaschine zu spannen, war oftmals nicht m\u00f6glich, weil wegen ihres gro\u00dfen Gewichts die Maschine in dem oft moorigen Boden eingesunken w\u00e4re und zudem die Haftung der Antriebsr\u00e4der meist nicht ausreichte, um die zum Tiefpfl\u00fcgen erforderlichen Kr\u00e4fte auf den Boden zu bringen.<br \/>\nDas Tiefpfl\u00fcgen erfolgte meist durch Spezialfirmen im Lohnauftrag; die Anschaffungskosten f\u00fcr die Maschinen w\u00fcrden auch heute noch im Millionenbereich liegen.<br \/>\nNeben den zwei Pfluglokomobilen \u00a0geh\u00f6rten meist auch ein Mannschaftswagen sowie ein Wasser- und Kohlenwagen zum Equipment.<\/p>\n<p>Einen guten Eindruck von der Arbeitsweise gibt das Video: \u00a0<a href=\"https:\/\/www.youtube.com\/watch?v=cnY9PPK4yiA\">https:\/\/www.youtube.com\/watch?v=cnY9PPK4yiA<\/a><\/p>\n<p>&nbsp;<\/p>\n<p>&nbsp;<\/p>\n","protected":false},"excerpt":{"rendered":"<p>&nbsp; Die Dampfmaschine kann als der bedeutendste Motor der industriellen Revolution angesehen werden und l\u00f6ste in der zweiten H\u00e4lfte des 18. Jahrhunderts ein neues Zeitalter aus. \u2026 Vom Ende der 1860er-Jahre bis um 1970 kamen \u00a0auch Dampfpfl\u00fcge bei gro\u00dffl\u00e4chigen Kultivierungsarbeiten zum Einsatz. Der Dampfflug war f\u00fcr die Landwirte zwar nie so bedeutsam wie sp\u00e4ter der [&hellip;]<\/p>\n","protected":false},"author":3,"featured_media":1989,"parent":269,"menu_order":0,"comment_status":"closed","ping_status":"closed","template":"","meta":{"_genesis_hide_title":false,"_genesis_hide_breadcrumbs":false,"_genesis_hide_singular_image":false,"_genesis_hide_footer_widgets":false,"_genesis_custom_body_class":"","_genesis_custom_post_class":"","_genesis_layout":"","footnotes":""},"class_list":{"0":"post-1984","1":"page","2":"type-page","3":"status-publish","4":"has-post-thumbnail","6":"entry"},"_links":{"self":[{"href":"https:\/\/veesbook.net\/wordpress\/wp-json\/wp\/v2\/pages\/1984","targetHints":{"allow":["GET"]}}],"collection":[{"href":"https:\/\/veesbook.net\/wordpress\/wp-json\/wp\/v2\/pages"}],"about":[{"href":"https:\/\/veesbook.net\/wordpress\/wp-json\/wp\/v2\/types\/page"}],"author":[{"embeddable":true,"href":"https:\/\/veesbook.net\/wordpress\/wp-json\/wp\/v2\/users\/3"}],"replies":[{"embeddable":true,"href":"https:\/\/veesbook.net\/wordpress\/wp-json\/wp\/v2\/comments?post=1984"}],"version-history":[{"count":4,"href":"https:\/\/veesbook.net\/wordpress\/wp-json\/wp\/v2\/pages\/1984\/revisions"}],"predecessor-version":[{"id":1991,"href":"https:\/\/veesbook.net\/wordpress\/wp-json\/wp\/v2\/pages\/1984\/revisions\/1991"}],"up":[{"embeddable":true,"href":"https:\/\/veesbook.net\/wordpress\/wp-json\/wp\/v2\/pages\/269"}],"wp:featuredmedia":[{"embeddable":true,"href":"https:\/\/veesbook.net\/wordpress\/wp-json\/wp\/v2\/media\/1989"}],"wp:attachment":[{"href":"https:\/\/veesbook.net\/wordpress\/wp-json\/wp\/v2\/media?parent=1984"}],"curies":[{"name":"wp","href":"https:\/\/api.w.org\/{rel}","templated":true}]}}