{"id":2007,"date":"2016-04-21T15:34:52","date_gmt":"2016-04-21T15:34:52","guid":{"rendered":"https:\/\/veesbook.net\/wordpress\/?page_id=2007"},"modified":"2020-08-27T15:42:48","modified_gmt":"2020-08-27T13:42:48","slug":"das-geschichtenbuch","status":"publish","type":"page","link":"https:\/\/veesbook.net\/wordpress\/veesbook\/das-geschichtenbuch\/","title":{"rendered":"Die Idee vom Veeser Geschichtenbuch"},"content":{"rendered":"<p><span style=\"font-family: verdana,geneva,sans-serif;\">Willkommen auf der Website\u00a0 VEESbook &#8211; <span style=\"color: #008000;\">&#8222;<span style=\"font-size: 14pt;\"><strong>Das Veeser Geschichtenbuch<\/strong><\/span><\/span>&#8220; <\/span><\/p>\n<p>Lesen Sie selbst, wie es zu dieser Idee f\u00fcr ein digitales Geschichtenbuch kam und st\u00f6bern Sie in den Seiten.<\/p>\n<p>&nbsp;<\/p>\n<p><span style=\"font-family: verdana,geneva,sans-serif; font-size: 12pt;\">Im Bereich der Einheitsgemeinde Schee\u00dfel \u2013 etwa mittig zwischen Bremen und Hamburg gelegen, gibt es die <strong><a href=\"https:\/\/veesbook.net\/wordpress\/wir-in-vees\/westeresede-heute-2002\/\">Ortschaft Westervesede<\/a> <\/strong>mit ca. 800 Einwohnern, an dem kleinen Heidefluss Veerse gelegen. <em>Plattdeutsch<\/em> \u2013 oder korrekter\u00adweise <em>Niederdeutsch<\/em> oder noch genauer <em>Nord-nieders\u00e4chsisch<\/em> \u2013 wird hier noch von vielen gesprochen. Und so spricht man oft von Vees, wenn man Westervesede meint.<br \/>\n<\/span><\/p>\n<p>&nbsp;<\/p>\n<p><span style=\"font-family: verdana,geneva,sans-serif; font-size: 12pt;\">Kurioserweise kann Vees aber auch f\u00fcr das benachbarte Ostervesede stehen. \u00dcber die Beziehungen zwi\u00adschen diesen beiden Ortschaften und auch Deepen, das als Ortsteil von Ostervesede aber kulturell und wirtschaftlich genauso gut mit Westervesede verbunden ist, gibt es etliches zu berichten. Doch davon wird sp\u00e4ter im <span style=\"color: #008000;\"><b>Veeser Geschichtenbuch<\/b><\/span> zu <\/span><span style=\"font-family: verdana,geneva,sans-serif;\">erz\u00e4hlen sein.<\/span><br \/>\n<img loading=\"lazy\" decoding=\"async\" class=\"alignleft wp-image-38 size-thumbnail\" src=\"https:\/\/veesbook.net\/wordpress\/wp-content\/uploads\/2016\/01\/veesbook-logo-512512-150x150.png\" alt=\"Veesbook - Das Veeser Geschichtenbuch\" width=\"150\" height=\"150\" srcset=\"https:\/\/veesbook.net\/wordpress\/wp-content\/uploads\/2016\/01\/veesbook-logo-512512-150x150.png 150w, https:\/\/veesbook.net\/wordpress\/wp-content\/uploads\/2016\/01\/veesbook-logo-512512-300x300.png 300w, https:\/\/veesbook.net\/wordpress\/wp-content\/uploads\/2016\/01\/veesbook-logo-512512.png 512w\" sizes=\"auto, (max-width: 150px) 100vw, 150px\" \/><\/p>\n<p>&nbsp;<\/p>\n<p>&nbsp;<\/p>\n<p><span style=\"font-family: verdana,geneva,sans-serif;\">Der Name <strong>Veesbook<\/strong> ist somit eine Ableitung aus dem plattdeutschen f\u00fcr &#8222;dat <strong>Veeser (Geschichten-)book<\/strong>.&#8220;<\/span><\/p>\n<p>&nbsp;<\/p>\n<p><span style=\"font-family: verdana,geneva,sans-serif;\">Fr\u00fcher lebten in einer Gro\u00dffamilie oftmals drei Generationen unter einem Dach. Gro\u00dfeltern besch\u00e4ftig\u00adten sich mit ihren E<\/span><span style=\"font-family: verdana,geneva,sans-serif; font-size: 12pt;\">nkeln und erz\u00e4hlten aus vergangener Zeit. Gleichsam spielerisch lernten z.B. die Jun\u00adgen von den Alten aus den pers\u00f6nlichen Berichten, dass die aktuelle Situation des t\u00e4glichen Lebens mit all ihren Annehmlichkeiten oder Beschwerlichkeiten keine Selbstverst\u00e4ndlichkeit ist &#8211; oder dass es f\u00fcr Probleme schon immer die unterschiedlichsten L\u00f6sungsans\u00e4tzen gegeben hat.<\/span><\/p>\n<p><span style=\"font-family: verdana,geneva,sans-serif; font-size: 12pt;\">Heute leben viele von uns in Kleinfamilien oder Single-Haushalten. Das Wissen um unsere Herkunft und die \u00dcberlieferungen der \u201cAlten\u201d gehen f\u00fcr die n\u00e4chsten Generationen in dieser schnelllebigen Zeit zu\u00adnehmend \u2013 Wort w\u00f6rtlich genommen \u2013 verloren. Einer zentralen \u2013 und m\u00f6glichst digitalen &#8211; Archivierung von \u00f6rtlichen Dokumenten, Daten, Fakten, Historien kommt damit eine besondere Bedeutung zu.<\/span><\/p>\n<p><span style=\"font-family: verdana,geneva,sans-serif; font-size: 12pt;\">Richard von Weizs\u00e4cker hat einmal gesagt:<\/span><\/p>\n<p><strong><em><span style=\"font-family: verdana,geneva,sans-serif; font-size: 12pt;\">\u201cDie geistige Auseinandersetzung mit der Geschichte bietet dem Menschen nicht Ausbildung, sondern Bildung, nicht Handlungsanweisung, sondern Horizonte. Man lernt aus der Geschichte nicht, was man tun soll, aber man kann aus ihr lernen, was man bedenken muss!<\/span><\/em><\/strong><\/p>\n<p><strong><em><span style=\"font-family: verdana,geneva,sans-serif; font-size: 12pt;\">Wer nicht wei\u00df, woher er kommt, der wei\u00df auch nicht, wohin er geht!&#8220;<\/span><\/em><\/strong><\/p>\n<p><span style=\"font-family: verdana,geneva,sans-serif; font-size: 12pt;\">&#8230; oder wie Hans Georg Gadamer es verk\u00fcrzt fasste: \u201c<strong><em>Zukunft ist Herkunft<\/em><\/strong>\u201d<\/span><\/p>\n<p><span style=\"font-family: verdana,geneva,sans-serif; font-size: 12pt;\">Wichtig ist nur, dass der Blick nicht nur r\u00fcckw\u00e4rtsgewandt bleibt, sondern sich auch in die Zukunft richtet.<\/span><\/p>\n<p><span style=\"font-family: verdana,geneva,sans-serif; font-size: 12pt;\">Mit dem <span style=\"color: #008000;\"><b>Veeser Geschichtenbuch<\/b><\/span> soll f\u00fcr die Ortschaft Westervesede und umzu das Wissen um die Geschichte und Entwicklung der Region und der Menschen, die in ihr lebten und leben, dokumentieren und f\u00fcr den Leser ein Verst\u00e4ndnis daf\u00fcr erweckt werden, warum es so ist, wie es ist.<br \/>\n<\/span><\/p>\n<p style=\"padding-left: 30px;\"><span style=\"font-family: verdana,geneva,sans-serif; font-size: 12pt;\">\u00c4hnliche \u00dcberlegungen brachten auch Rainer Bassen dazu, sein Hobbys &#8222;Fotographieren&#8220; und &#8222;Videos aufnehmen&#8220; zu perfektionieren und das Zeitgeschehen in Westervesede und Deepen in Bild und Ton zu dokumentieren. Seine DVD\u00b4s &#8222;Bi uns kiekt se all no Osten&#8220; und &#8222;\u00dcnner de \u00d6sch&#8220; geben einen vielschichtigen Einblick in das Dorfleben und halten unwiederbringliche Momente fest.<\/span><\/p>\n<p style=\"padding-left: 30px;\"><span style=\"font-family: verdana,geneva,sans-serif; font-size: 12pt;\">Nicht vergessen werden soll in diesem Zusammenhang auch ein zwischenzeitlich digitalisierter Super-8-Film aus dem Jahre 1974 mit dem Titel &#8222;Unser Dorf&#8220; (Claus Wahlers).<\/span><\/p>\n<p><span style=\"font-family: verdana,geneva,sans-serif; font-size: 12pt;\">Dieses <span style=\"color: #008000;\"><b>Veeser Geschichtenbuch <\/b><\/span>ist als eine besondere Form von \u00f6rtlicher Chronik gedacht. In einer modularen Form mit einer Vielzahl von einzelnen \u201eGeschichten\u201c aus \u00e4lterer und j\u00fcngerer Vergangenheit wird ein Abbild unserer Region gezeichnet &#8211; digital als Internetversion <u>und<\/u> klassisch gedruckt als Lose\u00adblattsammlung. Damit hebt sich das <span style=\"color: #008000;\"><b>Veeser Geschichtenbuch<\/b><\/span> deutlich von der bisher \u00fcblichen zeit- oder themenabh\u00e4ngigen Darstellung in Orts-Chroniken im gebundenen Buch ab.<\/span><\/p>\n<p><span style=\"font-family: verdana,geneva,sans-serif; font-size: 12pt;\">Ein zun\u00e4chst grobes Bild wird durch kontinuierliche Erg\u00e4nzung\/Erweiterung zu einem kleingliedrigen, bunten Mosaik, das die regionale Entwicklung mit den Menschen, die hier lebten und leben differenziert beschreibt. Als \u201eGeschichten\u201c kommen dabei in Frage: Berichte \u00fcber besondere Vorkommnisse, Inter\u00adviews von Zeitzeugen (optimalerweise auch audiovisuell und auf plattdeutsch), kurze Abhandlungen zu historischen Fakten, Chroniken von H\u00f6fen, Firmen, Vereinen, Gegen\u00fcberstellungen\/Vergleiche: fr\u00fcher gegen heute, \u2026. und \u2013 und \u2013 und.<\/span><\/p>\n<p><span style=\"font-family: verdana,geneva,sans-serif; font-size: 12pt;\">Selbst ein Ortsfamilienbuch \u00fcber alle ab etwa 1650 dokumentierten Personenstandsf\u00e4lle der Ortschaft (und dar\u00fcber hinaus des Kirchspiel Schee\u00dfel) kann \u2013 informativ frei zug\u00e4nglich &#8211; Bestandteil des <span style=\"color: #008000;\"><b>Veeser Geschichtenbuch<\/b><\/span> werden.<\/span><\/p>\n<p><span style=\"font-family: verdana,geneva,sans-serif; font-size: 12pt;\">Und was ebenfalls ganz wichtig ist: das <span style=\"color: #008000;\"><b>Veeser Geschichtenbuch <\/b><\/span>soll in der Zukunft fortgef\u00fchrt wer\u00adden; es wird nicht nur erstellt, um dann im B\u00fccherschrank zu vergilben. Es kann und soll \u2013 sowohl als In\u00adternetauftritt wie auch in der gedruckten Loseblattsammlung &#8211; st\u00e4ndig erweitert, aktualisiert und erg\u00e4nzt werden.<\/span><\/p>\n<p><span style=\"font-family: verdana,geneva,sans-serif; font-size: 12pt;\">Auch unser Ort verliert in Folge von Urbanisierung und Globalisierung zunehmend seinen d\u00f6rflichen Cha\u00adrakter. Es findet bei stetiger Fluktuation eine schleichende Entfremdung statt. Westervesede ist zu\u00adnehmend Schlafort f\u00fcr ausw\u00e4rts Arbeitende geworden; demographische Entwicklung und gesellschaftliche Singulalisierung verst\u00e4rken diesen Effekt.<\/span><\/p>\n<p><span style=\"font-family: verdana,geneva,sans-serif; font-size: 12pt;\">Mit diesem Projekt, das sich \u2013 zeitangepasst \u2013 als CMS-System auch auf moderne Medien st\u00fctzt, kann und soll den Mit\u00adb\u00fcrgern das Wissen \u00fcber unserer Region und den Menschen, die in ihr lebten und leben, auf neue Art vermittelt werden, soll ihnen auch eine M\u00f6glichkeit er\u00f6ffnet werden, sich mit ihren F\u00e4higkeiten als ein Mosaikbaustein in die Gestaltung des <span style=\"color: #008000;\"><b>Veeser Geschichtenbuch<\/b><\/span> einzubringen.<\/span><\/p>\n<p><span style=\"font-family: verdana,geneva,sans-serif; font-size: 12pt;\">Durch die modernen Medien wird bei der Projekt-Realisierung besonderer Wert auf eine generations-\u00fcbergreifende Zusammenarbeit gelegt. Junge und \u00c4ltere &#8211; die einen mit den Kenntnissen \u00fcber neuen Medien und Techniken, die anderen mit ihrer Lebenserfahrung \u2013 k\u00f6nnen gemeinsam etwas schaffen, was beispielhaft sein kann.<\/span><\/p>\n<p><span style=\"font-family: verdana,geneva,sans-serif; font-size: 12pt;\">Mit dem <span style=\"color: #008000;\"><b>Veeser Geschichtenbuch<\/b><\/span> sollen und k\u00f6nnen Gemeinsamkeiten aufgezeigt werden &#8211; m\u00f6chten Kon\u00adtakt- und Ber\u00fchrungspunkte vermittelt werden. Mit dem <span style=\"color: #008000;\"><b>Veeser Geschichtenbuch<\/b><\/span> soll ein Gef\u00fchl daf\u00fcr vermittelt werden, dass man sich hier wohlf\u00fchlen kann, &#8211; dass es sich hier wohl leben l\u00e4sst.<br \/>\n<\/span><\/p>\n<p><span style=\"font-family: verdana, geneva, sans-serif;\">Zur Realisierung dieses anspruchsvollen Projektes wurde 2011 der Verein <span style=\"color: #008000;\"><b> VEESbook e.V.<\/b><\/span> gegr\u00fcndet.<br \/>\n<\/span><\/p>\n<p><span style=\"font-family: verdana, geneva, sans-serif;\">N\u00e4here Informationen zum Verein finden Sie hier: Der Verein VEESbook.e.V.<\/span><\/p>\n<p>&nbsp;<\/p>\n<p>&nbsp;<\/p>\n<p>awl<\/p>\n<p>&nbsp;<\/p>\n","protected":false},"excerpt":{"rendered":"<p>Willkommen auf der Website\u00a0 VEESbook &#8211; &#8222;Das Veeser Geschichtenbuch&#8220; Lesen Sie selbst, wie es zu dieser Idee f\u00fcr ein digitales Geschichtenbuch kam und st\u00f6bern Sie in den Seiten. &nbsp; Im Bereich der Einheitsgemeinde Schee\u00dfel \u2013 etwa mittig zwischen Bremen und Hamburg gelegen, gibt es die Ortschaft Westervesede mit ca. 800 Einwohnern, an dem kleinen Heidefluss [&hellip;]<\/p>\n","protected":false},"author":1,"featured_media":38,"parent":6,"menu_order":0,"comment_status":"closed","ping_status":"closed","template":"","meta":{"_genesis_hide_title":false,"_genesis_hide_breadcrumbs":false,"_genesis_hide_singular_image":false,"_genesis_hide_footer_widgets":false,"_genesis_custom_body_class":"","_genesis_custom_post_class":"","_genesis_layout":"full-width-content","footnotes":""},"class_list":{"0":"post-2007","1":"page","2":"type-page","3":"status-publish","4":"has-post-thumbnail","6":"entry"},"_links":{"self":[{"href":"https:\/\/veesbook.net\/wordpress\/wp-json\/wp\/v2\/pages\/2007","targetHints":{"allow":["GET"]}}],"collection":[{"href":"https:\/\/veesbook.net\/wordpress\/wp-json\/wp\/v2\/pages"}],"about":[{"href":"https:\/\/veesbook.net\/wordpress\/wp-json\/wp\/v2\/types\/page"}],"author":[{"embeddable":true,"href":"https:\/\/veesbook.net\/wordpress\/wp-json\/wp\/v2\/users\/1"}],"replies":[{"embeddable":true,"href":"https:\/\/veesbook.net\/wordpress\/wp-json\/wp\/v2\/comments?post=2007"}],"version-history":[{"count":17,"href":"https:\/\/veesbook.net\/wordpress\/wp-json\/wp\/v2\/pages\/2007\/revisions"}],"predecessor-version":[{"id":5185,"href":"https:\/\/veesbook.net\/wordpress\/wp-json\/wp\/v2\/pages\/2007\/revisions\/5185"}],"up":[{"embeddable":true,"href":"https:\/\/veesbook.net\/wordpress\/wp-json\/wp\/v2\/pages\/6"}],"wp:featuredmedia":[{"embeddable":true,"href":"https:\/\/veesbook.net\/wordpress\/wp-json\/wp\/v2\/media\/38"}],"wp:attachment":[{"href":"https:\/\/veesbook.net\/wordpress\/wp-json\/wp\/v2\/media?parent=2007"}],"curies":[{"name":"wp","href":"https:\/\/api.w.org\/{rel}","templated":true}]}}