{"id":2076,"date":"2016-06-15T10:54:37","date_gmt":"2016-06-15T10:54:37","guid":{"rendered":"https:\/\/veesbook.net\/wordpress\/?page_id=2076"},"modified":"2016-09-20T07:27:43","modified_gmt":"2016-09-20T07:27:43","slug":"hurricane","status":"publish","type":"page","link":"https:\/\/veesbook.net\/wordpress\/traditionelles\/hurricane\/","title":{"rendered":"Hurricane-Festival"},"content":{"rendered":"<figure id=\"attachment_2080\" aria-describedby=\"caption-attachment-2080\" style=\"width: 318px\" class=\"wp-caption alignleft\"><img loading=\"lazy\" decoding=\"async\" class=\"size-full wp-image-2080\" src=\"https:\/\/veesbook.net\/wordpress\/wp-content\/uploads\/2016\/06\/hurricane-2016.jpg\" alt=\"Hurricane 2016\" width=\"318\" height=\"159\" srcset=\"https:\/\/veesbook.net\/wordpress\/wp-content\/uploads\/2016\/06\/hurricane-2016.jpg 318w, https:\/\/veesbook.net\/wordpress\/wp-content\/uploads\/2016\/06\/hurricane-2016-300x150.jpg 300w\" sizes=\"auto, (max-width: 318px) 100vw, 318px\" \/><figcaption id=\"caption-attachment-2080\" class=\"wp-caption-text\">Hurricane 2016<\/figcaption><\/figure>\n<p>&nbsp;<\/p>\n<p><span style=\"font-family: verdana,geneva,sans-serif;\">Auch wenn der Name des Festivals im Allgemeinen mit dem Ort \u00a0Schee\u00dfel verbunden wird, geht der Event nicht spurlos an Westervesede vor\u00fcber.<\/span><\/p>\n<p>&nbsp;<\/p>\n<p>&nbsp;<\/p>\n<p><span style=\"font-family: verdana,geneva,sans-serif;\">\u00a0<\/span><\/p>\n<figure id=\"attachment_2083\" aria-describedby=\"caption-attachment-2083\" style=\"width: 548px\" class=\"wp-caption alignright\"><img loading=\"lazy\" decoding=\"async\" class=\"wp-image-2083 size-large\" src=\"https:\/\/veesbook.net\/wordpress\/wp-content\/uploads\/2016\/06\/karte-eichenring-548x445.jpg\" alt=\"Karte Eichenring\" width=\"548\" height=\"445\" \/><figcaption id=\"caption-attachment-2083\" class=\"wp-caption-text\">Karte Eichenring<\/figcaption><\/figure>\n<p style=\"text-align: justify;\"><span style=\"font-family: verdana,geneva,sans-serif; font-size: 12pt;\"><strong>Hurricane-Festival &#8211; Kultur oder Kommerz ?<\/strong><\/span><\/p>\n<p style=\"text-align: justify;\"><strong><span style=\"font-family: verdana,geneva,sans-serif;\">&#8230; auf jeden Fall: Kult<\/span><\/strong><\/p>\n<p style=\"text-align: justify;\"><span style=\"font-family: verdana,geneva,sans-serif;\">Das Festivalgel\u00e4nde (Eichenring und Umgebung) liegt mittig zwischen Schee\u00dfel und Westervesede an der L 131, die w\u00e4hrend \u00a0der Auf- und Abbauarbeiten stark belastet ist (Tempobeschr\u00e4nkung auf 50 bzw. 30 km\/h ). W\u00e4hrend des Events und der An- und Abreisetage ist die Stra\u00dfe komplett gesperrt. Ein nicht unerheblicher Teil der Fl\u00e4chen, die von\u00a0 Landwirten als Parkfl\u00e4chen vermietet werden, liegt im Gebiet der Gemarkung Westervesede.<\/span><\/p>\n<p style=\"text-align: justify;\"><span style=\"font-family: verdana,geneva,sans-serif;\">W\u00e4hrend in den ersten Jahren die Festivalbesucher ihren Proviant zu einem gro\u00dfen Teil mitbrachten, um ihn dann in den Gesch\u00e4ften der umliegenden Ortschaften ggf. zu vervollst\u00e4ndigen, gibt es jetzt auf dem Festivalgel\u00e4nde\u00a0selbst neben den vielen St\u00e4nden f\u00fcr Getr\u00e4nke und Verzehr einen Supermarkt, in dem die Grundversorgung w\u00e4hrend des Festivals befriedigt werden kann.<br \/>\nDas Festival hat sich zu einem Wirtschaftfaktor entwickelt, an dem lokale Gewerbe- und Handelsbetriebe kaum noch partizipieren.<br \/>\n<\/span><\/p>\n<p style=\"text-align: justify;\"><span style=\"font-family: verdana,geneva,sans-serif;\">1997 &#8211; das Jahr des ersten &#8222;Hurricane-Festivals&#8220; lie\u00df viele Schee\u00dfeler und Westerveseder sich daran erinnern, dass zwanzig Jahre zuvor\u00a0 (1977) ein Musik-Festival auf dem Eichenring ein unr\u00fchmliches Ende fand. Der Veranstalter hatte sich verkalkuliert, konnte die Bands nicht bezahlen und machte sich schlie\u00dflich mit der Tageskasse auf und davon &#8211; in das DGH Westervessede. In der Konsequenz traten Bands nicht mehr auf und die Festival-Besucher lie\u00dfen ihrer Wut freien La<\/span>uf. <span style=\"font-family: verdana,geneva,sans-serif;\">Die B\u00fchne wurde angez\u00fcndet,\u00a0 brannte nieder, Container mit Getr\u00e4nken von \u00f6rtlichen Unternehmen wurden aufgebrochen und gepl\u00fcndert.<\/span><\/p>\n<p style=\"text-align: justify;\"><span style=\"font-family: verdana,geneva,sans-serif;\">Schee\u00dfel &#8211; und Westervesede &#8211; hatten zun\u00e4chst von solchen Veranstaltungen die &#8222;Nase voll&#8220;.<\/span><\/p>\n<p style=\"text-align: justify;\">M<span style=\"font-family: verdana,geneva,sans-serif;\">it dieser Hypothek vorbelastet wagte sich ein neuer Veranstalter 1997 daran, erneut ein Musik-Festivall auf dem Eichenring zu veranstalten.<\/span><br \/>\n<span style=\"font-family: verdana,geneva,sans-serif;\">Und er hatte Erfolg. Waren es zun\u00e4chst nur etwa 20.000 Besucher, wurden 2016 75.000 verkaufte Eintrittskarten vermeldet<\/span>. <span style=\"font-family: verdana,geneva,sans-serif;\">Und die Organisation wurde jedes Jahr perfekter &#8211; aus einem \u00fcberschaubaren Musik-Event wurde ein kommerzielles Gro\u00dfereignis.<br \/>\n<\/span><\/p>\n<p style=\"text-align: justify;\"><span style=\"font-family: verdana,geneva,sans-serif;\">Mit jedem Jahr wurde aber auch der Abstand vom Festivall zur \u00f6rtlicher Bev\u00f6lkerung, zu Handel und Gewerbe gr\u00f6\u00dfer. Das Festival entwickelte sich zu einem autarken Marketing-Unternehmen, das letztlich vor allem nur noch regionale Dienstleistungen von der verkehrslenkenden Polizei, den Feuerwehren, dem Rettungsdiensten (DRK), dem Krankenhaus in Rotenburg, den Fuhrunternehmen f\u00fcr die Versorgung mit Treibstoffen und die Entsorgung von F\u00e4kalien in Anspruch nahm. Die \u00f6rtliche Bev\u00f6lkerung, Handel und Gewerbe waren eigentlich &#8211; soweit sie nicht dem Festival n\u00fctzlich sind &#8211; nur noch nebens\u00e4chlich &#8211; Menschen<br \/>\n&#8211; die sich mit den erforderlichen verkehrlichen Einschr\u00e4nkungen\u00a0 in ihrer gewohnten Freiheit beschnitten f\u00fchlen,<br \/>\n&#8211; die der lautstarke Musik &#8211; auch wenn sie nichr ihrem pers\u00f6nlichen Geschmack entsprach &#8211; nicht entgehen k\u00f6nnen und<br \/>\n&#8211; die am Ende ihre ansonsten liebenswerte Umgebung als M\u00fcllhalde erfahren m\u00fcssen.<br \/>\n\u00d6rtliche Getr\u00e4nkeh\u00e4ndler st\u00f6hnen ob der Menge an Pfandflaschen, die eingel\u00f6st werden, ohne dass sie im Vertrieb der Getr\u00e4nke beteiligt waren, und manch ein Einkaufswagen der \u00f6rtlichen Gesch\u00e4fte landet als missbrauchtes Transportmittel im Rest-M\u00fcll des Festivals.<br \/>\n<\/span><\/p>\n<p style=\"text-align: justify;\"><span style=\"font-family: verdana,geneva,sans-serif;\">2016 j\u00e4hrt sich das Hurricane-Festival nunmehr zum 20. Mal.<\/span><\/p>\n<p style=\"text-align: justify;\"><span style=\"font-family: verdana,geneva,sans-serif;\">Da immer weniger Besucher den Kernort mit seinen Gesch\u00e4ften aufsuchen und die Einwohner kaum einen Bezug zum Musikspektakel\u00a0 versp\u00fcrten, haben die Gemeinde Schee\u00dfel, der Gewerbeverein Schee\u00dfel und der Veranstalter FKP-Scorpio erstmalig einen Wettbewerb ausgeschrieben, an dem sich die Landjugendgruppen, Westeresch, Westerholz, Westervesede und Wohlsdorf beteiligten. Aufgabe war es, mit \u00fcbergro\u00dfen Strohpuppen eine Szene mit Bezug zum Hurricane darzustellen. Alle Teilnehmer wurden aktuelle Festival-T-Shirts versprochen *). Als Sieger wurde die Landjugendgruppe Westervesede zudem mit Einlassb\u00e4nder f\u00fcr die exclusive VIP-Aftershowparty am 24.Juni pr\u00e4miert, an der Jugendliche aus (alters-) rechtlichen Gr\u00fcnden nicht teilnehmen konnten.<br \/>\n*) Im Nachhinein stellte sich heraus, dass es sich bei den T-Shirts offensichtlich um Fehldrucke handelte.<\/span><\/p>\n<figure id=\"attachment_2078\" aria-describedby=\"caption-attachment-2078\" style=\"width: 791px\" class=\"wp-caption aligncenter\"><img loading=\"lazy\" decoding=\"async\" class=\"wp-image-2078 size-large\" src=\"https:\/\/veesbook.net\/wordpress\/wp-content\/uploads\/2016\/06\/landjugend-wv-1-791x445.jpg\" alt=\"Hurricane-Szene der Landjugend Westervesede\" width=\"791\" height=\"445\" srcset=\"https:\/\/veesbook.net\/wordpress\/wp-content\/uploads\/2016\/06\/landjugend-wv-1-791x445.jpg 791w, https:\/\/veesbook.net\/wordpress\/wp-content\/uploads\/2016\/06\/landjugend-wv-1-300x169.jpg 300w, https:\/\/veesbook.net\/wordpress\/wp-content\/uploads\/2016\/06\/landjugend-wv-1.jpg 1632w\" sizes=\"auto, (max-width: 791px) 100vw, 791px\" \/><figcaption id=\"caption-attachment-2078\" class=\"wp-caption-text\">Hurricane-Szene mit Mitgliedern der Landjugendgruppe Westervesede<\/figcaption><\/figure>\n<p><span style=\"font-family: verdana,geneva,sans-serif;\">Zeitgleich stellen die Gesch\u00e4fte im Kernort gerahmte Bilder mit Motiven vom Hurricane-Festival aus, mit denen der eine oder andere Gast animiert werden sollte, den Kernort einmal aufzusuchen. \u00d6rtliche Unternehmen warben somit f\u00fcr das Hurricane-Festival ohne letztendlich selbst Nutznie\u00dfer zu sein!<\/span><br \/>\n(awl)<\/p>\n<p>&nbsp;<\/p>\n<p>&nbsp;<\/p>\n","protected":false},"excerpt":{"rendered":"<p>&nbsp; Auch wenn der Name des Festivals im Allgemeinen mit dem Ort \u00a0Schee\u00dfel verbunden wird, geht der Event nicht spurlos an Westervesede vor\u00fcber. &nbsp; &nbsp; \u00a0 Hurricane-Festival &#8211; Kultur oder Kommerz ? &#8230; auf jeden Fall: Kult Das Festivalgel\u00e4nde (Eichenring und Umgebung) liegt mittig zwischen Schee\u00dfel und Westervesede an der L 131, die w\u00e4hrend \u00a0der [&hellip;]<\/p>\n","protected":false},"author":3,"featured_media":2078,"parent":117,"menu_order":0,"comment_status":"closed","ping_status":"closed","template":"","meta":{"_genesis_hide_title":false,"_genesis_hide_breadcrumbs":false,"_genesis_hide_singular_image":false,"_genesis_hide_footer_widgets":false,"_genesis_custom_body_class":"","_genesis_custom_post_class":"","_genesis_layout":"full-width-content","footnotes":""},"class_list":{"0":"post-2076","1":"page","2":"type-page","3":"status-publish","4":"has-post-thumbnail","6":"entry"},"_links":{"self":[{"href":"https:\/\/veesbook.net\/wordpress\/wp-json\/wp\/v2\/pages\/2076","targetHints":{"allow":["GET"]}}],"collection":[{"href":"https:\/\/veesbook.net\/wordpress\/wp-json\/wp\/v2\/pages"}],"about":[{"href":"https:\/\/veesbook.net\/wordpress\/wp-json\/wp\/v2\/types\/page"}],"author":[{"embeddable":true,"href":"https:\/\/veesbook.net\/wordpress\/wp-json\/wp\/v2\/users\/3"}],"replies":[{"embeddable":true,"href":"https:\/\/veesbook.net\/wordpress\/wp-json\/wp\/v2\/comments?post=2076"}],"version-history":[{"count":21,"href":"https:\/\/veesbook.net\/wordpress\/wp-json\/wp\/v2\/pages\/2076\/revisions"}],"predecessor-version":[{"id":2363,"href":"https:\/\/veesbook.net\/wordpress\/wp-json\/wp\/v2\/pages\/2076\/revisions\/2363"}],"up":[{"embeddable":true,"href":"https:\/\/veesbook.net\/wordpress\/wp-json\/wp\/v2\/pages\/117"}],"wp:featuredmedia":[{"embeddable":true,"href":"https:\/\/veesbook.net\/wordpress\/wp-json\/wp\/v2\/media\/2078"}],"wp:attachment":[{"href":"https:\/\/veesbook.net\/wordpress\/wp-json\/wp\/v2\/media?parent=2076"}],"curies":[{"name":"wp","href":"https:\/\/api.w.org\/{rel}","templated":true}]}}