{"id":2203,"date":"2016-08-06T09:51:06","date_gmt":"2016-08-06T09:51:06","guid":{"rendered":"https:\/\/veesbook.net\/wordpress\/?page_id=2203"},"modified":"2025-05-14T11:53:31","modified_gmt":"2025-05-14T09:53:31","slug":"deepen-historie","status":"publish","type":"page","link":"https:\/\/veesbook.net\/wordpress\/deepen-historie\/","title":{"rendered":"Deepen &#8211; Historie"},"content":{"rendered":"<p><span style=\"font-family: verdana,geneva,sans-serif; font-size: 12pt;\">Deepen, an der Veerse gelegen,\u00a0 ist urspr\u00fcnglich ein &#8222;Einhof&#8220; gewesen und vermutlich im 11. Jahrhundert entstanden. 1553 ist er nachweislich in zwei Halbh\u00f6fe aufgeteilt gewesen.<\/span><\/p>\n<p><span style=\"font-family: verdana,geneva,sans-serif; font-size: 12pt;\">Der Ortsname wird vom mittelniederdeutschen deep = tief herr\u00fchren; 1693 gaben die Deepener Bauern an, dass sie &#8222;im riefen Morast&#8220; wohneten&#8220;. (1320 hie\u00df es: in Depene, 1567: thor Deepen)<br \/>\n<\/span><\/p>\n<p><span style=\"font-family: verdana,geneva,sans-serif; font-size: 12pt;\">W\u00e4hrend die W\u00fcmme schon fr\u00fch als Fluss bezeichnet wurde, galt die Veerse als Bach, der lange Zeit keinen Namen f\u00fchrte und auch als Bach von L\u00fcnzen kommend bezeichnet wurde. Es ist davon auszugehen, dass die Veerse ihren Namen vom Gut Veerse \u00fcbernommen hat, dessen Namen wohl aus den Wortteilen Ver = Furth (siehe auch Verden) und sede = Siedlung &#8211; also: Siedlung an der Furth &#8211; abgeleitet werden darf.<\/span><\/p>\n<p><span style=\"font-family: verdana,geneva,sans-serif; font-size: 12pt;\">Deepen lag an einer strategisch g\u00fcnstigen Stelle an einem alten Postweg von der Altmark \u00fcber Schneverdingen &#8211; Riepe &#8211; Schee\u00dfel nach Bremen; in trockenen Zeiten war es aber auch m\u00f6glich, das Moor in Richtung Hemslingen zu durchqueren.<\/span><\/p>\n<p><span style=\"font-family: verdana,geneva,sans-serif; font-size: 12pt;\">1938 z\u00e4hlte Deepen 2 Halbh\u00f6fe, 6 Anbauern, 2 Neubauern, 1 P\u00e4chter.<\/span><\/p>\n<p><span style=\"font-family: verdana,geneva,sans-serif; font-size: 12pt;\">Anna Backhausen hat 1987 anl\u00e4sslich eines Dorffestes den nachstehenden Aufsatz \u00fcber die Geschichte Deepens geschrieben:\u00a0 <a href=\"https:\/\/veesbook.net\/wordpress\/wp-content\/uploads\/2016\/08\/Dorfchronik-Deepen-Backhausen.pdf\" target=\"_blank\" rel=\"noopener\">Dorfchronik Deepen, Backhausen<\/a><br \/>\n<\/span><\/p>\n","protected":false},"excerpt":{"rendered":"<p>Deepen, an der Veerse gelegen,\u00a0 ist urspr\u00fcnglich ein &#8222;Einhof&#8220; gewesen und vermutlich im 11. Jahrhundert entstanden. 1553 ist er nachweislich in zwei Halbh\u00f6fe aufgeteilt gewesen. Der Ortsname wird vom mittelniederdeutschen deep = tief herr\u00fchren; 1693 gaben die Deepener Bauern an, dass sie &#8222;im riefen Morast&#8220; wohneten&#8220;. (1320 hie\u00df es: in Depene, 1567: thor Deepen) W\u00e4hrend [&hellip;]<\/p>\n","protected":false},"author":3,"featured_media":0,"parent":0,"menu_order":0,"comment_status":"closed","ping_status":"closed","template":"","meta":{"_genesis_hide_title":false,"_genesis_hide_breadcrumbs":false,"_genesis_hide_singular_image":false,"_genesis_hide_footer_widgets":false,"_genesis_custom_body_class":"","_genesis_custom_post_class":"","_genesis_layout":"full-width-content","footnotes":""},"class_list":{"0":"post-2203","1":"page","2":"type-page","3":"status-publish","5":"entry"},"_links":{"self":[{"href":"https:\/\/veesbook.net\/wordpress\/wp-json\/wp\/v2\/pages\/2203","targetHints":{"allow":["GET"]}}],"collection":[{"href":"https:\/\/veesbook.net\/wordpress\/wp-json\/wp\/v2\/pages"}],"about":[{"href":"https:\/\/veesbook.net\/wordpress\/wp-json\/wp\/v2\/types\/page"}],"author":[{"embeddable":true,"href":"https:\/\/veesbook.net\/wordpress\/wp-json\/wp\/v2\/users\/3"}],"replies":[{"embeddable":true,"href":"https:\/\/veesbook.net\/wordpress\/wp-json\/wp\/v2\/comments?post=2203"}],"version-history":[{"count":6,"href":"https:\/\/veesbook.net\/wordpress\/wp-json\/wp\/v2\/pages\/2203\/revisions"}],"predecessor-version":[{"id":6068,"href":"https:\/\/veesbook.net\/wordpress\/wp-json\/wp\/v2\/pages\/2203\/revisions\/6068"}],"wp:attachment":[{"href":"https:\/\/veesbook.net\/wordpress\/wp-json\/wp\/v2\/media?parent=2203"}],"curies":[{"name":"wp","href":"https:\/\/api.w.org\/{rel}","templated":true}]}}