{"id":239,"date":"2016-02-05T09:41:08","date_gmt":"2016-02-05T09:41:08","guid":{"rendered":"https:\/\/veesbook.net\/wordpress\/?page_id=239"},"modified":"2025-03-26T13:00:12","modified_gmt":"2025-03-26T12:00:12","slug":"menschen","status":"publish","type":"page","link":"https:\/\/veesbook.net\/wordpress\/geschichten\/menschen\/","title":{"rendered":"Menschen"},"content":{"rendered":"<header class=\"entry-header\">\n<h1 class=\"entry-title\">Joachim Peters \u2013 der letzte Sch\u00e4fer in Westervesede<\/h1>\n<\/header>\n<div class=\"entry-content\">\n<p><strong>Joachim Peters: Der letzte Sch\u00e4fer in Westervesede<\/strong><\/p>\n<p>* 1. Oktober 1887 + 11. Februar 1960<\/p>\n<p><a href=\"https:\/\/veesbook.net\/wordpress\/geschichten\/menschen\/oehls-joachim\/\">(weiter lesen)<\/a><\/p>\n<p><a href=\"https:\/\/veesbook.net\/wordpress\/joachim-peters-der-letzte-schaefer-in-westervesede\">(ausf\u00fchrlich weiter lesen mit Foto)<\/a><\/p>\n<\/div>\n<p>&nbsp;<\/p>\n<hr \/>\n<p style=\"text-align: left;\" align=\"center\"><span style=\"font-family: Myanmar Text, sans-serif;\">Wir gedenken unserem Mitglied<\/span><\/p>\n<p style=\"text-align: left;\" align=\"center\"><span style=\"font-family: Myanmar Text, sans-serif;\"><span style=\"font-size: x-large;\"><b>Annette Panzer<br \/>\n<\/b><\/span><\/span><\/p>\n<p style=\"text-align: left;\" align=\"center\"><span style=\"font-family: Myanmar Text, sans-serif;\">Sie verstarb am 12. M\u00e4rz 2024 nach kurzer, schwerer Krankheit<\/span><span style=\"font-family: Myanmar Text, sans-serif;\">.<\/span><\/p>\n<p style=\"text-align: left;\" align=\"center\"><span style=\"font-family: Myanmar Text, sans-serif;\">Annette war seit 12 Jahren Mitglied in unserem Verein <\/span><span style=\"font-family: Myanmar Text, sans-serif;\">und war unsere Schriftf\u00fchrerin. <\/span><\/p>\n<p style=\"text-align: left;\" align=\"center\"><span style=\"font-family: Myanmar Text, sans-serif;\">Sie hat sich vor allem um unser Ortsfamilienbuch verdient gemacht. <\/span><\/p>\n<p style=\"text-align: left;\" align=\"center\"><span style=\"font-family: Myanmar Text, sans-serif;\">Akribisch trug sie Daten zusammengetragen und \u00fcbersetzte diese.<\/span><\/p>\n<p style=\"text-align: left;\" align=\"center\"><span style=\"font-family: Myanmar Text, sans-serif;\">Wir werden ihre freundliche und hilfsbereit Art vermissen und <\/span><span style=\"font-family: Myanmar Text, sans-serif;\">ihr ein ehrendes Andenken bewahren.<\/span><\/p>\n<hr \/>\n<p>Wir gedenken unserem Mitglied<br \/>\n<span style=\"font-size: 18pt;\"><strong>Friedrich Kr\u00f6ger<\/strong><\/span><br \/>\n\u201eJohms Fidi\u201c verstarb am 16.02.24 kurz vor seinem 84. Geburtstag.<br \/>\nEr war Gr\u00fcndungsmitglied unseres Vereins und besonders an unseren Filmabenden interessiert.<br \/>\nWir werden seine fr\u00f6hliche Art vermissen und ihm ein ehrendes Andenken bewahren.<\/p>\n<p><img loading=\"lazy\" decoding=\"async\" class=\"alignnone size-medium wp-image-5693\" src=\"https:\/\/veesbook.net\/wordpress\/wp-content\/uploads\/2024\/03\/SV-Erntefest-1999-Johms-Fidi-300x217.jpg\" alt=\"\" width=\"300\" height=\"217\" srcset=\"https:\/\/veesbook.net\/wordpress\/wp-content\/uploads\/2024\/03\/SV-Erntefest-1999-Johms-Fidi-300x217.jpg 300w, https:\/\/veesbook.net\/wordpress\/wp-content\/uploads\/2024\/03\/SV-Erntefest-1999-Johms-Fidi-615x445.jpg 615w, https:\/\/veesbook.net\/wordpress\/wp-content\/uploads\/2024\/03\/SV-Erntefest-1999-Johms-Fidi-1536x1111.jpg 1536w, https:\/\/veesbook.net\/wordpress\/wp-content\/uploads\/2024\/03\/SV-Erntefest-1999-Johms-Fidi-2048x1481.jpg 2048w\" sizes=\"auto, (max-width: 300px) 100vw, 300px\" \/><\/p>\n<hr \/>\n<p style=\"text-align: left;\" align=\"center\"><span style=\"font-family: Myanmar Text, sans-serif;\"><span style=\"font-size: x-large;\"><b>Nachruf<\/b><\/span><\/span><\/p>\n<p style=\"text-align: left;\" align=\"center\"><span style=\"font-family: Myanmar Text, sans-serif;\">Wir gedenken unserem Vereinsmitglied<\/span><\/p>\n<p style=\"text-align: left;\" align=\"center\"><span style=\"font-family: Myanmar Text, sans-serif;\"><span style=\"font-size: x-large;\"><b>Liselotte &#8222;Lilo&#8220; Semmelroggen<\/b><\/span><\/span><\/p>\n<p style=\"text-align: left;\" align=\"center\"><span style=\"font-family: Myanmar Text, sans-serif;\">Sie<\/span><span style=\"font-family: Myanmar Text, sans-serif;\"> verstarb am <\/span><span style=\"font-family: Myanmar Text, sans-serif;\">6. April<\/span><span style=\"font-family: Myanmar Text, sans-serif;\"> 2024.<\/span><\/p>\n<p style=\"text-align: left;\" align=\"center\"><span style=\"font-family: Myanmar Text, sans-serif;\">Als unser Vereinsmitglied unterst\u00fctze \u201eLilo\u201c unseren Verein seit mehr als 11 Jahren.<\/span><\/p>\n<p style=\"text-align: left;\" align=\"center\"><span style=\"font-family: Myanmar Text, sans-serif;\">Wir werden ihre offene und herzliche Art vermissen und <\/span><span style=\"font-family: Myanmar Text, sans-serif;\">ihr ein ehrendes Andenken bewahren.<\/span><\/p>\n<hr \/>\n<p><span style=\"font-family: verdana, geneva, sans-serif;\"><strong>Kapelle &#8222;Jan Viets&#8220;\u00a0<\/strong><\/span><\/p>\n<p>Die Kapelle &#8222;Jan Viets&#8220; hat jahrelang die Westerveseder Vereinsfeste musikalisch begleitet.<br \/>\nIhren letzen Westerveseder Auftritt hatte die Kapelle auf der &#8222;Goldenen Hochzeit&#8220; von Irmtraud und Hans Uhle, Deepen im Jahr 1996.<\/p>\n<p><img loading=\"lazy\" decoding=\"async\" class=\"zoooom alignleft wp-image-5256 size-thumbnail\" src=\"https:\/\/veesbook.net\/wordpress\/wp-content\/uploads\/2021\/01\/Kapelle-JanViets-001-150x150.jpg\" alt=\"\" width=\"150\" height=\"150\" \/> \u00a0\u00a0\u00a0\u00a0\u00a0\u00a0\u00a0\u00a0\u00a0 <img loading=\"lazy\" decoding=\"async\" class=\"zoooom alignnone wp-image-5257 size-thumbnail\" src=\"https:\/\/veesbook.net\/wordpress\/wp-content\/uploads\/2021\/01\/SV-Erntefest1988-Jan-Viets-150x150.jpg\" alt=\"Erntefest 1988\" width=\"150\" height=\"150\" \/><\/p>\n<hr \/>\n<p><span style=\"font-family: verdana,geneva,sans-serif; font-size: 12pt;\"><strong>Hermann Ludwig Friedrich Backhausen<\/strong> <\/span> (9. November 1904 bis 12. Juli 1959)<\/p>\n<p>Nachruf zum Tod des Lehrers Hermann Backhausen aus der Schulchronik Deepen.<\/p>\n<p>(Der Link zur Seite): <a href=\"https:\/\/veesbook.net\/wordpress\/geschichten\/menschen\/hermann-backhausen\/\">Hermann Backhausen<\/a><\/p>\n<hr \/>\n<p><span style=\"font-family: verdana,geneva,sans-serif; font-size: 12pt;\"><strong>Hans Friedrich Wilhlem Boss<\/strong> <\/span> (7. November 1899 bis 24. Juni 1972)<\/p>\n<p>Seine Biografie und eine Auswahl an Bildern, die er gemalt hat.<\/p>\n<p>(Der Link zur Seite): <a href=\"https:\/\/veesbook.net\/wordpress\/hans-boss\/\">Hans Boss<\/a><\/p>\n<hr \/>\n<p><span style=\"font-family: verdana,geneva,sans-serif; font-size: 12pt;\"><strong>Heinrich Heitmann\u00a0<\/strong> <\/span>(*28.03.1871, Westervesede Nr. 10 &#8211; Cohrs)<\/p>\n<p>Die Lebensgeschichte eines Auswanderes<\/p>\n<p>(weiter lesen): <a href=\"https:\/\/veesbook.net\/wordpress\/wp-content\/uploads\/2017\/02\/Heinrich-Heitmann.pdf\">Heinrich Heitmann<\/a><\/p>\n<hr \/>\n<p><strong>Helken Fritz<\/strong><\/p>\n<figure id=\"attachment_1612\" aria-describedby=\"caption-attachment-1612\" style=\"width: 300px\" class=\"wp-caption alignleft\"><img loading=\"lazy\" decoding=\"async\" class=\"wp-image-1612 size-medium\" src=\"https:\/\/veesbook.net\/wordpress\/wp-content\/uploads\/2016\/03\/Helken-Fritz-300x201.jpg\" alt=\"Helken Fritz\" width=\"300\" height=\"201\" \/><figcaption id=\"caption-attachment-1612\" class=\"wp-caption-text\">Helken Fritz<\/figcaption><\/figure>\n<p>Zu seiner Zeit war Helken Fidi ein Original in Westervesede ; aus dem Ortsbild war er nicht wegzudenken. Friedrich Kr\u00f6ger &#8211; so sein eigentlicher Name &#8211; hat bis in das hohe Alter von 82 Jahren &#8211; mehr als 32 Jahre lang die Glocke der Westerveseder Friedhofskapelle gel\u00e4utet. So wurde er dann auch beziehungsvoll \u00bbL\u00e4utemeister\u00ab genannt. Erst 2003 wurde er in den Ruhestand verabschiedet.<br \/>\n<a href=\"https:\/\/veesbook.net\/wordpress\/helken-fidi\/\">(weiter lesen)<br \/>\n<\/a><\/p>\n<p>&nbsp;<\/p>\n<p>&nbsp;<\/p>\n<p>&nbsp;<\/p>\n<hr \/>\n<p><strong>Hugo Schlegel und &#8222;seine&#8220;\u00a0 Schuluhr<\/strong><\/p>\n<figure id=\"attachment_1609\" aria-describedby=\"caption-attachment-1609\" style=\"width: 300px\" class=\"wp-caption alignright\"><img loading=\"lazy\" decoding=\"async\" class=\"wp-image-1609 size-medium\" src=\"https:\/\/veesbook.net\/wordpress\/wp-content\/uploads\/2016\/03\/Hugo-Schlegel-1994-300x200.jpg\" alt=\"Hugo Schlegel und &quot;seine&quot; Schuluhr\" width=\"300\" height=\"200\" \/><figcaption id=\"caption-attachment-1609\" class=\"wp-caption-text\">Hugo Schlegel und &#8222;seine&#8220; Schuluhr<\/figcaption><\/figure>\n<p>Wenn die alte Schuluhr im Giebel des Dorfgemeinschaftshauses (fr\u00fcher Schule) in Westervesede heute noch die genaue Zeit anzeigt und zu jeder vollen Stunde mit hellem Klang ansagt, was die Stunde geschlagen hat, dann ist dies Hugo Schlegel zu verdanken.<br \/>\n<a href=\"https:\/\/veesbook.net\/wordpress\/geschichten\/menschen\/hugo-schlegel-die-schuluhr\/\">(weiter lesen)<\/a><\/p>\n<p>&nbsp;<\/p>\n<p>&nbsp;<\/p>\n<p>&nbsp;<\/p>\n<p>&nbsp;<\/p>\n<hr \/>\n<p><span style=\"font-family: verdana,geneva,sans-serif; font-size: 12pt;\"><strong>Karl Rennebach<\/strong><\/span><\/p>\n<figure id=\"attachment_2449\" aria-describedby=\"caption-attachment-2449\" style=\"width: 155px\" class=\"wp-caption alignleft\"><img loading=\"lazy\" decoding=\"async\" class=\"size-full wp-image-2449\" src=\"https:\/\/veesbook.net\/wordpress\/wp-content\/uploads\/2016\/02\/K.Rennebach.jpg\" alt=\"Karl Rennebach\" width=\"155\" height=\"209\" \/><figcaption id=\"caption-attachment-2449\" class=\"wp-caption-text\">Karl Rennebach<\/figcaption><\/figure>\n<p>Ach ja, Karl der \u00bbalte Despot\u00ab &#8211; so erinnert sich sein Enkel Bernd ; eigentlich hie\u00df er ja Carl Wilhelm Rennebach.<br \/>\n<a href=\"https:\/\/veesbook.net\/wordpress\/geschichten\/menschen\/karl-rennebach-4\/\">(weiter lesen)<\/a><\/p>\n<p>Die Kreiszeitung berichtete damals:<br \/>\n<a href=\"https:\/\/veesbook.net\/wordpress\/geschichten\/menschen\/karl-rennebach\/\">(ansehen)<\/a><\/p>\n<p>&nbsp;<\/p>\n<p>&nbsp;<\/p>\n<p>&nbsp;<\/p>\n<p>&nbsp;<\/p>\n<hr \/>\n<p><span style=\"font-size: 12pt;\"><strong><span style=\"font-family: verdana,geneva,sans-serif;\">Willi Heins<\/span><\/strong><\/span><\/p>\n<figure id=\"attachment_2033\" aria-describedby=\"caption-attachment-2033\" style=\"width: 150px\" class=\"wp-caption alignright\"><img loading=\"lazy\" decoding=\"async\" class=\"size-thumbnail wp-image-2033\" src=\"https:\/\/veesbook.net\/wordpress\/wp-content\/uploads\/2016\/04\/Willi-Heins-1991-150x150.jpg\" alt=\"Willi Heins\" width=\"150\" height=\"150\" \/><figcaption id=\"caption-attachment-2033\" class=\"wp-caption-text\">Willi Heins<\/figcaption><\/figure>\n<p>Wilhelm Heins ist ein Urgestein der Schee\u00dfeler Kommunalpolitik. Seit 1972 Jahren setzte sich der geb\u00fcrtige Westerveseder f\u00fcr die Belange B\u00fcrger ein. &#8230; <a href=\"https:\/\/veesbook.net\/wordpress\/geschichten\/menschen\/willi-heins\/\">(weiter lesen)<br \/>\n<\/a><\/p>\n<p>&nbsp;<\/p>\n<p>&nbsp;<\/p>\n<p>&nbsp;<\/p>\n<p>&nbsp;<\/p>\n<hr \/>\n<p><span style=\"font-family: verdana,geneva,sans-serif; font-size: 12pt;\"><strong>Ralf Schr\u00f6der &#8211; Weltmeister der Zuckersammler<\/strong><\/span><\/p>\n<figure id=\"attachment_757\" aria-describedby=\"caption-attachment-757\" style=\"width: 150px\" class=\"wp-caption alignleft\"><img loading=\"lazy\" decoding=\"async\" class=\"size-thumbnail wp-image-757\" src=\"https:\/\/veesbook.net\/wordpress\/wp-content\/uploads\/2016\/02\/zuckersammler-150x150.jpg\" alt=\"Ralf Schr\u00f6der\" width=\"150\" height=\"150\" \/><figcaption id=\"caption-attachment-757\" class=\"wp-caption-text\">Ralf Schr\u00f6der<\/figcaption><\/figure>\n<p>Schon seit der Kindheit sammelt Ralf Schr\u00f6der aus Deepen Zucker. Was mit einer Zuckert\u00fcte von der Bundeswehr begann, hat sich seit 1985 vervielfacht.<br \/>\n<a href=\"https:\/\/veesbook.net\/wordpress\/ralf-schroeder-weltmeister-der-zuckersammler\/\">(weiter lesen)<\/a><\/p>\n<p>&nbsp;<\/p>\n<p>&nbsp;<\/p>\n<p>&nbsp;<\/p>\n<p>&nbsp;<\/p>\n<hr \/>\n<p><strong>Lorenz Indorf erh\u00e4lt Fair-Play-Preis des DFB<\/strong><\/p>\n<p>Am Rande eines Wanderpokalspiels 2019 in Hetzwege-Abbendorf erhielt Lorenz Indorf vom Veeser FC die Fair-Play-Urkunde des DFB von Kreispressewart Joachim Riegel und Staffelleiter Karl-Heinz Schnackenberg \u00fcberreicht.<\/p>\n<p>Am 1. Dezember 2018 spielte Lorenz Indorf den Ball beim Stand von 0:2 in der 83. Minute ins aus, um dem Gegenspieler Christopher Behrens (TuS Westerholz) von Kr\u00e4mpfen zu befreien, statt einen Gegenangriff zu starten. Der Schiedsrichter notierte sich die Szene und der DFB erachtete diese Szene f\u00fcr auszeichnungsw\u00fcrdig.<\/p>\n<p>Lorenz selbst konnte sich im Nachhinein gar nicht mehr an diese Szene erinnern, da das f\u00fcr ihn eine Selbstverst\u00e4ndlichkeit war. &#8211; Ein fairer Sportsmann eben.<\/p>\n<p>&nbsp;<\/p>\n<p><div class=\"one-third first\">\n<img loading=\"lazy\" decoding=\"async\" class=\"alignnone size-medium wp-image-4653\" src=\"https:\/\/veesbook.net\/wordpress\/wp-content\/uploads\/2019\/08\/DFB-Ehrung-L.Indorf2-200x300.jpg\" alt=\"\" width=\"200\" height=\"300\" srcset=\"https:\/\/veesbook.net\/wordpress\/wp-content\/uploads\/2019\/08\/DFB-Ehrung-L.Indorf2-200x300.jpg 200w, https:\/\/veesbook.net\/wordpress\/wp-content\/uploads\/2019\/08\/DFB-Ehrung-L.Indorf2-297x445.jpg 297w\" sizes=\"auto, (max-width: 200px) 100vw, 200px\" \/><br \/>\n<\/div><div class=\"one-third\">\n<figure id=\"attachment_4619\" aria-describedby=\"caption-attachment-4619\" style=\"width: 300px\" class=\"wp-caption alignnone\"><img loading=\"lazy\" decoding=\"async\" class=\"wp-image-4619 size-medium\" src=\"https:\/\/veesbook.net\/wordpress\/wp-content\/uploads\/2019\/08\/Journal-am-Sonntag-3.8.19-L.Indorf-001-300x233.jpg\" alt=\"Journal-am-Sonntag 3.8.19\" width=\"300\" height=\"233\" srcset=\"https:\/\/veesbook.net\/wordpress\/wp-content\/uploads\/2019\/08\/Journal-am-Sonntag-3.8.19-L.Indorf-001-300x233.jpg 300w, https:\/\/veesbook.net\/wordpress\/wp-content\/uploads\/2019\/08\/Journal-am-Sonntag-3.8.19-L.Indorf-001-572x445.jpg 572w\" sizes=\"auto, (max-width: 300px) 100vw, 300px\" \/><figcaption id=\"caption-attachment-4619\" class=\"wp-caption-text\">Auszug vom: Journal am Sonntag, 03.08.2019<\/figcaption><\/figure>\n<\/div><div class=\"one-third\">\n<img loading=\"lazy\" decoding=\"async\" class=\"alignnone size-medium wp-image-4654\" src=\"https:\/\/veesbook.net\/wordpress\/wp-content\/uploads\/2019\/08\/DFB-Ehrung-L.Indorf1-225x300.jpg\" alt=\"\" width=\"225\" height=\"300\" srcset=\"https:\/\/veesbook.net\/wordpress\/wp-content\/uploads\/2019\/08\/DFB-Ehrung-L.Indorf1-225x300.jpg 225w, https:\/\/veesbook.net\/wordpress\/wp-content\/uploads\/2019\/08\/DFB-Ehrung-L.Indorf1-334x445.jpg 334w\" sizes=\"auto, (max-width: 225px) 100vw, 225px\" \/><br \/>\n<\/div><\/p>\n<hr \/>\n","protected":false},"excerpt":{"rendered":"<p>Joachim Peters \u2013 der letzte Sch\u00e4fer in Westervesede Joachim Peters: Der letzte Sch\u00e4fer in Westervesede * 1. Oktober 1887 + 11. Februar 1960 (weiter lesen) (ausf\u00fchrlich weiter lesen mit Foto) &nbsp; Wir gedenken unserem Mitglied Annette Panzer Sie verstarb am 12. M\u00e4rz 2024 nach kurzer, schwerer Krankheit. Annette war seit 12 Jahren Mitglied in unserem [&hellip;]<\/p>\n","protected":false},"author":3,"featured_media":0,"parent":82,"menu_order":0,"comment_status":"closed","ping_status":"closed","template":"","meta":{"_genesis_hide_title":false,"_genesis_hide_breadcrumbs":false,"_genesis_hide_singular_image":false,"_genesis_hide_footer_widgets":false,"_genesis_custom_body_class":"","_genesis_custom_post_class":"","_genesis_layout":"full-width-content","footnotes":""},"class_list":{"0":"post-239","1":"page","2":"type-page","3":"status-publish","5":"entry"},"_links":{"self":[{"href":"https:\/\/veesbook.net\/wordpress\/wp-json\/wp\/v2\/pages\/239","targetHints":{"allow":["GET"]}}],"collection":[{"href":"https:\/\/veesbook.net\/wordpress\/wp-json\/wp\/v2\/pages"}],"about":[{"href":"https:\/\/veesbook.net\/wordpress\/wp-json\/wp\/v2\/types\/page"}],"author":[{"embeddable":true,"href":"https:\/\/veesbook.net\/wordpress\/wp-json\/wp\/v2\/users\/3"}],"replies":[{"embeddable":true,"href":"https:\/\/veesbook.net\/wordpress\/wp-json\/wp\/v2\/comments?post=239"}],"version-history":[{"count":58,"href":"https:\/\/veesbook.net\/wordpress\/wp-json\/wp\/v2\/pages\/239\/revisions"}],"predecessor-version":[{"id":5949,"href":"https:\/\/veesbook.net\/wordpress\/wp-json\/wp\/v2\/pages\/239\/revisions\/5949"}],"up":[{"embeddable":true,"href":"https:\/\/veesbook.net\/wordpress\/wp-json\/wp\/v2\/pages\/82"}],"wp:attachment":[{"href":"https:\/\/veesbook.net\/wordpress\/wp-json\/wp\/v2\/media?parent=239"}],"curies":[{"name":"wp","href":"https:\/\/api.w.org\/{rel}","templated":true}]}}