{"id":2646,"date":"2016-12-29T16:38:37","date_gmt":"2016-12-29T16:38:37","guid":{"rendered":"https:\/\/veesbook.net\/wordpress\/?page_id=2646"},"modified":"2026-01-08T13:29:42","modified_gmt":"2026-01-08T12:29:42","slug":"chronik-krippenspiele-westervesede","status":"publish","type":"page","link":"https:\/\/veesbook.net\/wordpress\/chronik-krippenspiele-westervesede\/","title":{"rendered":"Chronik: Krippenspiele Westervesede und Ostervesede"},"content":{"rendered":"\n<h2 class=\"wp-block-heading has-large-font-size\"><span style=\"font-family: Maiandra GD, sans-serif;\"><strong>2021<\/strong><\/span><\/h2>\n\n\n\n\n\n<h3><span style=\"font-family: 'Maiandra GD', sans-serif; color: #339966;\"><strong><em>&#8222;Wie der Weihnachtsbaum zu seinem Namen kam.<\/em>&#8220;\u00a0<\/strong><\/span><\/h3>\n\n\n\n\n\n<p>Auch in diesem Jahr bestimmte der Corona-Virus die Rahmenbedingungen f\u00fcr die Christvesper. Veranstaltungen in der Kapelle in Westervesede bzw. im DGH in Ostervesede waren nicht erlaubt &#8211;<\/p>\n\n\n\n<p>So musste die Christvesper in Ostervesede als Freiluftveranstaltung zwischen DGH und Backhaus stattfinden. &#8211; <span style=\"font-family: Maiandra GD, sans-serif;\">Dauerregen lie\u00df den Parkplatz vor dem DGH in Westervesede nicht zu. Gl\u00fccklicherweise boten kurzfristig Johms ihren Hof an. So konnte das Krippenspiel mit einer kurzen Ansprache von Pastorin Schr\u00f6der &#8211; mit einem umfunktionierten Anh\u00e4nger als B\u00fchne und der erforderlichen Tontechnik auch in Westervesede doch noch stattfinden.<\/span><\/p>\n\n\n\n<p><span style=\"font-family: Maiandra GD, sans-serif;\"><em>Rahmengeschichte<\/em>:<br>Dem Weihnachtsbaum wird die Weihnachtsgeschichte vorgespielt; dabei wird ihm von Kindern erkl\u00e4rt, wie er zu seinem Namen gekommen ist und er &#8211; immergr\u00fcn und bunt geschm\u00fcckt &#8211; ein Symbol f\u00fcr Hoffnung und Lebensfreude, die jedes Jahr in der Erinnerung an der Geburt Jesu in jedes Haus einzieht.<\/span><\/p>\n\n\n<div class=\"wp-block-image\">\n<figure class=\"aligncenter is-resized\"><img loading=\"lazy\" decoding=\"async\" width=\"300\" height=\"130\" src=\"https:\/\/veesbook.net\/wordpress\/wp-content\/uploads\/2021\/12\/20211224-2-Heiligabend-Christvesper-bei-Johms-7-A-300x130.jpg\" alt=\"krippenspiel 2021\" class=\"wp-image-5450\" style=\"aspect-ratio:2.3077601966841077;width:464px;height:auto\"\/><\/figure>\n<\/div>\n\n\n<p><em><br>Mitwirkende:<\/em><\/p>\n\n\n\n<p>Kinder aus Ostervesede und Westervesede: Michelle, Tamina, Alexandra, Kristin, Bosse, Marja, Max, Lukas, Linus, Lucas, Logan, Anneke, Piet, Felix, Henry, Levke, Fl\u00f6rke, Emely<\/p>\n\n\n\n<p>Leitung:<\/p>\n\n\n\n<p>Imke Leverenz, Judith Leverenz, Lara Meyer, Conny Bassen<\/p>\n\n\n\n<h2 class=\"wp-block-heading\"><span style=\"font-family: Maiandra GD, sans-serif;\"><strong><br>2020<\/strong><br><span style=\"font-family: Maiandra GD, sans-serif;\"><em><span style=\"color: #008000;\"><b>&#8222;Die Christvesper und damit auch das Krippenspiel ist Corona-bedingt ausgefallen&#8220;<\/b><\/span><\/em><\/span><\/span><\/h2>\n\n\n\n<p>&nbsp;<\/p>\n\n\n\n<h2 class=\"wp-block-heading\"><span style=\"font-family: Maiandra GD, sans-serif;\"><strong>2019<br><\/strong><em><span style=\"color: #008000;\"><b>\u201eWeshalb wir Weihnachten feiern\u201c<\/b><\/span><\/em><br><\/span><\/h2>\n\n\n\n<p><span style=\"font-family: Maiandra GD, sans-serif;\"><em>Rahmengeschichte<\/em>:<br>Umfragen haben ergeben, dass viele nicht mehr wissen, warum wir Weihnachten feiern.<br>Vor dem Schee\u00dfeler Rathaus befragt eine Reporterin Leute, die dort vorbei kommen. Die Antworten k\u00f6nnen aber nicht so recht \u00fcberzeugen. Schlie\u00dflich nimmt sich ein \u00e4lteres Paar die Zeit, der Reporterin die Weihnachtsgeschichte zu erz\u00e4hlen, die dann auch von anderen Kindern dargestellt wird. Erkenntnis: Wir feiern Weihnachten, weil Gott Mensch geworden ist.<\/span><\/p>\n\n\n\n<p><em><span style=\"font-family: Maiandra GD, sans-serif;\">Mitwirkende<\/span><\/em><span style=\"font-family: Maiandra GD, sans-serif;\">:<br><\/span><span style=\"font-family: Maiandra GD, sans-serif;\">Carlotta Peters, Svea Huch, Tjark Riebesehl, Mia Nanke, Leonie Baden, Lydia Peters, Kathleen Meyer, Tamina Schmidt, Felix Lemke, Kristin Huch, Michelle Schmidt, Alexandra Huch, Juliane Baden.<\/span><\/p>\n\n\n\n<p><em><span style=\"font-family: Maiandra GD, sans-serif;\">Lied der Kinder<\/span><\/em><span style=\"font-family: Maiandra GD, sans-serif;\">:<br>&#8211; <\/span><span style=\"font-family: Maiandra GD, sans-serif;\">Ich hab den Stern gesehen<\/span><\/p>\n\n\n\n<p><em><span style=\"font-family: Maiandra GD, sans-serif;\">Leitung:<br><\/span><\/em><span style=\"font-family: Maiandra GD, sans-serif;\">Margaret<\/span><span style=\"font-family: Maiandra GD, sans-serif;\">ha Leverenz, Imke Leverenz, Judith Leverenz<\/span><\/p>\n\n\n\n<h2 class=\"wp-block-heading\"><span style=\"font-family: Maiandra GD, sans-serif;\"><strong>2018<br><\/strong><em><span style=\"color: #008000;\"><b>\u201eEin Geschenk f\u00fcr Jesus\u201c<\/b><\/span><\/em><br><\/span><\/h2>\n\n\n\n<p><span style=\"font-family: Maiandra GD, sans-serif;\"><em>Rahmengeschichte<\/em>:<br>Kinder feiern Geburtstag und fragen sich, warum sie immer Geschenke bekommen, jesus aber nicht. Auf der Suche nach einem Geschenk treffen sie auf den Weihnachtsmann, der Jesus nur pers\u00f6nliche etwas aus seinem Sack geben will. Im Kaufhaus bietet man ihnen ein teures Lego Star Wars an. Schlie\u00dflich entscheiden sich die Kinder, Oma zu fragen. Die erz\u00e4hlt ihnen die Weihnachtsgeschichte, die auch andere Kinder vorspielen, und die Kinder erkennen, dass Jesus keine Geschenke will, dass er selbst ein Geschenk ist.<\/span><\/p>\n\n\n\n<p><em><span style=\"font-family: Maiandra GD, sans-serif;\">Mitwirkende<\/span><\/em><span style=\"font-family: Maiandra GD, sans-serif;\">:<br><\/span><span style=\"font-family: Maiandra GD, sans-serif;\">Kathleen Meyer, Felix Lemke, Svea Huch, Tjark Riebesehl, Leonie Baden, Mia Nanke, Tanina Schmidt, Juliane Baden, Cleo Heitmann, Kristin Huch, Alexandra Huch, Carlotta Peters, Michelle Schmidt<\/span><\/p>\n\n\n\n<p><em><span style=\"font-family: Maiandra GD, sans-serif;\">Lied der Kinder<\/span><\/em><span style=\"font-family: Maiandra GD, sans-serif;\">:<br>&#8211; Sagt, wo ist das Kind geboren<br>&#8211; Kind in der Krippe wir beten dich an<\/span><\/p>\n\n\n\n<p><em><span style=\"font-family: Maiandra GD, sans-serif;\">Leitung:<\/span><\/em><span style=\"font-family: Maiandra GD, sans-serif;\"><br>Linda Frick, Margaret<\/span><span style=\"font-family: Maiandra GD, sans-serif;\">ha Leverenz, Imke Leverenz, Judith Leverenz<\/span><\/p>\n\n\n\n<h2 class=\"wp-block-heading\"><strong>2017<br><\/strong><span style=\"color: #339966;\"><strong><em>&#8222;Auf der Suche nach Gott&#8220;<\/em><\/strong><\/span><\/h2>\n\n\n<div class=\"wp-block-image size-medium wp-image-3635\">\n<figure class=\"alignright\"><img loading=\"lazy\" decoding=\"async\" width=\"300\" height=\"225\" src=\"https:\/\/veesbook.net\/wordpress\/wp-content\/uploads\/2017\/12\/20171224_145748-300x225.jpg\" alt=\"Krippenspiel 2017\" class=\"wp-image-3635\" srcset=\"https:\/\/veesbook.net\/wordpress\/wp-content\/uploads\/2017\/12\/20171224_145748-300x225.jpg 300w, https:\/\/veesbook.net\/wordpress\/wp-content\/uploads\/2017\/12\/20171224_145748-593x445.jpg 593w\" sizes=\"auto, (max-width: 300px) 100vw, 300px\" \/><figcaption class=\"wp-element-caption\">Krippenspiel 2017 (Ostervesede) &#8211; ( Foto: Leverenz)<\/figcaption><\/figure>\n<\/div>\n\n\n<p><em>Rahmengeschichte:<\/em><br>Mehrere Engel sind auf dem Weg zur Krippe. Ein Engel verliert den Anschluss an die Gruppe, kennt selbst nicht den Weg und spricht auf der Suche verschiedene Menschen an:<br>&#8211; einen Hektiker, der keine Zeit f\u00fcr Gedanken an Gott hat,<br>&#8211; einen Armen, der sich von Gott vergessen f\u00fchlt,<br>&#8211; einen kriegerischen, der von Gott Unterst\u00fctzung erwartet,<br>&#8211; einen Prediger, der die Welt verloren und eine Zukunft nur im \u201eJenseits\u201c sieht &#8211;<br>schlie\u00dflich trifft er auf die Hirten, die den Stern gesehen haben und gemeinsam finden alle den Weg zur Krippe.<\/p>\n\n\n\n<p><em>Mitwirkende:<\/em><br>Carlotta Peters, Cleo Heitmann, Juliane Baden, Tamina Schmidt, Michelle Schmidt, Mia Nanke, Svea Huch, Alexandra und Kristin Huch, Lya Peters, Kathleen Meyer, Tjark Riesebsell (Ostervesede), Johannes Walcher, Kim-Schirley Trochelmann, Marie-Sophie Meyer (Ostervesede), Maxim Stelle (Ostervesede)<\/p>\n\n\n\n<p><em>Lied der Kinder:<\/em><br>&#8211; Refrain aus \u201eIn der Mitte der Nacht\u201c<br>&#8211; &#8222;Jesus ist geboren&#8220;<\/p>\n\n\n\n<p><em>Leitung:<\/em><br>Linda Frick, Margaretha Leverenz, Imke Leverenz, Judith Leverenz<\/p>\n\n\n\n<p>&nbsp;<\/p>\n\n\n\n<h2 class=\"wp-block-heading\"><strong>2016<br><span style=\"color: #008000;\"><em>\u201eBesuch aus dem Weltall\u201c<\/em><\/span><\/strong><br><\/h2>\n\n\n\n<p><em>Rahmengeschichte<\/em>:<br>Einem Alien (gr\u00fcnes M\u00e4nnchen aus dem Weltall) wird die Weihnachtsgeschichte vorgespielt; anschlie\u00dfend befragt der Alien Maria und Josef, die Hirten und die Sterndeuter, was die Weihnachtsgeschichte f\u00fcr sie bedeutet. Der Moderator fasst das Wesentliche des Weihnachtsgeschehens zusammen.<\/p>\n\n\n\n<p><em>Mitwirkende<\/em>:<br>Birte, Jana Schr\u00f6der, Thalea Bahrenburg, Isabell Baden, Amelie Behrens, Jan Hendrik Hollmann, Niklas Hollmann. Josh Heitmann, Carlotta Peters, Cleo Heitmann, Michelle Schmidt<\/p>\n\n\n\n<p><em>Lied der Kinder<\/em>:<\/p>\n\n\n\n<p><em>Leitung:<\/em><br>Linda Frick, Margaretha Leverenz, Imke Leverenz, Judith Leverenz<\/p>\n\n\n\n<h2 class=\"wp-block-heading\"><strong>2015<br><span style=\"color: #008000;\"><em>\u201eWas hat wohl der Esel gedacht\u201c<\/em><\/span><br><\/strong><\/h2>\n\n\n<div class=\"wp-block-image wp-image-2654 size-medium\">\n<figure class=\"alignright\"><img loading=\"lazy\" decoding=\"async\" width=\"300\" height=\"163\" src=\"https:\/\/veesbook.net\/wordpress\/wp-content\/uploads\/2016\/12\/krip-spiel-2015-300x163.jpg\" alt=\"Krippenspiel 2015\" class=\"wp-image-2654\" srcset=\"https:\/\/veesbook.net\/wordpress\/wp-content\/uploads\/2016\/12\/krip-spiel-2015-300x163.jpg 300w, https:\/\/veesbook.net\/wordpress\/wp-content\/uploads\/2016\/12\/krip-spiel-2015-821x445.jpg 821w, https:\/\/veesbook.net\/wordpress\/wp-content\/uploads\/2016\/12\/krip-spiel-2015.jpg 1490w\" sizes=\"auto, (max-width: 300px) 100vw, 300px\" \/><figcaption class=\"wp-element-caption\">Krippenspiel 2015 &#8211; (Foto: R. Bassen)<\/figcaption><\/figure>\n<\/div>\n\n\n<p><em>Rahmengeschichte<\/em>:<\/p>\n\n\n\n<p>Der Esel, der vor 2000 Jahren die Weihnachtsgeschichte hautnah miterlebt hatte, erz\u00e4hlt.<\/p>\n\n\n\n<p><em>Mitwirkende<\/em>:<br>Erz\u00e4hler (Jana Schr\u00f6der), Esel (Dirk Leverenz), Maria (Carlotta Peter ), Josef (Michel Peers), Wirt (Arvid Bassen), Wirtin (Cleo Heitmann), Kind (Thalea Bahrenburg), Engel (Amelie Behrens), Hirten (Jan Hendrik Hollmnn, Niclas Holllmann, Thalea Bahrenburg), K\u00f6nige (Josh Heitmann, Gesa J\u00fcrs, Isabell); Lesung: Amelie, Gesa, Josh, Isabel Jan Hendrik<\/p>\n\n\n\n<p><em>Lied der Kinder<\/em>: Was hat wohl der Esel gedacht, Tragt in die Welt nun ein Licht<\/p>\n\n\n\n<h2 class=\"wp-block-heading\"><strong>2014<br><span style=\"color: #008000;\"><em>\u201eNur ein Strohhalm\u201c<\/em><\/span><br><\/strong><\/h2>\n\n\n\n<p><em>Rahmengeschichte<\/em>:<br>Ein kleiner Strohhalm aus der Krippe ist Erinnerung an den Besuch im Stall von Bethlehem<\/p>\n\n\n\n<p><em>Mitwirkende<\/em>: Maria (Cleo Heitmann), Josef(ArvidBssen), &nbsp;Hirten (Jan Hendrik Hollmann, Lina Riebesell, Dirk Leverenz), K\u00f6nige (Niklas Hollmann, Josh Heitmann, Isabell Baden), Engel (Carlotta Peters ), Wirt (Thalea Bahrenburg), Erz\u00e4hler (Jana Schr\u00f6der),<\/p>\n\n\n\n<p><em>Lied der Kinder<\/em>: Der Weihnachtsstern, der wei\u00df den Weg<\/p>\n\n\n\n<p><strong>&nbsp;<\/strong><\/p>\n\n\n\n<h2 class=\"wp-block-heading\"><strong>2013<br><span style=\"color: #008000;\"><em>\u201ePer Zeitmaschine nach Bethlehem\u201c<\/em><\/span><\/strong><br><\/h2>\n\n\n\n<p><em>Rahmengeschichte<\/em>:<br>Dies ist die Geschichte von zwei Kindern, die \u2013 w\u00e4hrend ihre Eltern am Heiligabend in der Kirche sind \u2013 mit einer Zeitmaschine in die Vergangenheit nach Bethlehem reisen. Dort trefffen sie Maria und Josef, die Hirten und Engel. Als sie das Kind mit eigenen Augen in der Krippe liegen sehen, wird ihnen der Sinn von Weihnachten deutlich: Gott wird Mensch, kommt herab in \u00e4rmliche Verh\u00e4ltnisse.<\/p>\n\n\n\n<p><em>Mitwirkende<\/em>:<br>Birte, Dirk, Arvid, Jana<\/p>\n\n\n\n<p><em>Lied der Kinder<\/em>: Heute leuchten alle Sterne<\/p>\n\n\n\n<h2 class=\"wp-block-heading\"><strong>2012<br><span style=\"color: #008000;\"><em>\u201eW\u00e4rme kann man teilen\u201c<\/em><\/span><\/strong><br><\/h2>\n\n\n\n<p><em>Rahmengeschichte<\/em>:<br>Ein alter Mann sitzt an seinem kleinen Feuer und will die ganze W\u00e4rme f\u00fcr sich behalten. Als daraufhin Knecht und Tiere weglaufen und er auf die Suche nach ihnen in Bethlehem ankommt, stellt er fest: W\u00e4rme kann man teilen.<\/p>\n\n\n\n<p><em>Mitwirkende<\/em>:<\/p>\n\n\n\n<p><em>Lied der Kinder<\/em>: Ein heller Stern hat in der Nacht<\/p>\n\n\n\n<h2 class=\"wp-block-heading\"><strong>2011<br><span style=\"color: #008000;\"><em>\u201eDas Wunder von Bethlehem im Internet<\/em><\/span><\/strong><span style=\"color: #008000;\">\u201c<\/span><br><\/h2>\n\n\n\n<p><em>Rahmengeschichte<\/em>:<br>Oma l\u00e4sst sich die Weihnachtsgeschichte von ihrer Enkelin auf dem PC zeigen.<\/p>\n\n\n\n<p><em>Mitwirkende<\/em>:<br>Oma (Finja Riebesell ,Thorina Bahrenburg), Enkel (Wiebke Schr\u00f6der, Nina Brockmann), Wirt (Eric Brockmann), Maria (Benita Kr\u00f6ger), Josef (S\u00f6hnke Meyer), Engel (Jana), 3 Hirten ( Henning Kr\u00f6ger, Matthias Kr\u00f6ger, Marissa Schr\u00f6der), 3 Weise (Arvid Basen, Dirk Leverenz, Tom Carstens); Lesung: Judith Leverenz, Lea<\/p>\n\n\n\n<p><em>Lied der Kinder<\/em>: Zu Bethlehem im Stall<\/p>\n\n\n\n<h2 class=\"wp-block-heading\"><strong>2010<br><em><span style=\"color: #008000;\">\u201eDie goldenen Kette\u201c<\/span> <\/em><\/strong><br><\/h2>\n\n\n\n<p><em>Rahmengeschichte<\/em>:<\/p>\n\n\n<div class=\"wp-block-image size-medium wp-image-2653\">\n<figure class=\"alignright\"><img loading=\"lazy\" decoding=\"async\" width=\"300\" height=\"158\" src=\"https:\/\/veesbook.net\/wordpress\/wp-content\/uploads\/2016\/12\/kri-spiel-2010-300x158.jpg\" alt=\"Krippenspiel 2010\" class=\"wp-image-2653\" srcset=\"https:\/\/veesbook.net\/wordpress\/wp-content\/uploads\/2016\/12\/kri-spiel-2010-300x158.jpg 300w, https:\/\/veesbook.net\/wordpress\/wp-content\/uploads\/2016\/12\/kri-spiel-2010-843x445.jpg 843w, https:\/\/veesbook.net\/wordpress\/wp-content\/uploads\/2016\/12\/kri-spiel-2010.jpg 1570w\" sizes=\"auto, (max-width: 300px) 100vw, 300px\" \/><figcaption class=\"wp-element-caption\">Krippenspiel 2010 (Foto: R. Bassen)<\/figcaption><\/figure>\n<\/div>\n\n\n<p>Ein Mann, der eine wertvolle Kette mit vielen Gliedern und einem Anh\u00e4nger zur Geburt eines Kindes bringen will, trifft unterwegs Bed\u00fcrftige, denen er jeweils ein Glied der Kette schenkt. An der Krippe angekomen hat er nur noch den Anh\u00e4nger &#8211; &nbsp;aber eine Kette von Menschen ist ihm gefolgt.<\/p>\n\n\n\n<p><em>Mitwirkende<\/em>:<br>Milena Bassen, S\u00f6hnke Meyer, Thorina Bahrenburg, Lea, Benita Kr\u00f6ger, Matthias Kr\u00f6ger, Eric Brockmann, Wiebke Schr\u00f6der, Marissa Schr\u00f6er, Nina Brockman)<\/p>\n\n\n\n<p><em>Lied der Kinder<\/em>: Und Frieden f\u00fcr die Welt<\/p>\n\n\n\n<h2 class=\"wp-block-heading\"><strong>2009<br><span style=\"color: #008000;\"><em>\u201eWeihnachten f\u00fcr den Weihnachtsmann\u201c<\/em><\/span><\/strong><br><\/h2>\n\n\n\n<p><em>Rahmengeschichte<\/em>:<\/p>\n<p>Der Weihnachtsmann besucht einen Weihnachtsgottesdienst mit Krippenspiel und verschenkt alle seine Gaben an die Leute, die er dabei trifft. Als er an die Krippe kommt, ist sein Sack leer; aber zum Jesuskind darf er auch mit leeren H\u00e4nden kommen.<\/p>\n\n\n\n<p><em>Mitwirkende<\/em>:<br>Der Weihnachtsmann (David Leverenz), Wiebke Schr\u00f6der, Maike Riebesell, Mindor Behrens, Thorina&nbsp; Bahrenburg, Judith Leverenz, Lea<\/p>\n\n\n\n<p><em>Lied der Kinder<\/em>: Christ ist geboren<\/p>\n\n\n\n<h2 class=\"wp-block-heading\"><strong>2008<br><span style=\"color: #008000;\"><em>\u201eKaiser Augustus\u201c<\/em><\/span><\/strong><br><\/h2>\n\n\n\n<p><em>Rahmengeschichte<\/em>:<\/p>\n<p>Die Weihnachtsgeschichte<\/p>\n\n\n<div class=\"wp-block-image size-medium wp-image-2651\">\n<figure class=\"alignright\"><img loading=\"lazy\" decoding=\"async\" width=\"300\" height=\"169\" src=\"https:\/\/veesbook.net\/wordpress\/wp-content\/uploads\/2016\/12\/P1050126-300x169.jpg\" alt=\"Krippenspiel 2008 (Foto: R. Bassen)\" class=\"wp-image-2651\" srcset=\"https:\/\/veesbook.net\/wordpress\/wp-content\/uploads\/2016\/12\/P1050126-300x169.jpg 300w, https:\/\/veesbook.net\/wordpress\/wp-content\/uploads\/2016\/12\/P1050126-791x445.jpg 791w\" sizes=\"auto, (max-width: 300px) 100vw, 300px\" \/><figcaption class=\"wp-element-caption\">Krippenspiel 2008 (Foto: R. Bassen)<\/figcaption><\/figure>\n<\/div>\n\n<div class=\"wp-block-image size-medium wp-image-2652\">\n<figure class=\"alignright\"><img loading=\"lazy\" decoding=\"async\" width=\"300\" height=\"169\" src=\"https:\/\/veesbook.net\/wordpress\/wp-content\/uploads\/2016\/12\/P1050127-300x169.jpg\" alt=\"Krippenspiel 2008 (Foto: R. Bassen)\" class=\"wp-image-2652\" srcset=\"https:\/\/veesbook.net\/wordpress\/wp-content\/uploads\/2016\/12\/P1050127-300x169.jpg 300w, https:\/\/veesbook.net\/wordpress\/wp-content\/uploads\/2016\/12\/P1050127-791x445.jpg 791w\" sizes=\"auto, (max-width: 300px) 100vw, 300px\" \/><figcaption class=\"wp-element-caption\">Krippenspiel 2008 (Foto: R. Bassen)<\/figcaption><\/figure>\n<\/div>\n\n\n<p><em>Mitwirkende<\/em>:<\/p>\n\n\n\n<p><em>Lied der Kinder<\/em>: Erd und Himmel<\/p>\n\n\n\n<p>&nbsp;<\/p>\n\n\n\n<p>&nbsp;<\/p>\n\n\n\n<p>&nbsp;<\/p>\n\n\n\n<h2 class=\"wp-block-heading\"><strong>2007<br><span style=\"color: #008000;\"><em>\u201eReportage aus Bethlehem\u201c<\/em><\/span><\/strong><br><\/h2>\n\n\n\n<p><em>Rahmengeschichte<\/em>:<br>Ein Reporter berichtet per Fernsehreportage \u00fcber das Geschehen in Bethlehem im Jahre 00<\/p>\n\n\n\n<p><em>Mitwirkende<\/em>:<\/p>\n\n\n\n<p><em>Lied der Kinder<\/em>: &#8211;<\/p>\n\n\n\n<h2 class=\"wp-block-heading\"><strong>2006<br><span style=\"color: #008000;\"><em>\u201eKinder an der Krippe\u201c<\/em><\/span><br><\/strong><\/h2>\n\n\n\n<p><em>Rahmengeschichte<\/em>:<\/p>\n\n\n\n<p><em>Mitwirkende<\/em>:<\/p>\n\n\n\n<p>Lied der Kinder: Vom Himmel hoch, da komm ich her<\/p>\n\n\n\n<p>&nbsp;<\/p>\n\n\n\n<p>&nbsp;<\/p>\n\n\n","protected":false},"excerpt":{"rendered":"<p>2021 &#8222;Wie der Weihnachtsbaum zu seinem Namen kam.&#8220;\u00a0 Auch in diesem Jahr bestimmte der Corona-Virus die Rahmenbedingungen f\u00fcr die Christvesper. Veranstaltungen in der Kapelle in Westervesede bzw. im DGH in Ostervesede waren nicht erlaubt &#8211; So musste die Christvesper in Ostervesede als Freiluftveranstaltung zwischen DGH und Backhaus stattfinden. &#8211; Dauerregen lie\u00df den Parkplatz vor dem [&hellip;]<\/p>\n","protected":false},"author":3,"featured_media":2633,"parent":0,"menu_order":0,"comment_status":"closed","ping_status":"closed","template":"","meta":{"_genesis_hide_title":false,"_genesis_hide_breadcrumbs":false,"_genesis_hide_singular_image":false,"_genesis_hide_footer_widgets":false,"_genesis_custom_body_class":"","_genesis_custom_post_class":"","_genesis_layout":"full-width-content","footnotes":""},"class_list":{"0":"post-2646","1":"page","2":"type-page","3":"status-publish","4":"has-post-thumbnail","6":"entry"},"_links":{"self":[{"href":"https:\/\/veesbook.net\/wordpress\/wp-json\/wp\/v2\/pages\/2646","targetHints":{"allow":["GET"]}}],"collection":[{"href":"https:\/\/veesbook.net\/wordpress\/wp-json\/wp\/v2\/pages"}],"about":[{"href":"https:\/\/veesbook.net\/wordpress\/wp-json\/wp\/v2\/types\/page"}],"author":[{"embeddable":true,"href":"https:\/\/veesbook.net\/wordpress\/wp-json\/wp\/v2\/users\/3"}],"replies":[{"embeddable":true,"href":"https:\/\/veesbook.net\/wordpress\/wp-json\/wp\/v2\/comments?post=2646"}],"version-history":[{"count":29,"href":"https:\/\/veesbook.net\/wordpress\/wp-json\/wp\/v2\/pages\/2646\/revisions"}],"predecessor-version":[{"id":6202,"href":"https:\/\/veesbook.net\/wordpress\/wp-json\/wp\/v2\/pages\/2646\/revisions\/6202"}],"wp:featuredmedia":[{"embeddable":true,"href":"https:\/\/veesbook.net\/wordpress\/wp-json\/wp\/v2\/media\/2633"}],"wp:attachment":[{"href":"https:\/\/veesbook.net\/wordpress\/wp-json\/wp\/v2\/media?parent=2646"}],"curies":[{"name":"wp","href":"https:\/\/api.w.org\/{rel}","templated":true}]}}