{"id":304,"date":"2016-02-05T19:26:18","date_gmt":"2016-02-05T19:26:18","guid":{"rendered":"https:\/\/veesbook.net\/wordpress\/?page_id=304"},"modified":"2026-01-08T11:52:05","modified_gmt":"2026-01-08T10:52:05","slug":"erinnerungen-ii","status":"publish","type":"page","link":"https:\/\/veesbook.net\/wordpress\/geschichten\/erinnerungen-ii\/","title":{"rendered":"Berichte"},"content":{"rendered":"<p><span style=\"font-family: verdana, geneva, sans-serif;\"><strong>Neue Ortsschilder f\u00fcr Westervesede<\/strong><\/span><\/p>\n<p><span style=\"font-family: verdana, geneva, sans-serif;\">Neue Ortschilder f\u00fcr Westervesede?! Sind die denn schon wieder entwendet worden? &#8211; Nein.<\/span><\/p>\n<p><a href=\"https:\/\/veesbook.net\/wordpress\/neue-ortsschilder-fuer-westervesede\/\">(weiter lesen)<\/a><\/p>\n<hr \/>\n<p><span style=\"font-family: verdana, geneva, sans-serif;\"><strong>Musterungsbescheinigung Molly<\/strong><\/span><\/p>\n<p><span style=\"font-family: verdana, geneva, sans-serif;\">Musterung von Hunden im 2. Weltkrieg. <\/span><span style=\"font-family: verdana, geneva, sans-serif;\">Im 2. Weltkrieg wurden auch Hunde eingesetzt. Diese z\u00fcchtet man eigens f\u00fcr den Einsatz.<\/span><\/p>\n<p><span style=\"font-family: verdana, geneva, sans-serif;\"><a href=\"https:\/\/veesbook.net\/wordpress\/musterungsbescheinigung-molly\/\">(weiter lesen)<\/a><\/span><\/p>\n<hr \/>\n<p><strong><span style=\"font-family: verdana, geneva, sans-serif;\">Mit Signalfarbe bestrichene Dreibeine an den Stra\u00dfenr\u00e4ndern<\/span><\/strong><\/p>\n<p><span style=\"font-size: 12pt; font-family: verdana, geneva, sans-serif;\">Seit Anfang des Jahres 2009 befinden sich im gesamten Kreisgebiet signalfarbene \u201eDreibeine\u201c an den Stra\u00dfenr\u00e4ndern. Diese wurden durch die Jagdp\u00e4chter dort aufgestellt, wo ein t\u00f6dlicher Wildunfall mit Schalenwild stattgefunden hat.<\/span><br \/>\n<span style=\"font-family: verdana, geneva, sans-serif;\"><a href=\"https:\/\/veesbook.net\/wordpress\/mit-signalfarbe-bestrichene-dreibeine-an-den-strassenraendern\/\">(weiter lesen)<\/a><\/span><\/p>\n<hr \/>\n<p><strong><span style=\"font-family: verdana, geneva, sans-serif;\">Findelkind in Westeresch ge<\/span><span style=\"font-family: verdana, geneva, sans-serif;\">funden<\/span><\/strong><\/p>\n<p><span style=\"font-size: 12pt; font-family: verdana, geneva, sans-serif;\">&#8230; <\/span><span style=\"font-family: Comic Sans MS, serif;\"><span style=\"font-size: small;\"><span lang=\"en-US\"><span style=\"font-size: 12pt; font-family: verdana, geneva, sans-serif;\">abends um 11 Uhr ist vor dem Hause des Johann Diedrich Klee in Westeresch ein Kind weiblichen Geschlechts ausgesetzt worden.<\/span><br \/>\n<span style=\"font-family: verdana, geneva, sans-serif; font-size: 12pt;\"><a href=\"https:\/\/veesbook.net\/wordpress\/ausgesetztes-kind-in-westeresch-gefunden\/\">(weiter lesen)<\/a><\/span><br \/>\n<\/span><\/span><\/span><\/p>\n<hr \/>\n<p><strong>Wie VEESbook zu seinem ersten amerikanischen Vereinsmitglied kam<\/strong><\/p>\n<p>Im Sommer 2018 bekamen wir eine E-Mail-Anfrage von einem Herren namens Dale aus dem 7500 km entfernten Gainesville in Florida (USA).<\/p>\n<p>Er wollte wissen, wie er Zugang zum Ortfamilenbuch erhalten kann. Seine Gro\u00dfmutter (Martha Margaretha geb. Cordes) stammt aus Schee\u00dfel. Als Ahnenforscher hatte er bereits ein (online) Buch \u00fcber seine Schee\u00dfeler Verwandten geschrieben: https:\/\/myscheesselrelatives.pressbooks.com<\/p>\n<p><a href=\"https:\/\/veesbook.net\/wordpress\/wie-veesbook-zu-seinem-ersten-amerikanischen-vereinsmitglied-kam\/\">(weiter lesen)<\/a><\/p>\n<p>&nbsp;<\/p>\n<hr \/>\n<p><strong>Filmdreh \u201eSystemsprenger\u201c in Deepen<\/strong><\/p>\n<p>Im Herbst 2017 wurde der Hof von Familie L\u00fcdemann in Deepen zur Kulisse des Fernsehspiels \u201eSystemsprenger\u201c. Es handelt sich dabei um eine Produktion der Weydemann Bros. GmbH, Kineo Filmproduktion und Oma Inge Film in Koproduktion mit dem ZDF\/Das kleine Fernsehspiel.<\/p>\n<p><a href=\"https:\/\/veesbook.net\/wordpress\/filmdreh-systemsprenger-in-deepen\/\">(weiter lesen)<\/a><\/p>\n<hr \/>\n<p><strong>Kinder- und Jugendjahre auf dem Hoins Hoff<br \/>\n<\/strong>nach Aufzeichnung von Helga Kr\u00f6ger, geb. Klee<\/p>\n<p>Mein Vater Hinrich Klee heiratete 1925 meine Mutter Sophie geb. Dreyer<\/p>\n<p>1931 begannen sie \u00a0mit dem Aufbau einer eigenen Hofstelle. Als erstes Geb\u00e4ude wurde eine Scheune errichtet.\u00a0 1934 war dann das Wohnhaus fertig und wurde bezogen.<br \/>\n(<a href=\"https:\/\/veesbook.net\/wordpress\/geschichten\/erinnerungen-ii\/kinder-und-jugendjahre-auf-dem-hoins-hoff\/\">Den ganzen Bericht lesen<\/a>)<\/p>\n<hr \/>\n<p><span style=\"font-family: verdana,geneva,sans-serif;\">Wilma Volmer, geb. Bruns erinnert sich:<\/span><\/p>\n<p><span style=\"font-family: verdana,geneva,sans-serif;\"><strong>Hochzeitsfeiern und Hochzeitsbr\u00e4uche <\/strong><\/span><\/p>\n<p><span style=\"font-family: verdana,geneva,sans-serif;\">Heirat und Eheschlie\u00dfung spielen seit Jahrhunderten eine Rolle im Leben der Menschen. Jedoch haben sich Sitten und Br\u00e4uche im Laufe der Zeit stark ver\u00e4ndert.<\/span><\/p>\n<p><span style=\"font-family: verdana,geneva,sans-serif;\">An einige dieser Hochzeitsbr\u00e4uche kann sich Wilma Volkmer, geb. Bruns, im Gespr\u00e4ch mit Margaretha Leverenz noch\u00a0 recht gut erinnern. Besonders an einen, der\u00a0 auch bei ihrer Hochzeit zur Anwendung kam.<\/span><br \/>\n<span style=\"font-size: 10pt;\"><a href=\"https:\/\/veesbook.net\/wordpress\/geschichten\/erinnerungen-ii\/hochzeitsfeiern-und-hochzeitsbraeuche\/\"><span style=\"font-family: verdana,geneva,sans-serif;\">(weiter lesen)<\/span><\/a><\/span><\/p>\n<hr \/>\n<p><span style=\"font-family: verdana,geneva,sans-serif; font-size: 10pt;\"><strong><span style=\"font-size: 12pt;\">Gastst\u00e4tte &#8222;Zum Winkel&#8220;<\/span><\/strong> &#8211; von Ralf J\u00fcrges<\/span><\/p>\n<p><span style=\"font-family: verdana,geneva,sans-serif;\">Im Jahre 1959 erwarb der in Fintel geborene Sohn von Fritz J\u00fcrges &#8211; der gelernte Maurer Fritz-August J\u00fcrges die Hofstelle Westervesede Nr. 109 vom Landwirt Stegemeier (Johanns Hof). Am 06.Dezember 1959 zog die Familie\u00a0 nach Westervesede.<br \/>\n<span style=\"font-size: 10pt;\"><a href=\"https:\/\/veesbook.net\/wordpress\/geschichten\/erinnerungen-ii\/gaststaette-im-winkel\">(weiter lesen)<\/a><\/span><br \/>\n<\/span><\/p>\n<hr \/>\n<p><strong><span style=\"font-family: verdana,geneva,sans-serif;\">Kriegs-Heimkehrer Johann Rosum<\/span><\/strong><\/p>\n<p><span style=\"font-family: verdana,geneva,sans-serif;\"><span style=\"font-size: 10pt;\">Der erste nach 53t\u00e4tiger Unterbrechung eingetroffene Heimkehrertransport aus Russland machte das heimatvertriebene Ehepaar Peter Rosum und Frau am gestrigen Donnerstag zu den gl\u00fccklichsten Menschen in Westervesede. Sie schlossen ihren Sohn Johann, den sie als Einundzwanzigj\u00e4hrigen vor zw\u00f6lf Jahren zuletzt gesehen hatten, \u00fcbergl\u00fccklich in die Arme.<\/span><br \/>\n<span style=\"font-size: 10pt;\"><a href=\"https:\/\/veesbook.net\/wordpress\/geschichten\/heimkehrer\/\">(weiter lesen)<\/a><\/span><br \/>\n<\/span><\/p>\n<hr \/>\n<p><span style=\"font-family: verdana,geneva,sans-serif; font-size: 10pt;\"><strong><span style=\"font-size: 12pt;\">1945 &#8211; Kriegsende\u00a0<\/span><\/strong> &#8211; von Marianne Frick, geb. Behrens<\/span><\/p>\n<p><span style=\"font-family: verdana,geneva,sans-serif; font-size: 10pt;\">Mein Vater musste die Br\u00fccke, die \u00fcber den Kr\u00fcppelbach am Ortseingang von Westervesede f\u00fchrte , bewachen. Hier war eine Panzersperre aufgebaut. Vater hatte an dieser Br\u00fccke acht Tage lang Straf-Nachtwache zu halten, weil&#8230;.<\/span><br \/>\n<a href=\"https:\/\/veesbook.net\/wordpress\/geschichten\/erinnerungen-ii\/kriegsende-1945\/\"><span style=\"font-family: verdana,geneva,sans-serif; font-size: 10pt;\">(weiter lesen)<\/span><\/a><\/p>\n<hr \/>\n<figure id=\"attachment_2418\" aria-describedby=\"caption-attachment-2418\" style=\"width: 150px\" class=\"wp-caption alignright\"><img loading=\"lazy\" decoding=\"async\" class=\"size-thumbnail wp-image-2418\" src=\"https:\/\/veesbook.net\/wordpress\/wp-content\/uploads\/2016\/10\/kirche-scheessel-dittmer-klaus-21-150x150.jpg\" alt=\"Christenlehre\" width=\"150\" height=\"150\" \/><figcaption id=\"caption-attachment-2418\" class=\"wp-caption-text\">Christenlehre in der Schee\u00dfeler Kirche<br \/>Foto: Klaus Dittmer<\/figcaption><\/figure>\n<p align=\"JUSTIFY\"><span style=\"font-family: Arial,sans-serif;\"><strong><span style=\"font-family: verdana,geneva,sans-serif; font-size: 12pt;\">Erinnerungen an meine Konfirmationszeit <\/span>&#8211; <\/strong><span style=\"font-size: small;\">von. Marianne Frick, geb Behrens <\/span><\/span><\/p>\n<p><span style=\"font-family: Arial,sans-serif; font-size: 10pt;\"><span style=\"font-family: verdana,geneva,sans-serif;\">Die Konfirmationszeit w\u00e4hrend des Krieges war mit gro\u00dfen Schwierigkeiten verbunden.Wir hatten w\u00e4hrend der Kriegszeit kaum Religionsunterricht in der Schule erfahren. Erst im Konfirmandenunterricht lernten wir die Hauptst\u00fccke, zuerst die Gebote, dazu Ges\u00e4nge und Spr\u00fcche aus der Bibel. Der Vorkonfirmandenunterricht fand im K\u00fcsterhaus statt. Der alte, blinde Pastor Riechelmann erteilte den Unterricht<\/span>. &#8230;<\/span><br \/>\n<a href=\"https:\/\/veesbook.net\/wordpress\/geschichten\/erinnerungen-ii\/erinnerungen-an-meine-konfirmationszeit\/\"><span style=\"font-size: 12pt;\"> (weiter lesen)<\/span><\/a><\/p>\n<hr \/>\n<p><span style=\"font-family: verdana,geneva,sans-serif; font-size: 10pt;\"><strong><span style=\"font-size: 12pt;\">1946 &#8211; Lehrzeit in Bierde<\/span><\/strong> &#8211; von Marianne Frick, geb. Behrens<\/span><\/p>\n<p><span style=\"font-family: verdana,geneva,sans-serif; font-size: 10pt;\">Am 9. Februar habe ich Geburtstag. Ich war 15 Jahre alt geworden und wollte die l\u00e4ndliche Hauswirtschaft erlernen. Unsere Mutter und Tante Anna hatten vereinbart, 4 Wochen auf Tante Annas Lehrhof zu helfen. Vor allen Dingen sollte ich lernen, Flachs zu spinnen, das Weben von Leinen auf dem gro\u00dfen Webstuhl und &#8230;.<br \/>\n<a href=\"https:\/\/veesbook.net\/wordpress\/1946-lehrzeit-in-bierde\/\">(weiter lesen)<\/a><br \/>\n<\/span><\/p>\n<hr \/>\n<p><span style=\"font-size: 14pt;\"><strong><span style=\"font-family: verdana,geneva,sans-serif; font-size: 12pt;\">Meine Schulzeit\u00a0<\/span><\/strong><span style=\"font-family: verdana,geneva,sans-serif; font-size: 12pt;\"> &#8211;<\/span> <span style=\"font-family: verdana,geneva,sans-serif; font-size: 10pt;\">von Klaus Dittmer<\/span><strong><span style=\"font-family: verdana,geneva,sans-serif;\"><br \/>\n<\/span><\/strong><\/span><\/p>\n<div><span style=\"font-size: 10pt; font-family: verdana,geneva,sans-serif;\">&#8211; Ein Sch\u00fcler von damals erinnert sich &#8211;<br \/>\nIch geh\u00f6re zu dem letzten Jahrgang, der die Schule Westervesede volle 8 Jahre durchlaufen hat &#8230;<br \/>\n<a href=\"https:\/\/veesbook.net\/wordpress\/geschichten\/erinnerungen-ii\/meine-schulzeit-2\/\">(weiter lesen)<\/a><\/span><\/div>\n<hr \/>\n<figure id=\"attachment_2380\" aria-describedby=\"caption-attachment-2380\" style=\"width: 194px\" class=\"wp-caption alignright\"><img loading=\"lazy\" decoding=\"async\" class=\"wp-image-2380 size-medium\" src=\"https:\/\/veesbook.net\/wordpress\/wp-content\/uploads\/2016\/09\/waldgasthaus-meyer-dittmer-klaus-17-194x300.jpg\" alt=\"Das alte Forsthaus\" width=\"194\" height=\"300\" srcset=\"https:\/\/veesbook.net\/wordpress\/wp-content\/uploads\/2016\/09\/waldgasthaus-meyer-dittmer-klaus-17-194x300.jpg 194w, https:\/\/veesbook.net\/wordpress\/wp-content\/uploads\/2016\/09\/waldgasthaus-meyer-dittmer-klaus-17-288x445.jpg 288w, https:\/\/veesbook.net\/wordpress\/wp-content\/uploads\/2016\/09\/waldgasthaus-meyer-dittmer-klaus-17.jpg 1404w\" sizes=\"auto, (max-width: 194px) 100vw, 194px\" \/><figcaption id=\"caption-attachment-2380\" class=\"wp-caption-text\">Das alte Forsthaus (Foto: Postkarte)<\/figcaption><\/figure>\n<p><span style=\"font-family: verdana,geneva,sans-serif;\"><span style=\"font-size: 14pt;\"><span style=\"font-size: 12pt;\"><strong>Das alte Forsthaus<\/strong><\/span> <span style=\"font-size: 10pt;\">&#8211; von Fritz Meyer)<\/span><\/span><\/span><\/p>\n<p><span style=\"font-family: verdana,geneva,sans-serif;\">\u00a0<\/span><\/p>\n<p><span style=\"font-family: verdana,geneva,sans-serif; font-size: 10pt;\">&#8230;. an der Schee\u00dfeler Stra\u00dfe.\u00a0 Dieses Haus hat eine bewegte Geschichte hinter sich.<br \/>\n<a href=\"https:\/\/veesbook.net\/wordpress\/geschichten\/erinnerungen-ii\/das-alte-forsthaus\/\">(weiter lesen)<\/a><\/span><\/p>\n<hr \/>\n<p><span style=\"font-family: verdana,geneva,sans-serif; font-size: 14pt;\"><strong><span style=\"font-size: 12pt;\">Der <span class=\"search_hit\">Hoins<\/span> <span class=\"search_hit\">Hoff <\/span>und meine Jahre dort\u00a0 <\/span><\/strong>&#8211; <span style=\"font-size: 10pt;\">von Helga Kr\u00f6ger<\/span><\/span><\/p>\n<p><span style=\"font-family: verdana,geneva,sans-serif; font-size: 10pt;\">Meine Eltern und Gro\u00dfeltern lebten vorher auf Brinks Hofstelle (heute Claus Behrens,Deepener Stra\u00dfe 43) Hof 58.<\/span><br \/>\n<span style=\"font-family: verdana,geneva,sans-serif; font-size: 10pt;\"> Meine Gro\u00dfeltern v\u00e4terlicher Seite waren Hinrich Klee geb. 06.07.1870 in Westerholz &#8230;<\/span><br \/>\n<span style=\"font-family: verdana,geneva,sans-serif; font-size: 10pt;\"> <a href=\"https:\/\/veesbook.net\/wordpress\/geschichten\/erinnerungen-ii\/meine-zeit-auf-dem-hoins-hof\/\">(weiter lesen)<\/a><\/span><\/p>\n<hr \/>\n<p><strong><span style=\"font-family: verdana,geneva,sans-serif; font-size: 12pt;\"><span style=\"font-size: 14pt;\"><span style=\"font-size: 12pt;\">\u201eEen Hand wascht de andere\u201c <\/span><\/span><\/span><\/strong><span style=\"font-family: verdana,geneva,sans-serif; font-size: 10pt;\">&#8211;\u00a0 Rainer Bassen<\/span><span style=\"font-family: verdana,geneva,sans-serif; font-size: 12pt;\"><br \/>\n<\/span><\/p>\n<p><span style=\"font-size: 10pt;\"><span style=\"font-family: verdana,geneva,sans-serif;\">De sch\u00f6nsten Erlevnisse hest du in de Kinnerties&#8220;, s\u00e4 mien Opa so manchet Mol to mi, as ick noch een l\u00fctten Knirpsweer un ick mi sehns\u00fcchtig w\u00fcnscht heff, endlich groot to ween. <\/span><span style=\"font-family: verdana,geneva,sans-serif;\">\u201eEen Hand wascht de andere\u201c weer so\u2019n Schnack, denn he an Liev harr<\/span><strong><span style=\"font-family: verdana,geneva,sans-serif;\">.<br \/>\n<\/span><\/strong><span style=\"font-family: verdana,geneva,sans-serif;\"><a href=\"https:\/\/veesbook.net\/wordpress\/geschichten\/erinnerungen-ii\/een-hand-wascht-de-andere\/\">(weiter lesen)<\/a><\/span><\/span><\/p>\n<hr \/>\n<p><span style=\"font-family: verdana,geneva,sans-serif;\"><span style=\"font-size: 12pt;\"><strong>Es dunkelt schon in der Heide \u2026<\/strong> &#8211;<\/span><\/span><span style=\"font-size: 10pt;\"><span style=\"font-family: verdana,geneva,sans-serif;\">\u00a0 von Liselotte Semmelroggen<\/span><\/span><strong><span style=\"font-size: 14pt;\"><br \/>\n<\/span><\/strong><\/p>\n<p><span style=\"font-family: verdana,geneva,sans-serif; font-size: 10pt;\">Erinnerungen an die fr\u00fche Kindheit besitzen wir alle. Manches hat man vergessen, aber bestimmte Ereignisse sind haften geblieben und tauchen bei Gelegenheit wieder aus der Tiefe auf. Wenn ich mit meinem Mann haute eine Feldrundfahrt mach und wir an unserer fr\u00fcheren Melkweide vorbeikommen, denke ich an meinen Gro\u00dfvater und unsere gemeinsame Fahrten nach \u201eAchter Wischen\u201c.<\/span><br \/>\n<span style=\"font-family: verdana,geneva,sans-serif;\"><span style=\"font-size: 10pt;\"> <a href=\"https:\/\/veesbook.net\/wordpress\/geschichten\/erinnerungen-ii\/es-dunkelt-schon-in-der-heide\/\">(weiter lesen)<\/a><\/span><br \/>\n<\/span><\/p>\n<hr \/>\n<p><span style=\"font-family: verdana,geneva,sans-serif;\"><span style=\"font-size: 12pt;\"><strong>Winter\u00a0<\/strong><\/span> &#8211; <span style=\"font-size: 10pt;\">von Marga Rathjen<\/span><\/span><\/p>\n<p><span style=\"font-family: verdana,geneva,sans-serif; font-size: 10pt;\">Winter in meiner Kindheit verbindet sich in meiner Erinnerung immer mit Eis und Schnee &#8211; mehr noch Eis als Schnee.<\/span><br \/>\n<span style=\"font-family: verdana,geneva,sans-serif; font-size: 10pt;\"> <a href=\"https:\/\/veesbook.net\/wordpress\/geschichten\/erinnerungen-ii\/winter-marga-rathjen-geb-trau-wv-10-cordts\/\">(weiter lesen)<\/a><\/span><\/p>\n<hr \/>\n<p><span style=\"font-family: verdana,geneva,sans-serif; font-size: 12pt;\"><strong>G\u00e4nse\u00a0<\/strong> &#8211;<span style=\"font-size: 10pt;\"> von Marga Rathjen <\/span><br \/>\n<\/span><\/p>\n<p><span style=\"font-size: 10pt; font-family: verdana,geneva,sans-serif;\">In meiner Kindheit hatten wir auf unserem Hof immer eine kleine Herde von G\u00e4nsen. Mein Opa war sehr angetan von jeglichem Federvieh; dazu geh\u00f6rten nat\u00fcrlich auch die H\u00fchner und seine Tauben.<\/span><br \/>\n<span style=\"font-size: 10pt; font-family: verdana,geneva,sans-serif;\"> <a href=\"https:\/\/veesbook.net\/wordpress\/geschichten\/erinnerungen-ii\/gaense-marga-rathjen\/\">(weiter lesen)<\/a><\/span><\/p>\n<hr \/>\n<p><span style=\"font-family: verdana,geneva,sans-serif; font-size: 10pt;\"><strong><span style=\"font-size: 12pt;\">Verdunkelung<\/span><\/strong>\u00a0 &#8211; von Marga Rathjen<br \/>\n<\/span><\/p>\n<p><span style=\"font-family: verdana,geneva,sans-serif; font-size: 10pt;\">Das Wort Verdunkelung ist noch ein Relikt aus dem letzten Krieg und wird heute von den j\u00fcngeren Menschen wohl kaum mehr verstanden<\/span><br \/>\n<span style=\"font-family: verdana,geneva,sans-serif; font-size: 10pt;\"> <a href=\"https:\/\/veesbook.net\/wordpress\/geschichten\/erinnerungen-ii\/verdunkelung-marga-rathjen-geb-trau-wv-10-cordts\/\">(weiter lesen)<\/a><\/span><\/p>\n<hr \/>\n<p><span style=\"font-family: verdana,geneva,sans-serif; font-size: 10pt;\"><strong><span style=\"font-size: 12pt;\">Acht Jahre Volksschule in Vees<\/span><\/strong>\u00a0 &#8211; von Marga Rathjen<\/span><\/p>\n<p><span style=\"font-family: verdana,geneva,sans-serif; font-size: 10pt;\">Zur Schule gekommen bin ich Ostern 1937. Unser Jahrgang war stark vertreten mit 6 Jungen und 5 M\u00e4dchen. So viel Aufhebens wie heute bei der Einschulung kannte man damals nicht. Aber soweit ich mich erinnere, gab es eine kleine T\u00fcte Bonbon vom Lehrer. Dieser hie\u00df Richard Deutsch, und &#8230;<\/span><br \/>\n<span style=\"font-family: verdana,geneva,sans-serif; font-size: 10pt;\"> <a href=\"https:\/\/veesbook.net\/wordpress\/geschichten\/erinnerungen-ii\/1513-2\/\">(weiter lesen)<\/a><\/span><\/p>\n<hr \/>\n<p><span style=\"font-family: verdana,geneva,sans-serif; font-size: 10pt;\"><strong><span style=\"font-size: 12pt;\">Westervesede \u2013 ein lebendiges Dorf<\/span><\/strong>\u00a0 &#8211; von Marga Rathjen<\/span><\/p>\n<p><span style=\"font-family: verdana,geneva,sans-serif; font-size: 10pt;\">Haupts\u00e4chlich war die Landwirtschaft immer der Hauptzweig. &#8211; Wenn man aber mal \u00fcberlegt, was sonst noch alles los war, kann noch manches aufgez\u00e4hlt werden.<\/span><br \/>\n<span style=\"font-family: verdana,geneva,sans-serif; font-size: 10pt;\"> Da w\u00e4ren zum Beispiel: &#8230;.<\/span><br \/>\n<span style=\"font-family: verdana,geneva,sans-serif; font-size: 10pt;\"> <a href=\"https:\/\/veesbook.net\/wordpress\/geschichten\/erinnerungen-ii\/westervesede-ein-lebendiges-dorf-marga-rathjen\/\">(weiter lesen)<\/a><\/span><\/p>\n<hr \/>\n<p style=\"text-align: left;\"><span style=\"font-family: verdana,geneva,sans-serif;\"><strong><span style=\"font-size: 12pt;\">Kindheitserinnerungen<\/span><\/strong> <span style=\"font-size: 10pt;\">&#8211; von Marianne Schr\u00f6der<\/span><\/span><\/p>\n<figure id=\"attachment_1040\" aria-describedby=\"caption-attachment-1040\" style=\"width: 112px\" class=\"wp-caption alignleft\"><img loading=\"lazy\" decoding=\"async\" class=\"wp-image-1040\" src=\"https:\/\/veesbook.net\/wordpress\/wp-content\/uploads\/2016\/03\/Kindheitserinnerungen-M.Schr%C3%B6der-216x300.jpg\" alt=\"Kindheitserinnerungen M.Schr\u00f6der\" width=\"112\" height=\"156\" \/><figcaption id=\"caption-attachment-1040\" class=\"wp-caption-text\">(Foto: Privat)<\/figcaption><\/figure>\n<p><span style=\"font-family: verdana,geneva,sans-serif; font-size: 10pt;\">Das Ende des 2. Weltkrieges und die Nachkriegszeit<\/span><br \/>\n<span style=\"font-family: verdana,geneva,sans-serif; font-size: 10pt;\"> <em>von Marianne Schr\u00f6der, geb. Wichern (1939 in Deepen 5)<br \/>\n<\/em>Meine Erinnerungen an die Kriegsjahre gehen in den Sommer 1943 zur\u00fcck. Ich war bei Miesners Oma (Anm.: Deepen 3). Ein Soldat kam mit einem Fahrrad. Es war Papa! Er nahm mich mit. Wir fuhren direkt ins Keenmoor, wo die Gro\u00dfeltern, Mama und Garbers Mama beim Heuaufladen waren.<\/span><br \/>\n<span style=\"font-family: verdana,geneva,sans-serif; font-size: 10pt;\"> <a href=\"https:\/\/veesbook.net\/wordpress\/geschichten\/erinnerungen-ii\/kindheitserinnerungen-marianne-schroeder\/\">(weiter lesen)<\/a><\/span><\/p>\n<p>&nbsp;<\/p>\n<p>&nbsp;<\/p>\n<hr \/>\n<p style=\"text-align: left;\"><span style=\"font-family: verdana,geneva,sans-serif; font-size: 10pt;\"><strong><span style=\"font-size: 12pt;\">Leben ohne Supermarkt<\/span><\/strong> &#8211; von Marianne Schr\u00f6der<\/span><\/p>\n<p><span style=\"font-family: verdana,geneva,sans-serif; font-size: 10pt;\">Marianne Schr\u00f6der aus Deepen berichtet, wie sie es erlebt hat:<br \/>\nDie Ern\u00e4hrungs- und Einkaufsm\u00f6glichkeiten auf dem Lande sahen im 2. Weltkrieg und kurz danach ganz anders aus als heute.<\/span><br \/>\n<span style=\"font-family: verdana,geneva,sans-serif; font-size: 10pt;\"> <a href=\"https:\/\/veesbook.net\/wordpress\/geschichten\/erinnerungen-ii\/leben-ohne-supermarkt\/\">(Weiter lesen)<\/a><\/span><\/p>\n<hr \/>\n<p><span style=\"font-size: 12pt;\"><strong><span style=\"font-family: verdana,geneva,sans-serif;\">Die Hausschlachtung <\/span><\/strong><span style=\"font-family: verdana,geneva,sans-serif; font-size: 10pt;\">&#8211; von Wilhelm Niest\u00e4dt<\/span><strong><span style=\"font-family: verdana,geneva,sans-serif;\"><br \/>\n<\/span><\/strong><\/span><\/p>\n<p><span style=\"font-family: verdana,geneva,sans-serif; font-size: 10pt;\">Beim Schlachten war die Handhabung wegen der \u00f6rtlichen Platzverh\u00e4ltnisse und der Eigenart des jeweiligen Schlachters schon verschieden. Ausnahmsweise halfen die Nachbarn nur beim Rinderschlachten oder &#8230;<\/span><\/p>\n<p><span style=\"font-family: verdana,geneva,sans-serif; font-size: 10pt;\"><a href=\"https:\/\/veesbook.net\/wordpress\/geschichten\/erinnerungen-ii\/die-hausschlachtung-2\/\">(weiter lesen)<\/a><\/span><\/p>\n<hr \/>\n<p><span style=\"font-family: verdana,geneva,sans-serif;\"><strong>Die letzten Kriegstage in Westervesede<\/strong> (Gerhard Klee)<\/span><\/p>\n<p><span style=\"font-family: verdana,geneva,sans-serif;\">&#8230; (Marianne Klee)<\/span><br \/>\n<a href=\"https:\/\/veesbook.net\/wordpress\/geschichten\/erinnerungen-ii\/kriegsende-1945\/\">(weiter lesen)<\/a><\/p>\n<hr \/>\n<p>&nbsp;<\/p>\n<p><span style=\"font-family: verdana,geneva,sans-serif;\"><strong>Dat Eierk\u00f6pen<\/strong> (Helga Kr\u00f6ger)<\/span><br \/>\n<a href=\"https:\/\/veesbook.net\/wordpress\/traditionelles\/eierkoepen\/\">(weiter lesen)<\/a><\/p>\n<hr \/>\n<p><strong>Kriegsgedenken in Westervesede<\/strong><\/p>\n<p>An vielen Stellen wird in Westervesede der Opfer sowie der Teilnehmer der Weltkriege gedacht.<\/p>\n<p><a href=\"https:\/\/veesbook.net\/wordpress\/kriegsgedenken\/\">(weiter lesen)<\/a><\/p>\n<hr \/>\n<p>&nbsp;<\/p>\n","protected":false},"excerpt":{"rendered":"<p>Neue Ortsschilder f\u00fcr Westervesede Neue Ortschilder f\u00fcr Westervesede?! Sind die denn schon wieder entwendet worden? &#8211; Nein. (weiter lesen) Musterungsbescheinigung Molly Musterung von Hunden im 2. Weltkrieg. Im 2. Weltkrieg wurden auch Hunde eingesetzt. Diese z\u00fcchtet man eigens f\u00fcr den Einsatz. (weiter lesen) Mit Signalfarbe bestrichene Dreibeine an den Stra\u00dfenr\u00e4ndern Seit Anfang des Jahres 2009 [&hellip;]<\/p>\n","protected":false},"author":3,"featured_media":0,"parent":82,"menu_order":0,"comment_status":"closed","ping_status":"closed","template":"","meta":{"_genesis_hide_title":false,"_genesis_hide_breadcrumbs":false,"_genesis_hide_singular_image":false,"_genesis_hide_footer_widgets":false,"_genesis_custom_body_class":"","_genesis_custom_post_class":"","_genesis_layout":"full-width-content","footnotes":""},"class_list":{"0":"post-304","1":"page","2":"type-page","3":"status-publish","5":"entry"},"_links":{"self":[{"href":"https:\/\/veesbook.net\/wordpress\/wp-json\/wp\/v2\/pages\/304","targetHints":{"allow":["GET"]}}],"collection":[{"href":"https:\/\/veesbook.net\/wordpress\/wp-json\/wp\/v2\/pages"}],"about":[{"href":"https:\/\/veesbook.net\/wordpress\/wp-json\/wp\/v2\/types\/page"}],"author":[{"embeddable":true,"href":"https:\/\/veesbook.net\/wordpress\/wp-json\/wp\/v2\/users\/3"}],"replies":[{"embeddable":true,"href":"https:\/\/veesbook.net\/wordpress\/wp-json\/wp\/v2\/comments?post=304"}],"version-history":[{"count":93,"href":"https:\/\/veesbook.net\/wordpress\/wp-json\/wp\/v2\/pages\/304\/revisions"}],"predecessor-version":[{"id":6184,"href":"https:\/\/veesbook.net\/wordpress\/wp-json\/wp\/v2\/pages\/304\/revisions\/6184"}],"up":[{"embeddable":true,"href":"https:\/\/veesbook.net\/wordpress\/wp-json\/wp\/v2\/pages\/82"}],"wp:attachment":[{"href":"https:\/\/veesbook.net\/wordpress\/wp-json\/wp\/v2\/media?parent=304"}],"curies":[{"name":"wp","href":"https:\/\/api.w.org\/{rel}","templated":true}]}}