{"id":3272,"date":"2017-10-09T10:10:03","date_gmt":"2017-10-09T08:10:03","guid":{"rendered":"https:\/\/veesbook.net\/wordpress\/?page_id=3272"},"modified":"2018-01-26T13:38:16","modified_gmt":"2018-01-26T12:38:16","slug":"hofchronik-westervesede-nr-16-johanns","status":"publish","type":"page","link":"https:\/\/veesbook.net\/wordpress\/haus-und-hof\/haus-und-hof-1\/hofgeschichten\/hofchronik-westervesede-nr-16-johanns\/","title":{"rendered":"Hofchronik Westervesede Nr. 16 &#8211; Johanns"},"content":{"rendered":"<div class=\"one-half first\">\n<p>[ahmetiwptimeline groupid=&#8220;28&#8243; sort=&#8220;ASC&#8220; state=&#8220;close&#8220;]<\/p>\n<\/div><div class=\"one-half\">\n<p>Grundherr der Hofstelle war bis ca. 1650 von Hohnhorst auf Rittergut Veerse. Danach erwarb im Rahmen von Schuldabl\u00f6sungen Thomas (?) von Gerstenberg, Amt Rotenburg das Anwesen.<br \/>\n1841 wurden die Grundrechte abgel\u00f6st.<br \/>\n1915 erfolgte die Abl\u00f6sung von Pfarr- und K\u00fcsterpflichten (Kirche Schee\u00dfel)<\/p>\n<figure id=\"attachment_3279\" aria-describedby=\"caption-attachment-3279\" style=\"width: 300px\" class=\"wp-caption alignleft\"><img loading=\"lazy\" decoding=\"async\" class=\"wp-image-3279 size-medium\" src=\"https:\/\/veesbook.net\/wordpress\/wp-content\/uploads\/2017\/10\/1950-Johanns-300x205.jpg\" alt=\"Wv - Nr. 16 - Johanns\" width=\"300\" height=\"205\" srcset=\"https:\/\/veesbook.net\/wordpress\/wp-content\/uploads\/2017\/10\/1950-Johanns-300x205.jpg 300w, https:\/\/veesbook.net\/wordpress\/wp-content\/uploads\/2017\/10\/1950-Johanns-650x445.jpg 650w, https:\/\/veesbook.net\/wordpress\/wp-content\/uploads\/2017\/10\/1950-Johanns.jpg 1669w\" sizes=\"auto, (max-width: 300px) 100vw, 300px\" \/><figcaption id=\"caption-attachment-3279\" class=\"wp-caption-text\">Wv &#8211; Nr. 16 &#8211; Johanns (Im Winkel)<\/figcaption><\/figure>\n<p>&nbsp;<\/p>\n<p>&nbsp;<\/p>\n<p>&nbsp;<\/p>\n<p>&nbsp;<\/p>\n<p>&nbsp;<\/p>\n<p>&nbsp;<\/p>\n<p>&nbsp;<\/p>\n<figure id=\"attachment_3281\" aria-describedby=\"caption-attachment-3281\" style=\"width: 300px\" class=\"wp-caption alignleft\"><img loading=\"lazy\" decoding=\"async\" class=\"size-medium wp-image-3281\" src=\"https:\/\/veesbook.net\/wordpress\/wp-content\/uploads\/2017\/10\/Johanns-Scheune-nach-Brand-300x201.jpg\" alt=\"Johanns Scheune nach Brand\" width=\"300\" height=\"201\" srcset=\"https:\/\/veesbook.net\/wordpress\/wp-content\/uploads\/2017\/10\/Johanns-Scheune-nach-Brand-300x200.jpg 300w, https:\/\/veesbook.net\/wordpress\/wp-content\/uploads\/2017\/10\/Johanns-Scheune-nach-Brand-663x445.jpg 663w, https:\/\/veesbook.net\/wordpress\/wp-content\/uploads\/2017\/10\/Johanns-Scheune-nach-Brand.jpg 717w\" sizes=\"auto, (max-width: 300px) 100vw, 300px\" \/><figcaption id=\"caption-attachment-3281\" class=\"wp-caption-text\">Johanns Scheune nach Brand<\/figcaption><\/figure>\n<p>&nbsp;<\/p>\n<p>&nbsp;<\/p>\n<p>&nbsp;<\/p>\n<p>&nbsp;<\/p>\n<p>&nbsp;<\/p>\n<p>&nbsp;<\/p>\n<p>&nbsp;<\/p>\n<p>Nachstehend ein Ehestiftungsvertrag von 1869<\/p>\n<p><a href=\"https:\/\/veesbook.net\/wordpress\/wp-content\/uploads\/2017\/10\/1872-wv-16-ehestiftung-.pdf\">1869 &#8211; wv 16 &#8211; ehestiftung<\/a><\/p>\n<p>&nbsp;<\/p>\n<p>&nbsp;<\/p>\n<\/div><\/p>\n","protected":false},"excerpt":{"rendered":"","protected":false},"author":3,"featured_media":0,"parent":331,"menu_order":0,"comment_status":"closed","ping_status":"closed","template":"","meta":{"_genesis_hide_title":false,"_genesis_hide_breadcrumbs":false,"_genesis_hide_singular_image":false,"_genesis_hide_footer_widgets":false,"_genesis_custom_body_class":"","_genesis_custom_post_class":"","_genesis_layout":"","footnotes":""},"class_list":{"0":"post-3272","1":"page","2":"type-page","3":"status-publish","5":"entry"},"_links":{"self":[{"href":"https:\/\/veesbook.net\/wordpress\/wp-json\/wp\/v2\/pages\/3272","targetHints":{"allow":["GET"]}}],"collection":[{"href":"https:\/\/veesbook.net\/wordpress\/wp-json\/wp\/v2\/pages"}],"about":[{"href":"https:\/\/veesbook.net\/wordpress\/wp-json\/wp\/v2\/types\/page"}],"author":[{"embeddable":true,"href":"https:\/\/veesbook.net\/wordpress\/wp-json\/wp\/v2\/users\/3"}],"replies":[{"embeddable":true,"href":"https:\/\/veesbook.net\/wordpress\/wp-json\/wp\/v2\/comments?post=3272"}],"version-history":[{"count":8,"href":"https:\/\/veesbook.net\/wordpress\/wp-json\/wp\/v2\/pages\/3272\/revisions"}],"predecessor-version":[{"id":3739,"href":"https:\/\/veesbook.net\/wordpress\/wp-json\/wp\/v2\/pages\/3272\/revisions\/3739"}],"up":[{"embeddable":true,"href":"https:\/\/veesbook.net\/wordpress\/wp-json\/wp\/v2\/pages\/331"}],"wp:attachment":[{"href":"https:\/\/veesbook.net\/wordpress\/wp-json\/wp\/v2\/media?parent=3272"}],"curies":[{"name":"wp","href":"https:\/\/api.w.org\/{rel}","templated":true}]}}