{"id":329,"date":"2016-02-06T09:21:39","date_gmt":"2016-02-06T09:21:39","guid":{"rendered":"https:\/\/veesbook.net\/wordpress\/?page_id=329"},"modified":"2025-03-22T12:56:47","modified_gmt":"2025-03-22T11:56:47","slug":"oertl-verwaltung","status":"publish","type":"page","link":"https:\/\/veesbook.net\/wordpress\/wir-in-vees\/oertl-verwaltung\/","title":{"rendered":"\u00d6rtliche Verwaltung"},"content":{"rendered":"<p>Westervesede hat als Ortsteil der Einheitsgemeinde Schee\u00dfel einen Ortsrat, dessen Aufgabenbereich vorallem darin liegt, die \u00f6rtlichen Interessen gegen\u00fcber Rat und Verwaltung in Schee\u00dfel zu vertreten. Eine weitere Zust\u00e4ndigkeit liegt im kulturellen Bereich , der F\u00f6rderung der Vereine, dem Verwalten von Friedhof, Friedhoskapelle und Dorfgemeinschaftshaus (ohne Kindergarten).<\/p>\n<p>Westervesede hat eine eigene Website:\u00a0 <a href=\"http:\/\/www.westervesede.de\" target=\"_blank\" rel=\"noopener noreferrer\">www.westervesede.de<\/a><\/p>\n<p>Aktuelle Ortrat (Stand: M\u00e4rz 2025)<\/p>\n<table style=\"border-collapse: collapse;width: 100%\">\n<tbody>\n<tr>\n<td style=\"width: 33.3333%\">Ortb\u00fcrgermeister<\/td>\n<td style=\"width: 33.3333%\">Ralf J\u00fcrges<\/td>\n<td style=\"width: 33.3333%\">0152\/08889613<\/td>\n<\/tr>\n<tr>\n<td style=\"width: 33.3333%\">stellvertr. Ortsb\u00fcrgermeister<\/td>\n<td style=\"width: 33.3333%\">Jan Heitmann<\/td>\n<td style=\"width: 33.3333%\">0162\/9730535<\/td>\n<\/tr>\n<tr>\n<td style=\"width: 33.3333%\">Ortsratsmitglied<\/td>\n<td style=\"width: 33.3333%\">Ingmar Bassen<\/td>\n<td style=\"width: 33.3333%\">0172\/7587477<\/td>\n<\/tr>\n<tr>\n<td style=\"width: 33.3333%\">Ortsratsmitglied<\/td>\n<td style=\"width: 33.3333%\">Stephanie Dreyer<\/td>\n<td style=\"width: 33.3333%\">0174\/9271598<\/td>\n<\/tr>\n<tr>\n<td style=\"width: 33.3333%\">Ortsratsmitglied<\/td>\n<td style=\"width: 33.3333%\">Christian G\u00f6tze<\/td>\n<td style=\"width: 33.3333%\">0172\/5261203<\/td>\n<\/tr>\n<tr>\n<td style=\"width: 33.3333%\">Ortsratsmitglied<\/td>\n<td style=\"width: 33.3333%\">Andreas Heitmann<\/td>\n<td style=\"width: 33.3333%\">0172\/1585971<\/td>\n<\/tr>\n<tr>\n<td style=\"width: 33.3333%\">Ortsratsmitglied<\/td>\n<td style=\"width: 33.3333%\">Matthias Kr\u00f6ger<\/td>\n<td style=\"width: 33.3333%\">0173\/8721772<\/td>\n<\/tr>\n<\/tbody>\n<\/table>\n<p>&nbsp;<\/p>\n","protected":false},"excerpt":{"rendered":"<p>Westervesede hat als Ortsteil der Einheitsgemeinde Schee\u00dfel einen Ortsrat, dessen Aufgabenbereich vorallem darin liegt, die \u00f6rtlichen Interessen gegen\u00fcber Rat und Verwaltung in Schee\u00dfel zu vertreten. Eine weitere Zust\u00e4ndigkeit liegt im kulturellen Bereich , der F\u00f6rderung der Vereine, dem Verwalten von Friedhof, Friedhoskapelle und Dorfgemeinschaftshaus (ohne Kindergarten). Westervesede hat eine eigene Website:\u00a0 www.westervesede.de Aktuelle Ortrat (Stand: [&hellip;]<\/p>\n","protected":false},"author":3,"featured_media":0,"parent":316,"menu_order":0,"comment_status":"closed","ping_status":"closed","template":"","meta":{"_genesis_hide_title":false,"_genesis_hide_breadcrumbs":false,"_genesis_hide_singular_image":false,"_genesis_hide_footer_widgets":false,"_genesis_custom_body_class":"","_genesis_custom_post_class":"","_genesis_layout":"full-width-content","footnotes":""},"class_list":{"0":"post-329","1":"page","2":"type-page","3":"status-publish","5":"entry"},"_links":{"self":[{"href":"https:\/\/veesbook.net\/wordpress\/wp-json\/wp\/v2\/pages\/329","targetHints":{"allow":["GET"]}}],"collection":[{"href":"https:\/\/veesbook.net\/wordpress\/wp-json\/wp\/v2\/pages"}],"about":[{"href":"https:\/\/veesbook.net\/wordpress\/wp-json\/wp\/v2\/types\/page"}],"author":[{"embeddable":true,"href":"https:\/\/veesbook.net\/wordpress\/wp-json\/wp\/v2\/users\/3"}],"replies":[{"embeddable":true,"href":"https:\/\/veesbook.net\/wordpress\/wp-json\/wp\/v2\/comments?post=329"}],"version-history":[{"count":8,"href":"https:\/\/veesbook.net\/wordpress\/wp-json\/wp\/v2\/pages\/329\/revisions"}],"predecessor-version":[{"id":5932,"href":"https:\/\/veesbook.net\/wordpress\/wp-json\/wp\/v2\/pages\/329\/revisions\/5932"}],"up":[{"embeddable":true,"href":"https:\/\/veesbook.net\/wordpress\/wp-json\/wp\/v2\/pages\/316"}],"wp:attachment":[{"href":"https:\/\/veesbook.net\/wordpress\/wp-json\/wp\/v2\/media?parent=329"}],"curies":[{"name":"wp","href":"https:\/\/api.w.org\/{rel}","templated":true}]}}