{"id":3485,"date":"2017-11-26T16:05:19","date_gmt":"2017-11-26T15:05:19","guid":{"rendered":"https:\/\/veesbook.net\/wordpress\/?page_id=3485"},"modified":"2017-11-27T14:06:50","modified_gmt":"2017-11-27T13:06:50","slug":"hofchronik-westervesede-nr-15-minken","status":"publish","type":"page","link":"https:\/\/veesbook.net\/wordpress\/haus-und-hof\/haus-und-hof-1\/hofchronik-westervesede-nr-15-minken\/","title":{"rendered":"Hofchronik Westervesede Nr. 15 &#8211; Minken"},"content":{"rendered":"<div class=\"one-half first\">\n<p>[ahmetiwptimeline groupid=&#8220;34&#8243; sort=&#8220;ASC&#8220; state=&#8220;close&#8220;]<\/p>\n<\/div><div class=\"one-half\">\n<p>So berichteten die L\u00fcbecker Nachrichten \u00fcber Johann Korte, der zuletzt im Haus Nr. 47 (D\u00f6rps), das auch als Armenhaus genutzt wurde, wohnen musste.<\/p>\n<a href=\"https:\/\/veesbook.net\/wordpress\/wp-content\/uploads\/2017\/11\/Bericht-\u00fcber-korte.pdf\" class=\"pdfemb-viewer\" style=\"\" data-width=\"max\" data-height=\"max\" data-toolbar=\"bottom\" data-toolbar-fixed=\"off\">Bericht \u00fcber korte<\/a>\n<\/div><\/p>\n","protected":false},"excerpt":{"rendered":"","protected":false},"author":34,"featured_media":0,"parent":147,"menu_order":0,"comment_status":"closed","ping_status":"closed","template":"","meta":{"_genesis_hide_title":false,"_genesis_hide_breadcrumbs":false,"_genesis_hide_singular_image":false,"_genesis_hide_footer_widgets":false,"_genesis_custom_body_class":"","_genesis_custom_post_class":"","_genesis_layout":"","footnotes":""},"class_list":{"0":"post-3485","1":"page","2":"type-page","3":"status-publish","5":"entry"},"_links":{"self":[{"href":"https:\/\/veesbook.net\/wordpress\/wp-json\/wp\/v2\/pages\/3485","targetHints":{"allow":["GET"]}}],"collection":[{"href":"https:\/\/veesbook.net\/wordpress\/wp-json\/wp\/v2\/pages"}],"about":[{"href":"https:\/\/veesbook.net\/wordpress\/wp-json\/wp\/v2\/types\/page"}],"author":[{"embeddable":true,"href":"https:\/\/veesbook.net\/wordpress\/wp-json\/wp\/v2\/users\/34"}],"replies":[{"embeddable":true,"href":"https:\/\/veesbook.net\/wordpress\/wp-json\/wp\/v2\/comments?post=3485"}],"version-history":[{"count":5,"href":"https:\/\/veesbook.net\/wordpress\/wp-json\/wp\/v2\/pages\/3485\/revisions"}],"predecessor-version":[{"id":3499,"href":"https:\/\/veesbook.net\/wordpress\/wp-json\/wp\/v2\/pages\/3485\/revisions\/3499"}],"up":[{"embeddable":true,"href":"https:\/\/veesbook.net\/wordpress\/wp-json\/wp\/v2\/pages\/147"}],"wp:attachment":[{"href":"https:\/\/veesbook.net\/wordpress\/wp-json\/wp\/v2\/media?parent=3485"}],"curies":[{"name":"wp","href":"https:\/\/api.w.org\/{rel}","templated":true}]}}