{"id":3512,"date":"2017-12-04T09:53:16","date_gmt":"2017-12-04T08:53:16","guid":{"rendered":"https:\/\/veesbook.net\/wordpress\/?page_id=3512"},"modified":"2026-04-10T15:37:03","modified_gmt":"2026-04-10T13:37:03","slug":"aktueller-vorstand","status":"publish","type":"page","link":"https:\/\/veesbook.net\/wordpress\/veesbook\/aktueller-vorstand\/","title":{"rendered":"Der Verein VEESbook e.V."},"content":{"rendered":"<p><img loading=\"lazy\" decoding=\"async\" class=\"alignleft wp-image-3898 size-full\" src=\"https:\/\/veesbook.net\/wordpress\/wp-content\/uploads\/2018\/07\/Logo.png\" alt=\"VEESbook\" width=\"150\" height=\"135\" \/><\/p>\n<p>&nbsp;<\/p>\n<p>&nbsp;<\/p>\n<p>&nbsp;<\/p>\n<p>&nbsp;<\/p>\n<p>&nbsp;<\/p>\n<p>Der aktuelle Vorstand (Stand 1\/2026):<\/p>\n<p style=\"padding-left: 30px\">1. Vorsitzender: Ralf Schr\u00f6der<br \/>\n2. Vorsitzender: Norbert Witte<br \/>\nKassenwartin: Imke Leverenz<br \/>\nSchriftf\u00fchrerin: Silke Bassen<br \/>\nBeisitzer: G\u00fcnter Frick + Joachim Karstaedt<\/p>\n<p><a href=\"https:\/\/veesbook.net\/wordpress\/unsere-vorstaende\/\">Bisherige Vorst\u00e4nde:\u00a0 2011 &#8211;<\/a><\/p>\n<p><a href=\"https:\/\/veesbook.net\/wordpress\/der-verein-veesbook\/downloads\/\">Satzung und Beitrittserkl\u00e4rung als Download<\/a><\/p>\n<p>Diese Aktivit\u00e4ten wurden in den letzten Jahren gemacht:<\/p>\n<p>&#8211; Grillabend<\/p>\n<p><a class=\"_ps2id\" href=\"https:\/\/veesbook.net\/wordpress\/geschichten\/kurioses\/\" data-ps2id-offset=\"\">&#8211; Filmabend &#8222;Die Heide stirbt&#8220;<\/a><\/p>\n<p>&#8211; Besuch des Kreisarchivs in Bremerv\u00f6rde<\/p>\n<p>&#8211; Besuch des Gemeindearchivs in Schee\u00dfel<\/p>\n<p>&#8211; Kinoabende mit Filmen aus der n\u00e4heren Umgebung<\/p>\n<p>&#8211; plattdeutscher Abend<\/p>\n<p>&#8211; Besuch des Bunker Valentin in Bremen-Farge<\/p>\n<p>&#8211; Besuch des &#8222;Br\u00fcnjes-Archivs&#8220; der Rotenburger Werke mit (geschichtlicher) F\u00fchrung durch das Gel\u00e4nde zwischen Soltauer Stra\u00dfe und Lindenstra\u00dfe<\/p>\n","protected":false},"excerpt":{"rendered":"<p>&nbsp; &nbsp; &nbsp; &nbsp; &nbsp; Der aktuelle Vorstand (Stand 1\/2026): 1. Vorsitzender: Ralf Schr\u00f6der 2. Vorsitzender: Norbert Witte Kassenwartin: Imke Leverenz Schriftf\u00fchrerin: Silke Bassen Beisitzer: G\u00fcnter Frick + Joachim Karstaedt Bisherige Vorst\u00e4nde:\u00a0 2011 &#8211; Satzung und Beitrittserkl\u00e4rung als Download Diese Aktivit\u00e4ten wurden in den letzten Jahren gemacht: &#8211; Grillabend &#8211; Filmabend &#8222;Die Heide stirbt&#8220; &#8211; [&hellip;]<\/p>\n","protected":false},"author":11,"featured_media":3127,"parent":6,"menu_order":0,"comment_status":"closed","ping_status":"closed","template":"","meta":{"_genesis_hide_title":false,"_genesis_hide_breadcrumbs":false,"_genesis_hide_singular_image":false,"_genesis_hide_footer_widgets":false,"_genesis_custom_body_class":"","_genesis_custom_post_class":"","_genesis_layout":"","footnotes":""},"class_list":{"0":"post-3512","1":"page","2":"type-page","3":"status-publish","4":"has-post-thumbnail","6":"entry"},"_links":{"self":[{"href":"https:\/\/veesbook.net\/wordpress\/wp-json\/wp\/v2\/pages\/3512","targetHints":{"allow":["GET"]}}],"collection":[{"href":"https:\/\/veesbook.net\/wordpress\/wp-json\/wp\/v2\/pages"}],"about":[{"href":"https:\/\/veesbook.net\/wordpress\/wp-json\/wp\/v2\/types\/page"}],"author":[{"embeddable":true,"href":"https:\/\/veesbook.net\/wordpress\/wp-json\/wp\/v2\/users\/11"}],"replies":[{"embeddable":true,"href":"https:\/\/veesbook.net\/wordpress\/wp-json\/wp\/v2\/comments?post=3512"}],"version-history":[{"count":16,"href":"https:\/\/veesbook.net\/wordpress\/wp-json\/wp\/v2\/pages\/3512\/revisions"}],"predecessor-version":[{"id":6258,"href":"https:\/\/veesbook.net\/wordpress\/wp-json\/wp\/v2\/pages\/3512\/revisions\/6258"}],"up":[{"embeddable":true,"href":"https:\/\/veesbook.net\/wordpress\/wp-json\/wp\/v2\/pages\/6"}],"wp:featuredmedia":[{"embeddable":true,"href":"https:\/\/veesbook.net\/wordpress\/wp-json\/wp\/v2\/media\/3127"}],"wp:attachment":[{"href":"https:\/\/veesbook.net\/wordpress\/wp-json\/wp\/v2\/media?parent=3512"}],"curies":[{"name":"wp","href":"https:\/\/api.w.org\/{rel}","templated":true}]}}