{"id":357,"date":"2016-02-06T10:17:01","date_gmt":"2016-02-06T10:17:01","guid":{"rendered":"https:\/\/veesbook.net\/wordpress\/?page_id=357"},"modified":"2025-04-22T10:01:46","modified_gmt":"2025-04-22T08:01:46","slug":"moorfest","status":"publish","type":"page","link":"https:\/\/veesbook.net\/wordpress\/traditionelles\/moorfest\/","title":{"rendered":"Moorfest"},"content":{"rendered":"<p><strong>Wie es zum Moorfest zwischen Brockel und Westervesede kam.<\/strong><\/p>\n<figure id=\"attachment_1656\" aria-describedby=\"caption-attachment-1656\" style=\"width: 300px\" class=\"wp-caption alignleft\"><img loading=\"lazy\" decoding=\"async\" class=\"wp-image-1656 size-medium\" title=\"zooom\" src=\"https:\/\/veesbook.net\/wordpress\/wp-content\/uploads\/2016\/02\/Moorfest-a-300x280.jpg\" alt=\"Moorfest\" width=\"300\" height=\"280\" srcset=\"https:\/\/veesbook.net\/wordpress\/wp-content\/uploads\/2016\/02\/Moorfest-a-300x280.jpg 300w, https:\/\/veesbook.net\/wordpress\/wp-content\/uploads\/2016\/02\/Moorfest-a-477x445.jpg 477w, https:\/\/veesbook.net\/wordpress\/wp-content\/uploads\/2016\/02\/Moorfest-a.jpg 1036w\" sizes=\"auto, (max-width: 300px) 100vw, 300px\" \/><figcaption id=\"caption-attachment-1656\" class=\"wp-caption-text\">Gedenkstein Moorfest<\/figcaption><\/figure>\n<p>Die Sch\u00fctzenvereine Brockel und Westervesede feiern alle zehn Jahre ein Freundschaftsfest an der gemeinsamen Gemarkungsgrenze auf dem gro\u00dfen Loh, das so genannte und beliebte Moorfest. Erstmalig wurde das Moorfest im Jahr 1980 veranstaltet aus Anla\u00df der offiziellen zehnj\u00e4hrigen Freundschaft zwischen den Sch\u00fctzenvereinen Brockel und Westervesede.<br \/>\nDie Ideengeber waren bereits viel fr\u00fcher die B\u00fcrgermeister Holtermann aus Brockel und Thies aus Westervesede, die sich gut verstanden und gemeinsam vereinbart hatten, dass, wenn die Stra\u00dfen zwischen Westervesede und Brockel zusammenkommen, aus diesem Anlass an der gemeinsamen Grenze ein Ochse gebraten werden sollte.<br \/>\nEin freundschaftliches Verh\u00e4ltnis entwickelte sich auch zwischen den Schie\u00dfgruppen der Sch\u00fctzenvereine beider Orte, die sich regelm\u00e4\u00dfig bei den Rundenwettk\u00e4mpfen trafen und dabei h\u00e4ufiger t\u00fcchtig feierten. Oskar Feldmann geh\u00f6rte auch dazu und als er 1967 Erntemeister war, lud er den Sch\u00fctzenverein Brockel zum Erntefest ein. Seit diesem Jahr besuchten sich beide Vereine gegenseitig bei deren Festen.<br \/>\nDie Freundschaft beider Vereine lebt bis heute und ist intensiver denn je.<br \/>\nBesondere H\u00f6hepunkte sind die gemeinsamen Moorfeste, die nach 1980 in den Jahren 1990, 2000 und 2010 gefeiert wurden und allen Beteiligten in toller Erinnerung geblieben sind.<\/p>\n<h2 id=\"tablepress-3-name\" class=\"tablepress-table-name tablepress-table-name-id-3\">Moormajest\u00e4ten<\/h2>\n\n<table id=\"tablepress-3\" class=\"tablepress tablepress-id-3\" aria-labelledby=\"tablepress-3-name\">\n<thead>\n<tr class=\"row-1\">\n\t<th class=\"column-1\">\u00a0Jahr<\/th><th class=\"column-2\">Moork\u00f6nig<\/th><th class=\"column-3\">Moork\u00f6nigin<\/th><th class=\"column-4\">Altersk\u00f6nig\/in<\/th><th class=\"column-5\">Jugendk\u00f6nig<\/th><th class=\"column-6\">Kinderk\u00f6nig<\/th>\n<\/tr>\n<\/thead>\n<tbody class=\"row-striping row-hover\">\n<tr class=\"row-2\">\n\t<td class=\"column-1\">2023<\/td><td class=\"column-2\">Thorben Menzel (Brockel)<\/td><td class=\"column-3\">Ute Wichmann (Brockel)<\/td><td class=\"column-4\">Ilse Broocks (Deepen)<\/td><td class=\"column-5\">Sophia Bruns (Brockel)<\/td><td class=\"column-6\">Lasse Wellbrock (Brockel)<\/td>\n<\/tr>\n<tr class=\"row-3\">\n\t<td class=\"column-1\">2010<\/td><td class=\"column-2\">Jan Heitmann (14)<\/td><td class=\"column-3\">Andrea Heitmann (1)<\/td><td class=\"column-4\">Hedi Sch\u00f6ning (Brockel)<\/td><td class=\"column-5\">Chris Brunner (Brockel)<\/td><td class=\"column-6\">S\u00f6nke Meyer<\/td>\n<\/tr>\n<tr class=\"row-4\">\n\t<td class=\"column-1\">2000<\/td><td class=\"column-2\">Martin Riebesell<\/td><td class=\"column-3\">Kerstin Heitmann (14)<\/td><td class=\"column-4\">Hermann Sackmann (Brockel)<\/td><td class=\"column-5\">Matthias Wehrmann<\/td><td class=\"column-6\"><\/td>\n<\/tr>\n<tr class=\"row-5\">\n\t<td class=\"column-1\">1990<\/td><td class=\"column-2\">Volker Kr\u00f6ger<\/td><td class=\"column-3\">Marianne Hoffmann (Brockel)<\/td><td class=\"column-4\">Friedrich Heitmann (75)<\/td><td class=\"column-5\">Silvia Huch<\/td><td class=\"column-6\"><\/td>\n<\/tr>\n<\/tbody>\n<\/table>\n<!-- #tablepress-3 from cache -->\n","protected":false},"excerpt":{"rendered":"<p>Wie es zum Moorfest zwischen Brockel und Westervesede kam. Die Sch\u00fctzenvereine Brockel und Westervesede feiern alle zehn Jahre ein Freundschaftsfest an der gemeinsamen Gemarkungsgrenze auf dem gro\u00dfen Loh, das so genannte und beliebte Moorfest. Erstmalig wurde das Moorfest im Jahr 1980 veranstaltet aus Anla\u00df der offiziellen zehnj\u00e4hrigen Freundschaft zwischen den Sch\u00fctzenvereinen Brockel und Westervesede. Die [&hellip;]<\/p>\n","protected":false},"author":3,"featured_media":0,"parent":117,"menu_order":0,"comment_status":"closed","ping_status":"closed","template":"","meta":{"_genesis_hide_title":false,"_genesis_hide_breadcrumbs":false,"_genesis_hide_singular_image":false,"_genesis_hide_footer_widgets":false,"_genesis_custom_body_class":"","_genesis_custom_post_class":"","_genesis_layout":"full-width-content","footnotes":""},"class_list":{"0":"post-357","1":"page","2":"type-page","3":"status-publish","5":"entry"},"_links":{"self":[{"href":"https:\/\/veesbook.net\/wordpress\/wp-json\/wp\/v2\/pages\/357","targetHints":{"allow":["GET"]}}],"collection":[{"href":"https:\/\/veesbook.net\/wordpress\/wp-json\/wp\/v2\/pages"}],"about":[{"href":"https:\/\/veesbook.net\/wordpress\/wp-json\/wp\/v2\/types\/page"}],"author":[{"embeddable":true,"href":"https:\/\/veesbook.net\/wordpress\/wp-json\/wp\/v2\/users\/3"}],"replies":[{"embeddable":true,"href":"https:\/\/veesbook.net\/wordpress\/wp-json\/wp\/v2\/comments?post=357"}],"version-history":[{"count":9,"href":"https:\/\/veesbook.net\/wordpress\/wp-json\/wp\/v2\/pages\/357\/revisions"}],"predecessor-version":[{"id":5154,"href":"https:\/\/veesbook.net\/wordpress\/wp-json\/wp\/v2\/pages\/357\/revisions\/5154"}],"up":[{"embeddable":true,"href":"https:\/\/veesbook.net\/wordpress\/wp-json\/wp\/v2\/pages\/117"}],"wp:attachment":[{"href":"https:\/\/veesbook.net\/wordpress\/wp-json\/wp\/v2\/media?parent=357"}],"curies":[{"name":"wp","href":"https:\/\/api.w.org\/{rel}","templated":true}]}}