{"id":363,"date":"2016-02-06T10:18:58","date_gmt":"2016-02-06T10:18:58","guid":{"rendered":"https:\/\/veesbook.net\/wordpress\/?page_id=363"},"modified":"2019-02-04T14:47:11","modified_gmt":"2019-02-04T13:47:11","slug":"partnerschaft-mit-billingshausen","status":"publish","type":"page","link":"https:\/\/veesbook.net\/wordpress\/traditionelles\/partnerschaft-mit-billingshausen\/","title":{"rendered":"Freundschaft mit Billingshausen"},"content":{"rendered":"<p style=\"padding-left: 30px;\"><span style=\"font-family: verdana,geneva,sans-serif;\"><em><img loading=\"lazy\" decoding=\"async\" class=\"alignleft wp-image-1975 size-thumbnail\" src=\"https:\/\/veesbook.net\/wordpress\/wp-content\/uploads\/2016\/02\/Wappen-Biilingshausen-150x150.jpg\" alt=\"Wappen Biilingshausen\" width=\"150\" height=\"150\"><\/em><\/span><\/p>\n<p><span style=\"font-family: verdana,geneva,sans-serif;\">Es war im Sommer 1974: G\u00fcnter Indorf war der Vorsitzende der Landjugend Westervesede &nbsp;und die Landjugendgruppe &nbsp;wollte Kontakt &nbsp;zu einer evangelischen Landjugendgruppe im s\u00fcddeutschen Raum aufnehmen.<\/span><\/p>\n<p><span style=\"font-family: verdana,geneva,sans-serif;\">Als G\u00fcnter&nbsp; Indorf w\u00e4hrend seiner Bundeswehrzeit einmal in Fulda weilte und er nun schon einmal soweit im S\u00fcden war, fuhr er am n\u00e4chsten Tag weiter in den Main-Spessart-Kreis in die damalige Kreisstadt Lohr\/Main. &nbsp;Auf dem Landratsamt erkundigte er sich nach evangelischen Landjugendgruppen in der Umgebung von Lohr. G\u00fcnter bekam drei Gruppen genannt; eine davon war Billingshausen *), wohin der Pf\u00f6rtner des Landratsamtes Marktheidenfeld ihn auch verwies.<\/span><\/p>\n<p><span style=\"font-family: verdana,geneva,sans-serif;\">So kam G\u00fcnter nach Billingshausen und suchte dort den damaligen B\u00fcrgermeister Werner Heu\u00dflein auf. Mit Walter&nbsp; Heu\u00dflein, Egon Hasenfu\u00df und Hermann Meyer traf man sich am Abend &nbsp;im Gasthaus \u201eSchwarzer Adler\u201c. Man kam sich schnell n\u00e4her und plante dort bereits das erste Treffen.<\/span><\/p>\n<p><span style=\"font-family: verdana,geneva,sans-serif;\">Die freundschaftlichen Besuche, die sich aus dieser (spontanen) Aktion ergaben, beruhen nicht auf einer offiziellen, kommunalen Partnerschafterkl\u00e4rung, sondern werden allein durch Aktivit\u00e4ten von \u00f6rtlichen Vereinen, die sich verbunden f\u00fchlen, und &#8211; inzwischen etlichen &#8211; privaten Initiativen getragen.<\/span><\/p>\n<p><span style=\"font-family: verdana,geneva,sans-serif;\">Diese Freundschaft hat auch in der Chronik von Billingshausen einen Platz gefunden. <\/span><a href=\"https:\/\/veesbook.net\/wordpress\/traditionelles\/chronik-billingshausen\/\"><span style=\"font-family: verdana,geneva,sans-serif;\">(weiter lesen)<\/span><\/a><\/p>\n<p><span style=\"font-family: verdana,geneva,sans-serif;\">Wie gut man zueinander passte, zeigt sich an den vielen Begegnungen der Gruppen und den pers\u00f6nlichen Kontakten, die nicht damit enden, dass sich Kinder von &nbsp;Aktiven der ersten Stunden als Ehepartner gefunden haben.<\/span><\/p>\n<p><span style=\"font-family: verdana,geneva,sans-serif;\">Die nachfolgende Auflistung von Besuchsdaten und ihrem Anlass \u2013 zum Teil auch mit Fotos und Presseberichten verdanken wir Egon Hasenfu\u00df.<br \/>\n<a href=\"https:\/\/veesbook.net\/wordpress\/wp-content\/uploads\/2016\/06\/Freundschaft-Billingshausen-II.pdf\">Besuchsliste Billingshausen\/Westervesede<\/a><\/span><br \/>\n<span style=\"font-family: verdana,geneva,sans-serif;\"> Die Auflistung dieser freundschaftlichen Begegnungen bis 2014 ist nicht vollst\u00e4ndig:&nbsp; So fehlen z.B. Besuche von Johann und Lisa Klee, Westervesede sowie die gegenseitigen Besuche der Familien Heinz Menke, Westervesede und Fam. Robert Heu\u00dflein, Billingshausen.<\/span><\/p>\n<p><span style=\"font-family: verdana,geneva,sans-serif;\">Was w\u00e4re aber eine Freundschaft, wenn sie nur von 60 j\u00e4hrigen gepflegt w\u00fcrde. Seit ein paar Jahren &nbsp;(2014) liegt die Organisation von&nbsp; Besuche z.B. zur&nbsp; Kirchweih in Billingshausen, zum Hurricane-Festival nach Schee\u00dfel&nbsp; oder zu gegenseitigen Geburtstagsbesuchen in jugendlicher Hand.<\/span><\/p>\n<p>&nbsp;<\/p>\n<p><span style=\"font-family: verdana,geneva,sans-serif;\">*) Billingshausen ist Ortsteil der Gemeinde Birkenfels (Unterfranken) und liegt 459 km von Westervesede entfernt inmitten der gro\u00dfen Mainschleife etwa 10 km nordwestlich von W\u00fcrzburg.<br \/>\n<a href=\"https:\/\/de.wikipedia.org\/wiki\/Billingshausen_(Birkenfeld)\">https:\/\/de.wikipedia.org\/wiki\/Billingshausen_(Birkenfeld)<\/a><\/span><\/p>\n<p>&nbsp;<\/p>\n<p><span style=\"font-family: verdana,geneva,sans-serif;\"> (awl)<\/span><\/p>\n","protected":false},"excerpt":{"rendered":"<p>Es war im Sommer 1974: G\u00fcnter Indorf war der Vorsitzende der Landjugend Westervesede &nbsp;und die Landjugendgruppe &nbsp;wollte Kontakt &nbsp;zu einer evangelischen Landjugendgruppe im s\u00fcddeutschen Raum aufnehmen. Als G\u00fcnter&nbsp; Indorf w\u00e4hrend seiner Bundeswehrzeit einmal in Fulda weilte und er nun schon einmal soweit im S\u00fcden war, fuhr er am n\u00e4chsten Tag weiter in den Main-Spessart-Kreis in [&hellip;]<\/p>\n","protected":false},"author":3,"featured_media":1975,"parent":117,"menu_order":0,"comment_status":"closed","ping_status":"closed","template":"","meta":{"_genesis_hide_title":false,"_genesis_hide_breadcrumbs":false,"_genesis_hide_singular_image":false,"_genesis_hide_footer_widgets":false,"_genesis_custom_body_class":"","_genesis_custom_post_class":"","_genesis_layout":"full-width-content","footnotes":""},"class_list":{"0":"post-363","1":"page","2":"type-page","3":"status-publish","4":"has-post-thumbnail","6":"entry"},"_links":{"self":[{"href":"https:\/\/veesbook.net\/wordpress\/wp-json\/wp\/v2\/pages\/363","targetHints":{"allow":["GET"]}}],"collection":[{"href":"https:\/\/veesbook.net\/wordpress\/wp-json\/wp\/v2\/pages"}],"about":[{"href":"https:\/\/veesbook.net\/wordpress\/wp-json\/wp\/v2\/types\/page"}],"author":[{"embeddable":true,"href":"https:\/\/veesbook.net\/wordpress\/wp-json\/wp\/v2\/users\/3"}],"replies":[{"embeddable":true,"href":"https:\/\/veesbook.net\/wordpress\/wp-json\/wp\/v2\/comments?post=363"}],"version-history":[{"count":17,"href":"https:\/\/veesbook.net\/wordpress\/wp-json\/wp\/v2\/pages\/363\/revisions"}],"predecessor-version":[{"id":4216,"href":"https:\/\/veesbook.net\/wordpress\/wp-json\/wp\/v2\/pages\/363\/revisions\/4216"}],"up":[{"embeddable":true,"href":"https:\/\/veesbook.net\/wordpress\/wp-json\/wp\/v2\/pages\/117"}],"wp:featuredmedia":[{"embeddable":true,"href":"https:\/\/veesbook.net\/wordpress\/wp-json\/wp\/v2\/media\/1975"}],"wp:attachment":[{"href":"https:\/\/veesbook.net\/wordpress\/wp-json\/wp\/v2\/media?parent=363"}],"curies":[{"name":"wp","href":"https:\/\/api.w.org\/{rel}","templated":true}]}}