{"id":3789,"date":"2018-04-11T14:21:58","date_gmt":"2018-04-11T12:21:58","guid":{"rendered":"https:\/\/veesbook.net\/wordpress\/?page_id=3789"},"modified":"2018-04-27T19:13:29","modified_gmt":"2018-04-27T17:13:29","slug":"chronik-de-veeser-moehl","status":"publish","type":"page","link":"https:\/\/veesbook.net\/wordpress\/haus-und-hof\/haus-und-hof-1\/chronik-de-veeser-moehl\/","title":{"rendered":"Chronik &#8222;De Veeser M\u00f6hl&#8220;"},"content":{"rendered":"<p>Mit der folgenden Pr\u00e4sentation war Veesbook auf dem M\u00fchlentag 2012 in Westervesede vertreten:<\/p>\n<p><a href=\"https:\/\/veesbook.net\/wordpress\/wp-content\/uploads\/2018\/04\/Pr\u00e4sentation-De-M\u00f6hl-.ppsx\">Pr\u00e4sentation -De M\u00f6hl-<\/a><\/p>\n","protected":false},"excerpt":{"rendered":"<p>Mit der folgenden Pr\u00e4sentation war Veesbook auf dem M\u00fchlentag 2012 in Westervesede vertreten: Pr\u00e4sentation -De M\u00f6hl-<\/p>\n","protected":false},"author":34,"featured_media":3790,"parent":147,"menu_order":0,"comment_status":"closed","ping_status":"closed","template":"","meta":{"_genesis_hide_title":false,"_genesis_hide_breadcrumbs":false,"_genesis_hide_singular_image":false,"_genesis_hide_footer_widgets":false,"_genesis_custom_body_class":"","_genesis_custom_post_class":"","_genesis_layout":"","footnotes":""},"class_list":{"0":"post-3789","1":"page","2":"type-page","3":"status-publish","4":"has-post-thumbnail","6":"entry"},"_links":{"self":[{"href":"https:\/\/veesbook.net\/wordpress\/wp-json\/wp\/v2\/pages\/3789","targetHints":{"allow":["GET"]}}],"collection":[{"href":"https:\/\/veesbook.net\/wordpress\/wp-json\/wp\/v2\/pages"}],"about":[{"href":"https:\/\/veesbook.net\/wordpress\/wp-json\/wp\/v2\/types\/page"}],"author":[{"embeddable":true,"href":"https:\/\/veesbook.net\/wordpress\/wp-json\/wp\/v2\/users\/34"}],"replies":[{"embeddable":true,"href":"https:\/\/veesbook.net\/wordpress\/wp-json\/wp\/v2\/comments?post=3789"}],"version-history":[{"count":4,"href":"https:\/\/veesbook.net\/wordpress\/wp-json\/wp\/v2\/pages\/3789\/revisions"}],"predecessor-version":[{"id":3841,"href":"https:\/\/veesbook.net\/wordpress\/wp-json\/wp\/v2\/pages\/3789\/revisions\/3841"}],"up":[{"embeddable":true,"href":"https:\/\/veesbook.net\/wordpress\/wp-json\/wp\/v2\/pages\/147"}],"wp:featuredmedia":[{"embeddable":true,"href":"https:\/\/veesbook.net\/wordpress\/wp-json\/wp\/v2\/media\/3790"}],"wp:attachment":[{"href":"https:\/\/veesbook.net\/wordpress\/wp-json\/wp\/v2\/media?parent=3789"}],"curies":[{"name":"wp","href":"https:\/\/api.w.org\/{rel}","templated":true}]}}