{"id":384,"date":"2016-02-06T10:47:07","date_gmt":"2016-02-06T10:47:07","guid":{"rendered":"https:\/\/veesbook.net\/wordpress\/?page_id=384"},"modified":"2016-02-29T08:40:57","modified_gmt":"2016-02-29T08:40:57","slug":"oehls-joachim","status":"publish","type":"page","link":"https:\/\/veesbook.net\/wordpress\/geschichten\/menschen\/oehls-joachim\/","title":{"rendered":"Oehls Joachim"},"content":{"rendered":"<p>Oehls Joachim &#8211; Der letzte Sch\u00e4fer<\/p>\n<p>Eigentlich hie\u00df er Joachim Peters; kam aus <a href=\"http:\/\/wiki.veesbook.net\/doku.php?id=veeswiki:listederhausundhofnahmen_haus-_hof-nr._20\">Oehls<\/a> Haus.<\/p>\n<p>Geboren am 01. Oktober 1887 besuchte er in Westervesede die Volksschule. Danach war er auf verschiedenen H\u00f6fen in Wester- und Ostervesede als landwirtschaftlicher Gehilfe t\u00e4tig.<\/p>\n<p>Wie vor ihm viele andere <a href=\"http:\/\/wiki.veesbook.net\/doku.php?id=veeswiki:auswanderer\">wanderte er<\/a>\u00a0 am 20. M\u00e4rz 1930 von Bremen mit dem Schiff \u201eDresden\u201c in die USA aus. Der Hof hatte ihn abgefunden.\u00a0 Er wollte sein Gl\u00fcck als Arbeiter auf einer Farm in Amerike versuchen. Mit dem Geld in der Tasche und in Amerika angekommen, verlieh er sein Geld \u2013 und verlor es. \u2013 Er bekam es nicht zur\u00fcck.<\/p>\n<p>Wohl auch deshalb kehrte er in den Kriegsjahren nach Deutschland zur\u00fcck und kaufte sich zun\u00e4chst ein Haus in Sottrum, das er aber bald wieder verkaufte. Viele Entt\u00e4uschungen lagen hinter ihm, als er sich schlie\u00dflich Anfang 1944 entschloss, in die Einsamkeit von Heide und Moor zu gehen und hier ein Einsiedlerleben \u2013 fernab von Menschen \u2013 zu leben. Im \u201eGro\u00dfen Lohmoor\u201c (neben dem heutigen Moorfest-Platz zwischen Brockel und Westervesede) baute er sich eine Erdh\u00f6hle. Seine ganze Sorge galt von nun an seiner Schaftherde, mit der er begleitet von seinem treuen Hund t\u00e4glich durch die Heide, die es damals dort noch gab,\u00a0 zog.<\/p>\n<p>Als Westervesede nach Kriegsende von den Engl\u00e4ndern besetzt war, wurde er h\u00e4ufig zum \u00dcbersetzen geholt: er sprach ja englisch.<\/p>\n<p>In den 50er Jahrer baute kauften Oehls von den Brockeler Bauern\u00a0im \u201eGro\u00dfen Lohmoor\u201c ein St\u00fcck Land und <a href=\"http:\/\/wiki.veesbook.net\/doku.php?id=veeswiki:listederhausundhofnahmen_haus-_hof-nr._45\">Jokers<\/a> Hermann (sen.) baute ihm ein kleines Haus. Dieses steht heute bei Kr\u00f6gers (Heins) im Mitteldorf und wurde dort noch jahrelang als H\u00fchnerstall genutzt.<\/p>\n<p>Etwa 1954 \u2013 nach zehn Jahren in der Einsamkeit \u2013 machte eine schwere Erkrankung einen Krankenhausaufenhalt in Rotenburg erforderlich. Dazu kam dann noch ein Schlaganfall mit dem er seine Sprache verlor. Nach dem Krankenhausaufenthalt ging er zun\u00e4chst wieder in seine Einsamkeit zur\u00fcck. Der Schlaganfall hatte aber offensichtlich weitere Folgen: in seiner Verwirrtheit irrte Joachim oft tagelang herum. Da eine Besserung seines Zustandes nicht erwartet werden konnte, folgte bald eine Einweisung in das Landeskrankenhaus in L\u00fcneburg. Dort verstarb Joachim Peters am 11. Februar 1960.<\/p>\n<p>(Nach &#8222;Trauerreden von Arnold Cordts&#8220;)<\/p>\n","protected":false},"excerpt":{"rendered":"<p>Oehls Joachim &#8211; Der letzte Sch\u00e4fer Eigentlich hie\u00df er Joachim Peters; kam aus Oehls Haus. Geboren am 01. Oktober 1887 besuchte er in Westervesede die Volksschule. Danach war er auf verschiedenen H\u00f6fen in Wester- und Ostervesede als landwirtschaftlicher Gehilfe t\u00e4tig. Wie vor ihm viele andere wanderte er\u00a0 am 20. M\u00e4rz 1930 von Bremen mit dem [&hellip;]<\/p>\n","protected":false},"author":3,"featured_media":0,"parent":239,"menu_order":0,"comment_status":"closed","ping_status":"closed","template":"","meta":{"_genesis_hide_title":false,"_genesis_hide_breadcrumbs":false,"_genesis_hide_singular_image":false,"_genesis_hide_footer_widgets":false,"_genesis_custom_body_class":"","_genesis_custom_post_class":"","_genesis_layout":"","footnotes":""},"class_list":{"0":"post-384","1":"page","2":"type-page","3":"status-publish","5":"entry"},"_links":{"self":[{"href":"https:\/\/veesbook.net\/wordpress\/wp-json\/wp\/v2\/pages\/384","targetHints":{"allow":["GET"]}}],"collection":[{"href":"https:\/\/veesbook.net\/wordpress\/wp-json\/wp\/v2\/pages"}],"about":[{"href":"https:\/\/veesbook.net\/wordpress\/wp-json\/wp\/v2\/types\/page"}],"author":[{"embeddable":true,"href":"https:\/\/veesbook.net\/wordpress\/wp-json\/wp\/v2\/users\/3"}],"replies":[{"embeddable":true,"href":"https:\/\/veesbook.net\/wordpress\/wp-json\/wp\/v2\/comments?post=384"}],"version-history":[{"count":1,"href":"https:\/\/veesbook.net\/wordpress\/wp-json\/wp\/v2\/pages\/384\/revisions"}],"predecessor-version":[{"id":385,"href":"https:\/\/veesbook.net\/wordpress\/wp-json\/wp\/v2\/pages\/384\/revisions\/385"}],"up":[{"embeddable":true,"href":"https:\/\/veesbook.net\/wordpress\/wp-json\/wp\/v2\/pages\/239"}],"wp:attachment":[{"href":"https:\/\/veesbook.net\/wordpress\/wp-json\/wp\/v2\/media?parent=384"}],"curies":[{"name":"wp","href":"https:\/\/api.w.org\/{rel}","templated":true}]}}