{"id":3933,"date":"2018-09-12T09:40:16","date_gmt":"2018-09-12T07:40:16","guid":{"rendered":"https:\/\/veesbook.net\/wordpress\/?page_id=3933"},"modified":"2018-09-12T10:05:54","modified_gmt":"2018-09-12T08:05:54","slug":"der-verein-veesbook-e-v","status":"publish","type":"page","link":"https:\/\/veesbook.net\/wordpress\/der-verein-veesbook-e-v\/","title":{"rendered":"Der Verein VEESbook e.V."},"content":{"rendered":"<p>Hier finden Sie Informationen \u00fcber den Verein VEESbook e.V.<\/p>\n<ul>\n<li>Der aktuelle Vorstand<\/li>\n<li><a href=\"https:\/\/veesbook.net\/wordpress\/unsere-vorstaende\/\">bisherige Vorst\u00e4nde<\/a><\/li>\n<li><a href=\"https:\/\/veesbook.net\/wordpress\/der-verein-veesbook\/downloads\/\">Satzung und Beitrittserkl\u00e4rung als Download<\/a><\/li>\n<\/ul>\n","protected":false},"excerpt":{"rendered":"<p>Hier finden Sie Informationen \u00fcber den Verein VEESbook e.V. Der aktuelle Vorstand bisherige Vorst\u00e4nde Satzung und Beitrittserkl\u00e4rung als Download<\/p>\n","protected":false},"author":34,"featured_media":0,"parent":0,"menu_order":0,"comment_status":"closed","ping_status":"closed","template":"","meta":{"_genesis_hide_title":false,"_genesis_hide_breadcrumbs":false,"_genesis_hide_singular_image":false,"_genesis_hide_footer_widgets":false,"_genesis_custom_body_class":"","_genesis_custom_post_class":"","_genesis_layout":"","footnotes":""},"class_list":{"0":"post-3933","1":"page","2":"type-page","3":"status-publish","5":"entry"},"_links":{"self":[{"href":"https:\/\/veesbook.net\/wordpress\/wp-json\/wp\/v2\/pages\/3933","targetHints":{"allow":["GET"]}}],"collection":[{"href":"https:\/\/veesbook.net\/wordpress\/wp-json\/wp\/v2\/pages"}],"about":[{"href":"https:\/\/veesbook.net\/wordpress\/wp-json\/wp\/v2\/types\/page"}],"author":[{"embeddable":true,"href":"https:\/\/veesbook.net\/wordpress\/wp-json\/wp\/v2\/users\/34"}],"replies":[{"embeddable":true,"href":"https:\/\/veesbook.net\/wordpress\/wp-json\/wp\/v2\/comments?post=3933"}],"version-history":[{"count":3,"href":"https:\/\/veesbook.net\/wordpress\/wp-json\/wp\/v2\/pages\/3933\/revisions"}],"predecessor-version":[{"id":3941,"href":"https:\/\/veesbook.net\/wordpress\/wp-json\/wp\/v2\/pages\/3933\/revisions\/3941"}],"wp:attachment":[{"href":"https:\/\/veesbook.net\/wordpress\/wp-json\/wp\/v2\/media?parent=3933"}],"curies":[{"name":"wp","href":"https:\/\/api.w.org\/{rel}","templated":true}]}}