{"id":398,"date":"2016-02-06T12:07:01","date_gmt":"2016-02-06T12:07:01","guid":{"rendered":"https:\/\/veesbook.net\/wordpress\/?page_id=398"},"modified":"2025-10-19T11:11:17","modified_gmt":"2025-10-19T09:11:17","slug":"baudenkmale","status":"publish","type":"page","link":"https:\/\/veesbook.net\/wordpress\/historisches\/baudenkmale\/","title":{"rendered":"Baudenkmale"},"content":{"rendered":"<p><span style=\"font-family: verdana,geneva,sans-serif;\">In Westervesede gibt es in Folge vieler Br\u00e4nde<span style=\"color: #ff0000;\"> (siehe auch dort)<\/span> kaum noch historische Bausubstanz. <\/span><\/p>\n<p><span style=\"font-family: verdana,geneva,sans-serif;\">Nachfolgende Baudenkmale stehen unter dem Schutz des Nieders. Denkmalschutzgesetz ( 30.05.1978)<\/span><\/p>\n<table style=\"border-collapse: collapse; width: 100%;\">\n<tbody>\n<tr>\n<td style=\"width: 33.3333%;\">Nr. 25\u00a0\u00a0\u00a0 Dreiers Hus<br \/>\nWesterende 21<\/td>\n<td style=\"width: 33.3333%;\">\n<p><figure id=\"attachment_1725\" aria-describedby=\"caption-attachment-1725\" style=\"width: 150px\" class=\"wp-caption alignnone\"><img loading=\"lazy\" decoding=\"async\" class=\"wp-image-1725 size-thumbnail\" src=\"https:\/\/veesbook.net\/wordpress\/wp-content\/uploads\/2016\/02\/Dreiers-Hus.1-150x150.jpg\" alt=\"Dreiers-Hus \" width=\"150\" height=\"150\" \/><figcaption id=\"caption-attachment-1725\" class=\"wp-caption-text\">Dreiers-Hus (Foto: Leverenz)<\/figcaption><\/figure><\/td>\n<td style=\"width: 33.3333%;\">1870 Fachwerk\u00a0 Zweist\u00e4nder-Haus<\/td>\n<\/tr>\n<tr>\n<td style=\"width: 33.3333%;\">Nr. 34\u00a0\u00a0\u00a0 Eggeworths Hus<br \/>\nBartelsdorfer Chaussee 1<\/td>\n<td style=\"width: 33.3333%;\">\n<p><figure id=\"attachment_1722\" aria-describedby=\"caption-attachment-1722\" style=\"width: 150px\" class=\"wp-caption alignnone\"><img loading=\"lazy\" decoding=\"async\" class=\"wp-image-1722 size-thumbnail\" src=\"https:\/\/veesbook.net\/wordpress\/wp-content\/uploads\/2016\/02\/Eggeworts1937-1-150x150.jpg\" alt=\"Eggeworts1937\" width=\"150\" height=\"150\" \/><figcaption id=\"caption-attachment-1722\" class=\"wp-caption-text\">Eggeworts 1937 (Foto: Privat)<\/figcaption><\/figure><\/td>\n<td style=\"width: 33.3333%;\">1848 Fachwerk\u00a0 Zweist\u00e4nder-Haus<\/td>\n<\/tr>\n<tr>\n<td style=\"width: 33.3333%;\"><a href=\"https:\/\/veesbook.net\/wordpress\/haus-und-hof\/haus-und-hof-1\/hofgeschichten\/wv-nr-28-ramakers\/\">Nr. 28 Schlohs Hus<\/a> (fr\u00fcher Ramakers)<br \/>\nDeepener Str.\u00a0 1<\/td>\n<td style=\"width: 33.3333%;\">\n<p><figure id=\"attachment_1724\" aria-describedby=\"caption-attachment-1724\" style=\"width: 150px\" class=\"wp-caption alignnone\"><img loading=\"lazy\" decoding=\"async\" class=\"wp-image-1724 size-thumbnail\" src=\"https:\/\/veesbook.net\/wordpress\/wp-content\/uploads\/2016\/02\/Schlohs-Hus-150x150.jpg\" alt=\"Schlohs-Hus\" width=\"150\" height=\"150\" \/><figcaption id=\"caption-attachment-1724\" class=\"wp-caption-text\">Schlohs-Hus (Foto: Leverenz)<\/figcaption><\/figure><\/td>\n<td style=\"width: 33.3333%;\">1780 Fachwerk\u00a0 Zweist\u00e4nder-Haus<\/td>\n<\/tr>\n<tr>\n<td style=\"width: 33.3333%;\">Nr. 21\u00a0\u00a0\u00a0 Tieten<br \/>\nOsterende 5<\/td>\n<td style=\"width: 33.3333%;\">\n<p><figure id=\"attachment_1726\" aria-describedby=\"caption-attachment-1726\" style=\"width: 150px\" class=\"wp-caption alignnone\"><img loading=\"lazy\" decoding=\"async\" class=\"wp-image-1726 size-thumbnail\" src=\"https:\/\/veesbook.net\/wordpress\/wp-content\/uploads\/2016\/02\/P1030631-150x150.jpg\" alt=\"Tieten-Hus\" width=\"150\" height=\"150\" \/><figcaption id=\"caption-attachment-1726\" class=\"wp-caption-text\">Tieten-Hus (Foto: Leverenz)<\/figcaption><\/figure><\/td>\n<td style=\"width: 33.3333%;\">1800 Fachwerk\u00a0 Zweist\u00e4nder-Haus<\/td>\n<\/tr>\n<tr>\n<td style=\"width: 33.3333%;\">Nr. 61\u00a0\u00a0\u00a0 De M\u00f6hl<br \/>\nFinteler Str. 19<\/td>\n<td style=\"width: 33.3333%;\">\n<p><figure id=\"attachment_770\" aria-describedby=\"caption-attachment-770\" style=\"width: 150px\" class=\"wp-caption alignnone\"><img loading=\"lazy\" decoding=\"async\" class=\"wp-image-770 size-thumbnail\" src=\"https:\/\/veesbook.net\/wordpress\/wp-content\/uploads\/2016\/02\/W-M\u00f6hl-150x150.jpg\" alt=\"Westerveeser-M\u00f6hl\" width=\"150\" height=\"150\" \/><figcaption id=\"caption-attachment-770\" class=\"wp-caption-text\">Westerveeser-M\u00f6hl (Foto: Rutzen)<\/figcaption><\/figure><\/td>\n<td style=\"width: 33.3333%;\">1870 Galerie-Holl\u00e4nder-Windm\u00fchle<br \/>\n(seit 1946 fl\u00fcgellos)<\/p>\n<p>&nbsp;<\/td>\n<\/tr>\n<\/tbody>\n<\/table>\n<div class=\"mceTemp\"><\/div>\n<h4><span style=\"font-family: verdana,geneva,sans-serif;\">Definition des zweist\u00e4nder Fachwerkhauses = Niedersachsenhauses<\/span><\/h4>\n<p><span style=\"font-family: verdana,geneva,sans-serif;\"><strong>Das Hallenhaus<\/strong><\/span><\/p>\n<p><span style=\"font-family: verdana,geneva,sans-serif;\">Pr\u00e4gend f\u00fcr die D\u00f6rfer im unserer Region sind die sog. Hallenh\u00e4user, im 13. bis 15. Jahrhundert aufgekommene Wohnstallh\u00e4user der b\u00e4uerlichen Bev\u00f6lkerung in Fachwerkbauweise. Bei einem Hallenhaus (auch als Niedersachsenhaus bezeichnet) sind Wohnung, Stallraum und Erntelager in einem gro\u00dfen Hausk\u00f6rper zusammengefasst. Grunds\u00e4tzlich unterscheidet man zwischen dem Zwei- und dem Vierst\u00e4nderhaus. Als \u00dcbergangsform gibt es noch das Dreist\u00e4nderhaus.<\/span><\/p>\n<p><span style=\"font-family: verdana,geneva,sans-serif;\"><strong>Zweist\u00e4nderhaus<\/strong><\/span><\/p>\n<p><span style=\"font-family: verdana,geneva,sans-serif;\">Urspr\u00fcnglich hatte das Hallenhaus die Auspr\u00e4gung als Zweist\u00e4nderhaus. Dabei sind zwei St\u00e4nderreihen aufgestellt, auf denen Deckenbalken ruhen. Die St\u00e4nderreihen sind der L\u00e4nge nach im Haus angeordnet und bilden die f\u00fcr den Haustyp charakteristische Diele. An die St\u00e4nderreihen zur Traufseite wurden oft niedrige Raumerweiterungen (K\u00fcbbungen) mit nicht tragenden Seitenw\u00e4nden f\u00fcr die St\u00e4lle angesetzt, die diesem Haustyp den Namen K\u00fcbbungshaus gaben. Eine typische Eigenart des Zweist\u00e4nderbaus besteht darin, dass der Dachboden nicht von den Au\u00dfenw\u00e4nden getragen wird, sondern nur von zwei Reihen von St\u00e4ndern, die Teil der Deelenw\u00e4nde sind.<\/span><\/p>\n<p><span style=\"font-family: verdana,geneva,sans-serif;\"><strong>Dreist\u00e4nderhaus<\/strong><\/span><\/p>\n<p><span style=\"font-family: verdana,geneva,sans-serif;\">Daneben gibt es noch das Dreist\u00e4nderhaus. Dies ist eine asymmetrische Abweichung vom Zwei- und Vierst\u00e4nderhaus, bei der sich der Dachfirst fast oberhalb einer der Deelenw\u00e4nde befindet. Auf dieser Seite befindet sich die Dachtraufe oftmals in H\u00f6he der Dielendecke wie beim Vierst\u00e4nderhaus, auf der anderen ist der untere Teil der Dachsparren angeh\u00e4ngt wie beim Zweist\u00e4nderhaus. Manchmal ist der untere Teil des Daches beidseits angeh\u00e4ngt.<\/span><\/p>\n<p><span style=\"font-family: verdana,geneva,sans-serif;\"><strong>Vierst\u00e4nderhaus<\/strong><\/span><\/p>\n<p><span style=\"font-family: verdana,geneva,sans-serif;\">Die Bauweise des Vierst\u00e4nderhauses stellte eine komfortablere Weiterentwicklung des Zweist\u00e4nderhauses dar und wurde von wohlhabenderen Bauern errichtet. Die Konstruktion beruht auf vier St\u00e4nderreihen in L\u00e4ngsrichtung, von denen zwei Teil der Deelenw\u00e4nde sind, zwei Teil der Au\u00dfenw\u00e4nde. So haben die Au\u00dfenw\u00e4nde als St\u00fctzw\u00e4nde tragende Funktion. Bei den H\u00e4usern wohlhabender Bauern besteht auch eine deutlichere Trennung zwischen Wohnr\u00e4umen und Stallungen.<\/span><\/p>\n<p><span style=\"font-family: verdana,geneva,sans-serif;\">Das Hallenhaus wird auch als Fachhallenhaus bezeichnet. In der wissenschaftlichen Bezeichnung steht <strong>Fach<\/strong> <u>nicht<\/u> f\u00fcr das <a href=\"https:\/\/de.wikipedia.org\/wiki\/Fachwerkhaus\">Fachwerk<\/a> der W\u00e4nde, sondern f\u00fcr das gro\u00dfe <em>Gefach<\/em> zwischen zwei <a href=\"https:\/\/de.wikipedia.org\/wiki\/St\u00e4nder\">Holzst\u00e4nderpaaren<\/a> der Deelendecke und Hausdach tragenden Holzinnenkonstruktion, Abstand etwa 2,5\u00a0m. Danach wurde auch die Hausgr\u00f6\u00dfe bemessen, die kleinsten hatten nur 2 <a href=\"https:\/\/de.wikipedia.org\/wiki\/Gefach\">Fache<\/a>, die gr\u00f6\u00dften mit 10 Fachen erreichten eine L\u00e4nge von etwa 25\u00a0m.<\/span><br \/>\n<span style=\"font-family: verdana,geneva,sans-serif;\"> (Quelle: wikipedia)<\/span><\/p>\n<p>&nbsp;<\/p>\n","protected":false},"excerpt":{"rendered":"<p>In Westervesede gibt es in Folge vieler Br\u00e4nde (siehe auch dort) kaum noch historische Bausubstanz. Nachfolgende Baudenkmale stehen unter dem Schutz des Nieders. Denkmalschutzgesetz ( 30.05.1978) Nr. 25\u00a0\u00a0\u00a0 Dreiers Hus Westerende 21 1870 Fachwerk\u00a0 Zweist\u00e4nder-Haus Nr. 34\u00a0\u00a0\u00a0 Eggeworths Hus Bartelsdorfer Chaussee 1 1848 Fachwerk\u00a0 Zweist\u00e4nder-Haus Nr. 28 Schlohs Hus (fr\u00fcher Ramakers) Deepener Str.\u00a0 1 1780 [&hellip;]<\/p>\n","protected":false},"author":3,"featured_media":770,"parent":101,"menu_order":0,"comment_status":"closed","ping_status":"closed","template":"","meta":{"_genesis_hide_title":false,"_genesis_hide_breadcrumbs":false,"_genesis_hide_singular_image":false,"_genesis_hide_footer_widgets":false,"_genesis_custom_body_class":"","_genesis_custom_post_class":"","_genesis_layout":"full-width-content","footnotes":""},"class_list":{"0":"post-398","1":"page","2":"type-page","3":"status-publish","4":"has-post-thumbnail","6":"entry"},"_links":{"self":[{"href":"https:\/\/veesbook.net\/wordpress\/wp-json\/wp\/v2\/pages\/398","targetHints":{"allow":["GET"]}}],"collection":[{"href":"https:\/\/veesbook.net\/wordpress\/wp-json\/wp\/v2\/pages"}],"about":[{"href":"https:\/\/veesbook.net\/wordpress\/wp-json\/wp\/v2\/types\/page"}],"author":[{"embeddable":true,"href":"https:\/\/veesbook.net\/wordpress\/wp-json\/wp\/v2\/users\/3"}],"replies":[{"embeddable":true,"href":"https:\/\/veesbook.net\/wordpress\/wp-json\/wp\/v2\/comments?post=398"}],"version-history":[{"count":21,"href":"https:\/\/veesbook.net\/wordpress\/wp-json\/wp\/v2\/pages\/398\/revisions"}],"predecessor-version":[{"id":6151,"href":"https:\/\/veesbook.net\/wordpress\/wp-json\/wp\/v2\/pages\/398\/revisions\/6151"}],"up":[{"embeddable":true,"href":"https:\/\/veesbook.net\/wordpress\/wp-json\/wp\/v2\/pages\/101"}],"wp:featuredmedia":[{"embeddable":true,"href":"https:\/\/veesbook.net\/wordpress\/wp-json\/wp\/v2\/media\/770"}],"wp:attachment":[{"href":"https:\/\/veesbook.net\/wordpress\/wp-json\/wp\/v2\/media?parent=398"}],"curies":[{"name":"wp","href":"https:\/\/api.w.org\/{rel}","templated":true}]}}