{"id":4556,"date":"2019-07-04T18:44:05","date_gmt":"2019-07-04T16:44:05","guid":{"rendered":"https:\/\/veesbook.net\/wordpress\/?page_id=4556"},"modified":"2025-05-14T11:33:34","modified_gmt":"2025-05-14T09:33:34","slug":"westervesede-in-historischen-karten","status":"publish","type":"page","link":"https:\/\/veesbook.net\/wordpress\/die-geschichte-unseres-dorfes\/westervesede-in-historischen-karten\/","title":{"rendered":"Westervesede in historischen Karten"},"content":{"rendered":"<p><span style=\"font-family: verdana, geneva, sans-serif;\">Die ersten historischen Karten \u00fcber unsere Region findet man im 16. Jahrhundert.<br \/>\nDiese Karten sind noch sehr grob und ungenau.<br \/>\n<\/span><\/p>\n<figure id=\"attachment_4567\" aria-describedby=\"caption-attachment-4567\" style=\"width: 300px\" class=\"wp-caption alignleft\"><a href=\"https:\/\/www.vintage-maps.com\/de\/antike-landkarten\/europa\/deutschland\/waldseemueller-deutschland-1513-oder-1520::151\"><img loading=\"lazy\" decoding=\"async\" class=\"zoooom wp-image-4567 size-medium\" src=\"https:\/\/veesbook.net\/wordpress\/wp-content\/uploads\/2019\/07\/karte-1513-300x188.jpg\" alt=\"Ausschnitt einer Karte um 1513.\" width=\"300\" height=\"188\" srcset=\"https:\/\/veesbook.net\/wordpress\/wp-content\/uploads\/2019\/07\/karte-1513-300x188.jpg 300w, https:\/\/veesbook.net\/wordpress\/wp-content\/uploads\/2019\/07\/karte-1513.jpg 529w\" sizes=\"auto, (max-width: 300px) 100vw, 300px\" \/><\/a><figcaption id=\"caption-attachment-4567\" class=\"wp-caption-text\">Ausschnitt einer Karte um 1513.<\/figcaption><\/figure>\n<p>&nbsp;<\/p>\n<p>&nbsp;<\/p>\n<p>&nbsp;<\/p>\n<p><span style=\"font-family: verdana, geneva, sans-serif;\">\u00a0<\/span><\/p>\n<p>&nbsp;<\/p>\n<p>&nbsp;<\/p>\n<figure id=\"attachment_4568\" aria-describedby=\"caption-attachment-4568\" style=\"width: 590px\" class=\"wp-caption alignnone\"><a href=\"https:\/\/mapy.mzk.cz\/mzk03\/001\/059\/758\/2619317187\/\" target=\"_blank\" rel=\"noopener noreferrer\"><img loading=\"lazy\" decoding=\"async\" class=\"wp-image-4568 size-large\" src=\"https:\/\/veesbook.net\/wordpress\/wp-content\/uploads\/2019\/07\/Karte-1590-590x445.jpg\" alt=\"Karte aus der Zeit um 1590\" width=\"590\" height=\"445\" srcset=\"https:\/\/veesbook.net\/wordpress\/wp-content\/uploads\/2019\/07\/Karte-1590-590x445.jpg 590w, https:\/\/veesbook.net\/wordpress\/wp-content\/uploads\/2019\/07\/Karte-1590-300x226.jpg 300w, https:\/\/veesbook.net\/wordpress\/wp-content\/uploads\/2019\/07\/Karte-1590.jpg 770w\" sizes=\"auto, (max-width: 590px) 100vw, 590px\" \/><\/a><figcaption id=\"caption-attachment-4568\" class=\"wp-caption-text\">Kartenausschnitt aus der Zeit um 1590<\/figcaption><\/figure>\n<p><span style=\"font-family: verdana, geneva, sans-serif;\">Nach Ende des 30-j\u00e4hrigen Krieges lie\u00df aber die schwedische K\u00f6nigin von Johann Gorries von Gorga \u00fcber das neu erworbene Gebiet in Norddeutschland eine Karte erstellen. Diese Karte ist erstaunlich genau und detailiert. Johann Gorries war schwedischer Offizier und Kartograph. Auff\u00e4llig und gew\u00f6hnungsbed\u00fcrftig ist bei dieser Karte aus 1653 die Ausrichtung der Darstellung, denn Osten ist oben.<\/span><\/p>\n<p>&nbsp;<\/p>\n<figure id=\"attachment_4564\" aria-describedby=\"caption-attachment-4564\" style=\"width: 549px\" class=\"wp-caption alignleft\"><img loading=\"lazy\" decoding=\"async\" class=\"zoooom wp-image-4564 size-large\" src=\"https:\/\/veesbook.net\/wordpress\/wp-content\/uploads\/2019\/07\/Westervesede-um-1653-b-Stockholm-549x445.jpg\" alt=\"Kartenausschnitt um 1653\" width=\"549\" height=\"445\" srcset=\"https:\/\/veesbook.net\/wordpress\/wp-content\/uploads\/2019\/07\/Westervesede-um-1653-b-Stockholm-549x445.jpg 549w, https:\/\/veesbook.net\/wordpress\/wp-content\/uploads\/2019\/07\/Westervesede-um-1653-b-Stockholm-300x243.jpg 300w, https:\/\/veesbook.net\/wordpress\/wp-content\/uploads\/2019\/07\/Westervesede-um-1653-b-Stockholm.jpg 791w\" sizes=\"auto, (max-width: 549px) 100vw, 549px\" \/><figcaption id=\"caption-attachment-4564\" class=\"wp-caption-text\">Kartenausschnitt um 1653<\/figcaption><\/figure>\n<p><span style=\"font-family: verdana, geneva, sans-serif;\">Auf Basis dieser Karte wurden sp\u00e4ter diverse Karten von Fredericus de Wit, einem niederl\u00e4ndischen Verleger und Kartograph, erstellt. Diese Karten waren zum Teil auch kolloriert und beinhalteten auch weitergehende Informationen. Die Archive in Stockholm, London und Stade verwahren solche historischen Karten.<br \/>\n<\/span><\/p>\n<p><img loading=\"lazy\" decoding=\"async\" class=\"wp-image-4558 size-large alignleft\" src=\"https:\/\/veesbook.net\/wordpress\/wp-content\/uploads\/2019\/07\/Westervesede-um-1653-c-Gorries-826x445.jpg\" alt=\"\" width=\"826\" height=\"445\" srcset=\"https:\/\/veesbook.net\/wordpress\/wp-content\/uploads\/2019\/07\/Westervesede-um-1653-c-Gorries-826x445.jpg 826w, https:\/\/veesbook.net\/wordpress\/wp-content\/uploads\/2019\/07\/Westervesede-um-1653-c-Gorries-300x162.jpg 300w, https:\/\/veesbook.net\/wordpress\/wp-content\/uploads\/2019\/07\/Westervesede-um-1653-c-Gorries.jpg 1581w\" sizes=\"auto, (max-width: 826px) 100vw, 826px\" \/> \u00a0\u00a0\u00a0\u00a0\u00a0\u00a0\u00a0\u00a0 <img loading=\"lazy\" decoding=\"async\" class=\"wp-image-4562 size-large alignleft\" src=\"https:\/\/veesbook.net\/wordpress\/wp-content\/uploads\/2019\/07\/westervesede-1653-coll-Stockholm-573x445.jpg\" alt=\"\" width=\"573\" height=\"445\" srcset=\"https:\/\/veesbook.net\/wordpress\/wp-content\/uploads\/2019\/07\/westervesede-1653-coll-Stockholm-573x445.jpg 573w, https:\/\/veesbook.net\/wordpress\/wp-content\/uploads\/2019\/07\/westervesede-1653-coll-Stockholm-300x233.jpg 300w, https:\/\/veesbook.net\/wordpress\/wp-content\/uploads\/2019\/07\/westervesede-1653-coll-Stockholm.jpg 991w\" sizes=\"auto, (max-width: 573px) 100vw, 573px\" \/><\/p>\n<figure id=\"attachment_4579\" aria-describedby=\"caption-attachment-4579\" style=\"width: 704px\" class=\"wp-caption alignleft\"><img loading=\"lazy\" decoding=\"async\" class=\"wp-image-4579 size-large\" src=\"https:\/\/veesbook.net\/wordpress\/wp-content\/uploads\/2019\/07\/Bremen-Verden-1725-50-704x445.jpg\" alt=\"Kartenauschnitt um 1730\" width=\"704\" height=\"445\" srcset=\"https:\/\/veesbook.net\/wordpress\/wp-content\/uploads\/2019\/07\/Bremen-Verden-1725-50-704x445.jpg 704w, https:\/\/veesbook.net\/wordpress\/wp-content\/uploads\/2019\/07\/Bremen-Verden-1725-50-300x190.jpg 300w, https:\/\/veesbook.net\/wordpress\/wp-content\/uploads\/2019\/07\/Bremen-Verden-1725-50.jpg 764w\" sizes=\"auto, (max-width: 704px) 100vw, 704px\" \/><figcaption id=\"caption-attachment-4579\" class=\"wp-caption-text\">Kartenauschnitt um 1730<\/figcaption><\/figure>\n<p>&nbsp;<\/p>\n<p>&nbsp;<\/p>\n<p>&nbsp;<\/p>\n<p>&nbsp;<\/p>\n<p>&nbsp;<\/p>\n<p>&nbsp;<\/p>\n<p>&nbsp;<\/p>\n<p>&nbsp;<\/p>\n<p>&nbsp;<\/p>\n<p>&nbsp;<\/p>\n<p>&nbsp;<\/p>\n<p>&nbsp;<\/p>\n<p>&nbsp;<\/p>\n<p>&nbsp;<\/p>\n<p>&nbsp;<\/p>\n<p><span style=\"font-family: verdana, geneva, sans-serif; font-size: 16px;\">Deutlich erkennbar ist auf all diesen Karten, dass Wester- und Ostervesede von Moor und Bruch umgeben waren und nur einige Wege zu wenigen benachbarten Orten f\u00fchrten. Hemslingen war von Deepen aus z.B. nur zu Trockenzeiten erreichbar, der Weg nach Bartelsdorf und Brockel f\u00fchrte \u00fcber Veerse, der nach Schneverdingen \u00fcber Deepen, Riep.<\/span><\/p>\n<p><span style=\"font-family: verdana, geneva, sans-serif;\">Dies \u00e4nderte sich im wesentlichen erst durch den Bau befestigter Stra\u00dfen und die Entw\u00e4sserung der Moore und des Bruchlandes im letzten und vorletzten Jahrhundert.<br \/>\n<\/span><\/p>\n","protected":false},"excerpt":{"rendered":"<p>Die ersten historischen Karten \u00fcber unsere Region findet man im 16. Jahrhundert. Diese Karten sind noch sehr grob und ungenau. &nbsp; &nbsp; &nbsp; \u00a0 &nbsp; &nbsp; Nach Ende des 30-j\u00e4hrigen Krieges lie\u00df aber die schwedische K\u00f6nigin von Johann Gorries von Gorga \u00fcber das neu erworbene Gebiet in Norddeutschland eine Karte erstellen. Diese Karte ist erstaunlich [&hellip;]<\/p>\n","protected":false},"author":34,"featured_media":4558,"parent":269,"menu_order":0,"comment_status":"closed","ping_status":"closed","template":"","meta":{"_genesis_hide_title":false,"_genesis_hide_breadcrumbs":false,"_genesis_hide_singular_image":false,"_genesis_hide_footer_widgets":false,"_genesis_custom_body_class":"","_genesis_custom_post_class":"","_genesis_layout":"full-width-content","footnotes":""},"class_list":{"0":"post-4556","1":"page","2":"type-page","3":"status-publish","4":"has-post-thumbnail","6":"entry"},"_links":{"self":[{"href":"https:\/\/veesbook.net\/wordpress\/wp-json\/wp\/v2\/pages\/4556","targetHints":{"allow":["GET"]}}],"collection":[{"href":"https:\/\/veesbook.net\/wordpress\/wp-json\/wp\/v2\/pages"}],"about":[{"href":"https:\/\/veesbook.net\/wordpress\/wp-json\/wp\/v2\/types\/page"}],"author":[{"embeddable":true,"href":"https:\/\/veesbook.net\/wordpress\/wp-json\/wp\/v2\/users\/34"}],"replies":[{"embeddable":true,"href":"https:\/\/veesbook.net\/wordpress\/wp-json\/wp\/v2\/comments?post=4556"}],"version-history":[{"count":17,"href":"https:\/\/veesbook.net\/wordpress\/wp-json\/wp\/v2\/pages\/4556\/revisions"}],"predecessor-version":[{"id":6061,"href":"https:\/\/veesbook.net\/wordpress\/wp-json\/wp\/v2\/pages\/4556\/revisions\/6061"}],"up":[{"embeddable":true,"href":"https:\/\/veesbook.net\/wordpress\/wp-json\/wp\/v2\/pages\/269"}],"wp:featuredmedia":[{"embeddable":true,"href":"https:\/\/veesbook.net\/wordpress\/wp-json\/wp\/v2\/media\/4558"}],"wp:attachment":[{"href":"https:\/\/veesbook.net\/wordpress\/wp-json\/wp\/v2\/media?parent=4556"}],"curies":[{"name":"wp","href":"https:\/\/api.w.org\/{rel}","templated":true}]}}