{"id":4665,"date":"2019-08-23T08:18:32","date_gmt":"2019-08-23T06:18:32","guid":{"rendered":"https:\/\/veesbook.net\/wordpress\/?page_id=4665"},"modified":"2019-08-23T08:22:44","modified_gmt":"2019-08-23T06:22:44","slug":"wie-veesbook-zu-seinem-ersten-amerikanischen-vereinsmitglied-kam","status":"publish","type":"page","link":"https:\/\/veesbook.net\/wordpress\/wie-veesbook-zu-seinem-ersten-amerikanischen-vereinsmitglied-kam\/","title":{"rendered":"Wie VEESbook zu seinem ersten amerikanischen Vereinsmitglied kam"},"content":{"rendered":"<p>Im Sommer 2018 bekamen wir eine E-Mail-Anfrage von einem Herren namens Dale aus dem 7500 km entfernten Gainesville in Florida (USA).<\/p>\n<p>Er wollte wissen, wie er Zugang zum Ortfamilenbuch erhalten kann. Seine Gro\u00dfmutter (Martha Margaretha geb. Cordes) stammt aus Schee\u00dfel. Als Ahnenforscher hatte er bereits ein (online) Buch \u00fcber seine Schee\u00dfeler Verwandten geschrieben: https:\/\/myscheesselrelatives.pressbooks.com<\/p>\n<p>Weil er des Deutschen nicht m\u00e4chtig ist, konnte er aus den Vereinsbeitrittsregularien auf www.veesbook.net nicht recht schlau werden. Dabei ist es doch so einfach: erstens Vereinsbeitrittserkl\u00e4rung ausf\u00fcllen und zweitens die zw\u00f6lf Euro Jahresbeitrag bezahlen.<\/p>\n<p>Die Bezahlung stellte allerdings eine echte H\u00fcrde dar. Eine Bank\u00fcberweisung schied aus, weil das zu sehr hohen Geb\u00fchren (ca. 30 Euro) gef\u00fchrt h\u00e4tte.<\/p>\n<p>Unter https:\/\/de.wikipedia.org\/wiki\/Internationale_Bankkontonummer ist dazu Folgendes zu lesen: &#8222;Seinerzeit von den USA vorangetrieben \u2013 die selbst die IBAN aber bis heute nicht umgesetzt haben \u2013 sind derzeit die L\u00e4nder der Europ\u00e4ischen Union die treibende Kraft f\u00fcr die Benutzung der IBAN. Auch au\u00dferhalb Europas \u00fcbernehmen kontinuierlich weitere Staaten diese Notation, insbesondere im Mittelmeerraum, im Nahen Osten und in Mittel- und S\u00fcdamerika.&#8220;<\/p>\n<p>Nach einiger Recherche zeigte sich, dass die Funktion \u201eGeld senden\u201c bei Paypal der beste Weg f\u00fcr die Beitragszahlung sein w\u00fcrde.<\/p>\n<p>Weil Dale noch kein Paypal-Konto besa\u00df, hat er sich dort extra f\u00fcr diese eine Zahlung registriert. Im September traf sein Vereinsbeitrag dann bei uns ein.<\/p>\n<p>\u00dcber den ganzen \u201eBezahlungsstress\u201c hatte Dale es vers\u00e4umt, die Vereinsbeitrittserkl\u00e4rung zu bearbeiten. Wir ermunterten ihn, das Formular auszuf\u00fcllen und uns eine digitale Kopie davon zu senden. Beim Ausf\u00fcllen des Antrags fiel ihm dann auf, dass VEESbookmitglieder ab einem Alter von 80 Jahren beitragsfrei sind &#8211; und er war im Juli 80 Jahre alt geworden!<\/p>\n<p>Anstatt die gezahlten 12 Euro Mitgliedsbeitrag zur\u00fcck zu fordern, hat er seine Zahlung kurzer Hand zur Spende erkl\u00e4rt \ud83d\ude09<\/p>\n<p>Am 1. Oktober war es dann endlich soweit, dass Dale sich erstmals erfolgreich im Ortsfamilienbuch angemeldet hatte. Er schrieb per eMail:<\/p>\n<p>&#8222;Hurrah!!! I am in. Many thanks for all the effort you put in to make this happen.<\/p>\n<p>By having Google automatically translate the pages, I am able to use the website very well. I have looked up a few ancestors and will search some more later. Looks like the database will be very useful to me.<\/p>\n<p>Again, Many Thanks,<\/p>\n<p>Dale&#8220;<\/p>\n","protected":false},"excerpt":{"rendered":"<p>Im Sommer 2018 bekamen wir eine E-Mail-Anfrage von einem Herren namens Dale aus dem 7500 km entfernten Gainesville in Florida (USA). Er wollte wissen, wie er Zugang zum Ortfamilenbuch erhalten kann. Seine Gro\u00dfmutter (Martha Margaretha geb. Cordes) stammt aus Schee\u00dfel. Als Ahnenforscher hatte er bereits ein (online) Buch \u00fcber seine Schee\u00dfeler Verwandten geschrieben: https:\/\/myscheesselrelatives.pressbooks.com Weil [&hellip;]<\/p>\n","protected":false},"author":11,"featured_media":0,"parent":0,"menu_order":0,"comment_status":"closed","ping_status":"closed","template":"","meta":{"_genesis_hide_title":false,"_genesis_hide_breadcrumbs":false,"_genesis_hide_singular_image":false,"_genesis_hide_footer_widgets":false,"_genesis_custom_body_class":"","_genesis_custom_post_class":"","_genesis_layout":"","footnotes":""},"class_list":{"0":"post-4665","1":"page","2":"type-page","3":"status-publish","5":"entry"},"_links":{"self":[{"href":"https:\/\/veesbook.net\/wordpress\/wp-json\/wp\/v2\/pages\/4665","targetHints":{"allow":["GET"]}}],"collection":[{"href":"https:\/\/veesbook.net\/wordpress\/wp-json\/wp\/v2\/pages"}],"about":[{"href":"https:\/\/veesbook.net\/wordpress\/wp-json\/wp\/v2\/types\/page"}],"author":[{"embeddable":true,"href":"https:\/\/veesbook.net\/wordpress\/wp-json\/wp\/v2\/users\/11"}],"replies":[{"embeddable":true,"href":"https:\/\/veesbook.net\/wordpress\/wp-json\/wp\/v2\/comments?post=4665"}],"version-history":[{"count":2,"href":"https:\/\/veesbook.net\/wordpress\/wp-json\/wp\/v2\/pages\/4665\/revisions"}],"predecessor-version":[{"id":4671,"href":"https:\/\/veesbook.net\/wordpress\/wp-json\/wp\/v2\/pages\/4665\/revisions\/4671"}],"wp:attachment":[{"href":"https:\/\/veesbook.net\/wordpress\/wp-json\/wp\/v2\/media?parent=4665"}],"curies":[{"name":"wp","href":"https:\/\/api.w.org\/{rel}","templated":true}]}}