{"id":4852,"date":"2020-02-03T09:59:46","date_gmt":"2020-02-03T08:59:46","guid":{"rendered":"https:\/\/veesbook.net\/wordpress\/?page_id=4852"},"modified":"2020-02-03T10:01:08","modified_gmt":"2020-02-03T09:01:08","slug":"ausgesetztes-kind-in-westeresch-gefunden","status":"publish","type":"page","link":"https:\/\/veesbook.net\/wordpress\/ausgesetztes-kind-in-westeresch-gefunden\/","title":{"rendered":"Ausgesetztes Kind in Westeresch gefunden"},"content":{"rendered":"<p><b><span style=\"font-family: Comic Sans MS, serif;\"><span style=\"font-size: small;\"><span lang=\"en-US\">Ausgesetztes Kind in <\/span><\/span><\/span><span style=\"font-family: Comic Sans MS, serif;\"><span style=\"font-size: small;\"><span lang=\"en-US\">Westeresch gefunden<br \/>\n<\/span><\/span><\/span><\/b><\/p>\n<p><span style=\"font-family: Comic Sans MS, serif;\"><span style=\"font-size: small;\"><span lang=\"en-US\">Am 28ten Juni 1810 abends um 11 Uhr ist vor dem Hause des Johann Diedrich Klee, Baumann zu Westeresch ein Kind weiblichen Geschlechts ausgesetzt worden. <\/span><\/span><\/span><span style=\"font-family: Comic Sans MS, serif;\"><span style=\"font-size: small;\"><span lang=\"en-US\">E<\/span><\/span><\/span><span style=\"font-family: Comic Sans MS, serif;\"><span style=\"font-size: small;\"><span lang=\"en-US\">ine Person, die sich f\u00fcr eine Frau eines damals zu Jeersdorf im Quartier gelegenen franz. J\u00e4gers zu Pferde vom 23ten Regiments ausgegeben hat, <\/span><\/span><\/span><span style=\"font-family: Comic Sans MS, serif;\"><span style=\"font-size: small;\"><span lang=\"en-US\">soll das Kind <\/span><\/span><\/span><span style=\"font-family: Comic Sans MS, serif;\"><span style=\"font-size: small;\"><span lang=\"en-US\">zu L\u00fcbeck geboren haben; <\/span><\/span><\/span><span style=\"font-family: Comic Sans MS, serif;\"><span style=\"font-size: small;\"><span lang=\"en-US\">das Kind sollte <\/span><\/span><\/span><span style=\"font-family: Comic Sans MS, serif;\"><span style=\"font-size: small;\"><span lang=\"en-US\">4 Wochen alt sein. <\/span><\/span><\/span><\/p>\n<p><span style=\"font-family: Comic Sans MS, serif;\"><span style=\"font-size: small;\"><span lang=\"en-US\">Den 30ten Juni ist dieses Kind der Ehefrau von Johann Otto Tambke, H\u00e4usling zu Schee\u00dfel zum S\u00e4ugen und zur Pflege auf \u00f6ffentliche Kosten \u00fcbergeben worden.<\/span><\/span><\/span><\/p>\n<p><span style=\"font-family: Comic Sans MS, serif;\"><span style=\"font-size: small;\"><span lang=\"en-US\">Da man weder den Namen des Vaters noch der Mutter erfahren <\/span><\/span><\/span><span style=\"font-family: Comic Sans MS, serif;\"><span style=\"font-size: small;\"><span lang=\"en-US\">hat<\/span><\/span><\/span><span style=\"font-family: Comic Sans MS, serif;\"><span style=\"font-size: small;\"><span lang=\"en-US\">, <\/span><\/span><\/span><span style=\"font-family: Comic Sans MS, serif;\"><span style=\"font-size: small;\"><span lang=\"en-US\">und auch keine<\/span><\/span><\/span><span style=\"font-family: Comic Sans MS, serif;\"><span style=\"font-size: small;\"><span lang=\"en-US\"> Nachricht <\/span><\/span><\/span><span style=\"font-family: Comic Sans MS, serif;\"><span style=\"font-size: small;\"><span lang=\"en-US\">dar\u00fcber<\/span><\/span><\/span><span style=\"font-family: Comic Sans MS, serif;\"><span style=\"font-size: small;\"><span lang=\"en-US\"> erh<\/span><\/span><\/span><span style=\"font-family: Comic Sans MS, serif;\"><span style=\"font-size: small;\"><span lang=\"en-US\">al<\/span><\/span><\/span><span style=\"font-family: Comic Sans MS, serif;\"><span style=\"font-size: small;\"><span lang=\"en-US\">ten hat, ob dies Kind getauft worden <\/span><\/span><\/span><span style=\"font-family: Comic Sans MS, serif;\"><span style=\"font-size: small;\"><span lang=\"en-US\">war<\/span><\/span><\/span><span style=\"font-family: Comic Sans MS, serif;\"><span style=\"font-size: small;\"><span lang=\"en-US\">, so <\/span><\/span><\/span><span style=\"font-family: Comic Sans MS, serif;\"><span style=\"font-size: small;\"><span lang=\"en-US\">ist<\/span><\/span><\/span><span style=\"font-family: Comic Sans MS, serif;\"><span style=\"font-size: small;\"><span lang=\"en-US\"> auf Verf\u00fcgung der Obrigkeit die Taufe am 14ten September 1810 im Pfarrhause geschehen. <\/span><\/span><\/span><span style=\"font-family: Comic Sans MS, serif;\"><span style=\"font-size: small;\"><span lang=\"en-US\">Das Kind hat <\/span><\/span><\/span><span style=\"font-family: Comic Sans MS, serif;\"><span style=\"font-size: small;\"><span lang=\"en-US\">nach Vorschrift der Kirche der Name C<\/span><\/span><\/span><span style=\"font-family: Comic Sans MS, serif;\"><span style=\"font-size: small;\"><span lang=\"en-US\">h<\/span><\/span><\/span><span style=\"font-family: Comic Sans MS, serif;\"><span style=\"font-size: small;\"><span lang=\"en-US\">ristine von Schee\u00dfel <\/span><\/span><\/span><span style=\"font-family: Comic Sans MS, serif;\"><span style=\"font-size: small;\"><span lang=\"en-US\">bekommen<\/span><\/span><\/span><span style=\"font-family: Comic Sans MS, serif;\"><span style=\"font-size: small;\"><span lang=\"en-US\">.<\/span><\/span><\/span><\/p>\n<p><span style=\"font-family: Comic Sans MS, serif;\"><span style=\"font-size: small;\"><span lang=\"en-US\"><i>(Aus einem Eintrag im Taufregister des Kirchspiel Schee\u00dfel)<\/i><\/span><\/span><\/span><\/p>\n","protected":false},"excerpt":{"rendered":"<p>Ausgesetztes Kind in Westeresch gefunden Am 28ten Juni 1810 abends um 11 Uhr ist vor dem Hause des Johann Diedrich Klee, Baumann zu Westeresch ein Kind weiblichen Geschlechts ausgesetzt worden. Eine Person, die sich f\u00fcr eine Frau eines damals zu Jeersdorf im Quartier gelegenen franz. J\u00e4gers zu Pferde vom 23ten Regiments ausgegeben hat, soll das [&hellip;]<\/p>\n","protected":false},"author":34,"featured_media":0,"parent":0,"menu_order":0,"comment_status":"closed","ping_status":"closed","template":"","meta":{"_genesis_hide_title":false,"_genesis_hide_breadcrumbs":false,"_genesis_hide_singular_image":false,"_genesis_hide_footer_widgets":false,"_genesis_custom_body_class":"","_genesis_custom_post_class":"","_genesis_layout":"","footnotes":""},"class_list":{"0":"post-4852","1":"page","2":"type-page","3":"status-publish","5":"entry"},"_links":{"self":[{"href":"https:\/\/veesbook.net\/wordpress\/wp-json\/wp\/v2\/pages\/4852","targetHints":{"allow":["GET"]}}],"collection":[{"href":"https:\/\/veesbook.net\/wordpress\/wp-json\/wp\/v2\/pages"}],"about":[{"href":"https:\/\/veesbook.net\/wordpress\/wp-json\/wp\/v2\/types\/page"}],"author":[{"embeddable":true,"href":"https:\/\/veesbook.net\/wordpress\/wp-json\/wp\/v2\/users\/34"}],"replies":[{"embeddable":true,"href":"https:\/\/veesbook.net\/wordpress\/wp-json\/wp\/v2\/comments?post=4852"}],"version-history":[{"count":1,"href":"https:\/\/veesbook.net\/wordpress\/wp-json\/wp\/v2\/pages\/4852\/revisions"}],"predecessor-version":[{"id":4853,"href":"https:\/\/veesbook.net\/wordpress\/wp-json\/wp\/v2\/pages\/4852\/revisions\/4853"}],"wp:attachment":[{"href":"https:\/\/veesbook.net\/wordpress\/wp-json\/wp\/v2\/media?parent=4852"}],"curies":[{"name":"wp","href":"https:\/\/api.w.org\/{rel}","templated":true}]}}