{"id":4894,"date":"2020-02-17T10:23:58","date_gmt":"2020-02-17T09:23:58","guid":{"rendered":"https:\/\/veesbook.net\/wordpress\/?page_id=4894"},"modified":"2026-01-21T13:14:13","modified_gmt":"2026-01-21T12:14:13","slug":"800-jahre-vees","status":"publish","type":"page","link":"https:\/\/veesbook.net\/wordpress\/800-jahre-vees\/","title":{"rendered":"800 Jahre Vees"},"content":{"rendered":"<p>&nbsp;<\/p>\n<p>&nbsp;<\/p>\n<figure id=\"attachment_4897\" aria-describedby=\"caption-attachment-4897\" style=\"width: 300px\" class=\"wp-caption alignleft\"><img loading=\"lazy\" decoding=\"async\" class=\"size-medium wp-image-4897\" src=\"https:\/\/veesbook.net\/wordpress\/wp-content\/uploads\/2020\/02\/20191004-Logo-800-Jahr-Feier-Vees-300x212.jpg\" alt=\"800 Jahre Vees\" width=\"300\" height=\"212\" srcset=\"https:\/\/veesbook.net\/wordpress\/wp-content\/uploads\/2020\/02\/20191004-Logo-800-Jahr-Feier-Vees-300x212.jpg 300w, https:\/\/veesbook.net\/wordpress\/wp-content\/uploads\/2020\/02\/20191004-Logo-800-Jahr-Feier-Vees-629x445.jpg 629w, https:\/\/veesbook.net\/wordpress\/wp-content\/uploads\/2020\/02\/20191004-Logo-800-Jahr-Feier-Vees-1536x1087.jpg 1536w, https:\/\/veesbook.net\/wordpress\/wp-content\/uploads\/2020\/02\/20191004-Logo-800-Jahr-Feier-Vees-2048x1449.jpg 2048w\" sizes=\"auto, (max-width: 300px) 100vw, 300px\" \/><figcaption id=\"caption-attachment-4897\" class=\"wp-caption-text\">800 Jahre Vees<br \/>(Andreas v. Fintel)<\/figcaption><\/figure>\n<p style=\"text-align: center;\" align=\"justify\"><strong><span style=\"font-family: 'comic sans ms', sans-serif; font-size: 24pt; color: #ff00ff;\">\u00a0!!! Die gemeinsame Jubil\u00e4umsfeier musste wegen der Corona-Epidemie leider abgesagt werden !!!<\/span><\/strong><\/p>\n<p align=\"justify\"><span style=\"font-size: 12pt;\"><span style=\"font-family: verdana, geneva, sans-serif;\"><span style=\"font-size: 14pt;\"><strong>800 Jahre Vees<\/strong><\/span><br \/>\nAm <span style=\"font-size: 14pt; color: #ff0000;\"><strong>22. August 2020<\/strong><\/span> gibt es eine <\/span><span style=\"font-family: verdana, geneva, sans-serif;\">gemeinsame<span style=\"font-size: 14pt; color: #ff0000;\"><strong> Feier von Ostervesede und Westervesede<\/strong><\/span> an der M\u00fchle.<\/span><\/span><\/p>\n<p>Die erste namentliche Nennung von Vesede (Vesethe) gibt es aus 1219; <a href=\"https:\/\/veesbook.net\/wordpress\/wp-content\/uploads\/2019\/02\/2019-800-Jahre-Vesede.pdf\" class=\"pdfemb-viewer\" style=\"\" data-width=\"max\" data-height=\"max\" data-toolbar=\"bottom\" data-toolbar-fixed=\"off\">2019-800 Jahre Vesede<\/a><\/p>\n<hr \/>\n<p>\u00dcber Jahrzehnte hinweg gab es eine ausgepr\u00e4gte Rivalit\u00e4t zwischen den Ortschaften Ostervesede und Westervesede auch Schwattvees bzw. Wittvees genannt, die sich heute noch in der Differenzierung der Bewohner in \u201eBlackies and Whities\u201c manifestiert.\u00a0 <span style=\"font-family: verdana, geneva, sans-serif; font-size: 12pt;\">(siehe auch: <a href=\"https:\/\/veesbook.net\/wordpress\/bilder-galerie\/aus-alter-zeit\/wittvees-contra-schwattvees\/\">Schwattvees contra Wittvees<\/a> )<\/span><\/p>\n<p align=\"justify\"><span style=\"font-family: verdana, geneva, sans-serif;\">Eine Ann\u00e4herung ist aber un\u00fcbersehbar; was fr\u00fcher kaum denkbar gewesen w\u00e4re: s<\/span><span style=\"font-family: verdana, geneva, sans-serif; font-size: 12pt;\">eit 2012 <span style=\"color: #000000;\"><span lang=\"de-DE\">ist<\/span><\/span> z.B. der Westerveseder Rosenmontagsverein mit seiner Prunksitzung im Dorfgemeinschaftshaus in Ostervesede zu Gast und nun feiern beide D\u00f6rfer ihr (mindesten) 800 j\u00e4hriges Bestehen gemeinsam mit einem gro\u00dfen Fest bei der Westerveseder M\u00fchle auf Osterveseder Grund, etwa da, wo 1973 der eine oder andere auch gerne ein <span style=\"font-family: verdana, geneva, sans-serif;\">gemeinsames Dorfgemeinschaftshaus errichtet h\u00e4tte.<\/span><br \/>\n<\/span><\/p>\n<p align=\"justify\"><span style=\"font-family: verdana, geneva, sans-serif; font-size: 12pt;\">\u00a0<\/span><\/p>\n","protected":false},"excerpt":{"rendered":"<p>&nbsp; &nbsp; \u00a0!!! Die gemeinsame Jubil\u00e4umsfeier musste wegen der Corona-Epidemie leider abgesagt werden !!! 800 Jahre Vees Am 22. August 2020 gibt es eine gemeinsame Feier von Ostervesede und Westervesede an der M\u00fchle. Die erste namentliche Nennung von Vesede (Vesethe) gibt es aus 1219; \u00dcber Jahrzehnte hinweg gab es eine ausgepr\u00e4gte Rivalit\u00e4t zwischen den Ortschaften [&hellip;]<\/p>\n","protected":false},"author":34,"featured_media":4897,"parent":0,"menu_order":0,"comment_status":"closed","ping_status":"closed","template":"","meta":{"_genesis_hide_title":false,"_genesis_hide_breadcrumbs":false,"_genesis_hide_singular_image":false,"_genesis_hide_footer_widgets":false,"_genesis_custom_body_class":"","_genesis_custom_post_class":"","_genesis_layout":"full-width-content","footnotes":""},"class_list":{"0":"post-4894","1":"page","2":"type-page","3":"status-publish","4":"has-post-thumbnail","6":"entry"},"_links":{"self":[{"href":"https:\/\/veesbook.net\/wordpress\/wp-json\/wp\/v2\/pages\/4894","targetHints":{"allow":["GET"]}}],"collection":[{"href":"https:\/\/veesbook.net\/wordpress\/wp-json\/wp\/v2\/pages"}],"about":[{"href":"https:\/\/veesbook.net\/wordpress\/wp-json\/wp\/v2\/types\/page"}],"author":[{"embeddable":true,"href":"https:\/\/veesbook.net\/wordpress\/wp-json\/wp\/v2\/users\/34"}],"replies":[{"embeddable":true,"href":"https:\/\/veesbook.net\/wordpress\/wp-json\/wp\/v2\/comments?post=4894"}],"version-history":[{"count":22,"href":"https:\/\/veesbook.net\/wordpress\/wp-json\/wp\/v2\/pages\/4894\/revisions"}],"predecessor-version":[{"id":6225,"href":"https:\/\/veesbook.net\/wordpress\/wp-json\/wp\/v2\/pages\/4894\/revisions\/6225"}],"wp:featuredmedia":[{"embeddable":true,"href":"https:\/\/veesbook.net\/wordpress\/wp-json\/wp\/v2\/media\/4897"}],"wp:attachment":[{"href":"https:\/\/veesbook.net\/wordpress\/wp-json\/wp\/v2\/media?parent=4894"}],"curies":[{"name":"wp","href":"https:\/\/api.w.org\/{rel}","templated":true}]}}