{"id":5315,"date":"2021-03-07T16:37:41","date_gmt":"2021-03-07T15:37:41","guid":{"rendered":"https:\/\/veesbook.net\/wordpress\/?page_id=5315"},"modified":"2021-03-07T16:37:41","modified_gmt":"2021-03-07T15:37:41","slug":"deepen-12-rohbau-vom-sturm-umgeweht","status":"publish","type":"page","link":"https:\/\/veesbook.net\/wordpress\/deepen-12-rohbau-vom-sturm-umgeweht\/","title":{"rendered":"Deepen 12 &#8212;  Rohbau vom Sturm umgeweht"},"content":{"rendered":"<h4>Deepen 12: Als unser Rohbau vom Sturm umgeweht wurde<br \/>\nerz\u00e4hlt von Hinrich Behrens aus Deepen<\/h4>\n<p>Im Dezember 1929 ist unser Haus in Klein Deepen Nr. 17 gerichtet worden. Zur Finanzierung erhielten wir ein langfristiges Darlehn von der Siedlungsgesellschaft.<br \/>\nEs war schon sehr kalt. Meine Mutter, Erna Behrens (geb. Meyer aus S\u00f6hlingen), fuhr mit dem Fahrrad zur Kirche nach Schee\u00dfel, denn dort sollte unser gerichtetes Haus abgek\u00fcndigt und f\u00fcr das gute Gelingen gedankt werden.<br \/>\nBauer Johann Meyer fuhr auch zur Kirche. Er hatte schon ein Radio und erz\u00e4hlte, dass er von einem schlimmen Sturm in England geh\u00f6rt h\u00e4tte. Es w\u00e4ren ganze H\u00e4user umgeweht worden und alle hofften, dass dieser Sturm nicht bei uns ankommen w\u00fcrde.<\/p>\n<p><img loading=\"lazy\" decoding=\"async\" class=\"alignnone size-medium wp-image-5316\" src=\"https:\/\/veesbook.net\/wordpress\/wp-content\/uploads\/2021\/03\/Deepen-12-Dachstuhleinsturz-1-300x208.jpeg\" alt=\"\" width=\"300\" height=\"208\" srcset=\"https:\/\/veesbook.net\/wordpress\/wp-content\/uploads\/2021\/03\/Deepen-12-Dachstuhleinsturz-1-300x208.jpeg 300w, https:\/\/veesbook.net\/wordpress\/wp-content\/uploads\/2021\/03\/Deepen-12-Dachstuhleinsturz-1-641x445.jpeg 641w, https:\/\/veesbook.net\/wordpress\/wp-content\/uploads\/2021\/03\/Deepen-12-Dachstuhleinsturz-1.jpeg 825w\" sizes=\"auto, (max-width: 300px) 100vw, 300px\" \/>\u00a0 <img loading=\"lazy\" decoding=\"async\" class=\"alignnone size-medium wp-image-5317\" src=\"https:\/\/veesbook.net\/wordpress\/wp-content\/uploads\/2021\/03\/Deepen-12-Dachstuhleinsturz-2-300x215.jpeg\" alt=\"\" width=\"300\" height=\"215\" srcset=\"https:\/\/veesbook.net\/wordpress\/wp-content\/uploads\/2021\/03\/Deepen-12-Dachstuhleinsturz-2-300x215.jpeg 300w, https:\/\/veesbook.net\/wordpress\/wp-content\/uploads\/2021\/03\/Deepen-12-Dachstuhleinsturz-2-622x445.jpeg 622w, https:\/\/veesbook.net\/wordpress\/wp-content\/uploads\/2021\/03\/Deepen-12-Dachstuhleinsturz-2.jpeg 825w\" sizes=\"auto, (max-width: 300px) 100vw, 300px\" \/><br \/>\nAm Nachmittag, es war der 29. Dezember 1929, passiert dann das Unheil. Der Sturm wehte mit ganzer Wucht den gesamten Dachstuhl und gemauerte W\u00e4nde um. Die Bewohner aus Gro\u00df Deepen hatten das Haus aus der Ferne fallen sehen und waren als erste an der Ungl\u00fccksstelle. Ein Nachbar sagte glatt beim Anblick dieses Durcheinanders: \u201eDen ganzen Huben lot man so lingen.\u201c<br \/>\nMaurer Leuenroth aus Ostervesede, der gerade seinen Meister gemacht hatte und unser Hausbau sein erster Auftrag war, wurde herbeigerufen. Der Zimmermann, Otto L\u00fcdemann aus S\u00f6hlingen kam auch dazu. Es gab ein gro\u00dfes Geschimpfe und gegenseitige Schuldzuweisungen: \u201eDer Maurer hat zu wenig Zement genommen.\u201c &#8211; \u201eDer Zimmermann hat nicht ordentlich gearbeitet.\u201c<br \/>\nEs n\u00fctzte nichts. Das Haus sollte wieder aufgebaut werden. Unsere Verwandten und die Deepener kamen zum Steine abputzen, damit sie wieder vermauert werden konnten.<br \/>\nIn der Kirchengemeinde Schee\u00dfel wurde f\u00fcr den Wiederaufbau unseres Hauses gesammelt. Meine Mutter erz\u00e4hlte mir, dass aus Sothel die meisten Spenden kamen.<br \/>\nMeine Eltern konnten mit ihren 3 Kindern im Jahre 1930 in ihr neues Haus einziehen.<br \/>\nUnser Haus steht heute noch und hat allen folgenden St\u00fcrmen standgehalten.<br \/>\nAnzumerken w\u00e4re noch, dass am gleichen Tag auch der gerichtete Bau der Wohlsdorfer Schule umgeweht wurde.<\/p>\n","protected":false},"excerpt":{"rendered":"<p>Deepen 12: Als unser Rohbau vom Sturm umgeweht wurde erz\u00e4hlt von Hinrich Behrens aus Deepen Im Dezember 1929 ist unser Haus in Klein Deepen Nr. 17 gerichtet worden. Zur Finanzierung erhielten wir ein langfristiges Darlehn von der Siedlungsgesellschaft. Es war schon sehr kalt. Meine Mutter, Erna Behrens (geb. Meyer aus S\u00f6hlingen), fuhr mit dem Fahrrad [&hellip;]<\/p>\n","protected":false},"author":11,"featured_media":0,"parent":0,"menu_order":0,"comment_status":"closed","ping_status":"closed","template":"","meta":{"_genesis_hide_title":false,"_genesis_hide_breadcrumbs":false,"_genesis_hide_singular_image":false,"_genesis_hide_footer_widgets":false,"_genesis_custom_body_class":"","_genesis_custom_post_class":"","_genesis_layout":"","footnotes":""},"class_list":{"0":"post-5315","1":"page","2":"type-page","3":"status-publish","5":"entry"},"_links":{"self":[{"href":"https:\/\/veesbook.net\/wordpress\/wp-json\/wp\/v2\/pages\/5315","targetHints":{"allow":["GET"]}}],"collection":[{"href":"https:\/\/veesbook.net\/wordpress\/wp-json\/wp\/v2\/pages"}],"about":[{"href":"https:\/\/veesbook.net\/wordpress\/wp-json\/wp\/v2\/types\/page"}],"author":[{"embeddable":true,"href":"https:\/\/veesbook.net\/wordpress\/wp-json\/wp\/v2\/users\/11"}],"replies":[{"embeddable":true,"href":"https:\/\/veesbook.net\/wordpress\/wp-json\/wp\/v2\/comments?post=5315"}],"version-history":[{"count":2,"href":"https:\/\/veesbook.net\/wordpress\/wp-json\/wp\/v2\/pages\/5315\/revisions"}],"predecessor-version":[{"id":5320,"href":"https:\/\/veesbook.net\/wordpress\/wp-json\/wp\/v2\/pages\/5315\/revisions\/5320"}],"wp:attachment":[{"href":"https:\/\/veesbook.net\/wordpress\/wp-json\/wp\/v2\/media?parent=5315"}],"curies":[{"name":"wp","href":"https:\/\/api.w.org\/{rel}","templated":true}]}}