{"id":5329,"date":"2021-03-07T17:01:18","date_gmt":"2021-03-07T16:01:18","guid":{"rendered":"https:\/\/veesbook.net\/wordpress\/?page_id=5329"},"modified":"2025-12-18T12:13:41","modified_gmt":"2025-12-18T11:13:41","slug":"musterungsbescheinigung-molly","status":"publish","type":"page","link":"https:\/\/veesbook.net\/wordpress\/musterungsbescheinigung-molly\/","title":{"rendered":"Musterungsbescheinigung Molly"},"content":{"rendered":"<p class=\"western\">Musterung von Hunden im 2. Weltkrieg<\/p>\n<p><img loading=\"lazy\" decoding=\"async\" class=\"zoooom alignleft wp-image-5330 size-medium\" src=\"https:\/\/veesbook.net\/wordpress\/wp-content\/uploads\/2021\/03\/Musterungsbescheinigung-Molly-300x234.jpg\" alt=\"\" width=\"300\" height=\"234\" srcset=\"https:\/\/veesbook.net\/wordpress\/wp-content\/uploads\/2021\/03\/Musterungsbescheinigung-Molly-300x234.jpg 300w, https:\/\/veesbook.net\/wordpress\/wp-content\/uploads\/2021\/03\/Musterungsbescheinigung-Molly-571x445.jpg 571w, https:\/\/veesbook.net\/wordpress\/wp-content\/uploads\/2021\/03\/Musterungsbescheinigung-Molly.jpg 1054w\" sizes=\"auto, (max-width: 300px) 100vw, 300px\" \/><\/p>\n<p class=\"western\">Im 2. Weltkrieg wurden auch Hunde eingesetzt. Diese z\u00fcchtet man eigens f\u00fcr den Einsatz. Irgendwann reichte aber der Bedarf nicht mehr aus, so dass auch Hunde aus Privatbesitz f\u00fcr den Kriegsdienst herangezogen wurden. So musste auch der Hund Molly zur \u201eMusterung\u201c bei der &#8222;Hunde-Ersatz-Staffel Nachr.-Ers.-Abt. 20&#8220; Hamburg-Wandsbek 1 vom Besitzer Friedrich Riebesehl aus Deepen 5 vorgef\u00fchrt werden. Er wurde f\u00fcr den Heeresdienst f\u00fcr untauglich erkl\u00e4rt.<\/p>\n<p class=\"western\">Text: Herr Friedrich Riebesehl, Deepen als Besitzer des &#8222;?&#8220; (Rasse) &#8222;Molly&#8220; 1941 (Name) wird bescheinigt, dass vorgenannter Hund heute dem Musterungskommando der Staffel vorgef\u00fchrt und als **u n t a u g l i c h f\u00fcr den Heeresdienst** befunden wurde.<\/p>\n<p class=\"western\">&#8222;Kracke&#8220; <i>(??? Unterschrift) <\/i><\/p>\n<p class=\"western\" align=\"left\">**Hauptmann und Staffelf\u00fchrer**<\/p>\n<p align=\"left\">\n<p align=\"left\"><a href=\"https:\/\/veesbook.net\/wordpress\/geschichten\/erinnerungen-ii\/\"><strong>zur\u00fcck zu \u201eBerichte\u201c<\/strong><\/a><\/p>\n","protected":false},"excerpt":{"rendered":"<p>Musterung von Hunden im 2. Weltkrieg Im 2. Weltkrieg wurden auch Hunde eingesetzt. Diese z\u00fcchtet man eigens f\u00fcr den Einsatz. Irgendwann reichte aber der Bedarf nicht mehr aus, so dass auch Hunde aus Privatbesitz f\u00fcr den Kriegsdienst herangezogen wurden. So musste auch der Hund Molly zur \u201eMusterung\u201c bei der &#8222;Hunde-Ersatz-Staffel Nachr.-Ers.-Abt. 20&#8220; Hamburg-Wandsbek 1 vom [&hellip;]<\/p>\n","protected":false},"author":11,"featured_media":0,"parent":0,"menu_order":0,"comment_status":"closed","ping_status":"closed","template":"","meta":{"_genesis_hide_title":false,"_genesis_hide_breadcrumbs":false,"_genesis_hide_singular_image":false,"_genesis_hide_footer_widgets":false,"_genesis_custom_body_class":"","_genesis_custom_post_class":"","_genesis_layout":"","footnotes":""},"class_list":{"0":"post-5329","1":"page","2":"type-page","3":"status-publish","5":"entry"},"_links":{"self":[{"href":"https:\/\/veesbook.net\/wordpress\/wp-json\/wp\/v2\/pages\/5329","targetHints":{"allow":["GET"]}}],"collection":[{"href":"https:\/\/veesbook.net\/wordpress\/wp-json\/wp\/v2\/pages"}],"about":[{"href":"https:\/\/veesbook.net\/wordpress\/wp-json\/wp\/v2\/types\/page"}],"author":[{"embeddable":true,"href":"https:\/\/veesbook.net\/wordpress\/wp-json\/wp\/v2\/users\/11"}],"replies":[{"embeddable":true,"href":"https:\/\/veesbook.net\/wordpress\/wp-json\/wp\/v2\/comments?post=5329"}],"version-history":[{"count":4,"href":"https:\/\/veesbook.net\/wordpress\/wp-json\/wp\/v2\/pages\/5329\/revisions"}],"predecessor-version":[{"id":6164,"href":"https:\/\/veesbook.net\/wordpress\/wp-json\/wp\/v2\/pages\/5329\/revisions\/6164"}],"wp:attachment":[{"href":"https:\/\/veesbook.net\/wordpress\/wp-json\/wp\/v2\/media?parent=5329"}],"curies":[{"name":"wp","href":"https:\/\/api.w.org\/{rel}","templated":true}]}}