{"id":5759,"date":"2025-03-26T13:12:38","date_gmt":"2025-03-26T12:12:38","guid":{"rendered":"https:\/\/veesbook.net\/wordpress\/?page_id=5759"},"modified":"2025-05-07T10:43:26","modified_gmt":"2025-05-07T08:43:26","slug":"veeser-rosenmontagsvereins","status":"publish","type":"page","link":"https:\/\/veesbook.net\/wordpress\/veeser-rosenmontagsvereins\/","title":{"rendered":"Veeser Rosenmontagsvereins"},"content":{"rendered":"<h1><span style=\"font-family: georgia, palatino, serif; font-size: 18pt;\">Geschichte:<\/span><\/h1>\n<ul>\n<li>\n<p class=\"western\">Gegr\u00fcndet 1969<\/p>\n<\/li>\n<li>\n<p class=\"western\">Der Ursprung lag in der Durchf\u00fchrung einer Rosenmontags-Tanzveranstaltung, die von \u201eAbgeordneten\u201c der damaligen Westerveseder Vereine organisiert wurde.<\/p>\n<\/li>\n<li>\n<p class=\"western\">Im Jahr 1978 gab es erstmals eine zus\u00e4tzliche Prunksitzung am Samstag vor dem Rosenmontag.<\/p>\n<\/li>\n<li>Die Koordination der Prunksitzungs- und Rosenmontagsveranstaltung liegt in den H\u00e4nden des \u201eSiebenerrats\u201c, der zus\u00e4tzlich auf die Hilfe der Mitglieder der Westerveseder Vereine zur\u00fcckgreifen kann &#8211; somit ist der Westerveseder Karneval ein verbindendes Ereignis f\u00fcr alle Generationen im Ort.<\/li>\n<li>\n<p class=\"western\">Das dreieinhalbst\u00fcndige B\u00fchnenprogramm der Prunksitzung wird von zahlreichen heimischen und ausw\u00e4rtigen Akteuren aller Altersstufen gestaltet. Rund 300 G\u00e4ste werden hierzu in diesem Jahr im Saal des Dorfgemeinschaftshauses Ostervesede begr\u00fc\u00dft. Besonderer H\u00f6hepunkt ist die Bekanntmachung des Veeser Prinzenpaares, das f\u00fcr ein Jahr das Westerveseder Narrenvolk regieren darf.<\/p>\n<\/li>\n<li>\n<p class=\"western\">Der Samstag vor dem Rosenmontag ist in zwei Veranstaltungsteile gegliedert. Mit den Kindern feiern wir Fasching am Nachmittag. Zum abendlichen Rosensamstagstreiben erscheinen viele verkleidete \u201agro\u00dfe Narren\u2018.<\/p>\n<\/li>\n<li>\n<p class=\"western\">Karneval in Westervesede ist f\u00fcr einen Gro\u00dfteil der Westerveseder und Deepener Bev\u00f6lkerung eine f\u00fcnfte Jahreszeit, die mit viel Vorfreude erwartet und ausgelassen gefeiert wird. Westervesede geh\u00f6rt zu den etablierten Karnevalshochburgen im Landkreis Rotenburg und ist auch \u00fcber die Kreisgrenzen hinaus bekannt &#8211; was allj\u00e4hrlich unschwer an den Autokennzeichen der Besucher abzulesen ist.<\/p>\n<\/li>\n<\/ul>\n<p>Die aktuellen Mitglieder des Siebenerrates = Veeser Rosenmontagsvereins (Stand: 2025)<\/p>\n<p class=\"western\">Pr\u00e4sident Rainer Bassen sowie Sandra Bassen, Jan Heitmann, J\u00f6rg Magnus, Nicole Menke, Meike Szemjonneck und Nicole Viets.<\/p>\n<p>Liste aller (ehemaligen) VRV-Mitglieder:<\/p>\n<table border=\"0\" cellspacing=\"0\">\n<colgroup width=\"175\"><\/colgroup>\n<tbody>\n<tr>\n<td align=\"left\" valign=\"top\" height=\"17\">Bernhard Heitmann<\/td>\n<\/tr>\n<tr>\n<td align=\"left\" valign=\"top\" height=\"17\">Johann Klee<\/td>\n<\/tr>\n<tr>\n<td align=\"left\" valign=\"top\" height=\"17\">Heinrich Meyer<\/td>\n<\/tr>\n<tr>\n<td align=\"left\" valign=\"top\" height=\"17\">Karl-Heinz Feldmann<\/td>\n<\/tr>\n<tr>\n<td align=\"left\" valign=\"top\" height=\"17\">Friedhold Heitmann<\/td>\n<\/tr>\n<tr>\n<td align=\"left\" valign=\"top\" height=\"17\">Ernst Peters<\/td>\n<\/tr>\n<tr>\n<td align=\"left\" valign=\"top\" height=\"17\">G\u00fcnter Leuenroth<\/td>\n<\/tr>\n<tr>\n<td align=\"left\" valign=\"top\" height=\"17\">Werner Huch<\/td>\n<\/tr>\n<tr>\n<td align=\"left\" valign=\"top\" height=\"17\">Johann Bassen<\/td>\n<\/tr>\n<tr>\n<td align=\"left\" valign=\"top\" height=\"17\">Peter von Borstel<\/td>\n<\/tr>\n<tr>\n<td align=\"left\" valign=\"top\" height=\"17\">Friedhelm Dittmer<\/td>\n<\/tr>\n<tr>\n<td align=\"left\" valign=\"top\" height=\"17\">Heinz Menke<\/td>\n<\/tr>\n<tr>\n<td align=\"left\" valign=\"top\" height=\"17\">Erich Indorf<\/td>\n<\/tr>\n<tr>\n<td align=\"left\" valign=\"top\" height=\"17\">Willi Heitmann<\/td>\n<\/tr>\n<tr>\n<td align=\"left\" valign=\"top\" height=\"17\">Klaus Meyer<\/td>\n<\/tr>\n<tr>\n<td align=\"left\" valign=\"top\" height=\"17\">Gerhard Heitmann<\/td>\n<\/tr>\n<tr>\n<td align=\"left\" valign=\"top\" height=\"17\">Martin Schr\u00f6der<\/td>\n<\/tr>\n<tr>\n<td align=\"left\" valign=\"top\" height=\"17\">Andreas Wahlers<\/td>\n<\/tr>\n<tr>\n<td align=\"left\" valign=\"top\" height=\"17\">Imke Peters<\/td>\n<\/tr>\n<tr>\n<td align=\"left\" valign=\"top\" height=\"17\">Torsten Weseloh<\/td>\n<\/tr>\n<tr>\n<td align=\"left\" valign=\"top\" height=\"17\">Birgit Witte<\/td>\n<\/tr>\n<tr>\n<td align=\"left\" valign=\"top\" height=\"17\">Christian Panzer<\/td>\n<\/tr>\n<tr>\n<td align=\"left\" valign=\"top\" height=\"17\">Michael Heitmann<\/td>\n<\/tr>\n<tr>\n<td align=\"left\" valign=\"top\" height=\"17\">Sandra Bassen<\/td>\n<\/tr>\n<tr>\n<td align=\"left\" valign=\"top\" height=\"17\">Rainer Bassen<\/td>\n<\/tr>\n<tr>\n<td align=\"left\" valign=\"top\" height=\"17\">Ralf Schr\u00f6der, Deepen<\/td>\n<\/tr>\n<tr>\n<td align=\"left\" valign=\"top\" height=\"17\">Ina Heitmann<\/td>\n<\/tr>\n<tr>\n<td align=\"left\" valign=\"top\" height=\"17\">Jan Heitmann<\/td>\n<\/tr>\n<tr>\n<td align=\"left\" valign=\"top\" height=\"17\">Nicole Menke<\/td>\n<\/tr>\n<tr>\n<td align=\"left\" valign=\"top\" height=\"17\">Nicole Viets<\/td>\n<\/tr>\n<tr>\n<td align=\"left\" valign=\"top\" height=\"17\">Meike Szemjonneck<\/td>\n<\/tr>\n<tr>\n<td align=\"left\" valign=\"top\" height=\"17\">J\u00f6rg Magnus<\/td>\n<\/tr>\n<\/tbody>\n<\/table>\n\n<table id=\"tablepress-11\" class=\"tablepress tablepress-id-11\">\n<thead>\n<tr class=\"row-1\">\n\t<th class=\"column-1\">Jahr<\/th><th class=\"column-2\">Prinzenpaare<\/th>\n<\/tr>\n<\/thead>\n<tbody class=\"row-striping row-hover\">\n<tr class=\"row-2\">\n\t<td class=\"column-1\">2025<\/td><td class=\"column-2\">Anke &amp; G\u00fcnter L\u00fctjens, Hemslingen<\/td>\n<\/tr>\n<tr class=\"row-3\">\n\t<td class=\"column-1\">2024<\/td><td class=\"column-2\">Heidi Ruschmeyer (Fintel) &amp; J\u00fcrgen M\u00fcller (G\u00f6denstorf)<\/td>\n<\/tr>\n<tr class=\"row-4\">\n\t<td class=\"column-1\">2023<\/td><td class=\"column-2\">Birgit &amp; Norbert Witte<\/td>\n<\/tr>\n<tr class=\"row-5\">\n\t<td class=\"column-1\">2020-2023<\/td><td class=\"column-2\">Heidi Behrens &amp; Axel Roselius<\/td>\n<\/tr>\n<tr class=\"row-6\">\n\t<td class=\"column-1\">2019<\/td><td class=\"column-2\">Monika Schr\u00f6der &amp; Jens Wahlers<\/td>\n<\/tr>\n<tr class=\"row-7\">\n\t<td class=\"column-1\">2018<\/td><td class=\"column-2\">Ulrike &amp; Klaus Walcher<\/td>\n<\/tr>\n<tr class=\"row-8\">\n\t<td class=\"column-1\">2017<\/td><td class=\"column-2\">Bianka &amp; Lothar Maraun<\/td>\n<\/tr>\n<tr class=\"row-9\">\n\t<td class=\"column-1\">2016<\/td><td class=\"column-2\">Silvia &amp; Mirco Huch<\/td>\n<\/tr>\n<tr class=\"row-10\">\n\t<td class=\"column-1\">2015<\/td><td class=\"column-2\">Heike &amp; G\u00fcnter Indorf<\/td>\n<\/tr>\n<tr class=\"row-11\">\n\t<td class=\"column-1\">2014<\/td><td class=\"column-2\">Martina &amp; Klaus Hollmann (Deepen)<\/td>\n<\/tr>\n<tr class=\"row-12\">\n\t<td class=\"column-1\">2013<\/td><td class=\"column-2\">Sabrina Bredeh\u00f6ft &amp; Ingmar Bassen<\/td>\n<\/tr>\n<tr class=\"row-13\">\n\t<td class=\"column-1\">2012<\/td><td class=\"column-2\">Andrea &amp; Andreas Heitmann<\/td>\n<\/tr>\n<tr class=\"row-14\">\n\t<td class=\"column-1\">2011<\/td><td class=\"column-2\">Silvia &amp; Thomas Meyer<\/td>\n<\/tr>\n<tr class=\"row-15\">\n\t<td class=\"column-1\">2010<\/td><td class=\"column-2\">Ulrike &amp; Folkert Meyer<\/td>\n<\/tr>\n<tr class=\"row-16\">\n\t<td class=\"column-1\">2009<\/td><td class=\"column-2\">Margot &amp; J\u00fcrgen Huch<\/td>\n<\/tr>\n<tr class=\"row-17\">\n\t<td class=\"column-1\">2008<\/td><td class=\"column-2\">Marlis &amp; Klaus Dittmer<\/td>\n<\/tr>\n<tr class=\"row-18\">\n\t<td class=\"column-1\">2007<\/td><td class=\"column-2\">Lola &amp; Volker Kr\u00f6ger<\/td>\n<\/tr>\n<tr class=\"row-19\">\n\t<td class=\"column-1\">2006<\/td><td class=\"column-2\">Kerstin &amp; G\u00fcnter Brockmann<\/td>\n<\/tr>\n<tr class=\"row-20\">\n\t<td class=\"column-1\">2005<\/td><td class=\"column-2\">Anette Heemsoth &amp; Lars Renken<\/td>\n<\/tr>\n<tr class=\"row-21\">\n\t<td class=\"column-1\">2004<\/td><td class=\"column-2\">Regina &amp; Uwe Bruns<\/td>\n<\/tr>\n<tr class=\"row-22\">\n\t<td class=\"column-1\">2003<\/td><td class=\"column-2\">Elke &amp; Klaus Peters<\/td>\n<\/tr>\n<tr class=\"row-23\">\n\t<td class=\"column-1\">2002<\/td><td class=\"column-2\">Ilse &amp; Klaus J\u00fcrges<\/td>\n<\/tr>\n<tr class=\"row-24\">\n\t<td class=\"column-1\">2001<\/td><td class=\"column-2\">Regina &amp; J\u00fcrgen Bahrenburg<\/td>\n<\/tr>\n<tr class=\"row-25\">\n\t<td class=\"column-1\">2000<\/td><td class=\"column-2\">Anja &amp; Friedhelm Dittmer<\/td>\n<\/tr>\n<tr class=\"row-26\">\n\t<td class=\"column-1\">1999<\/td><td class=\"column-2\">Elli &amp; Hans-J\u00fcrgen D\u00f6bler (Deepen)<\/td>\n<\/tr>\n<tr class=\"row-27\">\n\t<td class=\"column-1\">1998<\/td><td class=\"column-2\">Gerda Lelleck &amp; Heinz Koch<\/td>\n<\/tr>\n<tr class=\"row-28\">\n\t<td class=\"column-1\">1997<\/td><td class=\"column-2\">Erika &amp; Wilhelm Heins<\/td>\n<\/tr>\n<tr class=\"row-29\">\n\t<td class=\"column-1\">1996<\/td><td class=\"column-2\">Kerstin &amp; Johann Heitmann<\/td>\n<\/tr>\n<tr class=\"row-30\">\n\t<td class=\"column-1\">1995<\/td><td class=\"column-2\">B\u00e4rbel &amp; Ernst Peters<\/td>\n<\/tr>\n<tr class=\"row-31\">\n\t<td class=\"column-1\">1994<\/td><td class=\"column-2\">Marianne &amp; Heinz Bassen<\/td>\n<\/tr>\n<tr class=\"row-32\">\n\t<td class=\"column-1\">1993<\/td><td class=\"column-2\">Regina &amp; G\u00fcnther Wentzien<\/td>\n<\/tr>\n<tr class=\"row-33\">\n\t<td class=\"column-1\">1992<\/td><td class=\"column-2\">Marlies &amp; Peter von Borstel<\/td>\n<\/tr>\n<tr class=\"row-34\">\n\t<td class=\"column-1\">1990 \/ 1991<\/td><td class=\"column-2\">Ilse &amp; Fritz Meyer<\/td>\n<\/tr>\n<tr class=\"row-35\">\n\t<td class=\"column-1\">1989<\/td><td class=\"column-2\">Renate &amp; Richard Schachtschneider<\/td>\n<\/tr>\n<tr class=\"row-36\">\n\t<td class=\"column-1\">1988<\/td><td class=\"column-2\">Irene &amp; G\u00fcnter Leuenroth<\/td>\n<\/tr>\n<tr class=\"row-37\">\n\t<td class=\"column-1\">1987<\/td><td class=\"column-2\">Gisela &amp; Conrad G\u00fcnsel<\/td>\n<\/tr>\n<tr class=\"row-38\">\n\t<td class=\"column-1\">1986<\/td><td class=\"column-2\">Anne &amp; Klaus Meyer<\/td>\n<\/tr>\n<tr class=\"row-39\">\n\t<td class=\"column-1\">1985<\/td><td class=\"column-2\">Anita &amp; Johann Bassen<\/td>\n<\/tr>\n<tr class=\"row-40\">\n\t<td class=\"column-1\">1984<\/td><td class=\"column-2\">Anita &amp; Johann Bischoff<\/td>\n<\/tr>\n<tr class=\"row-41\">\n\t<td class=\"column-1\">1983<\/td><td class=\"column-2\">Karin &amp; Ulrich Wichern<\/td>\n<\/tr>\n<tr class=\"row-42\">\n\t<td class=\"column-1\">1982<\/td><td class=\"column-2\">Helga &amp; Friedrich Kr\u00f6ger<\/td>\n<\/tr>\n<tr class=\"row-43\">\n\t<td class=\"column-1\">1981<\/td><td class=\"column-2\">Anneliese &amp; Heinrich Klee<\/td>\n<\/tr>\n<tr class=\"row-44\">\n\t<td class=\"column-1\">1980<\/td><td class=\"column-2\">Anne &amp; Hans J\u00fcrges<\/td>\n<\/tr>\n<tr class=\"row-45\">\n\t<td class=\"column-1\">1979<\/td><td class=\"column-2\">Gunda Bassen &amp; Wilfried Wichern<\/td>\n<\/tr>\n<tr class=\"row-46\">\n\t<td class=\"column-1\">1978<\/td><td class=\"column-2\">Helga und Friedrich Meyer<\/td>\n<\/tr>\n<tr class=\"row-47\">\n\t<td class=\"column-1\">1978<\/td><td class=\"column-2\">Helga &amp; Friedrich Meyer<\/td>\n<\/tr>\n<\/tbody>\n<\/table>\n<!-- #tablepress-11 from cache -->\n","protected":false},"excerpt":{"rendered":"<p>Geschichte: Gegr\u00fcndet 1969 Der Ursprung lag in der Durchf\u00fchrung einer Rosenmontags-Tanzveranstaltung, die von \u201eAbgeordneten\u201c der damaligen Westerveseder Vereine organisiert wurde. Im Jahr 1978 gab es erstmals eine zus\u00e4tzliche Prunksitzung am Samstag vor dem Rosenmontag. Die Koordination der Prunksitzungs- und Rosenmontagsveranstaltung liegt in den H\u00e4nden des \u201eSiebenerrats\u201c, der zus\u00e4tzlich auf die Hilfe der Mitglieder der Westerveseder [&hellip;]<\/p>\n","protected":false},"author":13,"featured_media":0,"parent":0,"menu_order":0,"comment_status":"closed","ping_status":"closed","template":"","meta":{"_genesis_hide_title":false,"_genesis_hide_breadcrumbs":false,"_genesis_hide_singular_image":false,"_genesis_hide_footer_widgets":false,"_genesis_custom_body_class":"","_genesis_custom_post_class":"","_genesis_layout":"full-width-content","footnotes":""},"class_list":{"0":"post-5759","1":"page","2":"type-page","3":"status-publish","5":"entry"},"_links":{"self":[{"href":"https:\/\/veesbook.net\/wordpress\/wp-json\/wp\/v2\/pages\/5759","targetHints":{"allow":["GET"]}}],"collection":[{"href":"https:\/\/veesbook.net\/wordpress\/wp-json\/wp\/v2\/pages"}],"about":[{"href":"https:\/\/veesbook.net\/wordpress\/wp-json\/wp\/v2\/types\/page"}],"author":[{"embeddable":true,"href":"https:\/\/veesbook.net\/wordpress\/wp-json\/wp\/v2\/users\/13"}],"replies":[{"embeddable":true,"href":"https:\/\/veesbook.net\/wordpress\/wp-json\/wp\/v2\/comments?post=5759"}],"version-history":[{"count":8,"href":"https:\/\/veesbook.net\/wordpress\/wp-json\/wp\/v2\/pages\/5759\/revisions"}],"predecessor-version":[{"id":6039,"href":"https:\/\/veesbook.net\/wordpress\/wp-json\/wp\/v2\/pages\/5759\/revisions\/6039"}],"wp:attachment":[{"href":"https:\/\/veesbook.net\/wordpress\/wp-json\/wp\/v2\/media?parent=5759"}],"curies":[{"name":"wp","href":"https:\/\/api.w.org\/{rel}","templated":true}]}}