{"id":5933,"date":"2025-10-05T11:02:45","date_gmt":"2025-10-05T09:02:45","guid":{"rendered":"https:\/\/veesbook.net\/wordpress\/?page_id=5933"},"modified":"2026-01-08T11:57:54","modified_gmt":"2026-01-08T10:57:54","slug":"kriegsgedenken","status":"publish","type":"page","link":"https:\/\/veesbook.net\/wordpress\/kriegsgedenken\/","title":{"rendered":"Kriegsgedenken"},"content":{"rendered":"\n<p>Auch Veeser haben sich in der Vergangenheit an den (Welt-)Kriegen beteiligt.<\/p>\n\n\n\n<p>Zur Erinnerung ist auch in Westervesede das <a href=\"https:\/\/veesbook.net\/wordpress\/ehrenmal-westervesede\/\" target=\"_blank\" rel=\"noopener\">(Kriegerdenkmal)<\/a> zwischen Kapelle und Friedhof das sichtbarste Zeichen.<\/p>\n\n\n\n<figure class=\"wp-block-image alignnone zoooom wp-image-5096 size-medium\"><img loading=\"lazy\" decoding=\"async\" width=\"300\" height=\"225\" src=\"https:\/\/veesbook.net\/wordpress\/wp-content\/uploads\/2020\/07\/Ehrenmal-Westervesede-300x225.jpg\" alt=\"\" class=\"wp-image-5096\" srcset=\"https:\/\/veesbook.net\/wordpress\/wp-content\/uploads\/2020\/07\/Ehrenmal-Westervesede-300x225.jpg 300w, https:\/\/veesbook.net\/wordpress\/wp-content\/uploads\/2020\/07\/Ehrenmal-Westervesede-593x445.jpg 593w, https:\/\/veesbook.net\/wordpress\/wp-content\/uploads\/2020\/07\/Ehrenmal-Westervesede-1536x1152.jpg 1536w, https:\/\/veesbook.net\/wordpress\/wp-content\/uploads\/2020\/07\/Ehrenmal-Westervesede-2048x1536.jpg 2048w\" sizes=\"auto, (max-width: 300px) 100vw, 300px\" \/><figcaption class=\"wp-element-caption\">aktuelles Ehrenmal Westervesede<br>(Foto: Leverenz)<\/figcaption><\/figure>\n\n\n\n<p><\/p>\n\n\n\n<p>Kranzniederlegung am Ehrenmal w\u00e4hrend des Kreis-Feuerwehrverbandstages am 10. August 1958<\/p>\n\n\n\n<figure class=\"wp-block-image\"><img loading=\"lazy\" decoding=\"async\" width=\"300\" height=\"163\" src=\"https:\/\/veesbook.net\/wordpress\/wp-content\/uploads\/2025\/04\/Gedenken-FW-Fahnenweihe23.05.1954-300x163.jpg\" alt=\"\" class=\"wp-image-6006\" srcset=\"https:\/\/veesbook.net\/wordpress\/wp-content\/uploads\/2025\/04\/Gedenken-FW-Fahnenweihe23.05.1954-300x163.jpg 300w, https:\/\/veesbook.net\/wordpress\/wp-content\/uploads\/2025\/04\/Gedenken-FW-Fahnenweihe23.05.1954-820x445.jpg 820w, https:\/\/veesbook.net\/wordpress\/wp-content\/uploads\/2025\/04\/Gedenken-FW-Fahnenweihe23.05.1954-1536x834.jpg 1536w, https:\/\/veesbook.net\/wordpress\/wp-content\/uploads\/2025\/04\/Gedenken-FW-Fahnenweihe23.05.1954.jpg 1945w\" sizes=\"auto, (max-width: 300px) 100vw, 300px\" \/><\/figure>\n\n\n\n<p><\/p>\n\n\n\n<p>Kranzniederlegung an der Ehrentafel im Ger\u00e4tehaus w\u00e4hrend der Fahnenweihe der Feuerwehr am 23. Mai 1954<\/p>\n\n\n\n<p>Folgende Gedenkbl\u00e4tter wurden den Kriegsteilnehmern\/den Gefallenen gewidmet:<\/p>\n\n\n\n<h3 class=\"wp-block-heading\">1. Weltkrieg<\/h3>\n\n\n\n<figure class=\"wp-block-image\"><img loading=\"lazy\" decoding=\"async\" width=\"304\" height=\"445\" src=\"https:\/\/veesbook.net\/wordpress\/wp-content\/uploads\/2025\/03\/Gedenken-FW-Gedenkblatt-1.WK_-304x445.jpg\" alt=\"\" class=\"wp-image-5938\" srcset=\"https:\/\/veesbook.net\/wordpress\/wp-content\/uploads\/2025\/03\/Gedenken-FW-Gedenkblatt-1.WK_-304x445.jpg 304w, https:\/\/veesbook.net\/wordpress\/wp-content\/uploads\/2025\/03\/Gedenken-FW-Gedenkblatt-1.WK_-205x300.jpg 205w, https:\/\/veesbook.net\/wordpress\/wp-content\/uploads\/2025\/03\/Gedenken-FW-Gedenkblatt-1.WK_-1050x1536.jpg 1050w, https:\/\/veesbook.net\/wordpress\/wp-content\/uploads\/2025\/03\/Gedenken-FW-Gedenkblatt-1.WK_-1401x2048.jpg 1401w, https:\/\/veesbook.net\/wordpress\/wp-content\/uploads\/2025\/03\/Gedenken-FW-Gedenkblatt-1.WK_-scaled.jpg 1751w\" sizes=\"auto, (max-width: 304px) 100vw, 304px\" \/><\/figure>\n\n\n\n<p><\/p>\n\n\n\n<p>Gedenkblatt der Feuerwehr<\/p>\n\n\n\n<figure class=\"wp-block-image\"><img loading=\"lazy\" decoding=\"async\" width=\"345\" height=\"445\" src=\"https:\/\/veesbook.net\/wordpress\/wp-content\/uploads\/2025\/03\/Gedenken-Gedenkblatt-1.WK-Westervesede-345x445.jpg\" alt=\"\" class=\"wp-image-5939\" srcset=\"https:\/\/veesbook.net\/wordpress\/wp-content\/uploads\/2025\/03\/Gedenken-Gedenkblatt-1.WK-Westervesede-345x445.jpg 345w, https:\/\/veesbook.net\/wordpress\/wp-content\/uploads\/2025\/03\/Gedenken-Gedenkblatt-1.WK-Westervesede-233x300.jpg 233w, https:\/\/veesbook.net\/wordpress\/wp-content\/uploads\/2025\/03\/Gedenken-Gedenkblatt-1.WK-Westervesede-1192x1536.jpg 1192w, https:\/\/veesbook.net\/wordpress\/wp-content\/uploads\/2025\/03\/Gedenken-Gedenkblatt-1.WK-Westervesede-1589x2048.jpg 1589w, https:\/\/veesbook.net\/wordpress\/wp-content\/uploads\/2025\/03\/Gedenken-Gedenkblatt-1.WK-Westervesede-scaled.jpg 1986w\" sizes=\"auto, (max-width: 345px) 100vw, 345px\" \/><\/figure>\n\n\n\n<p><\/p>\n\n\n\n<h3 class=\"wp-block-heading\">2. Weltkrieg:<\/h3>\n\n\n\n<figure class=\"wp-block-image\"><img loading=\"lazy\" decoding=\"async\" width=\"316\" height=\"445\" src=\"https:\/\/veesbook.net\/wordpress\/wp-content\/uploads\/2025\/03\/Gedenken-Gedenkblatt-2.WK-Westervesede-316x445.jpg\" alt=\"gefallene und vermisste Kriegsteilnehmer der Gemeinde Westervesede\" class=\"wp-image-5941\" srcset=\"https:\/\/veesbook.net\/wordpress\/wp-content\/uploads\/2025\/03\/Gedenken-Gedenkblatt-2.WK-Westervesede-316x445.jpg 316w, https:\/\/veesbook.net\/wordpress\/wp-content\/uploads\/2025\/03\/Gedenken-Gedenkblatt-2.WK-Westervesede-213x300.jpg 213w, https:\/\/veesbook.net\/wordpress\/wp-content\/uploads\/2025\/03\/Gedenken-Gedenkblatt-2.WK-Westervesede-1090x1536.jpg 1090w, https:\/\/veesbook.net\/wordpress\/wp-content\/uploads\/2025\/03\/Gedenken-Gedenkblatt-2.WK-Westervesede-1454x2048.jpg 1454w, https:\/\/veesbook.net\/wordpress\/wp-content\/uploads\/2025\/03\/Gedenken-Gedenkblatt-2.WK-Westervesede-scaled.jpg 1817w\" sizes=\"auto, (max-width: 316px) 100vw, 316px\" \/><\/figure>\n\n\n\n<figure class=\"wp-block-image\"><img decoding=\"async\" src=\"https:\/\/veesbook.net\/wordpress\/wp-content\/uploads\/2025\/03\/Gedenken-Gedenkblatt-2.WK-Ostervesede-Deepen.tif\" alt=\"\" class=\"wp-image-5940\"\/><\/figure>\n\n\n\n<p><\/p>\n\n\n\n<figure class=\"wp-block-image\"><a href=\"https:\/\/veesbook.net\/wordpress\/wp-content\/uploads\/2025\/03\/Gedenken-Gedenkblatt-2.WK-Ostervesede-Deepen-1.tif\"><img decoding=\"async\" src=\"https:\/\/veesbook.net\/wordpress\/wp-content\/uploads\/2025\/03\/Gedenken-Gedenkblatt-2.WK-Ostervesede-Deepen-1.tif\" alt=\"\" class=\"wp-image-5942\"\/><\/a><\/figure>\n\n\n\n<figure class=\"wp-block-image\"><img loading=\"lazy\" decoding=\"async\" width=\"330\" height=\"445\" src=\"https:\/\/veesbook.net\/wordpress\/wp-content\/uploads\/2025\/03\/gedenken-gedenkblatt-2.wk-ostervesede-deepen-330x445.jpg\" alt=\"gefallene und vermisste Kriegsteilnehmer der Gemeinde Ostervesede mit Deepen\" class=\"wp-image-5943\" srcset=\"https:\/\/veesbook.net\/wordpress\/wp-content\/uploads\/2025\/03\/gedenken-gedenkblatt-2.wk-ostervesede-deepen-330x445.jpg 330w, https:\/\/veesbook.net\/wordpress\/wp-content\/uploads\/2025\/03\/gedenken-gedenkblatt-2.wk-ostervesede-deepen-222x300.jpg 222w, https:\/\/veesbook.net\/wordpress\/wp-content\/uploads\/2025\/03\/gedenken-gedenkblatt-2.wk-ostervesede-deepen-1138x1536.jpg 1138w, https:\/\/veesbook.net\/wordpress\/wp-content\/uploads\/2025\/03\/gedenken-gedenkblatt-2.wk-ostervesede-deepen-1518x2048.jpg 1518w, https:\/\/veesbook.net\/wordpress\/wp-content\/uploads\/2025\/03\/gedenken-gedenkblatt-2.wk-ostervesede-deepen.jpg 1522w\" sizes=\"auto, (max-width: 330px) 100vw, 330px\" \/><\/figure>\n\n\n\n<p><\/p>\n\n\n\n<p>Ostervesede inkl. Deepen<\/p>\n","protected":false},"excerpt":{"rendered":"<p>Auch Veeser haben sich in der Vergangenheit an den (Welt-)Kriegen beteiligt. Zur Erinnerung ist auch in Westervesede das (Kriegerdenkmal) zwischen Kapelle und Friedhof das sichtbarste Zeichen. Kranzniederlegung am Ehrenmal w\u00e4hrend des Kreis-Feuerwehrverbandstages am 10. August 1958 Kranzniederlegung an der Ehrentafel im Ger\u00e4tehaus w\u00e4hrend der Fahnenweihe der Feuerwehr am 23. Mai 1954 Folgende Gedenkbl\u00e4tter wurden den [&hellip;]<\/p>\n","protected":false},"author":13,"featured_media":5090,"parent":0,"menu_order":0,"comment_status":"closed","ping_status":"closed","template":"","meta":{"_genesis_hide_title":false,"_genesis_hide_breadcrumbs":false,"_genesis_hide_singular_image":false,"_genesis_hide_footer_widgets":false,"_genesis_custom_body_class":"","_genesis_custom_post_class":"","_genesis_layout":"full-width-content","footnotes":""},"class_list":{"0":"post-5933","1":"page","2":"type-page","3":"status-publish","4":"has-post-thumbnail","6":"entry"},"_links":{"self":[{"href":"https:\/\/veesbook.net\/wordpress\/wp-json\/wp\/v2\/pages\/5933","targetHints":{"allow":["GET"]}}],"collection":[{"href":"https:\/\/veesbook.net\/wordpress\/wp-json\/wp\/v2\/pages"}],"about":[{"href":"https:\/\/veesbook.net\/wordpress\/wp-json\/wp\/v2\/types\/page"}],"author":[{"embeddable":true,"href":"https:\/\/veesbook.net\/wordpress\/wp-json\/wp\/v2\/users\/13"}],"replies":[{"embeddable":true,"href":"https:\/\/veesbook.net\/wordpress\/wp-json\/wp\/v2\/comments?post=5933"}],"version-history":[{"count":14,"href":"https:\/\/veesbook.net\/wordpress\/wp-json\/wp\/v2\/pages\/5933\/revisions"}],"predecessor-version":[{"id":6124,"href":"https:\/\/veesbook.net\/wordpress\/wp-json\/wp\/v2\/pages\/5933\/revisions\/6124"}],"wp:featuredmedia":[{"embeddable":true,"href":"https:\/\/veesbook.net\/wordpress\/wp-json\/wp\/v2\/media\/5090"}],"wp:attachment":[{"href":"https:\/\/veesbook.net\/wordpress\/wp-json\/wp\/v2\/media?parent=5933"}],"curies":[{"name":"wp","href":"https:\/\/api.w.org\/{rel}","templated":true}]}}