{"id":627,"date":"2016-02-19T08:45:46","date_gmt":"2016-02-19T08:45:46","guid":{"rendered":"https:\/\/veesbook.net\/wordpress\/?page_id=627"},"modified":"2025-05-14T11:41:26","modified_gmt":"2025-05-14T09:41:26","slug":"auswanderer","status":"publish","type":"page","link":"https:\/\/veesbook.net\/wordpress\/die-geschichte-unseres-dorfes\/auswanderer\/","title":{"rendered":"Auswanderer"},"content":{"rendered":"<div class=\"level1\">\n<p><span style=\"font-family: verdana,geneva,sans-serif; font-size: 12pt;\">Es gab viele Gr\u00fcnde, um die Heimat zu verlassen und in Amerika oder wo anders auf dem Globus ein neues Leben zu beginnen.<\/span><\/p>\n<p><span style=\"font-family: verdana,geneva,sans-serif; font-size: 12pt;\">Im 19. Jahrhundert begann der \u00dcbergang vom Agrar- zum Industriezeitalter. Es gab ein enormes Bev\u00f6lkerungswachstum sowie einen Kampf um demokratische Strukturen. Landmangel, Arbeitslosigkeit und keine gleichen Bev\u00f6lkerungsrechte waren die Folgen. Die USA versprachen Arbeit, Land und Rechte. Besonders wirtschaftliche Gr\u00fcnde veranlassten Deutsche in der Weimarer Republik (1919 &#8211; 1933), die Heimat zu verlassen. (Quelle: <a class=\"urlextern\" title=\"http:\/\/www.dah-bremerhaven.de\" href=\"http:\/\/www.dah-bremerhaven.de\" target=\"_blank\" rel=\"nofollow noopener\">www.dah-bremerhaven.de<\/a>)<\/span><\/p>\n<p><span style=\"font-family: verdana,geneva,sans-serif; font-size: 12pt;\">Auch Westerveseder verlie\u00dfen die Heimat, um Ihr Gl\u00fcck in der Fremde zu suchen, so auch:<br \/>\n<\/span><\/p>\n<p>&nbsp;<\/p>\n<hr \/>\n<p>&nbsp;<\/p>\n<\/div>\n<p><span style=\"font-family: verdana,geneva,sans-serif;\"><div class=\"one-half first\"><img loading=\"lazy\" decoding=\"async\" class=\"zoooom wp-image-4886 size-thumbnail aligncenter\" src=\"https:\/\/veesbook.net\/wordpress\/wp-content\/uploads\/2020\/02\/Grabstein_Anna_Heidenreich-150x150.jpg\" alt=\"Grabstein Anna Heidenreich\" width=\"150\" height=\"150\" \/><\/div><div class=\"one-half\"><\/span><span style=\"font-family: verdana,geneva,sans-serif;\">Anna Heidenreich, geb. Meyer (Sl\u00fcten; geb. 10.03.1840 &#8211; gest. 31.10.1914), wanderte am 19.03.1866 mit ihrem Mann, dem Missionar Georg Adam Heidenreich (geb. 25.09.1828 in Tiefenorth, Th\u00fcringen; gest.08.08.1910) im Auftrag der Hermannsburger Mission nach Australien aus. Ankunft am 24.08 in Port Adelaide.<\/span><\/p>\n<p><span style=\"font-family: verdana,geneva,sans-serif;\">(siehe auch TimeLine: Historisches \/ Kirche und Religion)<\/span><span style=\"font-family: verdana,geneva,sans-serif;\"><\/div><\/span><\/p>\n<p>&nbsp;<\/p>\n<hr \/>\n<p><span style=\"font-family: verdana,geneva,sans-serif;\">Heinrich Meyer, geb. 13.11. 1837 &#8211; ein Bruder von Anna Heidenreich geb. Meyer &#8211; wanderte 1876\u00a0 im Auftrag der Hermannsburger Mission in die USA \u00a0aus.<\/span><\/p>\n<hr \/>\n<div class=\"level1\">\n<p><span style=\"font-family: verdana,geneva,sans-serif;\">Heinrich Heitmann, geb 28.03.1871 wanderte 1895 nach Lincoln (USA) aus.\u00a0<\/span><\/p>\n<p><span style=\"font-family: verdana,geneva,sans-serif;\">Seine Lebensgeschichte und seine poetischen Sehns\u00fcchte finden sie hier: <a href=\"https:\/\/veesbook.net\/wordpress\/wp-content\/uploads\/2017\/02\/Heinrich-Heitmann.pdf\" target=\"_blank\" rel=\"noopener\">Heinrich Heitmann<\/a><\/span><\/p>\n<\/div>\n<div class=\"level1\">\n<hr \/>\n<p><span style=\"font-size: 14pt;\"><strong><span style=\"font-family: verdana,geneva,sans-serif;\">Passagierlisten<\/span><\/strong><\/span><\/p>\n<\/div>\n<div class=\"level2\">\n<p><span style=\"font-family: verdana,geneva,sans-serif; font-size: 12pt;\">Besonders von Bremen\/Bremerhaven und Hamburg aus wurden Schiffe von der Nordd. Lloyd, Bremen bestiegen. Ein Teil dieser Passagierlisten k\u00f6nnen z. B. unter <a class=\"urlextern\" title=\"http:\/\/www.passagierlisten.de\" href=\"http:\/\/www.passagierlisten.de\" target=\"_blank\" rel=\"nofollow noopener\">www.passagierlisten.de<\/a> oder bei <a class=\"urlextern\" title=\"http:\/\/www.die-maus-bremen.de\/index.php\" href=\"http:\/\/www.die-maus-bremen.de\/index.php\" target=\"_blank\" rel=\"nofollow noopener\">Die Maus<\/a> eingesehen werden. Dort finden sich folgende Eintr\u00e4ge von Passagieren aus Westervesede (Westerwesede):<a href=\"https:\/\/veesbook.net\/wordpress\/historisches\/historisches-2\/auswanderer-passagierlisten\/\" target=\"_blank\" rel=\"noopener\"> (weiterlesen)<\/a><br \/>\n<\/span><\/p>\n<\/div>\n","protected":false},"excerpt":{"rendered":"<p>Es gab viele Gr\u00fcnde, um die Heimat zu verlassen und in Amerika oder wo anders auf dem Globus ein neues Leben zu beginnen. Im 19. Jahrhundert begann der \u00dcbergang vom Agrar- zum Industriezeitalter. Es gab ein enormes Bev\u00f6lkerungswachstum sowie einen Kampf um demokratische Strukturen. Landmangel, Arbeitslosigkeit und keine gleichen Bev\u00f6lkerungsrechte waren die Folgen. Die USA [&hellip;]<\/p>\n","protected":false},"author":3,"featured_media":0,"parent":269,"menu_order":0,"comment_status":"closed","ping_status":"closed","template":"","meta":{"_genesis_hide_title":false,"_genesis_hide_breadcrumbs":false,"_genesis_hide_singular_image":false,"_genesis_hide_footer_widgets":false,"_genesis_custom_body_class":"","_genesis_custom_post_class":"","_genesis_layout":"full-width-content","footnotes":""},"class_list":{"0":"post-627","1":"page","2":"type-page","3":"status-publish","5":"entry"},"_links":{"self":[{"href":"https:\/\/veesbook.net\/wordpress\/wp-json\/wp\/v2\/pages\/627","targetHints":{"allow":["GET"]}}],"collection":[{"href":"https:\/\/veesbook.net\/wordpress\/wp-json\/wp\/v2\/pages"}],"about":[{"href":"https:\/\/veesbook.net\/wordpress\/wp-json\/wp\/v2\/types\/page"}],"author":[{"embeddable":true,"href":"https:\/\/veesbook.net\/wordpress\/wp-json\/wp\/v2\/users\/3"}],"replies":[{"embeddable":true,"href":"https:\/\/veesbook.net\/wordpress\/wp-json\/wp\/v2\/comments?post=627"}],"version-history":[{"count":19,"href":"https:\/\/veesbook.net\/wordpress\/wp-json\/wp\/v2\/pages\/627\/revisions"}],"predecessor-version":[{"id":6065,"href":"https:\/\/veesbook.net\/wordpress\/wp-json\/wp\/v2\/pages\/627\/revisions\/6065"}],"up":[{"embeddable":true,"href":"https:\/\/veesbook.net\/wordpress\/wp-json\/wp\/v2\/pages\/269"}],"wp:attachment":[{"href":"https:\/\/veesbook.net\/wordpress\/wp-json\/wp\/v2\/media?parent=627"}],"curies":[{"name":"wp","href":"https:\/\/api.w.org\/{rel}","templated":true}]}}