{"id":640,"date":"2016-02-19T09:40:59","date_gmt":"2016-02-19T09:40:59","guid":{"rendered":"https:\/\/veesbook.net\/wordpress\/?page_id=640"},"modified":"2026-01-21T14:22:39","modified_gmt":"2026-01-21T13:22:39","slug":"kurioses","status":"publish","type":"page","link":"https:\/\/veesbook.net\/wordpress\/geschichten\/kurioses\/","title":{"rendered":"Kurioses"},"content":{"rendered":"<h3><strong>9.November 2017<\/strong><\/h3>\n<p><tt><br \/>\n<span style=\"font-family: georgia,palatino,serif;\">Zum Jahresabschluss wurde der Film \"Die Heide stirbt\" von 1931 gezeigt. Der (Stumm-)Film wurde im ehemaligen Landkreis Zeven von der Bundes-Film AG, Berlin gedreht. Es ist eine Dokumentation \u00fcber das Leben und Arbeiten der Menschen in Landwirtschaft und Handwerk. Aber auch die Trachten, Br\u00e4uche, Kirchgang, Hochzeit und Beerdigung werden gezeigt. Der Film befasst sich also mit der \u201eguten alten Zeit\u201c. Das Anliegen der Initiatoren war die \u201eSchaffung eines gro\u00dfen Heimatfilms\u201c, wie es in einem Bericht in der Zevener Zeitung aus dem Jahre 1932 hei\u00dft.<\/span><\/tt><\/p>\n<h3><img loading=\"lazy\" decoding=\"async\" class=\"size-full wp-image-3390 alignleft\" src=\"https:\/\/veesbook.net\/wordpress\/wp-content\/uploads\/2017\/11\/17-11-09-Die-Heide-stirbt-3.jpg\" alt=\"\" width=\"200\" height=\"154\" \/><\/h3>\n<h3><img loading=\"lazy\" decoding=\"async\" class=\"size-full wp-image-3391 alignleft\u00a0\" src=\"https:\/\/veesbook.net\/wordpress\/wp-content\/uploads\/2017\/11\/17-11-09-Die-Heide-stirbt-4.jpg\" alt=\"\" width=\"200\" height=\"166\" \/><img loading=\"lazy\" decoding=\"async\" class=\"size-full wp-image-3388 alignleft\" src=\"https:\/\/veesbook.net\/wordpress\/wp-content\/uploads\/2017\/11\/17-11-09-Die-Heide-stirbt-1.jpg\" alt=\"\" width=\"200\" height=\"158\" \/><img loading=\"lazy\" decoding=\"async\" class=\"size-full wp-image-3389 alignleft\" src=\"https:\/\/veesbook.net\/wordpress\/wp-content\/uploads\/2017\/11\/17-11-09-Die-Heide-stirbt-2.jpg\" alt=\"\" width=\"200\" height=\"163\" \/><\/h3>\n<h3><\/h3>\n<p><tt><span style=\"font-family: georgia,palatino,serif;\">Der Film ist im Besitz des Heimatvereins Sittensen und wurde von Erika Jaschinski, Fremdenf\u00fchrerin aus Sittensen, vorgef\u00fchrt.<\/span> <\/tt><\/p>\n<hr \/>\n<p>&nbsp;<\/p>\n<h3>Westervesede oder Wismar?<\/h3>\n<figure id=\"attachment_986\" aria-describedby=\"caption-attachment-986\" style=\"width: 300px\" class=\"wp-caption alignright\"><img loading=\"lazy\" decoding=\"async\" class=\"size-medium wp-image-986\" src=\"https:\/\/veesbook.net\/wordpress\/wp-content\/uploads\/2016\/03\/Ortsschild-Westervesede-Wismar-3-300x200.jpg\" alt=\"Wismar in Westervesede\" width=\"300\" height=\"200\" srcset=\"https:\/\/veesbook.net\/wordpress\/wp-content\/uploads\/2016\/03\/Ortsschild-Westervesede-Wismar-3-300x200.jpg 300w, https:\/\/veesbook.net\/wordpress\/wp-content\/uploads\/2016\/03\/Ortsschild-Westervesede-Wismar-3-667x445.jpg 667w\" sizes=\"auto, (max-width: 300px) 100vw, 300px\" \/><figcaption id=\"caption-attachment-986\" class=\"wp-caption-text\">Wismar in Westervesede<\/figcaption><\/figure>\n<p>Das Ortsschild aus Richtung Schee\u00dfel kommend verschwand nach\/w\u00e4hrend des Hurricane-Festivals vom 22. &#8211; 24. Juni 2012.<\/p>\n<p>Am 15.\/16. Juli brachten \u201eScherzkekse\u201c ein Originalortsschild von der Hansestadt Wismar (Mecklenburg-Vorpommern) dort an, wo eigentlich das Westerveseder Schild h\u00e4ngen sollte.<\/p>\n<p><a href=\"https:\/\/veesbook.net\/wordpress\/westervesede-oder-wismar\/\"> (mehr lesen)<\/a><\/p>\n<p>&nbsp;<\/p>\n<hr \/>\n<h3><span style=\"font-family: verdana,geneva,sans-serif;\"><strong><img loading=\"lazy\" decoding=\"async\" class=\"size-medium wp-image-1281 alignleft\" src=\"https:\/\/veesbook.net\/wordpress\/wp-content\/uploads\/2016\/03\/ei-mit-kaffeebohne-213x300.jpg\" alt=\"ei mit kaffeebohne\" width=\"213\" height=\"300\" srcset=\"https:\/\/veesbook.net\/wordpress\/wp-content\/uploads\/2016\/03\/ei-mit-kaffeebohne-213x300.jpg 213w, https:\/\/veesbook.net\/wordpress\/wp-content\/uploads\/2016\/03\/ei-mit-kaffeebohne-316x445.jpg 316w, https:\/\/veesbook.net\/wordpress\/wp-content\/uploads\/2016\/03\/ei-mit-kaffeebohne.jpg 621w\" sizes=\"auto, (max-width: 213px) 100vw, 213px\" \/>Ei loves you! &#8211; H\u00fchnerkram<\/strong><\/span><\/h3>\n<p>Ein Unbekannter klebt Kaffeebohnen auf Eier und h\u00e4lt damit 2001 ein ganzes Dorf in Atem.<br \/>\nDas Beweisst\u00fcck liegt geduldig auf dem Wohnzimmertisch und wirft pausenlos Fragen auf. Im ganzen Dorf. &#8222;H\u00e4tte jemand einfach ein Ei vor die T\u00fcr gelegt, w\u00fcrde sich keiner gro\u00dfartig Gedanken machen&#8220;, sagt Ortsb\u00fcrgermeister Wilhelm Heins. Die Sachlage ist jedoch eine andere. Auf dem Ei, das Heins vor seinem Haus entdeckt hat, ist eine Kaffeebohne festgeklebt.<br \/>\n<a href=\"https:\/\/veesbook.net\/wordpress\/geschichten\/kurioses\/ei-loves-you-huehnerkram\/\">(weiter lesen)<\/a><\/p>\n<p>&nbsp;<\/p>\n<p>&nbsp;<\/p>\n<hr \/>\n<p><u>Der Findling<\/u><\/p>\n<p>Dies ist einer der gr\u00f6\u00dften bekannten Granit-Findlinge. Er ist ein V\u00e4sgo-Granit aus Schweden und hat eine H\u00f6he von 4,20 m und eine Breite von 2,8 m.<\/p>\n<p>Vor ca. 200.000 bis 250.000 Jahren v. Chr. Wurde dieser Granit in der mittleren, der sogenannten Saalischen Eiszeit bis hierher transportiert. An der glatten n\u00f6rlichen Seite wurde dieser Stein \u00fcber weite Strecken am Rande des Eises oder darunter vorw\u00e4rts geschoben und dabei deutlich gezeichnet. Dieses wurde vom Kreisarch\u00e4ologen Dr. Tempel festgestellt.<\/p>\n<p>Gefunden wurde dieser Stein im \u201eVieh\u201c beim Tiefpfl\u00fcgen des Grundst\u00fcckes von Wilhelm Indorf, der dieses seltene Exemplar der Ortschaft unentgeltlich zur Verf\u00fcgung stellte.<\/p>\n<p><img loading=\"lazy\" decoding=\"async\" class=\"alignnone size-medium wp-image-5919\" src=\"https:\/\/veesbook.net\/wordpress\/wp-content\/uploads\/2025\/03\/Findling-Bergung-1-300x186.jpg\" alt=\"\" width=\"300\" height=\"186\" srcset=\"https:\/\/veesbook.net\/wordpress\/wp-content\/uploads\/2025\/03\/Findling-Bergung-1-300x186.jpg 300w, https:\/\/veesbook.net\/wordpress\/wp-content\/uploads\/2025\/03\/Findling-Bergung-1-717x445.jpg 717w, https:\/\/veesbook.net\/wordpress\/wp-content\/uploads\/2025\/03\/Findling-Bergung-1-1536x954.jpg 1536w, https:\/\/veesbook.net\/wordpress\/wp-content\/uploads\/2025\/03\/Findling-Bergung-1-2048x1272.jpg 2048w\" sizes=\"auto, (max-width: 300px) 100vw, 300px\" \/> <img loading=\"lazy\" decoding=\"async\" class=\"alignnone size-medium wp-image-5920\" src=\"https:\/\/veesbook.net\/wordpress\/wp-content\/uploads\/2025\/03\/Findling-Bergung-2-300x184.jpg\" alt=\"\" width=\"300\" height=\"184\" srcset=\"https:\/\/veesbook.net\/wordpress\/wp-content\/uploads\/2025\/03\/Findling-Bergung-2-300x184.jpg 300w, https:\/\/veesbook.net\/wordpress\/wp-content\/uploads\/2025\/03\/Findling-Bergung-2-724x445.jpg 724w, https:\/\/veesbook.net\/wordpress\/wp-content\/uploads\/2025\/03\/Findling-Bergung-2-1536x944.jpg 1536w, https:\/\/veesbook.net\/wordpress\/wp-content\/uploads\/2025\/03\/Findling-Bergung-2-2048x1258.jpg 2048w\" sizes=\"auto, (max-width: 300px) 100vw, 300px\" \/> <img loading=\"lazy\" decoding=\"async\" class=\"alignnone size-medium wp-image-5921\" src=\"https:\/\/veesbook.net\/wordpress\/wp-content\/uploads\/2025\/03\/Findling-Bergung-3-300x190.jpg\" alt=\"\" width=\"300\" height=\"190\" srcset=\"https:\/\/veesbook.net\/wordpress\/wp-content\/uploads\/2025\/03\/Findling-Bergung-3-300x190.jpg 300w, https:\/\/veesbook.net\/wordpress\/wp-content\/uploads\/2025\/03\/Findling-Bergung-3-702x445.jpg 702w, https:\/\/veesbook.net\/wordpress\/wp-content\/uploads\/2025\/03\/Findling-Bergung-3-1536x974.jpg 1536w, https:\/\/veesbook.net\/wordpress\/wp-content\/uploads\/2025\/03\/Findling-Bergung-3-2048x1298.jpg 2048w\" sizes=\"auto, (max-width: 300px) 100vw, 300px\" \/><\/p>\n<p>Beim Bergen des Findlings brach er entzwei und wurde naturgetreu wieder aufgestellt.<\/p>\n<p>Durch den Beschluss des Kulturausschusses wurde von der Gemeinde Schee\u00dfel ein rund 300 qm gro\u00dfes Grundst\u00fcck angekauft und die Anlage erstellt.<\/p>\n<p>Der Findling ist eine Bereicherung des Ortsmittelpunktes und des Ortsbildes.<\/p>\n<p>(Text aus Westervesede stellt sich vor)<\/p>\n<p>&nbsp;<\/p>\n<hr \/>\n<p>&nbsp;<\/p>\n<p>&#8230;.<\/p>\n","protected":false},"excerpt":{"rendered":"<p>9.November 2017 Zum Jahresabschluss wurde der Film &#8222;Die Heide stirbt&#8220; von 1931 gezeigt. Der (Stumm-)Film wurde im ehemaligen Landkreis Zeven von der Bundes-Film AG, Berlin gedreht. Es ist eine Dokumentation \u00fcber das Leben und Arbeiten der Menschen in Landwirtschaft und Handwerk. Aber auch die Trachten, Br\u00e4uche, Kirchgang, Hochzeit und Beerdigung werden gezeigt. Der Film befasst [&hellip;]<\/p>\n","protected":false},"author":3,"featured_media":0,"parent":82,"menu_order":0,"comment_status":"closed","ping_status":"closed","template":"","meta":{"_genesis_hide_title":false,"_genesis_hide_breadcrumbs":false,"_genesis_hide_singular_image":false,"_genesis_hide_footer_widgets":false,"_genesis_custom_body_class":"","_genesis_custom_post_class":"","_genesis_layout":"full-width-content","footnotes":""},"class_list":{"0":"post-640","1":"page","2":"type-page","3":"status-publish","5":"entry"},"_links":{"self":[{"href":"https:\/\/veesbook.net\/wordpress\/wp-json\/wp\/v2\/pages\/640","targetHints":{"allow":["GET"]}}],"collection":[{"href":"https:\/\/veesbook.net\/wordpress\/wp-json\/wp\/v2\/pages"}],"about":[{"href":"https:\/\/veesbook.net\/wordpress\/wp-json\/wp\/v2\/types\/page"}],"author":[{"embeddable":true,"href":"https:\/\/veesbook.net\/wordpress\/wp-json\/wp\/v2\/users\/3"}],"replies":[{"embeddable":true,"href":"https:\/\/veesbook.net\/wordpress\/wp-json\/wp\/v2\/comments?post=640"}],"version-history":[{"count":15,"href":"https:\/\/veesbook.net\/wordpress\/wp-json\/wp\/v2\/pages\/640\/revisions"}],"predecessor-version":[{"id":6233,"href":"https:\/\/veesbook.net\/wordpress\/wp-json\/wp\/v2\/pages\/640\/revisions\/6233"}],"up":[{"embeddable":true,"href":"https:\/\/veesbook.net\/wordpress\/wp-json\/wp\/v2\/pages\/82"}],"wp:attachment":[{"href":"https:\/\/veesbook.net\/wordpress\/wp-json\/wp\/v2\/media?parent=640"}],"curies":[{"name":"wp","href":"https:\/\/api.w.org\/{rel}","templated":true}]}}