{"id":803,"date":"2016-02-25T08:52:05","date_gmt":"2016-02-25T08:52:05","guid":{"rendered":"https:\/\/veesbook.net\/wordpress\/?page_id=803"},"modified":"2016-10-23T17:33:45","modified_gmt":"2016-10-23T17:33:45","slug":"helken-fidi","status":"publish","type":"page","link":"https:\/\/veesbook.net\/wordpress\/geschichten\/menschen\/helken-fidi\/","title":{"rendered":"Helken Fidi"},"content":{"rendered":"<figure id=\"attachment_1612\" aria-describedby=\"caption-attachment-1612\" style=\"width: 300px\" class=\"wp-caption alignleft\"><img loading=\"lazy\" decoding=\"async\" class=\"size-medium wp-image-1612\" src=\"https:\/\/veesbook.net\/wordpress\/wp-content\/uploads\/2016\/03\/Helken-Fritz-300x201.jpg\" alt=\"Helken Fritz\" width=\"300\" height=\"201\" \/><figcaption id=\"caption-attachment-1612\" class=\"wp-caption-text\">Helken Fritz<\/figcaption><\/figure>\n<p><span style=\"font-family: verdana,geneva,sans-serif;\">\u00a0Zu seiner Zeit war Helken Fidi ein Original in Westervesede ; aus dem Ortsbild war er nicht wegzudenken. Friedrich Kr\u00f6ger \u2013 so sein eigentlicher Name &#8211; hat bis in das hohe Alter von 82 Jahren \u2013 mehr als 32 Jahre lang die Glocke der Westerveseder Friedhofskapelle gel\u00e4utet. So wurde er dann auch beziehungsvoll \u00bbL\u00e4utemeister\u00ab genannt. 2003 wurde er in den Ruhestand verabschiedet.<span id=\"more-239\"><\/span><\/span><\/p>\n<p><span style=\"font-family: verdana,geneva,sans-serif;\">Neben dem L\u00e4uten der Glocke geh\u00f6rte es auch zu seinen Aufgaben den Friedhof und andere \u00f6ffentliche Fl\u00e4chen zu pflegen, die Friedhofskapelle f\u00fcr Trauerfeiern vorzubereiten und \u2013 solange die Tradition bestand \u2013 f\u00fcr den Westerveseder Friedhof, Helfer f\u00fcr das Ausheben der Grabstelle zu bestellen. (Bis \u2026 war es auch in Westervesede noch \u00fcblich, dass von Haus zu Haus zwei M\u00e4nner abgestellt wurden, die das Grab auszuheben hatten.)<\/span><\/p>\n<p><span style=\"font-family: verdana,geneva,sans-serif;\">Mehr als 500 Beerdigungen sind in seiner Dienstzeit angefallen und \u00f6fter als 1.000 Mal brachte er die Glocke zum Klingen \u2013 als Totenglocke, die den Tod eines Dorfbewohners verk\u00fcndete, bei Trauerfeiern oder auch zu anderem Anlass wie Andachten mit Abendmahl oder Christvespern.<\/span><br \/>\n<span style=\"font-family: verdana,geneva,sans-serif;\"> (awl)<\/p>\n<p><\/span><\/p>\n","protected":false},"excerpt":{"rendered":"<p>\u00a0Zu seiner Zeit war Helken Fidi ein Original in Westervesede ; aus dem Ortsbild war er nicht wegzudenken. Friedrich Kr\u00f6ger \u2013 so sein eigentlicher Name &#8211; hat bis in das hohe Alter von 82 Jahren \u2013 mehr als 32 Jahre lang die Glocke der Westerveseder Friedhofskapelle gel\u00e4utet. So wurde er dann auch beziehungsvoll \u00bbL\u00e4utemeister\u00ab genannt. [&hellip;]<\/p>\n","protected":false},"author":3,"featured_media":0,"parent":239,"menu_order":0,"comment_status":"closed","ping_status":"closed","template":"","meta":{"_genesis_hide_title":false,"_genesis_hide_breadcrumbs":false,"_genesis_hide_singular_image":false,"_genesis_hide_footer_widgets":false,"_genesis_custom_body_class":"","_genesis_custom_post_class":"","_genesis_layout":"full-width-content","footnotes":""},"class_list":{"0":"post-803","1":"page","2":"type-page","3":"status-publish","5":"entry"},"_links":{"self":[{"href":"https:\/\/veesbook.net\/wordpress\/wp-json\/wp\/v2\/pages\/803","targetHints":{"allow":["GET"]}}],"collection":[{"href":"https:\/\/veesbook.net\/wordpress\/wp-json\/wp\/v2\/pages"}],"about":[{"href":"https:\/\/veesbook.net\/wordpress\/wp-json\/wp\/v2\/types\/page"}],"author":[{"embeddable":true,"href":"https:\/\/veesbook.net\/wordpress\/wp-json\/wp\/v2\/users\/3"}],"replies":[{"embeddable":true,"href":"https:\/\/veesbook.net\/wordpress\/wp-json\/wp\/v2\/comments?post=803"}],"version-history":[{"count":7,"href":"https:\/\/veesbook.net\/wordpress\/wp-json\/wp\/v2\/pages\/803\/revisions"}],"predecessor-version":[{"id":2459,"href":"https:\/\/veesbook.net\/wordpress\/wp-json\/wp\/v2\/pages\/803\/revisions\/2459"}],"up":[{"embeddable":true,"href":"https:\/\/veesbook.net\/wordpress\/wp-json\/wp\/v2\/pages\/239"}],"wp:attachment":[{"href":"https:\/\/veesbook.net\/wordpress\/wp-json\/wp\/v2\/media?parent=803"}],"curies":[{"name":"wp","href":"https:\/\/api.w.org\/{rel}","templated":true}]}}