{"id":82,"date":"2016-02-02T10:11:44","date_gmt":"2016-02-02T10:11:44","guid":{"rendered":"https:\/\/veesbook.net\/wordpress\/?page_id=82"},"modified":"2026-01-08T12:20:28","modified_gmt":"2026-01-08T11:20:28","slug":"geschichten","status":"publish","type":"page","link":"https:\/\/veesbook.net\/wordpress\/geschichten\/","title":{"rendered":"Erinnerungen"},"content":{"rendered":"<p><img loading=\"lazy\" decoding=\"async\" class=\"size-medium wp-image-83 aligncenter\" src=\"https:\/\/veesbook.net\/wordpress\/wp-content\/uploads\/2016\/02\/geschichten-slider-300x117.jpg\" alt=\"Geschichten\" width=\"300\" height=\"117\" srcset=\"https:\/\/veesbook.net\/wordpress\/wp-content\/uploads\/2016\/02\/geschichten-slider-300x117.jpg 300w, https:\/\/veesbook.net\/wordpress\/wp-content\/uploads\/2016\/02\/geschichten-slider.jpg 1140w\" sizes=\"auto, (max-width: 300px) 100vw, 300px\" \/><\/p>\n<p><span style=\"font-family: verdana,geneva,sans-serif;\">Hier finden sich neben ganz pers\u00f6nlichen Erinnerungen auch Berichte \u00fcber besondere Menschen, die sich durch ihr besonderes Engagement f\u00fcr unterschiedlichste Themenbereiche ausgezeichnet haben, auch augenf\u00e4llige Vorkommnisse sowie alt tradierte Geschichten, Sagen auf Plattdeutsch, die aber auch f\u00fcr manchen zum besseren Verst\u00e4ndnis ins Hochdeutsche \u00fcbertragen werden.<br \/>\n<\/span><\/p>\n<p><span style=\"font-family: verdana,geneva,sans-serif; font-size: 12pt;\">(Auswahl \u00fcber das Men\u00fc)<\/span><\/p>\n<p>&nbsp;<\/p>\n<p>&nbsp;<\/p>\n","protected":false},"excerpt":{"rendered":"<p>Hier finden sich neben ganz pers\u00f6nlichen Erinnerungen auch Berichte \u00fcber besondere Menschen, die sich durch ihr besonderes Engagement f\u00fcr unterschiedlichste Themenbereiche ausgezeichnet haben, auch augenf\u00e4llige Vorkommnisse sowie alt tradierte Geschichten, Sagen auf Plattdeutsch, die aber auch f\u00fcr manchen zum besseren Verst\u00e4ndnis ins Hochdeutsche \u00fcbertragen werden. (Auswahl \u00fcber das Men\u00fc) &nbsp; &nbsp;<\/p>\n","protected":false},"author":3,"featured_media":83,"parent":0,"menu_order":0,"comment_status":"closed","ping_status":"closed","template":"","meta":{"_genesis_hide_title":false,"_genesis_hide_breadcrumbs":false,"_genesis_hide_singular_image":false,"_genesis_hide_footer_widgets":false,"_genesis_custom_body_class":"","_genesis_custom_post_class":"","_genesis_layout":"full-width-content","footnotes":""},"class_list":{"0":"post-82","1":"page","2":"type-page","3":"status-publish","4":"has-post-thumbnail","6":"entry"},"_links":{"self":[{"href":"https:\/\/veesbook.net\/wordpress\/wp-json\/wp\/v2\/pages\/82","targetHints":{"allow":["GET"]}}],"collection":[{"href":"https:\/\/veesbook.net\/wordpress\/wp-json\/wp\/v2\/pages"}],"about":[{"href":"https:\/\/veesbook.net\/wordpress\/wp-json\/wp\/v2\/types\/page"}],"author":[{"embeddable":true,"href":"https:\/\/veesbook.net\/wordpress\/wp-json\/wp\/v2\/users\/3"}],"replies":[{"embeddable":true,"href":"https:\/\/veesbook.net\/wordpress\/wp-json\/wp\/v2\/comments?post=82"}],"version-history":[{"count":24,"href":"https:\/\/veesbook.net\/wordpress\/wp-json\/wp\/v2\/pages\/82\/revisions"}],"predecessor-version":[{"id":6190,"href":"https:\/\/veesbook.net\/wordpress\/wp-json\/wp\/v2\/pages\/82\/revisions\/6190"}],"wp:featuredmedia":[{"embeddable":true,"href":"https:\/\/veesbook.net\/wordpress\/wp-json\/wp\/v2\/media\/83"}],"wp:attachment":[{"href":"https:\/\/veesbook.net\/wordpress\/wp-json\/wp\/v2\/media?parent=82"}],"curies":[{"name":"wp","href":"https:\/\/api.w.org\/{rel}","templated":true}]}}